{"id":990952,"date":"2025-10-15T16:40:19","date_gmt":"2025-10-15T14:40:19","guid":{"rendered":"https:\/\/winesandspirits.ch\/?post_type=product&#038;p=990952"},"modified":"2026-04-05T01:37:16","modified_gmt":"2026-04-04T23:37:16","slug":"chichibu-the-chichibu-the-first-ten-2020-single-malt-whisky-buy-switze","status":"publish","type":"product","link":"https:\/\/winesandspirits.ch\/fr\/produit\/chichibu-the-chichibu-the-first-ten-2020-single-malt-whisky-buy-switze\/","title":{"rendered":"Chichibu The First Ten 2020"},"content":{"rendered":"<div class=\"vgblk-rw-wrapper limit-wrapper\">\n<div style=\"font-family:'Georgia',serif;background:#faf8f4;margin:0;padding:0\">\n<div style=\"background:#fff;border:1px solid #ede8e0;border-radius:4px;overflow:hidden;margin-bottom:2px\">\n<div style=\"padding:16px 18px 8px;background:#faf8f4;border-bottom:1px solid #ede8e0\">\n<p style=\"font-size:10px;font-weight:700;text-transform:uppercase;letter-spacing:3px;color:#a08060;margin:0\">Sp\u00e9cifications techniques<\/p>\n<\/div>\n<div style=\"display:grid;grid-template-columns:repeat(auto-fit,minmax(130px,1fr))\">\n<div style=\"padding:14px 18px;border-bottom:1px solid #ede8e0\">\n<div style=\"font-size:10px;font-weight:700;text-transform:uppercase;letter-spacing:2px;color:#a08060;margin-bottom:4px\">Style<\/div>\n<div style=\"font-size:16px;font-weight:400;color:#1a1a1a;font-family:'Georgia',serif\">Single Malt Whisky<\/div>\n<\/div>\n<div style=\"padding:14px 18px;border-bottom:1px solid #ede8e0\">\n<div style=\"font-size:10px;font-weight:700;text-transform:uppercase;letter-spacing:2px;color:#a08060;margin-bottom:4px\">Origine<\/div>\n<div style=\"font-size:16px;font-weight:400;color:#1a1a1a;font-family:'Georgia',serif\">Japan<\/div>\n<\/div>\n<div style=\"padding:14px 18px;border-bottom:1px solid #ede8e0\">\n<div style=\"font-size:10px;font-weight:700;text-transform:uppercase;letter-spacing:2px;color:#a08060;margin-bottom:4px\">Aging<\/div>\n<div style=\"font-size:16px;font-weight:400;color:#1a1a1a;font-family:'Georgia',serif\">10+ months<\/div>\n<\/div>\n<\/div>\n<\/div>\n<div style=\"padding:40px;background:#fff;margin-top:2px\">\n<p style=\"font-size:10px;font-weight:700;text-transform:uppercase;letter-spacing:3px;color:#a08060;margin:0 0 8px\">Profil de d\u00e9gustation<\/p>\n<div style=\"width:36px;height:2px;background:#c8b89a;margin-bottom:18px\"><\/div>\n<p style=\"font-size:15px;line-height:1.9;color:#3d2b1f;margin:0 0 20px;max-width:760px\">Chichibu The First Ten 2020 is an exceptional Single Malt Whisky crafted by Chichibu The in Japan. this outstanding expression delivers an unforgettable tasting experience. Aged 10+ months, developing extraordinary complexity and depth. Expect a rich profile of Smoke, Fruit, Spice, Oak \u2014 a true masterpiece. Available online with worldwide delivery \u2014 Switzerland, EU and international shipping. \ud83c\udf0d<\/p>\n<\/div>\n<div style=\"padding:40px;background:#faf8f4;margin-top:2px\">\n<p style=\"font-size:10px;font-weight:700;text-transform:uppercase;letter-spacing:3px;color:#a08060;margin:0 0 6px\">About the Producer<\/p>\n<h3 style=\"font-size:24px;font-weight:400;color:#1a1a1a;margin:0 0 10px;font-family:'Georgia',serif\">Chichibu The<\/h3>\n<div style=\"margin-bottom:14px\"><span style=\"font-size:12px;color:#a08060\">\ud83d\udccd Japan<\/span><\/div>\n<div style=\"width:36px;height:2px;background:#c8b89a;margin-bottom:16px\"><\/div>\n<p style=\"font-size:14px;line-height:1.85;color:#3d2b1f;margin:0 0 20px;max-width:760px\">Chichibu Distillery was founded in 2008 by the visionary Ichiro Akuto in Saitama Prefecture, Japan \u2014 on the very land where his family has crafted sake and spirits for generations. Ichiro Akuto first came to international attention by rescuing the entire stock of the defunct Hanyu Distillery and releasing it as the legendary Ichiro&#8217;s Malt Card Series, now among the most collectible Japanese whiskies ever bottled. At Chichibu, Ichiro built one of the most innovative small distilleries in the world \u2014 using a diverse range of cask types including Mizunara oak, bourbon barrels, sherry butts, port pipes and wine casks to create expressions of extraordinary variety and complexity. Despite being less than 20 years old, Chichibu has accumulated an astonishing collection of awards and is consistently ranked among the top craft distilleries in the world. Limited releases sell out within hours worldwide, and secondary market prices have risen dramatically year on year, making Chichibu bottles increasingly prized collector&#8217;s items.<\/p>\n<div style=\"display:flex;gap:12px;flex-wrap:wrap;margin-top:4px\"><a href=\"https:\/\/winesandspirits.ch\/fr\/categorie-produit\/whisky\/chichibu\/\" style=\"display:inline-flex;align-items:center;gap:6px;background:#1a1a1a;color:#c8b89a;padding:8px 18px;font-size:11px;font-weight:700;letter-spacing:2px;text-transform:uppercase;text-decoration:none;border-radius:2px\">Voir tous les Chichibu<\/a><a href=\"https:\/\/www.ichiros.malt.jp\" target=\"_blank\" rel=\"noopener\" style=\"display:inline-flex;align-items:center;gap:6px;background:#faf8f4;color:#3d2b1f;padding:8px 18px;font-size:11px;font-weight:700;letter-spacing:2px;text-transform:uppercase;text-decoration:none;border:1px solid #c8b89a;border-radius:2px\">Site officiel<\/a><\/div>\n<\/div>\n<div style=\"padding:32px 40px;background:#fff;margin-top:2px\">\n<p style=\"font-size:10px;font-weight:700;text-transform:uppercase;letter-spacing:3px;color:#a08060;margin:0 0 8px\">Notes de saveur<\/p>\n<div style=\"width:36px;height:2px;background:#c8b89a;margin-bottom:16px\"><\/div>\n<div><span style=\"display:inline-block;border:1.5px solid #c8b89a;border-radius:20px;padding:5px 16px;font-size:13px;color:#3d2b1f;margin:3px;font-family:Georgia,serif\">Smoke<\/span><span style=\"display:inline-block;border:1.5px solid #c8b89a;border-radius:20px;padding:5px 16px;font-size:13px;color:#3d2b1f;margin:3px;font-family:Georgia,serif\">Fruit<\/span><span style=\"display:inline-block;border:1.5px solid #c8b89a;border-radius:20px;padding:5px 16px;font-size:13px;color:#3d2b1f;margin:3px;font-family:Georgia,serif\">Spice<\/span><span style=\"display:inline-block;border:1.5px solid #c8b89a;border-radius:20px;padding:5px 16px;font-size:13px;color:#3d2b1f;margin:3px;font-family:Georgia,serif\">Ch\u00eane<\/span><\/div>\n<\/div>\n<div style=\"display:grid;grid-template-columns:1fr 1fr;gap:2px;margin-top:2px\">\n<div style=\"background:#faf8f4;padding:32px 36px\">\n<p style=\"font-size:10px;font-weight:700;text-transform:uppercase;letter-spacing:3px;color:#a08060;margin:0 0 8px\">Fran\u00e7ais<\/p>\n<div style=\"width:28px;height:2px;background:#c8b89a;margin-bottom:14px\"><\/div>\n<p style=\"font-size:13px;line-height:1.8;color:#3d2b1f;margin:0\" lang=\"fr\">Chichibu The First Ten 2020 est expression d&#8217;exception de Chichibu The, en Japan. Elle offre une exp\u00e9rience gustative inoubliable apr\u00e8s 10 mois d&#8217;\u00e9levage. Profil\u202f: Smoke, Fruit, Spice, Oak. un vrai chef-d&#8217;\u0153uvre. Livraison en Suisse, dans toute l&#8217;Europe et dans le monde entier \ud83c\udf0d<\/p>\n<\/div>\n<div style=\"background:#faf8f4;padding:32px 36px\">\n<p style=\"font-size:10px;font-weight:700;text-transform:uppercase;letter-spacing:3px;color:#a08060;margin:0 0 8px\">Allemand<\/p>\n<div style=\"width:28px;height:2px;background:#c8b89a;margin-bottom:14px\"><\/div>\n<p style=\"font-size:13px;line-height:1.8;color:#3d2b1f;margin:0\" lang=\"de\">Chichibu The First Ten 2020 ist ein au\u00dfergew\u00f6hnliche Expression von Chichibu The aus Japan.  bietet es ein unvergessliches Geschmackserlebnis nach 10 Monaten Reifung. Profil: Smoke, Fruit, Spice, Oak. ein wahres Meisterwerk. Lieferung in die Schweiz, Europa und weltweit \ud83c\udf0d<\/p>\n<\/div>\n<\/div>\n<div style=\"background:#fff;padding:24px 40px;margin-top:2px;display:flex;align-items:center;justify-content:space-between;flex-wrap:wrap;gap:12px;border-top:3px solid #c8b89a\">\n<div>\n<p style=\"font-size:10px;font-weight:700;text-transform:uppercase;letter-spacing:2px;color:#a08060;margin:0 0 4px\">Prix en ligne<\/p>\n<p style=\"font-size:30px;font-weight:400;color:#1a1a1a;margin:0;font-family:'Georgia',serif\">CHF 990<\/p>\n<\/div>\n<div style=\"text-align:right\">\n<p style=\"font-size:13px;color:#3d2b1f;font-weight:600;margin:0 0 4px\">\ud83d\ude9a Livraison dans le monde entier \u2014 Suisse, UE et International \ud83c\udf0d<\/p>\n<p style=\"font-size:11px;color:#a08060;margin:0\">Exp\u00e9dition rapide et s\u00e9curis\u00e9e \u00b7 winesandspirits.ch<\/p>\n<\/div>\n<\/div>\n<div style=\"background:#1a1a1a;padding:14px 40px;margin-top:2px;display:flex;align-items:center;justify-content:space-between;flex-wrap:wrap;gap:10px\">\n<span style=\"font-size:10px;font-weight:700;text-transform:uppercase;letter-spacing:3px;color:#c8b89a\">\u2726 S\u00e9lection Artisanale Premium \u00b7 winesandspirits.ch \u2726<\/span><br \/>\n<span style=\"font-size:10px;color:#777;font-style:italic\">\ud83d\udd1e Contient de l'alcool. \u00c0 consommer avec mod\u00e9ration. Vente interdite aux personnes mineures.<\/span>\n<\/div>\n<\/div>\n<\/div>\n<p><!-- .vgblk-rw-wrapper --><\/p>","protected":false},"excerpt":{"rendered":"<p>Premium Single Malt Whisky by Chichibu The from Japan \u00b7 Aged 10+ months \u00b7 Vintage 2020 \u00b7 Worldwide delivery \ud83c\udf0d<\/p>","protected":false},"featured_media":990955,"template":"","meta":[],"product_brand":[],"product_cat":[66,91,43],"product_tag":[],"class_list":{"0":"post-990952","1":"product","2":"type-product","3":"status-publish","4":"has-post-thumbnail","6":"product_cat-chichibu","7":"product_cat-whisky-japonais","8":"product_cat-whisky","10":"first","11":"instock","12":"shipping-taxable","13":"purchasable","14":"product-type-simple"},"supplier_id":null,"supplier_sku":"","barcode":null,"atum_controlled":true,"out_stock_date":null,"out_stock_threshold":null,"inheritable":false,"inbound_stock":null,"stock_on_hold":0,"sold_today":0,"sales_last_days":0,"reserved_stock":null,"customer_returns":null,"warehouse_damage":null,"lost_in_post":null,"other_logs":null,"out_stock_days":0,"lost_sales":0,"has_location":null,"update_date":"2026-04-06T00:01:00","atum_locations":[],"atum_stock_status":"instock","restock_status":false,"low_stock_amount":0,"sales_update_date":"2026-04-06T00:01:00","calc_backorders":null,"yoast_head":"<!-- This site is optimized with the Yoast SEO plugin v27.3 - https:\/\/yoast.com\/product\/yoast-seo-wordpress\/ -->\n<title>Chichibu The First Ten 2020 | buy Switzerland<\/title>\n<meta name=\"description\" content=\"Buy Chichibu The First Ten 2020 \u2014 Single Malt Whisky from Japan. CHF 990. Smoke, Fruit, Spice. Worldwide delivery \u2014 CH, EU &amp; international.\" \/>\n<meta name=\"robots\" content=\"index, follow, max-snippet:-1, max-image-preview:large, max-video-preview:-1\" \/>\n<link rel=\"canonical\" href=\"https:\/\/winesandspirits.ch\/fr\/produit\/chichibu-the-chichibu-the-first-ten-2020-single-malt-whisky-buy-switze\/\" \/>\n<meta property=\"og:locale\" content=\"fr_FR\" \/>\n<meta property=\"og:type\" content=\"article\" \/>\n<meta property=\"og:title\" content=\"Chichibu The First Ten 2020 | buy Switzerland\" \/>\n<meta property=\"og:description\" content=\"Buy Chichibu The First Ten 2020 \u2014 Single Malt Whisky from Japan. CHF 990. Smoke, Fruit, Spice. Worldwide delivery \u2014 CH, EU &amp; international.\" \/>\n<meta property=\"og:url\" content=\"https:\/\/winesandspirits.ch\/fr\/produit\/chichibu-the-chichibu-the-first-ten-2020-single-malt-whisky-buy-switze\/\" \/>\n<meta property=\"og:site_name\" content=\"Wines and Spirits SA\" \/>\n<meta property=\"article:modified_time\" content=\"2026-04-04T23:37:16+00:00\" \/>\n<meta property=\"og:image\" content=\"https:\/\/winesandspirits.ch\/wp-content\/uploads\/2025\/10\/Chichibu-The-First-Ten-2020-rotated.jpg\" \/>\n\t<meta property=\"og:image:width\" content=\"600\" \/>\n\t<meta property=\"og:image:height\" content=\"800\" \/>\n\t<meta property=\"og:image:type\" content=\"image\/jpeg\" \/>\n<meta name=\"twitter:card\" content=\"summary_large_image\" \/>\n<meta name=\"twitter:title\" content=\"Chichibu The First Ten 2020 | buy Switzerland\" \/>\n<meta name=\"twitter:description\" content=\"Buy Chichibu The First Ten 2020 \u2014 Single Malt Whisky from Japan. CHF 990. Smoke, Fruit, Spice. Worldwide delivery \u2014 CH, EU &amp; international.\" \/>\n<meta name=\"twitter:label1\" content=\"Dur\u00e9e de lecture estim\u00e9e\" \/>\n\t<meta name=\"twitter:data1\" content=\"2 minutes\" \/>\n<script type=\"application\/ld+json\" class=\"yoast-schema-graph\">{\"@context\":\"https:\\\/\\\/schema.org\",\"@graph\":[{\"@type\":[\"WebPage\",\"ItemPage\"],\"@id\":\"https:\\\/\\\/winesandspirits.ch\\\/product\\\/chichibu-the-chichibu-the-first-ten-2020-single-malt-whisky-buy-switze\\\/\",\"url\":\"https:\\\/\\\/winesandspirits.ch\\\/product\\\/chichibu-the-chichibu-the-first-ten-2020-single-malt-whisky-buy-switze\\\/\",\"name\":\"Chichibu The First Ten 2020 | buy Switzerland\",\"isPartOf\":{\"@id\":\"https:\\\/\\\/winesandspirits.ch\\\/#website\"},\"primaryImageOfPage\":{\"@id\":\"https:\\\/\\\/winesandspirits.ch\\\/product\\\/chichibu-the-chichibu-the-first-ten-2020-single-malt-whisky-buy-switze\\\/#primaryimage\"},\"image\":{\"@id\":\"https:\\\/\\\/winesandspirits.ch\\\/product\\\/chichibu-the-chichibu-the-first-ten-2020-single-malt-whisky-buy-switze\\\/#primaryimage\"},\"thumbnailUrl\":\"https:\\\/\\\/winesandspirits.ch\\\/wp-content\\\/uploads\\\/2025\\\/10\\\/Chichibu-The-First-Ten-2020-rotated.jpg\",\"datePublished\":\"2025-10-15T14:40:19+00:00\",\"dateModified\":\"2026-04-04T23:37:16+00:00\",\"description\":\"Buy Chichibu The First Ten 2020 \u2014 Single Malt Whisky from Japan. CHF 990. Smoke, Fruit, Spice. Worldwide delivery \u2014 CH, EU & international.\",\"breadcrumb\":{\"@id\":\"https:\\\/\\\/winesandspirits.ch\\\/product\\\/chichibu-the-chichibu-the-first-ten-2020-single-malt-whisky-buy-switze\\\/#breadcrumb\"},\"inLanguage\":\"fr-FR\",\"potentialAction\":[{\"@type\":\"ReadAction\",\"target\":[\"https:\\\/\\\/winesandspirits.ch\\\/product\\\/chichibu-the-chichibu-the-first-ten-2020-single-malt-whisky-buy-switze\\\/\"]}]},{\"@type\":\"ImageObject\",\"inLanguage\":\"fr-FR\",\"@id\":\"https:\\\/\\\/winesandspirits.ch\\\/product\\\/chichibu-the-chichibu-the-first-ten-2020-single-malt-whisky-buy-switze\\\/#primaryimage\",\"url\":\"https:\\\/\\\/winesandspirits.ch\\\/wp-content\\\/uploads\\\/2025\\\/10\\\/Chichibu-The-First-Ten-2020-rotated.jpg\",\"contentUrl\":\"https:\\\/\\\/winesandspirits.ch\\\/wp-content\\\/uploads\\\/2025\\\/10\\\/Chichibu-The-First-Ten-2020-rotated.jpg\",\"width\":600,\"height\":800,\"caption\":\"Chichibu The First Ten 2020\"},{\"@type\":\"BreadcrumbList\",\"@id\":\"https:\\\/\\\/winesandspirits.ch\\\/product\\\/chichibu-the-chichibu-the-first-ten-2020-single-malt-whisky-buy-switze\\\/#breadcrumb\",\"itemListElement\":[{\"@type\":\"ListItem\",\"position\":1,\"name\":\"Accueil\",\"item\":\"https:\\\/\\\/winesandspirits.ch\\\/\"},{\"@type\":\"ListItem\",\"position\":2,\"name\":\"Boutique\",\"item\":\"https:\\\/\\\/winesandspirits.ch\\\/boutique-wines-and-spirits-sa-switzerland\\\/\"},{\"@type\":\"ListItem\",\"position\":3,\"name\":\"Chichibu The First Ten 2020\"}]},{\"@type\":\"WebSite\",\"@id\":\"https:\\\/\\\/winesandspirits.ch\\\/#website\",\"url\":\"https:\\\/\\\/winesandspirits.ch\\\/\",\"name\":\"Wines and Spirits SA\",\"description\":\"Shop Premium Wines, Spirits &amp; Craft Beer Online\",\"publisher\":{\"@id\":\"https:\\\/\\\/winesandspirits.ch\\\/#organization\"},\"potentialAction\":[{\"@type\":\"SearchAction\",\"target\":{\"@type\":\"EntryPoint\",\"urlTemplate\":\"https:\\\/\\\/winesandspirits.ch\\\/?s={search_term_string}\"},\"query-input\":{\"@type\":\"PropertyValueSpecification\",\"valueRequired\":true,\"valueName\":\"search_term_string\"}}],\"inLanguage\":\"fr-FR\"},{\"@type\":\"Organization\",\"@id\":\"https:\\\/\\\/winesandspirits.ch\\\/#organization\",\"name\":\"Wines and Spirits SA\",\"url\":\"https:\\\/\\\/winesandspirits.ch\\\/\",\"logo\":{\"@type\":\"ImageObject\",\"inLanguage\":\"fr-FR\",\"@id\":\"https:\\\/\\\/winesandspirits.ch\\\/#\\\/schema\\\/logo\\\/image\\\/\",\"url\":\"https:\\\/\\\/winesandspirits.ch\\\/wp-content\\\/uploads\\\/2023\\\/01\\\/cropped-Noir.png\",\"contentUrl\":\"https:\\\/\\\/winesandspirits.ch\\\/wp-content\\\/uploads\\\/2023\\\/01\\\/cropped-Noir.png\",\"width\":512,\"height\":512,\"caption\":\"Wines and Spirits SA\"},\"image\":{\"@id\":\"https:\\\/\\\/winesandspirits.ch\\\/#\\\/schema\\\/logo\\\/image\\\/\"}}]}<\/script>\n<!-- \/ Yoast SEO plugin. -->","yoast_head_json":{"title":"Chichibu The First Ten 2020 | buy Switzerland","description":"Buy Chichibu The First Ten 2020 \u2014 Single Malt Whisky from Japan. CHF 990. Smoke, Fruit, Spice. Worldwide delivery \u2014 CH, EU & international.","robots":{"index":"index","follow":"follow","max-snippet":"max-snippet:-1","max-image-preview":"max-image-preview:large","max-video-preview":"max-video-preview:-1"},"canonical":"https:\/\/winesandspirits.ch\/fr\/produit\/chichibu-the-chichibu-the-first-ten-2020-single-malt-whisky-buy-switze\/","og_locale":"fr_FR","og_type":"article","og_title":"Chichibu The First Ten 2020 | buy Switzerland","og_description":"Buy Chichibu The First Ten 2020 \u2014 Single Malt Whisky from Japan. CHF 990. Smoke, Fruit, Spice. Worldwide delivery \u2014 CH, EU & international.","og_url":"https:\/\/winesandspirits.ch\/fr\/produit\/chichibu-the-chichibu-the-first-ten-2020-single-malt-whisky-buy-switze\/","og_site_name":"Wines and Spirits SA","article_modified_time":"2026-04-04T23:37:16+00:00","og_image":[{"width":600,"height":800,"url":"https:\/\/winesandspirits.ch\/wp-content\/uploads\/2025\/10\/Chichibu-The-First-Ten-2020-rotated.jpg","type":"image\/jpeg"}],"twitter_card":"summary_large_image","twitter_title":"Chichibu The First Ten 2020 | buy Switzerland","twitter_description":"Buy Chichibu The First Ten 2020 \u2014 Single Malt Whisky from Japan. CHF 990. Smoke, Fruit, Spice. Worldwide delivery \u2014 CH, EU & international.","twitter_misc":{"Dur\u00e9e de lecture estim\u00e9e":"2 minutes"},"schema":{"@context":"https:\/\/schema.org","@graph":[{"@type":["WebPage","ItemPage"],"@id":"https:\/\/winesandspirits.ch\/product\/chichibu-the-chichibu-the-first-ten-2020-single-malt-whisky-buy-switze\/","url":"https:\/\/winesandspirits.ch\/product\/chichibu-the-chichibu-the-first-ten-2020-single-malt-whisky-buy-switze\/","name":"Chichibu The First Ten 2020 | buy Switzerland","isPartOf":{"@id":"https:\/\/winesandspirits.ch\/#website"},"primaryImageOfPage":{"@id":"https:\/\/winesandspirits.ch\/product\/chichibu-the-chichibu-the-first-ten-2020-single-malt-whisky-buy-switze\/#primaryimage"},"image":{"@id":"https:\/\/winesandspirits.ch\/product\/chichibu-the-chichibu-the-first-ten-2020-single-malt-whisky-buy-switze\/#primaryimage"},"thumbnailUrl":"https:\/\/winesandspirits.ch\/wp-content\/uploads\/2025\/10\/Chichibu-The-First-Ten-2020-rotated.jpg","datePublished":"2025-10-15T14:40:19+00:00","dateModified":"2026-04-04T23:37:16+00:00","description":"Buy Chichibu The First Ten 2020 \u2014 Single Malt Whisky from Japan. CHF 990. Smoke, Fruit, Spice. Worldwide delivery \u2014 CH, EU & international.","breadcrumb":{"@id":"https:\/\/winesandspirits.ch\/product\/chichibu-the-chichibu-the-first-ten-2020-single-malt-whisky-buy-switze\/#breadcrumb"},"inLanguage":"fr-FR","potentialAction":[{"@type":"ReadAction","target":["https:\/\/winesandspirits.ch\/product\/chichibu-the-chichibu-the-first-ten-2020-single-malt-whisky-buy-switze\/"]}]},{"@type":"ImageObject","inLanguage":"fr-FR","@id":"https:\/\/winesandspirits.ch\/product\/chichibu-the-chichibu-the-first-ten-2020-single-malt-whisky-buy-switze\/#primaryimage","url":"https:\/\/winesandspirits.ch\/wp-content\/uploads\/2025\/10\/Chichibu-The-First-Ten-2020-rotated.jpg","contentUrl":"https:\/\/winesandspirits.ch\/wp-content\/uploads\/2025\/10\/Chichibu-The-First-Ten-2020-rotated.jpg","width":600,"height":800,"caption":"Chichibu The First Ten 2020"},{"@type":"BreadcrumbList","@id":"https:\/\/winesandspirits.ch\/product\/chichibu-the-chichibu-the-first-ten-2020-single-malt-whisky-buy-switze\/#breadcrumb","itemListElement":[{"@type":"ListItem","position":1,"name":"Accueil","item":"https:\/\/winesandspirits.ch\/"},{"@type":"ListItem","position":2,"name":"Boutique","item":"https:\/\/winesandspirits.ch\/boutique-wines-and-spirits-sa-switzerland\/"},{"@type":"ListItem","position":3,"name":"Chichibu The First Ten 2020"}]},{"@type":"WebSite","@id":"https:\/\/winesandspirits.ch\/#website","url":"https:\/\/winesandspirits.ch\/","name":"Vins et Spiritueux SA","description":"Achetez des vins, spiritueux et bi\u00e8res artisanales de premi\u00e8re qualit\u00e9 en ligne","publisher":{"@id":"https:\/\/winesandspirits.ch\/#organization"},"potentialAction":[{"@type":"SearchAction","target":{"@type":"EntryPoint","urlTemplate":"https:\/\/winesandspirits.ch\/?s={search_term_string}"},"query-input":{"@type":"PropertyValueSpecification","valueRequired":true,"valueName":"search_term_string"}}],"inLanguage":"fr-FR"},{"@type":"Organization","@id":"https:\/\/winesandspirits.ch\/#organization","name":"Vins et Spiritueux SA","url":"https:\/\/winesandspirits.ch\/","logo":{"@type":"ImageObject","inLanguage":"fr-FR","@id":"https:\/\/winesandspirits.ch\/#\/schema\/logo\/image\/","url":"https:\/\/winesandspirits.ch\/wp-content\/uploads\/2023\/01\/cropped-Noir.png","contentUrl":"https:\/\/winesandspirits.ch\/wp-content\/uploads\/2023\/01\/cropped-Noir.png","width":512,"height":512,"caption":"Wines and Spirits SA"},"image":{"@id":"https:\/\/winesandspirits.ch\/#\/schema\/logo\/image\/"}}]}},"_links":{"self":[{"href":"https:\/\/winesandspirits.ch\/fr\/wp-json\/wp\/v2\/product\/990952","targetHints":{"allow":["GET"]}}],"collection":[{"href":"https:\/\/winesandspirits.ch\/fr\/wp-json\/wp\/v2\/product"}],"about":[{"href":"https:\/\/winesandspirits.ch\/fr\/wp-json\/wp\/v2\/types\/product"}],"version-history":[{"count":10,"href":"https:\/\/winesandspirits.ch\/fr\/wp-json\/wp\/v2\/product\/990952\/revisions"}],"predecessor-version":[{"id":1006339,"href":"https:\/\/winesandspirits.ch\/fr\/wp-json\/wp\/v2\/product\/990952\/revisions\/1006339"}],"wp:featuredmedia":[{"embeddable":true,"href":"https:\/\/winesandspirits.ch\/fr\/wp-json\/wp\/v2\/media\/990955"}],"wp:attachment":[{"href":"https:\/\/winesandspirits.ch\/fr\/wp-json\/wp\/v2\/media?parent=990952"}],"wp:term":[{"taxonomy":"product_brand","embeddable":true,"href":"https:\/\/winesandspirits.ch\/fr\/wp-json\/wp\/v2\/product_brand?post=990952"},{"taxonomy":"product_cat","embeddable":true,"href":"https:\/\/winesandspirits.ch\/fr\/wp-json\/wp\/v2\/product_cat?post=990952"},{"taxonomy":"product_tag","embeddable":true,"href":"https:\/\/winesandspirits.ch\/fr\/wp-json\/wp\/v2\/product_tag?post=990952"}],"curies":[{"name":"wp","href":"https:\/\/api.w.org\/{rel}","templated":true}]}}