{"id":990808,"date":"2025-10-12T11:27:18","date_gmt":"2025-10-12T09:27:18","guid":{"rendered":"https:\/\/winesandspirits.ch\/?post_type=product&#038;p=990808"},"modified":"2026-04-05T01:42:08","modified_gmt":"2026-04-04T23:42:08","slug":"hanyu-chichibu-hanyu-chichibu-american-oak-957-single-malt-single-malt","status":"publish","type":"product","link":"https:\/\/winesandspirits.ch\/fr\/produit\/hanyu-chichibu-hanyu-chichibu-american-oak-957-single-malt-single-malt\/","title":{"rendered":"Hanyu Chichibu American Oak 957 single malt"},"content":{"rendered":"<div class=\"vgblk-rw-wrapper limit-wrapper\">\n<div style=\"font-family:'Georgia',serif;background:#faf8f4;margin:0;padding:0\">\n<div style=\"background:#fff;border:1px solid #ede8e0;border-radius:4px;overflow:hidden;margin-bottom:2px\">\n<div style=\"padding:16px 18px 8px;background:#faf8f4;border-bottom:1px solid #ede8e0\">\n<p style=\"font-size:10px;font-weight:700;text-transform:uppercase;letter-spacing:3px;color:#a08060;margin:0\">Sp\u00e9cifications techniques<\/p>\n<\/div>\n<div style=\"display:grid;grid-template-columns:repeat(auto-fit,minmax(130px,1fr))\">\n<div style=\"padding:14px 18px;border-bottom:1px solid #ede8e0\">\n<div style=\"font-size:10px;font-weight:700;text-transform:uppercase;letter-spacing:2px;color:#a08060;margin-bottom:4px\">Style<\/div>\n<div style=\"font-size:16px;font-weight:400;color:#1a1a1a;font-family:'Georgia',serif\">Whisky de malt simple<\/div>\n<\/div>\n<div style=\"padding:14px 18px;border-bottom:1px solid #ede8e0\">\n<div style=\"font-size:10px;font-weight:700;text-transform:uppercase;letter-spacing:2px;color:#a08060;margin-bottom:4px\">Origine<\/div>\n<div style=\"font-size:16px;font-weight:400;color:#1a1a1a;font-family:'Georgia',serif\">Japon<\/div>\n<\/div>\n<\/div>\n<\/div>\n<div style=\"padding:40px;background:#fff;margin-top:2px\">\n<p style=\"font-size:10px;font-weight:700;text-transform:uppercase;letter-spacing:3px;color:#a08060;margin:0 0 8px\">Profil de d\u00e9gustation<\/p>\n<div style=\"width:36px;height:2px;background:#c8b89a;margin-bottom:18px\"><\/div>\n<p style=\"font-size:15px;line-height:1.9;color:#3d2b1f;margin:0 0 20px;max-width:760px\">Hanyu Chichibu American Oak 957 single malt is an exceptional Single Malt Whisky crafted by Hanyu Chichibu in Japan. this outstanding expression delivers an unforgettable tasting experience. Expect a rich profile of Smoke, Fruit, Spice, Oak \u2014 a true masterpiece. Available online with worldwide delivery \u2014 Switzerland, EU and international shipping. \ud83c\udf0d<\/p>\n<\/div>\n<div style=\"padding:40px;background:#faf8f4;margin-top:2px\">\n<p style=\"font-size:10px;font-weight:700;text-transform:uppercase;letter-spacing:3px;color:#a08060;margin:0 0 6px\">\u00c0 propos du producteur<\/p>\n<h3 style=\"font-size:24px;font-weight:400;color:#1a1a1a;margin:0 0 10px;font-family:'Georgia',serif\">Hanyu Chichibu<\/h3>\n<div style=\"margin-bottom:14px\"><span style=\"font-size:12px;color:#a08060\">Japon<\/span><\/div>\n<div style=\"width:36px;height:2px;background:#c8b89a;margin-bottom:16px\"><\/div>\n<p style=\"font-size:14px;line-height:1.85;color:#3d2b1f;margin:0 0 20px;max-width:760px\">La distillerie Chichibu a \u00e9t\u00e9 fond\u00e9e en 2008 par le visionnaire Ichiro Akuto dans la pr\u00e9fecture de Saitama, au Japon, sur les terres m\u00eames o\u00f9 sa famille fabrique du sak\u00e9 et des spiritueux depuis des g\u00e9n\u00e9rations. Ichiro Akuto s'est d'abord fait conna\u00eetre au niveau international en sauvant l'ensemble du stock de la d\u00e9funte distillerie Hanyu et en le commercialisant sous la forme de la l\u00e9gendaire s\u00e9rie Ichiro's Malt Card, qui compte aujourd'hui parmi les whiskies japonais les plus collectionn\u00e9s jamais mis en bouteille. \u00c0 Chichibu, Ichiro a construit l'une des petites distilleries les plus innovantes au monde, utilisant une gamme vari\u00e9e de types de f\u00fbts, notamment des f\u00fbts de ch\u00eane Mizunara, des f\u00fbts de bourbon, des culs de sherry, des tuyaux de porto et des f\u00fbts de vin, pour cr\u00e9er des expressions d'une vari\u00e9t\u00e9 et d'une complexit\u00e9 extraordinaires. Bien qu'elle ait moins de 20 ans, Chichibu a accumul\u00e9 une \u00e9tonnante collection de r\u00e9compenses et est r\u00e9guli\u00e8rement class\u00e9e parmi les meilleures distilleries artisanales du monde. Les versions limit\u00e9es se vendent en quelques heures dans le monde entier et les prix sur le march\u00e9 secondaire ont augment\u00e9 de fa\u00e7on spectaculaire d'ann\u00e9e en ann\u00e9e, faisant des bouteilles de Chichibu des objets de collection de plus en plus pris\u00e9s.<\/p>\n<div style=\"display:flex;gap:12px;flex-wrap:wrap;margin-top:4px\"><a href=\"https:\/\/winesandspirits.ch\/fr\/categorie-produit\/whisky\/chichibu\/\" style=\"display:inline-flex;align-items:center;gap:6px;background:#1a1a1a;color:#c8b89a;padding:8px 18px;font-size:11px;font-weight:700;letter-spacing:2px;text-transform:uppercase;text-decoration:none;border-radius:2px\">Voir tous les Chichibu<\/a><a href=\"https:\/\/www.ichiros.malt.jp\" target=\"_blank\" rel=\"noopener\" style=\"display:inline-flex;align-items:center;gap:6px;background:#faf8f4;color:#3d2b1f;padding:8px 18px;font-size:11px;font-weight:700;letter-spacing:2px;text-transform:uppercase;text-decoration:none;border:1px solid #c8b89a;border-radius:2px\">Site officiel<\/a><\/div>\n<\/div>\n<div style=\"padding:32px 40px;background:#fff;margin-top:2px\">\n<p style=\"font-size:10px;font-weight:700;text-transform:uppercase;letter-spacing:3px;color:#a08060;margin:0 0 8px\">Notes de saveur<\/p>\n<div style=\"width:36px;height:2px;background:#c8b89a;margin-bottom:16px\"><\/div>\n<div><span style=\"display:inline-block;border:1.5px solid #c8b89a;border-radius:20px;padding:5px 16px;font-size:13px;color:#3d2b1f;margin:3px;font-family:Georgia,serif\">Fum\u00e9e<\/span><span style=\"display:inline-block;border:1.5px solid #c8b89a;border-radius:20px;padding:5px 16px;font-size:13px;color:#3d2b1f;margin:3px;font-family:Georgia,serif\">Fruit<\/span><span style=\"display:inline-block;border:1.5px solid #c8b89a;border-radius:20px;padding:5px 16px;font-size:13px;color:#3d2b1f;margin:3px;font-family:Georgia,serif\">\u00c9pice<\/span><span style=\"display:inline-block;border:1.5px solid #c8b89a;border-radius:20px;padding:5px 16px;font-size:13px;color:#3d2b1f;margin:3px;font-family:Georgia,serif\">Ch\u00eane<\/span><\/div>\n<\/div>\n<div style=\"display:grid;grid-template-columns:1fr 1fr;gap:2px;margin-top:2px\">\n<div style=\"background:#faf8f4;padding:32px 36px\">\n<p style=\"font-size:10px;font-weight:700;text-transform:uppercase;letter-spacing:3px;color:#a08060;margin:0 0 8px\">Fran\u00e7ais<\/p>\n<div style=\"width:28px;height:2px;background:#c8b89a;margin-bottom:14px\"><\/div>\n<p style=\"font-size:13px;line-height:1.8;color:#3d2b1f;margin:0\" lang=\"fr\">Hanyu Chichibu American Oak 957 single malt est expression d&#8217;exception de Hanyu Chichibu, en Japan. Elle offre une exp\u00e9rience gustative inoubliable. Profil\u202f: Smoke, Fruit, Spice, Oak. un vrai chef-d&#8217;\u0153uvre. Livraison en Suisse, dans toute l&#8217;Europe et dans le monde entier \ud83c\udf0d<\/p>\n<\/div>\n<div style=\"background:#faf8f4;padding:32px 36px\">\n<p style=\"font-size:10px;font-weight:700;text-transform:uppercase;letter-spacing:3px;color:#a08060;margin:0 0 8px\">Allemand<\/p>\n<div style=\"width:28px;height:2px;background:#c8b89a;margin-bottom:14px\"><\/div>\n<p style=\"font-size:13px;line-height:1.8;color:#3d2b1f;margin:0\" lang=\"de\">Hanyu Chichibu American Oak 957 single malt ist ein au\u00dfergew\u00f6hnliche Expression von Hanyu Chichibu aus Japan.  bietet es ein unvergessliches Geschmackserlebnis. Profil: Smoke, Fruit, Spice, Oak. ein wahres Meisterwerk. Lieferung in die Schweiz, Europa und weltweit \ud83c\udf0d<\/p>\n<\/div>\n<\/div>\n<div style=\"background:#fff;padding:24px 40px;margin-top:2px;display:flex;align-items:center;justify-content:space-between;flex-wrap:wrap;gap:12px;border-top:3px solid #c8b89a\">\n<div>\n<p style=\"font-size:10px;font-weight:700;text-transform:uppercase;letter-spacing:2px;color:#a08060;margin:0 0 4px\">Prix en ligne<\/p>\n<p style=\"font-size:30px;font-weight:400;color:#1a1a1a;margin:0;font-family:'Georgia',serif\">CHF 1990<\/p>\n<\/div>\n<div style=\"text-align:right\">\n<p style=\"font-size:13px;color:#3d2b1f;font-weight:600;margin:0 0 4px\">\ud83d\ude9a Livraison dans le monde entier \u2014 Suisse, UE et International \ud83c\udf0d<\/p>\n<p style=\"font-size:11px;color:#a08060;margin:0\">Exp\u00e9dition rapide et s\u00e9curis\u00e9e \u00b7 winesandspirits.ch<\/p>\n<\/div>\n<\/div>\n<div style=\"background:#1a1a1a;padding:14px 40px;margin-top:2px;display:flex;align-items:center;justify-content:space-between;flex-wrap:wrap;gap:10px\">\n<span style=\"font-size:10px;font-weight:700;text-transform:uppercase;letter-spacing:3px;color:#c8b89a\">\u2726 S\u00e9lection Artisanale Premium \u00b7 winesandspirits.ch \u2726<\/span><br \/>\n<span style=\"font-size:10px;color:#777;font-style:italic\">\ud83d\udd1e Contient de l'alcool. \u00c0 consommer avec mod\u00e9ration. Vente interdite aux personnes mineures.<\/span>\n<\/div>\n<\/div>\n<\/div>\n<p><!-- .vgblk-rw-wrapper --><\/p>","protected":false},"excerpt":{"rendered":"<p>Premium Single Malt Whisky by Hanyu Chichibu from Japan \u00b7 Worldwide delivery \ud83c\udf0d<\/p>","protected":false},"featured_media":990809,"template":"","meta":[],"product_brand":[],"product_cat":[66,91,43],"product_tag":[],"class_list":{"0":"post-990808","1":"product","2":"type-product","3":"status-publish","4":"has-post-thumbnail","6":"product_cat-chichibu","7":"product_cat-whisky-japonais","8":"product_cat-whisky","10":"first","11":"instock","12":"shipping-taxable","13":"purchasable","14":"product-type-simple"},"supplier_id":null,"supplier_sku":"","barcode":null,"atum_controlled":true,"out_stock_date":null,"out_stock_threshold":null,"inheritable":false,"inbound_stock":null,"stock_on_hold":0,"sold_today":0,"sales_last_days":0,"reserved_stock":null,"customer_returns":null,"warehouse_damage":null,"lost_in_post":null,"other_logs":null,"out_stock_days":0,"lost_sales":0,"has_location":null,"update_date":"2026-04-10T00:02:39","atum_locations":[],"atum_stock_status":"instock","restock_status":false,"low_stock_amount":0,"sales_update_date":"2026-04-10T00:02:39","calc_backorders":null,"yoast_head":"<!-- This site is optimized with the Yoast SEO plugin v27.3 - https:\/\/yoast.com\/product\/yoast-seo-wordpress\/ -->\n<title>Hanyu Chichibu American Oak 957 single mal | buy Switzerland<\/title>\n<meta name=\"description\" content=\"Buy Hanyu Chichibu American Oak 957 single malt \u2014 Single Malt Whisky from Japan. CHF 1990. Smoke, Fruit, Spice. Worldwide delivery \u2014 CH, EU &amp; international\" \/>\n<meta name=\"robots\" content=\"index, follow, max-snippet:-1, max-image-preview:large, max-video-preview:-1\" \/>\n<link rel=\"canonical\" href=\"https:\/\/winesandspirits.ch\/fr\/produit\/hanyu-chichibu-hanyu-chichibu-american-oak-957-single-malt-single-malt\/\" \/>\n<meta property=\"og:locale\" content=\"fr_FR\" \/>\n<meta property=\"og:type\" content=\"article\" \/>\n<meta property=\"og:title\" content=\"Hanyu Chichibu American Oak 957 single mal | buy Switzerland\" \/>\n<meta property=\"og:description\" content=\"Buy Hanyu Chichibu American Oak 957 single malt \u2014 Single Malt Whisky from Japan. CHF 1990. Smoke, Fruit, Spice. Worldwide delivery \u2014 CH, EU &amp; international\" \/>\n<meta property=\"og:url\" content=\"https:\/\/winesandspirits.ch\/fr\/produit\/hanyu-chichibu-hanyu-chichibu-american-oak-957-single-malt-single-malt\/\" \/>\n<meta property=\"og:site_name\" content=\"Wines and Spirits SA\" \/>\n<meta property=\"article:modified_time\" content=\"2026-04-04T23:42:08+00:00\" \/>\n<meta property=\"og:image\" content=\"https:\/\/winesandspirits.ch\/wp-content\/uploads\/2025\/10\/Hanyu-Chichibu-american-oak-957-single-cask-malt-whisky.jpg\" \/>\n\t<meta property=\"og:image:width\" content=\"600\" \/>\n\t<meta property=\"og:image:height\" content=\"800\" \/>\n\t<meta property=\"og:image:type\" content=\"image\/jpeg\" \/>\n<meta name=\"twitter:card\" content=\"summary_large_image\" \/>\n<meta name=\"twitter:title\" content=\"Hanyu Chichibu American Oak 957 single mal | buy Switzerland\" \/>\n<meta name=\"twitter:description\" content=\"Buy Hanyu Chichibu American Oak 957 single malt \u2014 Single Malt Whisky from Japan. CHF 1990. Smoke, Fruit, Spice. Worldwide delivery \u2014 CH, EU &amp; international\" \/>\n<meta name=\"twitter:label1\" content=\"Dur\u00e9e de lecture estim\u00e9e\" \/>\n\t<meta name=\"twitter:data1\" content=\"2 minutes\" \/>\n<script type=\"application\/ld+json\" class=\"yoast-schema-graph\">{\"@context\":\"https:\\\/\\\/schema.org\",\"@graph\":[{\"@type\":[\"WebPage\",\"ItemPage\"],\"@id\":\"https:\\\/\\\/winesandspirits.ch\\\/product\\\/hanyu-chichibu-hanyu-chichibu-american-oak-957-single-malt-single-malt\\\/\",\"url\":\"https:\\\/\\\/winesandspirits.ch\\\/product\\\/hanyu-chichibu-hanyu-chichibu-american-oak-957-single-malt-single-malt\\\/\",\"name\":\"Hanyu Chichibu American Oak 957 single mal | buy Switzerland\",\"isPartOf\":{\"@id\":\"https:\\\/\\\/winesandspirits.ch\\\/#website\"},\"primaryImageOfPage\":{\"@id\":\"https:\\\/\\\/winesandspirits.ch\\\/product\\\/hanyu-chichibu-hanyu-chichibu-american-oak-957-single-malt-single-malt\\\/#primaryimage\"},\"image\":{\"@id\":\"https:\\\/\\\/winesandspirits.ch\\\/product\\\/hanyu-chichibu-hanyu-chichibu-american-oak-957-single-malt-single-malt\\\/#primaryimage\"},\"thumbnailUrl\":\"https:\\\/\\\/winesandspirits.ch\\\/wp-content\\\/uploads\\\/2025\\\/10\\\/Hanyu-Chichibu-american-oak-957-single-cask-malt-whisky.jpg\",\"datePublished\":\"2025-10-12T09:27:18+00:00\",\"dateModified\":\"2026-04-04T23:42:08+00:00\",\"description\":\"Buy Hanyu Chichibu American Oak 957 single malt \u2014 Single Malt Whisky from Japan. CHF 1990. Smoke, Fruit, Spice. Worldwide delivery \u2014 CH, EU & international\",\"breadcrumb\":{\"@id\":\"https:\\\/\\\/winesandspirits.ch\\\/product\\\/hanyu-chichibu-hanyu-chichibu-american-oak-957-single-malt-single-malt\\\/#breadcrumb\"},\"inLanguage\":\"fr-FR\",\"potentialAction\":[{\"@type\":\"ReadAction\",\"target\":[\"https:\\\/\\\/winesandspirits.ch\\\/product\\\/hanyu-chichibu-hanyu-chichibu-american-oak-957-single-malt-single-malt\\\/\"]}]},{\"@type\":\"ImageObject\",\"inLanguage\":\"fr-FR\",\"@id\":\"https:\\\/\\\/winesandspirits.ch\\\/product\\\/hanyu-chichibu-hanyu-chichibu-american-oak-957-single-malt-single-malt\\\/#primaryimage\",\"url\":\"https:\\\/\\\/winesandspirits.ch\\\/wp-content\\\/uploads\\\/2025\\\/10\\\/Hanyu-Chichibu-american-oak-957-single-cask-malt-whisky.jpg\",\"contentUrl\":\"https:\\\/\\\/winesandspirits.ch\\\/wp-content\\\/uploads\\\/2025\\\/10\\\/Hanyu-Chichibu-american-oak-957-single-cask-malt-whisky.jpg\",\"width\":600,\"height\":800,\"caption\":\"Hanyu Chichibu American Oak 957 single malt\"},{\"@type\":\"BreadcrumbList\",\"@id\":\"https:\\\/\\\/winesandspirits.ch\\\/product\\\/hanyu-chichibu-hanyu-chichibu-american-oak-957-single-malt-single-malt\\\/#breadcrumb\",\"itemListElement\":[{\"@type\":\"ListItem\",\"position\":1,\"name\":\"Accueil\",\"item\":\"https:\\\/\\\/winesandspirits.ch\\\/\"},{\"@type\":\"ListItem\",\"position\":2,\"name\":\"Boutique\",\"item\":\"https:\\\/\\\/winesandspirits.ch\\\/boutique-wines-and-spirits-sa-switzerland\\\/\"},{\"@type\":\"ListItem\",\"position\":3,\"name\":\"Hanyu Chichibu American Oak 957 single malt\"}]},{\"@type\":\"WebSite\",\"@id\":\"https:\\\/\\\/winesandspirits.ch\\\/#website\",\"url\":\"https:\\\/\\\/winesandspirits.ch\\\/\",\"name\":\"Wines and Spirits SA\",\"description\":\"Shop Premium Wines, Spirits &amp; Craft Beer Online\",\"publisher\":{\"@id\":\"https:\\\/\\\/winesandspirits.ch\\\/#organization\"},\"potentialAction\":[{\"@type\":\"SearchAction\",\"target\":{\"@type\":\"EntryPoint\",\"urlTemplate\":\"https:\\\/\\\/winesandspirits.ch\\\/?s={search_term_string}\"},\"query-input\":{\"@type\":\"PropertyValueSpecification\",\"valueRequired\":true,\"valueName\":\"search_term_string\"}}],\"inLanguage\":\"fr-FR\"},{\"@type\":\"Organization\",\"@id\":\"https:\\\/\\\/winesandspirits.ch\\\/#organization\",\"name\":\"Wines and Spirits SA\",\"url\":\"https:\\\/\\\/winesandspirits.ch\\\/\",\"logo\":{\"@type\":\"ImageObject\",\"inLanguage\":\"fr-FR\",\"@id\":\"https:\\\/\\\/winesandspirits.ch\\\/#\\\/schema\\\/logo\\\/image\\\/\",\"url\":\"https:\\\/\\\/winesandspirits.ch\\\/wp-content\\\/uploads\\\/2023\\\/01\\\/cropped-Noir.png\",\"contentUrl\":\"https:\\\/\\\/winesandspirits.ch\\\/wp-content\\\/uploads\\\/2023\\\/01\\\/cropped-Noir.png\",\"width\":512,\"height\":512,\"caption\":\"Wines and Spirits SA\"},\"image\":{\"@id\":\"https:\\\/\\\/winesandspirits.ch\\\/#\\\/schema\\\/logo\\\/image\\\/\"}}]}<\/script>\n<!-- \/ Yoast SEO plugin. -->","yoast_head_json":{"title":"Hanyu Chichibu American Oak 957 single mal | buy Switzerland","description":"Buy Hanyu Chichibu American Oak 957 single malt \u2014 Single Malt Whisky from Japan. CHF 1990. Smoke, Fruit, Spice. Worldwide delivery \u2014 CH, EU & international","robots":{"index":"index","follow":"follow","max-snippet":"max-snippet:-1","max-image-preview":"max-image-preview:large","max-video-preview":"max-video-preview:-1"},"canonical":"https:\/\/winesandspirits.ch\/fr\/produit\/hanyu-chichibu-hanyu-chichibu-american-oak-957-single-malt-single-malt\/","og_locale":"fr_FR","og_type":"article","og_title":"Hanyu Chichibu American Oak 957 single mal | buy Switzerland","og_description":"Buy Hanyu Chichibu American Oak 957 single malt \u2014 Single Malt Whisky from Japan. CHF 1990. Smoke, Fruit, Spice. Worldwide delivery \u2014 CH, EU & international","og_url":"https:\/\/winesandspirits.ch\/fr\/produit\/hanyu-chichibu-hanyu-chichibu-american-oak-957-single-malt-single-malt\/","og_site_name":"Wines and Spirits SA","article_modified_time":"2026-04-04T23:42:08+00:00","og_image":[{"width":600,"height":800,"url":"https:\/\/winesandspirits.ch\/wp-content\/uploads\/2025\/10\/Hanyu-Chichibu-american-oak-957-single-cask-malt-whisky.jpg","type":"image\/jpeg"}],"twitter_card":"summary_large_image","twitter_title":"Hanyu Chichibu American Oak 957 single mal | buy Switzerland","twitter_description":"Buy Hanyu Chichibu American Oak 957 single malt \u2014 Single Malt Whisky from Japan. CHF 1990. Smoke, Fruit, Spice. Worldwide delivery \u2014 CH, EU & international","twitter_misc":{"Dur\u00e9e de lecture estim\u00e9e":"2 minutes"},"schema":{"@context":"https:\/\/schema.org","@graph":[{"@type":["WebPage","ItemPage"],"@id":"https:\/\/winesandspirits.ch\/product\/hanyu-chichibu-hanyu-chichibu-american-oak-957-single-malt-single-malt\/","url":"https:\/\/winesandspirits.ch\/product\/hanyu-chichibu-hanyu-chichibu-american-oak-957-single-malt-single-malt\/","name":"Hanyu Chichibu American Oak 957 single mal | buy Switzerland","isPartOf":{"@id":"https:\/\/winesandspirits.ch\/#website"},"primaryImageOfPage":{"@id":"https:\/\/winesandspirits.ch\/product\/hanyu-chichibu-hanyu-chichibu-american-oak-957-single-malt-single-malt\/#primaryimage"},"image":{"@id":"https:\/\/winesandspirits.ch\/product\/hanyu-chichibu-hanyu-chichibu-american-oak-957-single-malt-single-malt\/#primaryimage"},"thumbnailUrl":"https:\/\/winesandspirits.ch\/wp-content\/uploads\/2025\/10\/Hanyu-Chichibu-american-oak-957-single-cask-malt-whisky.jpg","datePublished":"2025-10-12T09:27:18+00:00","dateModified":"2026-04-04T23:42:08+00:00","description":"Buy Hanyu Chichibu American Oak 957 single malt \u2014 Single Malt Whisky from Japan. CHF 1990. Smoke, Fruit, Spice. Worldwide delivery \u2014 CH, EU & international","breadcrumb":{"@id":"https:\/\/winesandspirits.ch\/product\/hanyu-chichibu-hanyu-chichibu-american-oak-957-single-malt-single-malt\/#breadcrumb"},"inLanguage":"fr-FR","potentialAction":[{"@type":"ReadAction","target":["https:\/\/winesandspirits.ch\/product\/hanyu-chichibu-hanyu-chichibu-american-oak-957-single-malt-single-malt\/"]}]},{"@type":"ImageObject","inLanguage":"fr-FR","@id":"https:\/\/winesandspirits.ch\/product\/hanyu-chichibu-hanyu-chichibu-american-oak-957-single-malt-single-malt\/#primaryimage","url":"https:\/\/winesandspirits.ch\/wp-content\/uploads\/2025\/10\/Hanyu-Chichibu-american-oak-957-single-cask-malt-whisky.jpg","contentUrl":"https:\/\/winesandspirits.ch\/wp-content\/uploads\/2025\/10\/Hanyu-Chichibu-american-oak-957-single-cask-malt-whisky.jpg","width":600,"height":800,"caption":"Hanyu Chichibu American Oak 957 single malt"},{"@type":"BreadcrumbList","@id":"https:\/\/winesandspirits.ch\/product\/hanyu-chichibu-hanyu-chichibu-american-oak-957-single-malt-single-malt\/#breadcrumb","itemListElement":[{"@type":"ListItem","position":1,"name":"Accueil","item":"https:\/\/winesandspirits.ch\/"},{"@type":"ListItem","position":2,"name":"Boutique","item":"https:\/\/winesandspirits.ch\/boutique-wines-and-spirits-sa-switzerland\/"},{"@type":"ListItem","position":3,"name":"Hanyu Chichibu American Oak 957 single malt"}]},{"@type":"WebSite","@id":"https:\/\/winesandspirits.ch\/#website","url":"https:\/\/winesandspirits.ch\/","name":"Vins et Spiritueux SA","description":"Achetez des vins, spiritueux et bi\u00e8res artisanales de premi\u00e8re qualit\u00e9 en ligne","publisher":{"@id":"https:\/\/winesandspirits.ch\/#organization"},"potentialAction":[{"@type":"SearchAction","target":{"@type":"EntryPoint","urlTemplate":"https:\/\/winesandspirits.ch\/?s={search_term_string}"},"query-input":{"@type":"PropertyValueSpecification","valueRequired":true,"valueName":"search_term_string"}}],"inLanguage":"fr-FR"},{"@type":"Organization","@id":"https:\/\/winesandspirits.ch\/#organization","name":"Vins et Spiritueux SA","url":"https:\/\/winesandspirits.ch\/","logo":{"@type":"ImageObject","inLanguage":"fr-FR","@id":"https:\/\/winesandspirits.ch\/#\/schema\/logo\/image\/","url":"https:\/\/winesandspirits.ch\/wp-content\/uploads\/2023\/01\/cropped-Noir.png","contentUrl":"https:\/\/winesandspirits.ch\/wp-content\/uploads\/2023\/01\/cropped-Noir.png","width":512,"height":512,"caption":"Wines and Spirits SA"},"image":{"@id":"https:\/\/winesandspirits.ch\/#\/schema\/logo\/image\/"}}]}},"_links":{"self":[{"href":"https:\/\/winesandspirits.ch\/fr\/wp-json\/wp\/v2\/product\/990808","targetHints":{"allow":["GET"]}}],"collection":[{"href":"https:\/\/winesandspirits.ch\/fr\/wp-json\/wp\/v2\/product"}],"about":[{"href":"https:\/\/winesandspirits.ch\/fr\/wp-json\/wp\/v2\/types\/product"}],"version-history":[{"count":12,"href":"https:\/\/winesandspirits.ch\/fr\/wp-json\/wp\/v2\/product\/990808\/revisions"}],"predecessor-version":[{"id":1006380,"href":"https:\/\/winesandspirits.ch\/fr\/wp-json\/wp\/v2\/product\/990808\/revisions\/1006380"}],"wp:featuredmedia":[{"embeddable":true,"href":"https:\/\/winesandspirits.ch\/fr\/wp-json\/wp\/v2\/media\/990809"}],"wp:attachment":[{"href":"https:\/\/winesandspirits.ch\/fr\/wp-json\/wp\/v2\/media?parent=990808"}],"wp:term":[{"taxonomy":"product_brand","embeddable":true,"href":"https:\/\/winesandspirits.ch\/fr\/wp-json\/wp\/v2\/product_brand?post=990808"},{"taxonomy":"product_cat","embeddable":true,"href":"https:\/\/winesandspirits.ch\/fr\/wp-json\/wp\/v2\/product_cat?post=990808"},{"taxonomy":"product_tag","embeddable":true,"href":"https:\/\/winesandspirits.ch\/fr\/wp-json\/wp\/v2\/product_tag?post=990808"}],"curies":[{"name":"wp","href":"https:\/\/api.w.org\/{rel}","templated":true}]}}