{"id":990706,"date":"2025-10-10T09:08:36","date_gmt":"2025-10-10T07:08:36","guid":{"rendered":"https:\/\/winesandspirits.ch\/?post_type=product&#038;p=990706"},"modified":"2026-04-05T01:44:52","modified_gmt":"2026-04-04T23:44:52","slug":"karuizawa-152-karuizawa-152-sherry-single-malt-1981-2014-single-malt-w","status":"publish","type":"product","link":"https:\/\/winesandspirits.ch\/fr\/produit\/karuizawa-152-karuizawa-152-sherry-single-malt-1981-2014-single-malt-w\/","title":{"rendered":"Karuizawa 152 sherry single malt 1981-2014"},"content":{"rendered":"<div class=\"vgblk-rw-wrapper limit-wrapper\">\n<div style=\"font-family:'Georgia',serif;background:#faf8f4;margin:0;padding:0\">\n<div style=\"background:#fff;border:1px solid #ede8e0;border-radius:4px;overflow:hidden;margin-bottom:2px\">\n<div style=\"padding:16px 18px 8px;background:#faf8f4;border-bottom:1px solid #ede8e0\">\n<p style=\"font-size:10px;font-weight:700;text-transform:uppercase;letter-spacing:3px;color:#a08060;margin:0\">Sp\u00e9cifications techniques<\/p>\n<\/div>\n<div style=\"display:grid;grid-template-columns:repeat(auto-fit,minmax(130px,1fr))\">\n<div style=\"padding:14px 18px;border-bottom:1px solid #ede8e0\">\n<div style=\"font-size:10px;font-weight:700;text-transform:uppercase;letter-spacing:2px;color:#a08060;margin-bottom:4px\">Degr\u00e9 d'alcool<\/div>\n<div style=\"font-size:16px;font-weight:400;color:#1a1a1a;font-family:'Georgia',serif\">54.5%<\/div>\n<\/div>\n<div style=\"padding:14px 18px;border-bottom:1px solid #ede8e0\">\n<div style=\"font-size:10px;font-weight:700;text-transform:uppercase;letter-spacing:2px;color:#a08060;margin-bottom:4px\">Style<\/div>\n<div style=\"font-size:16px;font-weight:400;color:#1a1a1a;font-family:'Georgia',serif\">Single Malt Whisky<\/div>\n<\/div>\n<div style=\"padding:14px 18px;border-bottom:1px solid #ede8e0\">\n<div style=\"font-size:10px;font-weight:700;text-transform:uppercase;letter-spacing:2px;color:#a08060;margin-bottom:4px\">Origine<\/div>\n<div style=\"font-size:16px;font-weight:400;color:#1a1a1a;font-family:'Georgia',serif\">Japan<\/div>\n<\/div>\n<div style=\"padding:14px 18px;border-bottom:1px solid #ede8e0\">\n<div style=\"font-size:10px;font-weight:700;text-transform:uppercase;letter-spacing:2px;color:#a08060;margin-bottom:4px\">Aging<\/div>\n<div style=\"font-size:16px;font-weight:400;color:#1a1a1a;font-family:'Georgia',serif\">33+ months<\/div>\n<\/div>\n<\/div>\n<\/div>\n<div style=\"padding:40px;background:#fff;margin-top:2px\">\n<p style=\"font-size:10px;font-weight:700;text-transform:uppercase;letter-spacing:3px;color:#a08060;margin:0 0 8px\">Profil de d\u00e9gustation<\/p>\n<div style=\"width:36px;height:2px;background:#c8b89a;margin-bottom:18px\"><\/div>\n<p style=\"font-size:15px;line-height:1.9;color:#3d2b1f;margin:0 0 20px;max-width:760px\">Karuizawa 152 sherry single malt 1981-2014 is an exceptional Single Malt Whisky crafted by Karuizawa 152 in Japan. At 54.5% ABV, this outstanding expression delivers an unforgettable tasting experience. Aged 33+ months, developing extraordinary complexity and depth. Expect a rich profile of Floral, Fruit, Spice, Oak \u2014 a true masterpiece. Available online with worldwide delivery \u2014 Switzerland, EU and international shipping. \ud83c\udf0d<\/p>\n<\/div>\n<div style=\"padding:40px;background:#faf8f4;margin-top:2px\">\n<p style=\"font-size:10px;font-weight:700;text-transform:uppercase;letter-spacing:3px;color:#a08060;margin:0 0 6px\">About the Producer<\/p>\n<h3 style=\"font-size:24px;font-weight:400;color:#1a1a1a;margin:0 0 10px;font-family:'Georgia',serif\">Karuizawa 152<\/h3>\n<div style=\"margin-bottom:14px\"><span style=\"font-size:12px;color:#a08060\">\ud83d\udccd Japan<\/span><\/div>\n<div style=\"width:36px;height:2px;background:#c8b89a;margin-bottom:16px\"><\/div>\n<p style=\"font-size:14px;line-height:1.85;color:#3d2b1f;margin:0 0 20px;max-width:760px\">Karuizawa Distillery operated in Nagano Prefecture, Japan, from 1955 to 2000 \u2014 nestled at the foot of Mount Asama volcano, at an altitude of 850 metres, in one of Japan&#8217;s most dramatic natural landscapes. The distillery used the rare Scottish Golden Promise barley variety and aged its whisky exclusively in hand-selected Oloroso sherry casks from Spain, creating a house style of unparalleled richness and complexity. The combination of Karuizawa&#8217;s cold mountain climate, pure volcanic water and exceptional cask quality produced whiskies of extraordinary depth \u2014 cascading layers of dark fruit, dried fig, exotic spice, rancio and floral elegance. Since the distillery&#8217;s closure in 2000, the remaining stock has been carefully bottled by Number One Drinks Company in a series of single cask releases, each one rarer than the last. Karuizawa expressions now command prices ranging from several thousand to over twenty thousand Swiss Francs at auction, and are universally regarded as among the greatest single malt whiskies ever produced on earth. Owning a bottle of Karuizawa is not merely a purchase \u2014 it is the acquisition of a piece of liquid history that can never be reproduced.<\/p>\n<div style=\"display:flex;gap:12px;flex-wrap:wrap;margin-top:4px\"><a href=\"https:\/\/winesandspirits.ch\/fr\/categorie-produit\/whisky\/karuizawa\/\" style=\"display:inline-flex;align-items:center;gap:6px;background:#1a1a1a;color:#c8b89a;padding:8px 18px;font-size:11px;font-weight:700;letter-spacing:2px;text-transform:uppercase;text-decoration:none;border-radius:2px\">Voir tous les Karuizawa<\/a><a href=\"https:\/\/www.smws.com\" target=\"_blank\" rel=\"noopener\" style=\"display:inline-flex;align-items:center;gap:6px;background:#faf8f4;color:#3d2b1f;padding:8px 18px;font-size:11px;font-weight:700;letter-spacing:2px;text-transform:uppercase;text-decoration:none;border:1px solid #c8b89a;border-radius:2px\">Site officiel<\/a><\/div>\n<\/div>\n<div style=\"padding:32px 40px;background:#fff;margin-top:2px\">\n<p style=\"font-size:10px;font-weight:700;text-transform:uppercase;letter-spacing:3px;color:#a08060;margin:0 0 8px\">Notes de saveur<\/p>\n<div style=\"width:36px;height:2px;background:#c8b89a;margin-bottom:16px\"><\/div>\n<div><span style=\"display:inline-block;border:1.5px solid #c8b89a;border-radius:20px;padding:5px 16px;font-size:13px;color:#3d2b1f;margin:3px;font-family:Georgia,serif\">Floral<\/span><span style=\"display:inline-block;border:1.5px solid #c8b89a;border-radius:20px;padding:5px 16px;font-size:13px;color:#3d2b1f;margin:3px;font-family:Georgia,serif\">Fruit<\/span><span style=\"display:inline-block;border:1.5px solid #c8b89a;border-radius:20px;padding:5px 16px;font-size:13px;color:#3d2b1f;margin:3px;font-family:Georgia,serif\">Spice<\/span><span style=\"display:inline-block;border:1.5px solid #c8b89a;border-radius:20px;padding:5px 16px;font-size:13px;color:#3d2b1f;margin:3px;font-family:Georgia,serif\">Ch\u00eane<\/span><\/div>\n<\/div>\n<div style=\"display:grid;grid-template-columns:1fr 1fr;gap:2px;margin-top:2px\">\n<div style=\"background:#faf8f4;padding:32px 36px\">\n<p style=\"font-size:10px;font-weight:700;text-transform:uppercase;letter-spacing:3px;color:#a08060;margin:0 0 8px\">Fran\u00e7ais<\/p>\n<div style=\"width:28px;height:2px;background:#c8b89a;margin-bottom:14px\"><\/div>\n<p style=\"font-size:13px;line-height:1.8;color:#3d2b1f;margin:0\" lang=\"fr\">Karuizawa 152 sherry single malt 1981-2014 est expression d&#8217;exception de Karuizawa 152, en Japan. \u00c0 54.5% d&#8217;alcool, elle offre une exp\u00e9rience gustative inoubliable apr\u00e8s 33 mois d&#8217;\u00e9levage. Profil\u202f: Floral, Fruit, Spice, Oak. un vrai chef-d&#8217;\u0153uvre. Livraison en Suisse, dans toute l&#8217;Europe et dans le monde entier \ud83c\udf0d<\/p>\n<\/div>\n<div style=\"background:#faf8f4;padding:32px 36px\">\n<p style=\"font-size:10px;font-weight:700;text-transform:uppercase;letter-spacing:3px;color:#a08060;margin:0 0 8px\">Allemand<\/p>\n<div style=\"width:28px;height:2px;background:#c8b89a;margin-bottom:14px\"><\/div>\n<p style=\"font-size:13px;line-height:1.8;color:#3d2b1f;margin:0\" lang=\"de\">Karuizawa 152 sherry single malt 1981-2014 ist ein au\u00dfergew\u00f6hnliche Expression von Karuizawa 152 aus Japan. Mit 54.5% Alkohol bietet es ein unvergessliches Geschmackserlebnis nach 33 Monaten Reifung. Profil: Floral, Fruit, Spice, Oak. ein wahres Meisterwerk. Lieferung in die Schweiz, Europa und weltweit \ud83c\udf0d<\/p>\n<\/div>\n<\/div>\n<div style=\"background:#fff;padding:24px 40px;margin-top:2px;display:flex;align-items:center;justify-content:space-between;flex-wrap:wrap;gap:12px;border-top:3px solid #c8b89a\">\n<div>\n<p style=\"font-size:10px;font-weight:700;text-transform:uppercase;letter-spacing:2px;color:#a08060;margin:0 0 4px\">Prix en ligne<\/p>\n<p style=\"font-size:30px;font-weight:400;color:#1a1a1a;margin:0;font-family:'Georgia',serif\">CHF 7550<\/p>\n<\/div>\n<div style=\"text-align:right\">\n<p style=\"font-size:13px;color:#3d2b1f;font-weight:600;margin:0 0 4px\">\ud83d\ude9a Livraison dans le monde entier \u2014 Suisse, UE et International \ud83c\udf0d<\/p>\n<p style=\"font-size:11px;color:#a08060;margin:0\">Exp\u00e9dition rapide et s\u00e9curis\u00e9e \u00b7 winesandspirits.ch<\/p>\n<\/div>\n<\/div>\n<div style=\"background:#1a1a1a;padding:14px 40px;margin-top:2px;display:flex;align-items:center;justify-content:space-between;flex-wrap:wrap;gap:10px\">\n<span style=\"font-size:10px;font-weight:700;text-transform:uppercase;letter-spacing:3px;color:#c8b89a\">\u2726 S\u00e9lection Artisanale Premium \u00b7 winesandspirits.ch \u2726<\/span><br \/>\n<span style=\"font-size:10px;color:#777;font-style:italic\">\ud83d\udd1e Contient de l'alcool. \u00c0 consommer avec mod\u00e9ration. Vente interdite aux personnes mineures.<\/span>\n<\/div>\n<\/div>\n<\/div>\n<p><!-- .vgblk-rw-wrapper --><\/p>","protected":false},"excerpt":{"rendered":"<p>Premium Single Malt Whisky by Karuizawa 152 from Japan \u00b7 54.5% ABV \u00b7 Aged 33+ months \u00b7 Vintage 1981 \u00b7 Worldwide delivery \ud83c\udf0d<\/p>","protected":false},"featured_media":990708,"template":"","meta":[],"product_brand":[],"product_cat":[91,69,43],"product_tag":[],"class_list":{"0":"post-990706","1":"product","2":"type-product","3":"status-publish","4":"has-post-thumbnail","6":"product_cat-whisky-japonais","7":"product_cat-karuizawa","8":"product_cat-whisky","10":"first","11":"instock","12":"shipping-taxable","13":"purchasable","14":"product-type-simple"},"supplier_id":null,"supplier_sku":"","barcode":null,"atum_controlled":true,"out_stock_date":null,"out_stock_threshold":null,"inheritable":false,"inbound_stock":null,"stock_on_hold":0,"sold_today":0,"sales_last_days":0,"reserved_stock":null,"customer_returns":null,"warehouse_damage":null,"lost_in_post":null,"other_logs":null,"out_stock_days":0,"lost_sales":0,"has_location":null,"update_date":"2026-04-06T00:01:01","atum_locations":[],"atum_stock_status":"instock","restock_status":false,"low_stock_amount":0,"sales_update_date":"2026-04-06T00:01:01","calc_backorders":null,"yoast_head":"<!-- This site is optimized with the Yoast SEO plugin v27.3 - https:\/\/yoast.com\/product\/yoast-seo-wordpress\/ -->\n<title>Karuizawa 152 sherry single malt 1981-2014 | buy Switzerland<\/title>\n<meta name=\"description\" content=\"Buy Karuizawa 152 sherry single malt 1981-2014 54.5% \u2014 Single Malt Whisky from Japan. CHF 7550. Sherry, Floral, Fruit. Worldwide delivery \u2014 CH, EU &amp; intern\" \/>\n<meta name=\"robots\" content=\"index, follow, max-snippet:-1, max-image-preview:large, max-video-preview:-1\" \/>\n<link rel=\"canonical\" href=\"https:\/\/winesandspirits.ch\/fr\/produit\/karuizawa-152-karuizawa-152-sherry-single-malt-1981-2014-single-malt-w\/\" \/>\n<meta property=\"og:locale\" content=\"fr_FR\" \/>\n<meta property=\"og:type\" content=\"article\" \/>\n<meta property=\"og:title\" content=\"Karuizawa 152 sherry single malt 1981-2014 | buy Switzerland\" \/>\n<meta property=\"og:description\" content=\"Buy Karuizawa 152 sherry single malt 1981-2014 54.5% \u2014 Single Malt Whisky from Japan. CHF 7550. Sherry, Floral, Fruit. Worldwide delivery \u2014 CH, EU &amp; intern\" \/>\n<meta property=\"og:url\" content=\"https:\/\/winesandspirits.ch\/fr\/produit\/karuizawa-152-karuizawa-152-sherry-single-malt-1981-2014-single-malt-w\/\" \/>\n<meta property=\"og:site_name\" content=\"Wines and Spirits SA\" \/>\n<meta property=\"article:modified_time\" content=\"2026-04-04T23:44:52+00:00\" \/>\n<meta property=\"og:image\" content=\"https:\/\/winesandspirits.ch\/wp-content\/uploads\/2025\/10\/Karuizawa-distillery-sherry-single-cask-malt-152-1981-2014-rotated.jpg\" \/>\n\t<meta property=\"og:image:width\" content=\"600\" \/>\n\t<meta property=\"og:image:height\" content=\"800\" \/>\n\t<meta property=\"og:image:type\" content=\"image\/jpeg\" \/>\n<meta name=\"twitter:card\" content=\"summary_large_image\" \/>\n<meta name=\"twitter:title\" content=\"Karuizawa 152 sherry single malt 1981-2014 | buy Switzerland\" \/>\n<meta name=\"twitter:description\" content=\"Buy Karuizawa 152 sherry single malt 1981-2014 54.5% \u2014 Single Malt Whisky from Japan. CHF 7550. Sherry, Floral, Fruit. Worldwide delivery \u2014 CH, EU &amp; intern\" \/>\n<meta name=\"twitter:label1\" content=\"Dur\u00e9e de lecture estim\u00e9e\" \/>\n\t<meta name=\"twitter:data1\" content=\"2 minutes\" \/>\n<script type=\"application\/ld+json\" class=\"yoast-schema-graph\">{\"@context\":\"https:\\\/\\\/schema.org\",\"@graph\":[{\"@type\":[\"WebPage\",\"ItemPage\"],\"@id\":\"https:\\\/\\\/winesandspirits.ch\\\/product\\\/karuizawa-152-karuizawa-152-sherry-single-malt-1981-2014-single-malt-w\\\/\",\"url\":\"https:\\\/\\\/winesandspirits.ch\\\/product\\\/karuizawa-152-karuizawa-152-sherry-single-malt-1981-2014-single-malt-w\\\/\",\"name\":\"Karuizawa 152 sherry single malt 1981-2014 | buy Switzerland\",\"isPartOf\":{\"@id\":\"https:\\\/\\\/winesandspirits.ch\\\/#website\"},\"primaryImageOfPage\":{\"@id\":\"https:\\\/\\\/winesandspirits.ch\\\/product\\\/karuizawa-152-karuizawa-152-sherry-single-malt-1981-2014-single-malt-w\\\/#primaryimage\"},\"image\":{\"@id\":\"https:\\\/\\\/winesandspirits.ch\\\/product\\\/karuizawa-152-karuizawa-152-sherry-single-malt-1981-2014-single-malt-w\\\/#primaryimage\"},\"thumbnailUrl\":\"https:\\\/\\\/winesandspirits.ch\\\/wp-content\\\/uploads\\\/2025\\\/10\\\/Karuizawa-distillery-sherry-single-cask-malt-152-1981-2014-rotated.jpg\",\"datePublished\":\"2025-10-10T07:08:36+00:00\",\"dateModified\":\"2026-04-04T23:44:52+00:00\",\"description\":\"Buy Karuizawa 152 sherry single malt 1981-2014 54.5% \u2014 Single Malt Whisky from Japan. CHF 7550. Sherry, Floral, Fruit. Worldwide delivery \u2014 CH, EU & intern\",\"breadcrumb\":{\"@id\":\"https:\\\/\\\/winesandspirits.ch\\\/product\\\/karuizawa-152-karuizawa-152-sherry-single-malt-1981-2014-single-malt-w\\\/#breadcrumb\"},\"inLanguage\":\"fr-FR\",\"potentialAction\":[{\"@type\":\"ReadAction\",\"target\":[\"https:\\\/\\\/winesandspirits.ch\\\/product\\\/karuizawa-152-karuizawa-152-sherry-single-malt-1981-2014-single-malt-w\\\/\"]}]},{\"@type\":\"ImageObject\",\"inLanguage\":\"fr-FR\",\"@id\":\"https:\\\/\\\/winesandspirits.ch\\\/product\\\/karuizawa-152-karuizawa-152-sherry-single-malt-1981-2014-single-malt-w\\\/#primaryimage\",\"url\":\"https:\\\/\\\/winesandspirits.ch\\\/wp-content\\\/uploads\\\/2025\\\/10\\\/Karuizawa-distillery-sherry-single-cask-malt-152-1981-2014-rotated.jpg\",\"contentUrl\":\"https:\\\/\\\/winesandspirits.ch\\\/wp-content\\\/uploads\\\/2025\\\/10\\\/Karuizawa-distillery-sherry-single-cask-malt-152-1981-2014-rotated.jpg\",\"width\":600,\"height\":800,\"caption\":\"Karuizawa 152 sherry single malt 1981-2014\"},{\"@type\":\"BreadcrumbList\",\"@id\":\"https:\\\/\\\/winesandspirits.ch\\\/product\\\/karuizawa-152-karuizawa-152-sherry-single-malt-1981-2014-single-malt-w\\\/#breadcrumb\",\"itemListElement\":[{\"@type\":\"ListItem\",\"position\":1,\"name\":\"Accueil\",\"item\":\"https:\\\/\\\/winesandspirits.ch\\\/\"},{\"@type\":\"ListItem\",\"position\":2,\"name\":\"Boutique\",\"item\":\"https:\\\/\\\/winesandspirits.ch\\\/boutique-wines-and-spirits-sa-switzerland\\\/\"},{\"@type\":\"ListItem\",\"position\":3,\"name\":\"Karuizawa 152 sherry single malt 1981-2014\"}]},{\"@type\":\"WebSite\",\"@id\":\"https:\\\/\\\/winesandspirits.ch\\\/#website\",\"url\":\"https:\\\/\\\/winesandspirits.ch\\\/\",\"name\":\"Wines and Spirits SA\",\"description\":\"Shop Premium Wines, Spirits &amp; Craft Beer Online\",\"publisher\":{\"@id\":\"https:\\\/\\\/winesandspirits.ch\\\/#organization\"},\"potentialAction\":[{\"@type\":\"SearchAction\",\"target\":{\"@type\":\"EntryPoint\",\"urlTemplate\":\"https:\\\/\\\/winesandspirits.ch\\\/?s={search_term_string}\"},\"query-input\":{\"@type\":\"PropertyValueSpecification\",\"valueRequired\":true,\"valueName\":\"search_term_string\"}}],\"inLanguage\":\"fr-FR\"},{\"@type\":\"Organization\",\"@id\":\"https:\\\/\\\/winesandspirits.ch\\\/#organization\",\"name\":\"Wines and Spirits SA\",\"url\":\"https:\\\/\\\/winesandspirits.ch\\\/\",\"logo\":{\"@type\":\"ImageObject\",\"inLanguage\":\"fr-FR\",\"@id\":\"https:\\\/\\\/winesandspirits.ch\\\/#\\\/schema\\\/logo\\\/image\\\/\",\"url\":\"https:\\\/\\\/winesandspirits.ch\\\/wp-content\\\/uploads\\\/2023\\\/01\\\/cropped-Noir.png\",\"contentUrl\":\"https:\\\/\\\/winesandspirits.ch\\\/wp-content\\\/uploads\\\/2023\\\/01\\\/cropped-Noir.png\",\"width\":512,\"height\":512,\"caption\":\"Wines and Spirits SA\"},\"image\":{\"@id\":\"https:\\\/\\\/winesandspirits.ch\\\/#\\\/schema\\\/logo\\\/image\\\/\"}}]}<\/script>\n<!-- \/ Yoast SEO plugin. -->","yoast_head_json":{"title":"Karuizawa 152 sherry single malt 1981-2014 | buy Switzerland","description":"Buy Karuizawa 152 sherry single malt 1981-2014 54.5% \u2014 Single Malt Whisky from Japan. CHF 7550. Sherry, Floral, Fruit. Worldwide delivery \u2014 CH, EU & intern","robots":{"index":"index","follow":"follow","max-snippet":"max-snippet:-1","max-image-preview":"max-image-preview:large","max-video-preview":"max-video-preview:-1"},"canonical":"https:\/\/winesandspirits.ch\/fr\/produit\/karuizawa-152-karuizawa-152-sherry-single-malt-1981-2014-single-malt-w\/","og_locale":"fr_FR","og_type":"article","og_title":"Karuizawa 152 sherry single malt 1981-2014 | buy Switzerland","og_description":"Buy Karuizawa 152 sherry single malt 1981-2014 54.5% \u2014 Single Malt Whisky from Japan. CHF 7550. Sherry, Floral, Fruit. Worldwide delivery \u2014 CH, EU & intern","og_url":"https:\/\/winesandspirits.ch\/fr\/produit\/karuizawa-152-karuizawa-152-sherry-single-malt-1981-2014-single-malt-w\/","og_site_name":"Wines and Spirits SA","article_modified_time":"2026-04-04T23:44:52+00:00","og_image":[{"width":600,"height":800,"url":"https:\/\/winesandspirits.ch\/wp-content\/uploads\/2025\/10\/Karuizawa-distillery-sherry-single-cask-malt-152-1981-2014-rotated.jpg","type":"image\/jpeg"}],"twitter_card":"summary_large_image","twitter_title":"Karuizawa 152 sherry single malt 1981-2014 | buy Switzerland","twitter_description":"Buy Karuizawa 152 sherry single malt 1981-2014 54.5% \u2014 Single Malt Whisky from Japan. CHF 7550. Sherry, Floral, Fruit. Worldwide delivery \u2014 CH, EU & intern","twitter_misc":{"Dur\u00e9e de lecture estim\u00e9e":"2 minutes"},"schema":{"@context":"https:\/\/schema.org","@graph":[{"@type":["WebPage","ItemPage"],"@id":"https:\/\/winesandspirits.ch\/product\/karuizawa-152-karuizawa-152-sherry-single-malt-1981-2014-single-malt-w\/","url":"https:\/\/winesandspirits.ch\/product\/karuizawa-152-karuizawa-152-sherry-single-malt-1981-2014-single-malt-w\/","name":"Karuizawa 152 sherry single malt 1981-2014 | buy Switzerland","isPartOf":{"@id":"https:\/\/winesandspirits.ch\/#website"},"primaryImageOfPage":{"@id":"https:\/\/winesandspirits.ch\/product\/karuizawa-152-karuizawa-152-sherry-single-malt-1981-2014-single-malt-w\/#primaryimage"},"image":{"@id":"https:\/\/winesandspirits.ch\/product\/karuizawa-152-karuizawa-152-sherry-single-malt-1981-2014-single-malt-w\/#primaryimage"},"thumbnailUrl":"https:\/\/winesandspirits.ch\/wp-content\/uploads\/2025\/10\/Karuizawa-distillery-sherry-single-cask-malt-152-1981-2014-rotated.jpg","datePublished":"2025-10-10T07:08:36+00:00","dateModified":"2026-04-04T23:44:52+00:00","description":"Buy Karuizawa 152 sherry single malt 1981-2014 54.5% \u2014 Single Malt Whisky from Japan. CHF 7550. Sherry, Floral, Fruit. Worldwide delivery \u2014 CH, EU & intern","breadcrumb":{"@id":"https:\/\/winesandspirits.ch\/product\/karuizawa-152-karuizawa-152-sherry-single-malt-1981-2014-single-malt-w\/#breadcrumb"},"inLanguage":"fr-FR","potentialAction":[{"@type":"ReadAction","target":["https:\/\/winesandspirits.ch\/product\/karuizawa-152-karuizawa-152-sherry-single-malt-1981-2014-single-malt-w\/"]}]},{"@type":"ImageObject","inLanguage":"fr-FR","@id":"https:\/\/winesandspirits.ch\/product\/karuizawa-152-karuizawa-152-sherry-single-malt-1981-2014-single-malt-w\/#primaryimage","url":"https:\/\/winesandspirits.ch\/wp-content\/uploads\/2025\/10\/Karuizawa-distillery-sherry-single-cask-malt-152-1981-2014-rotated.jpg","contentUrl":"https:\/\/winesandspirits.ch\/wp-content\/uploads\/2025\/10\/Karuizawa-distillery-sherry-single-cask-malt-152-1981-2014-rotated.jpg","width":600,"height":800,"caption":"Karuizawa 152 sherry single malt 1981-2014"},{"@type":"BreadcrumbList","@id":"https:\/\/winesandspirits.ch\/product\/karuizawa-152-karuizawa-152-sherry-single-malt-1981-2014-single-malt-w\/#breadcrumb","itemListElement":[{"@type":"ListItem","position":1,"name":"Accueil","item":"https:\/\/winesandspirits.ch\/"},{"@type":"ListItem","position":2,"name":"Boutique","item":"https:\/\/winesandspirits.ch\/boutique-wines-and-spirits-sa-switzerland\/"},{"@type":"ListItem","position":3,"name":"Karuizawa 152 sherry single malt 1981-2014"}]},{"@type":"WebSite","@id":"https:\/\/winesandspirits.ch\/#website","url":"https:\/\/winesandspirits.ch\/","name":"Vins et Spiritueux SA","description":"Achetez des vins, spiritueux et bi\u00e8res artisanales de premi\u00e8re qualit\u00e9 en ligne","publisher":{"@id":"https:\/\/winesandspirits.ch\/#organization"},"potentialAction":[{"@type":"SearchAction","target":{"@type":"EntryPoint","urlTemplate":"https:\/\/winesandspirits.ch\/?s={search_term_string}"},"query-input":{"@type":"PropertyValueSpecification","valueRequired":true,"valueName":"search_term_string"}}],"inLanguage":"fr-FR"},{"@type":"Organization","@id":"https:\/\/winesandspirits.ch\/#organization","name":"Vins et Spiritueux SA","url":"https:\/\/winesandspirits.ch\/","logo":{"@type":"ImageObject","inLanguage":"fr-FR","@id":"https:\/\/winesandspirits.ch\/#\/schema\/logo\/image\/","url":"https:\/\/winesandspirits.ch\/wp-content\/uploads\/2023\/01\/cropped-Noir.png","contentUrl":"https:\/\/winesandspirits.ch\/wp-content\/uploads\/2023\/01\/cropped-Noir.png","width":512,"height":512,"caption":"Wines and Spirits SA"},"image":{"@id":"https:\/\/winesandspirits.ch\/#\/schema\/logo\/image\/"}}]}},"_links":{"self":[{"href":"https:\/\/winesandspirits.ch\/fr\/wp-json\/wp\/v2\/product\/990706","targetHints":{"allow":["GET"]}}],"collection":[{"href":"https:\/\/winesandspirits.ch\/fr\/wp-json\/wp\/v2\/product"}],"about":[{"href":"https:\/\/winesandspirits.ch\/fr\/wp-json\/wp\/v2\/types\/product"}],"version-history":[{"count":10,"href":"https:\/\/winesandspirits.ch\/fr\/wp-json\/wp\/v2\/product\/990706\/revisions"}],"predecessor-version":[{"id":1006400,"href":"https:\/\/winesandspirits.ch\/fr\/wp-json\/wp\/v2\/product\/990706\/revisions\/1006400"}],"wp:featuredmedia":[{"embeddable":true,"href":"https:\/\/winesandspirits.ch\/fr\/wp-json\/wp\/v2\/media\/990708"}],"wp:attachment":[{"href":"https:\/\/winesandspirits.ch\/fr\/wp-json\/wp\/v2\/media?parent=990706"}],"wp:term":[{"taxonomy":"product_brand","embeddable":true,"href":"https:\/\/winesandspirits.ch\/fr\/wp-json\/wp\/v2\/product_brand?post=990706"},{"taxonomy":"product_cat","embeddable":true,"href":"https:\/\/winesandspirits.ch\/fr\/wp-json\/wp\/v2\/product_cat?post=990706"},{"taxonomy":"product_tag","embeddable":true,"href":"https:\/\/winesandspirits.ch\/fr\/wp-json\/wp\/v2\/product_tag?post=990706"}],"curies":[{"name":"wp","href":"https:\/\/api.w.org\/{rel}","templated":true}]}}