{"id":990525,"date":"2025-10-04T22:22:35","date_gmt":"2025-10-04T20:22:35","guid":{"rendered":"https:\/\/winesandspirits.ch\/?post_type=product&#038;p=990525"},"modified":"2026-04-05T01:50:35","modified_gmt":"2026-04-04T23:50:35","slug":"mortalis-erebus-mortalis-erebus-amburana-barrel-aged-red-wax-stout-imp","status":"publish","type":"product","link":"https:\/\/winesandspirits.ch\/fr\/produit\/mortalis-erebus-mortalis-erebus-amburana-barrel-aged-red-wax-stout-imp\/","title":{"rendered":"Mortalis Erebus Amburana barrel aged red wax"},"content":{"rendered":"<div class=\"vgblk-rw-wrapper limit-wrapper\">\n<div style=\"font-family:'Georgia',serif;background:#faf8f4;margin:0;padding:0\">\n<div style=\"background:#fff;border:1px solid #ede8e0;border-radius:4px;overflow:hidden;margin-bottom:2px\">\n<div style=\"padding:16px 18px 8px;background:#faf8f4;border-bottom:1px solid #ede8e0\">\n<p style=\"font-size:10px;font-weight:700;text-transform:uppercase;letter-spacing:3px;color:#a08060;margin:0\">Sp\u00e9cifications techniques<\/p>\n<\/div>\n<div style=\"display:grid;grid-template-columns:repeat(auto-fit,minmax(130px,1fr))\">\n<div style=\"padding:14px 18px;border-bottom:1px solid #ede8e0\">\n<div style=\"font-size:10px;font-weight:700;text-transform:uppercase;letter-spacing:2px;color:#a08060;margin-bottom:4px\">Style<\/div>\n<div style=\"font-size:16px;font-weight:400;color:#1a1a1a;font-family:'Georgia',serif\">Stout &#8211; Imperial \/ Double<\/div>\n<\/div>\n<div style=\"padding:14px 18px;border-bottom:1px solid #ede8e0\">\n<div style=\"font-size:10px;font-weight:700;text-transform:uppercase;letter-spacing:2px;color:#a08060;margin-bottom:4px\">Origine<\/div>\n<div style=\"font-size:16px;font-weight:400;color:#1a1a1a;font-family:'Georgia',serif\">United States<\/div>\n<\/div>\n<div style=\"padding:14px 18px;border-bottom:1px solid #ede8e0\">\n<div style=\"font-size:10px;font-weight:700;text-transform:uppercase;letter-spacing:2px;color:#a08060;margin-bottom:4px\">Vieillissement en f\u00fbt<\/div>\n<div style=\"font-size:16px;font-weight:400;color:#1a1a1a;font-family:'Georgia',serif\">2+ months<\/div>\n<\/div>\n<\/div>\n<\/div>\n<div style=\"padding:40px;background:#fff;margin-top:2px\">\n<p style=\"font-size:10px;font-weight:700;text-transform:uppercase;letter-spacing:3px;color:#a08060;margin:0 0 8px\">Profil de d\u00e9gustation<\/p>\n<div style=\"width:36px;height:2px;background:#c8b89a;margin-bottom:18px\"><\/div>\n<p style=\"font-size:15px;line-height:1.9;color:#3d2b1f;margin:0 0 20px;max-width:760px\">Mortalis Erebus Amburana barrel aged red wax is an exceptional Stout &#8211; Imperial \/ Double crafted by Mortalis Erebus in United States. this outstanding brew delivers an unforgettable tasting experience. Aged 2+ months in carefully selected oak barrels, developing extraordinary depth. Expect a rich profile of Bourbon, Caramel, Coffee, Chocolate, Vanilla \u2014 a true masterpiece of craft brewing. Available online with worldwide delivery \u2014 Switzerland, EU and international shipping. \ud83c\udf0d<\/p>\n<\/div>\n<div style=\"padding:40px;background:#faf8f4;margin-top:2px\">\n<p style=\"font-size:10px;font-weight:700;text-transform:uppercase;letter-spacing:3px;color:#a08060;margin:0 0 6px\">\u00c0 propos de la brasserie<\/p>\n<h3 style=\"font-size:24px;font-weight:400;color:#1a1a1a;margin:0 0 10px;font-family:'Georgia',serif\">Mortalis Erebus<\/h3>\n<div style=\"margin-bottom:14px\"><span style=\"font-size:12px;color:#a08060\">\ud83d\udccd United States<\/span><\/div>\n<div style=\"width:36px;height:2px;background:#c8b89a;margin-bottom:16px\"><\/div>\n<p style=\"font-size:14px;line-height:1.85;color:#3d2b1f;margin:0 0 20px;max-width:760px\">Mortalis Erebus is a renowned craft brewery celebrated for its unwavering commitment to quality and innovation. Every beer is crafted with meticulous care using only the finest ingredients to create unique and memorable tasting experiences.<\/p>\n<\/div>\n<div style=\"padding:32px 40px;background:#fff;margin-top:2px\">\n<p style=\"font-size:10px;font-weight:700;text-transform:uppercase;letter-spacing:3px;color:#a08060;margin:0 0 8px\">Notes de saveur<\/p>\n<div style=\"width:36px;height:2px;background:#c8b89a;margin-bottom:16px\"><\/div>\n<div><span style=\"display:inline-block;border:1.5px solid #c8b89a;border-radius:20px;padding:5px 16px;font-size:13px;color:#3d2b1f;margin:3px;font-family:Georgia,serif\">Bourbon<\/span><span style=\"display:inline-block;border:1.5px solid #c8b89a;border-radius:20px;padding:5px 16px;font-size:13px;color:#3d2b1f;margin:3px;font-family:Georgia,serif\">Caramel<\/span><span style=\"display:inline-block;border:1.5px solid #c8b89a;border-radius:20px;padding:5px 16px;font-size:13px;color:#3d2b1f;margin:3px;font-family:Georgia,serif\">Coffee<\/span><span style=\"display:inline-block;border:1.5px solid #c8b89a;border-radius:20px;padding:5px 16px;font-size:13px;color:#3d2b1f;margin:3px;font-family:Georgia,serif\">Chocolate<\/span><span style=\"display:inline-block;border:1.5px solid #c8b89a;border-radius:20px;padding:5px 16px;font-size:13px;color:#3d2b1f;margin:3px;font-family:Georgia,serif\">Vanilla<\/span><span style=\"display:inline-block;border:1.5px solid #c8b89a;border-radius:20px;padding:5px 16px;font-size:13px;color:#3d2b1f;margin:3px;font-family:Georgia,serif\">Roasted<\/span><span style=\"display:inline-block;border:1.5px solid #c8b89a;border-radius:20px;padding:5px 16px;font-size:13px;color:#3d2b1f;margin:3px;font-family:Georgia,serif\">Ch\u00eane<\/span><\/div>\n<\/div>\n<div style=\"display:grid;grid-template-columns:1fr 1fr;gap:2px;margin-top:2px\">\n<div style=\"background:#faf8f4;padding:32px 36px\">\n<p style=\"font-size:10px;font-weight:700;text-transform:uppercase;letter-spacing:3px;color:#a08060;margin:0 0 8px\">Fran\u00e7ais<\/p>\n<div style=\"width:28px;height:2px;background:#c8b89a;margin-bottom:14px\"><\/div>\n<p style=\"font-size:13px;line-height:1.8;color:#3d2b1f;margin:0\" lang=\"fr\">Mortalis Erebus Amburana barrel aged red wax est bi\u00e8re d&#8217;exception de Mortalis Erebus, en United States. Elle offre une exp\u00e9rience gustative inoubliable apr\u00e8s 2 mois de vieillissement en f\u00fbt. Profil\u202f: Bourbon, Caramel, Coffee, Chocolate, Vanilla. un vrai chef-d&#8217;\u0153uvre brassicole. Livraison en Suisse, dans toute l&#8217;Europe et dans le monde entier \ud83c\udf0d<\/p>\n<\/div>\n<div style=\"background:#faf8f4;padding:32px 36px\">\n<p style=\"font-size:10px;font-weight:700;text-transform:uppercase;letter-spacing:3px;color:#a08060;margin:0 0 8px\">Allemand<\/p>\n<div style=\"width:28px;height:2px;background:#c8b89a;margin-bottom:14px\"><\/div>\n<p style=\"font-size:13px;line-height:1.8;color:#3d2b1f;margin:0\" lang=\"de\">Mortalis Erebus Amburana barrel aged red wax ist ein au\u00dfergew\u00f6hnliches Bier von Mortalis Erebus aus United States.  bietet es ein unvergessliches Geschmackserlebnis nach 2 Monaten Fasslagerung. Profil: Bourbon, Caramel, Coffee, Chocolate, Vanilla. ein wahres Meisterwerk des Craft Brewing. Lieferung in die Schweiz, Europa und weltweit \ud83c\udf0d<\/p>\n<\/div>\n<\/div>\n<div style=\"background:linear-gradient(135deg,#1a1a2e,#16213e);padding:32px 40px;margin-top:2px;display:flex;align-items:center;justify-content:space-between;flex-wrap:wrap;gap:16px\">\n<div>\n<p style=\"font-size:11px;font-weight:700;text-transform:uppercase;letter-spacing:3px;color:#f9c74f;margin:0 0 4px\">\u00c9valuations de la communaut\u00e9<\/p>\n<p style=\"font-size:20px;color:#fff;margin:0;font-family:'Georgia',serif\">D\u00e9couvrez ce que pensent les amateurs de bi\u00e8re<\/p>\n<\/div>\n<p><a href=\"https:\/\/untappd.com\/beer\/6240036\" target=\"_blank\" rel=\"nofollow noopener\" style=\"display:inline-flex;align-items:center;gap:10px;background:#f9c74f;color:#1a1a1a;text-decoration:none;padding:12px 24px;border-radius:4px;font-weight:700;font-size:14px\">\ud83c\udf7a Voir sur Untappd \u2192<\/a><\/div>\n<div style=\"background:#fff;padding:24px 40px;margin-top:2px;display:flex;align-items:center;justify-content:space-between;flex-wrap:wrap;gap:12px;border-top:3px solid #c8b89a\">\n<div>\n<p style=\"font-size:10px;font-weight:700;text-transform:uppercase;letter-spacing:2px;color:#a08060;margin:0 0 4px\">Prix en ligne<\/p>\n<p style=\"font-size:30px;font-weight:400;color:#1a1a1a;margin:0;font-family:'Georgia',serif\">75 CHF<\/p>\n<\/div>\n<div style=\"text-align:right\">\n<p style=\"font-size:13px;color:#3d2b1f;font-weight:600;margin:0 0 4px\">\ud83d\ude9a Livraison dans le monde entier \u2014 Suisse, UE et International \ud83c\udf0d<\/p>\n<p style=\"font-size:11px;color:#a08060;margin:0\">Exp\u00e9dition rapide et s\u00e9curis\u00e9e \u00b7 winesandspirits.ch<\/p>\n<\/div>\n<\/div>\n<div style=\"background:#1a1a1a;padding:14px 40px;margin-top:2px;display:flex;align-items:center;justify-content:space-between;flex-wrap:wrap;gap:10px\">\n<span style=\"font-size:10px;font-weight:700;text-transform:uppercase;letter-spacing:3px;color:#c8b89a\">\u2726 S\u00e9lection Artisanale Premium \u00b7 winesandspirits.ch \u2726<\/span><br \/>\n<span style=\"font-size:10px;color:#777;font-style:italic\">\ud83d\udd1e Contient de l'alcool. \u00c0 consommer avec mod\u00e9ration. Vente interdite aux personnes mineures.<\/span>\n<\/div>\n<\/div>\n<\/div>\n<p><!-- .vgblk-rw-wrapper --><\/p>","protected":false},"excerpt":{"rendered":"<p>Premium Stout &#8211; Imperial \/ Double by Mortalis Erebus from United States \u00b7 Barrel aged 2+ months \u00b7 Worldwide delivery \ud83c\udf0d<\/p>","protected":false},"featured_media":990526,"template":"","meta":[],"product_brand":[],"product_cat":[76,97,90],"product_tag":[],"class_list":{"0":"post-990525","1":"product","2":"type-product","3":"status-publish","4":"has-post-thumbnail","6":"product_cat-craft-beer","7":"product_cat-divers-usa-craft-beer","8":"product_cat-usa","10":"first","11":"instock","12":"shipping-taxable","13":"purchasable","14":"product-type-simple"},"supplier_id":null,"supplier_sku":"","barcode":null,"atum_controlled":true,"out_stock_date":null,"out_stock_threshold":null,"inheritable":false,"inbound_stock":null,"stock_on_hold":0,"sold_today":0,"sales_last_days":0,"reserved_stock":null,"customer_returns":null,"warehouse_damage":null,"lost_in_post":null,"other_logs":null,"out_stock_days":0,"lost_sales":0,"has_location":null,"update_date":"2026-04-06T00:01:02","atum_locations":[],"atum_stock_status":"instock","restock_status":false,"low_stock_amount":0,"sales_update_date":"2026-04-06T00:01:02","calc_backorders":null,"yoast_head":"<!-- This site is optimized with the Yoast SEO plugin v27.3 - https:\/\/yoast.com\/product\/yoast-seo-wordpress\/ -->\n<title>Mortalis Erebus Amburana barrel aged red w | buy online CH<\/title>\n<meta name=\"description\" content=\"Buy Mortalis Erebus Amburana barrel aged red wax \u2014 Stout - Imperial \/ Double from United States. CHF 75. Amburana Wood, Bourbon, Caramel. Worldwide deliver\" \/>\n<meta name=\"robots\" content=\"index, follow, max-snippet:-1, max-image-preview:large, max-video-preview:-1\" \/>\n<link rel=\"canonical\" href=\"https:\/\/winesandspirits.ch\/fr\/produit\/mortalis-erebus-mortalis-erebus-amburana-barrel-aged-red-wax-stout-imp\/\" \/>\n<meta property=\"og:locale\" content=\"fr_FR\" \/>\n<meta property=\"og:type\" content=\"article\" \/>\n<meta property=\"og:title\" content=\"Mortalis Erebus Amburana barrel aged red w | buy online CH\" \/>\n<meta property=\"og:description\" content=\"Buy Mortalis Erebus Amburana barrel aged red wax \u2014 Stout - Imperial \/ Double from United States. CHF 75. Amburana Wood, Bourbon, Caramel. Worldwide deliver\" \/>\n<meta property=\"og:url\" content=\"https:\/\/winesandspirits.ch\/fr\/produit\/mortalis-erebus-mortalis-erebus-amburana-barrel-aged-red-wax-stout-imp\/\" \/>\n<meta property=\"og:site_name\" content=\"Wines and Spirits SA\" \/>\n<meta property=\"article:modified_time\" content=\"2026-04-04T23:50:35+00:00\" \/>\n<meta property=\"og:image\" content=\"https:\/\/winesandspirits.ch\/wp-content\/uploads\/2025\/10\/Mortalis-Erebus-Amburana--rotated.jpg\" \/>\n\t<meta property=\"og:image:width\" content=\"600\" \/>\n\t<meta property=\"og:image:height\" content=\"800\" \/>\n\t<meta property=\"og:image:type\" content=\"image\/jpeg\" \/>\n<meta name=\"twitter:card\" content=\"summary_large_image\" \/>\n<meta name=\"twitter:title\" content=\"Mortalis Erebus Amburana barrel aged red w | buy online CH\" \/>\n<meta name=\"twitter:description\" content=\"Buy Mortalis Erebus Amburana barrel aged red wax \u2014 Stout - Imperial \/ Double from United States. CHF 75. Amburana Wood, Bourbon, Caramel. Worldwide deliver\" \/>\n<meta name=\"twitter:label1\" content=\"Dur\u00e9e de lecture estim\u00e9e\" \/>\n\t<meta name=\"twitter:data1\" content=\"2 minutes\" \/>\n<script type=\"application\/ld+json\" class=\"yoast-schema-graph\">{\"@context\":\"https:\\\/\\\/schema.org\",\"@graph\":[{\"@type\":[\"WebPage\",\"ItemPage\"],\"@id\":\"https:\\\/\\\/winesandspirits.ch\\\/product\\\/mortalis-erebus-mortalis-erebus-amburana-barrel-aged-red-wax-stout-imp\\\/\",\"url\":\"https:\\\/\\\/winesandspirits.ch\\\/product\\\/mortalis-erebus-mortalis-erebus-amburana-barrel-aged-red-wax-stout-imp\\\/\",\"name\":\"Mortalis Erebus Amburana barrel aged red w | buy online CH\",\"isPartOf\":{\"@id\":\"https:\\\/\\\/winesandspirits.ch\\\/#website\"},\"primaryImageOfPage\":{\"@id\":\"https:\\\/\\\/winesandspirits.ch\\\/product\\\/mortalis-erebus-mortalis-erebus-amburana-barrel-aged-red-wax-stout-imp\\\/#primaryimage\"},\"image\":{\"@id\":\"https:\\\/\\\/winesandspirits.ch\\\/product\\\/mortalis-erebus-mortalis-erebus-amburana-barrel-aged-red-wax-stout-imp\\\/#primaryimage\"},\"thumbnailUrl\":\"https:\\\/\\\/winesandspirits.ch\\\/wp-content\\\/uploads\\\/2025\\\/10\\\/Mortalis-Erebus-Amburana--rotated.jpg\",\"datePublished\":\"2025-10-04T20:22:35+00:00\",\"dateModified\":\"2026-04-04T23:50:35+00:00\",\"description\":\"Buy Mortalis Erebus Amburana barrel aged red wax \u2014 Stout - Imperial \\\/ Double from United States. CHF 75. Amburana Wood, Bourbon, Caramel. Worldwide deliver\",\"breadcrumb\":{\"@id\":\"https:\\\/\\\/winesandspirits.ch\\\/product\\\/mortalis-erebus-mortalis-erebus-amburana-barrel-aged-red-wax-stout-imp\\\/#breadcrumb\"},\"inLanguage\":\"fr-FR\",\"potentialAction\":[{\"@type\":\"ReadAction\",\"target\":[\"https:\\\/\\\/winesandspirits.ch\\\/product\\\/mortalis-erebus-mortalis-erebus-amburana-barrel-aged-red-wax-stout-imp\\\/\"]}]},{\"@type\":\"ImageObject\",\"inLanguage\":\"fr-FR\",\"@id\":\"https:\\\/\\\/winesandspirits.ch\\\/product\\\/mortalis-erebus-mortalis-erebus-amburana-barrel-aged-red-wax-stout-imp\\\/#primaryimage\",\"url\":\"https:\\\/\\\/winesandspirits.ch\\\/wp-content\\\/uploads\\\/2025\\\/10\\\/Mortalis-Erebus-Amburana--rotated.jpg\",\"contentUrl\":\"https:\\\/\\\/winesandspirits.ch\\\/wp-content\\\/uploads\\\/2025\\\/10\\\/Mortalis-Erebus-Amburana--rotated.jpg\",\"width\":600,\"height\":800,\"caption\":\"Mortalis Erebus Amburana barrel aged red wax\"},{\"@type\":\"BreadcrumbList\",\"@id\":\"https:\\\/\\\/winesandspirits.ch\\\/product\\\/mortalis-erebus-mortalis-erebus-amburana-barrel-aged-red-wax-stout-imp\\\/#breadcrumb\",\"itemListElement\":[{\"@type\":\"ListItem\",\"position\":1,\"name\":\"Accueil\",\"item\":\"https:\\\/\\\/winesandspirits.ch\\\/\"},{\"@type\":\"ListItem\",\"position\":2,\"name\":\"Boutique\",\"item\":\"https:\\\/\\\/winesandspirits.ch\\\/boutique-wines-and-spirits-sa-switzerland\\\/\"},{\"@type\":\"ListItem\",\"position\":3,\"name\":\"Mortalis Erebus Amburana barrel aged red wax\"}]},{\"@type\":\"WebSite\",\"@id\":\"https:\\\/\\\/winesandspirits.ch\\\/#website\",\"url\":\"https:\\\/\\\/winesandspirits.ch\\\/\",\"name\":\"Wines and Spirits SA\",\"description\":\"Shop Premium Wines, Spirits &amp; Craft Beer Online\",\"publisher\":{\"@id\":\"https:\\\/\\\/winesandspirits.ch\\\/#organization\"},\"potentialAction\":[{\"@type\":\"SearchAction\",\"target\":{\"@type\":\"EntryPoint\",\"urlTemplate\":\"https:\\\/\\\/winesandspirits.ch\\\/?s={search_term_string}\"},\"query-input\":{\"@type\":\"PropertyValueSpecification\",\"valueRequired\":true,\"valueName\":\"search_term_string\"}}],\"inLanguage\":\"fr-FR\"},{\"@type\":\"Organization\",\"@id\":\"https:\\\/\\\/winesandspirits.ch\\\/#organization\",\"name\":\"Wines and Spirits SA\",\"url\":\"https:\\\/\\\/winesandspirits.ch\\\/\",\"logo\":{\"@type\":\"ImageObject\",\"inLanguage\":\"fr-FR\",\"@id\":\"https:\\\/\\\/winesandspirits.ch\\\/#\\\/schema\\\/logo\\\/image\\\/\",\"url\":\"https:\\\/\\\/winesandspirits.ch\\\/wp-content\\\/uploads\\\/2023\\\/01\\\/cropped-Noir.png\",\"contentUrl\":\"https:\\\/\\\/winesandspirits.ch\\\/wp-content\\\/uploads\\\/2023\\\/01\\\/cropped-Noir.png\",\"width\":512,\"height\":512,\"caption\":\"Wines and Spirits SA\"},\"image\":{\"@id\":\"https:\\\/\\\/winesandspirits.ch\\\/#\\\/schema\\\/logo\\\/image\\\/\"}}]}<\/script>\n<!-- \/ Yoast SEO plugin. -->","yoast_head_json":{"title":"Mortalis Erebus Amburana barrel aged red w | buy online CH","description":"Buy Mortalis Erebus Amburana barrel aged red wax \u2014 Stout - Imperial \/ Double from United States. CHF 75. Amburana Wood, Bourbon, Caramel. Worldwide deliver","robots":{"index":"index","follow":"follow","max-snippet":"max-snippet:-1","max-image-preview":"max-image-preview:large","max-video-preview":"max-video-preview:-1"},"canonical":"https:\/\/winesandspirits.ch\/fr\/produit\/mortalis-erebus-mortalis-erebus-amburana-barrel-aged-red-wax-stout-imp\/","og_locale":"fr_FR","og_type":"article","og_title":"Mortalis Erebus Amburana barrel aged red w | buy online CH","og_description":"Buy Mortalis Erebus Amburana barrel aged red wax \u2014 Stout - Imperial \/ Double from United States. CHF 75. Amburana Wood, Bourbon, Caramel. Worldwide deliver","og_url":"https:\/\/winesandspirits.ch\/fr\/produit\/mortalis-erebus-mortalis-erebus-amburana-barrel-aged-red-wax-stout-imp\/","og_site_name":"Wines and Spirits SA","article_modified_time":"2026-04-04T23:50:35+00:00","og_image":[{"width":600,"height":800,"url":"https:\/\/winesandspirits.ch\/wp-content\/uploads\/2025\/10\/Mortalis-Erebus-Amburana--rotated.jpg","type":"image\/jpeg"}],"twitter_card":"summary_large_image","twitter_title":"Mortalis Erebus Amburana barrel aged red w | buy online CH","twitter_description":"Buy Mortalis Erebus Amburana barrel aged red wax \u2014 Stout - Imperial \/ Double from United States. CHF 75. Amburana Wood, Bourbon, Caramel. Worldwide deliver","twitter_misc":{"Dur\u00e9e de lecture estim\u00e9e":"2 minutes"},"schema":{"@context":"https:\/\/schema.org","@graph":[{"@type":["WebPage","ItemPage"],"@id":"https:\/\/winesandspirits.ch\/product\/mortalis-erebus-mortalis-erebus-amburana-barrel-aged-red-wax-stout-imp\/","url":"https:\/\/winesandspirits.ch\/product\/mortalis-erebus-mortalis-erebus-amburana-barrel-aged-red-wax-stout-imp\/","name":"Mortalis Erebus Amburana barrel aged red w | buy online CH","isPartOf":{"@id":"https:\/\/winesandspirits.ch\/#website"},"primaryImageOfPage":{"@id":"https:\/\/winesandspirits.ch\/product\/mortalis-erebus-mortalis-erebus-amburana-barrel-aged-red-wax-stout-imp\/#primaryimage"},"image":{"@id":"https:\/\/winesandspirits.ch\/product\/mortalis-erebus-mortalis-erebus-amburana-barrel-aged-red-wax-stout-imp\/#primaryimage"},"thumbnailUrl":"https:\/\/winesandspirits.ch\/wp-content\/uploads\/2025\/10\/Mortalis-Erebus-Amburana--rotated.jpg","datePublished":"2025-10-04T20:22:35+00:00","dateModified":"2026-04-04T23:50:35+00:00","description":"Buy Mortalis Erebus Amburana barrel aged red wax \u2014 Stout - Imperial \/ Double from United States. CHF 75. Amburana Wood, Bourbon, Caramel. Worldwide deliver","breadcrumb":{"@id":"https:\/\/winesandspirits.ch\/product\/mortalis-erebus-mortalis-erebus-amburana-barrel-aged-red-wax-stout-imp\/#breadcrumb"},"inLanguage":"fr-FR","potentialAction":[{"@type":"ReadAction","target":["https:\/\/winesandspirits.ch\/product\/mortalis-erebus-mortalis-erebus-amburana-barrel-aged-red-wax-stout-imp\/"]}]},{"@type":"ImageObject","inLanguage":"fr-FR","@id":"https:\/\/winesandspirits.ch\/product\/mortalis-erebus-mortalis-erebus-amburana-barrel-aged-red-wax-stout-imp\/#primaryimage","url":"https:\/\/winesandspirits.ch\/wp-content\/uploads\/2025\/10\/Mortalis-Erebus-Amburana--rotated.jpg","contentUrl":"https:\/\/winesandspirits.ch\/wp-content\/uploads\/2025\/10\/Mortalis-Erebus-Amburana--rotated.jpg","width":600,"height":800,"caption":"Mortalis Erebus Amburana barrel aged red wax"},{"@type":"BreadcrumbList","@id":"https:\/\/winesandspirits.ch\/product\/mortalis-erebus-mortalis-erebus-amburana-barrel-aged-red-wax-stout-imp\/#breadcrumb","itemListElement":[{"@type":"ListItem","position":1,"name":"Accueil","item":"https:\/\/winesandspirits.ch\/"},{"@type":"ListItem","position":2,"name":"Boutique","item":"https:\/\/winesandspirits.ch\/boutique-wines-and-spirits-sa-switzerland\/"},{"@type":"ListItem","position":3,"name":"Mortalis Erebus Amburana barrel aged red wax"}]},{"@type":"WebSite","@id":"https:\/\/winesandspirits.ch\/#website","url":"https:\/\/winesandspirits.ch\/","name":"Vins et Spiritueux SA","description":"Achetez des vins, spiritueux et bi\u00e8res artisanales de premi\u00e8re qualit\u00e9 en ligne","publisher":{"@id":"https:\/\/winesandspirits.ch\/#organization"},"potentialAction":[{"@type":"SearchAction","target":{"@type":"EntryPoint","urlTemplate":"https:\/\/winesandspirits.ch\/?s={search_term_string}"},"query-input":{"@type":"PropertyValueSpecification","valueRequired":true,"valueName":"search_term_string"}}],"inLanguage":"fr-FR"},{"@type":"Organization","@id":"https:\/\/winesandspirits.ch\/#organization","name":"Vins et Spiritueux SA","url":"https:\/\/winesandspirits.ch\/","logo":{"@type":"ImageObject","inLanguage":"fr-FR","@id":"https:\/\/winesandspirits.ch\/#\/schema\/logo\/image\/","url":"https:\/\/winesandspirits.ch\/wp-content\/uploads\/2023\/01\/cropped-Noir.png","contentUrl":"https:\/\/winesandspirits.ch\/wp-content\/uploads\/2023\/01\/cropped-Noir.png","width":512,"height":512,"caption":"Wines and Spirits SA"},"image":{"@id":"https:\/\/winesandspirits.ch\/#\/schema\/logo\/image\/"}}]}},"_links":{"self":[{"href":"https:\/\/winesandspirits.ch\/fr\/wp-json\/wp\/v2\/product\/990525","targetHints":{"allow":["GET"]}}],"collection":[{"href":"https:\/\/winesandspirits.ch\/fr\/wp-json\/wp\/v2\/product"}],"about":[{"href":"https:\/\/winesandspirits.ch\/fr\/wp-json\/wp\/v2\/types\/product"}],"version-history":[{"count":9,"href":"https:\/\/winesandspirits.ch\/fr\/wp-json\/wp\/v2\/product\/990525\/revisions"}],"predecessor-version":[{"id":1006440,"href":"https:\/\/winesandspirits.ch\/fr\/wp-json\/wp\/v2\/product\/990525\/revisions\/1006440"}],"wp:featuredmedia":[{"embeddable":true,"href":"https:\/\/winesandspirits.ch\/fr\/wp-json\/wp\/v2\/media\/990526"}],"wp:attachment":[{"href":"https:\/\/winesandspirits.ch\/fr\/wp-json\/wp\/v2\/media?parent=990525"}],"wp:term":[{"taxonomy":"product_brand","embeddable":true,"href":"https:\/\/winesandspirits.ch\/fr\/wp-json\/wp\/v2\/product_brand?post=990525"},{"taxonomy":"product_cat","embeddable":true,"href":"https:\/\/winesandspirits.ch\/fr\/wp-json\/wp\/v2\/product_cat?post=990525"},{"taxonomy":"product_tag","embeddable":true,"href":"https:\/\/winesandspirits.ch\/fr\/wp-json\/wp\/v2\/product_tag?post=990525"}],"curies":[{"name":"wp","href":"https:\/\/api.w.org\/{rel}","templated":true}]}}