{"id":989944,"date":"2025-09-15T14:20:15","date_gmt":"2025-09-15T12:20:15","guid":{"rendered":"https:\/\/winesandspirits.ch\/?post_type=product&#038;p=989944"},"modified":"2026-04-05T02:07:03","modified_gmt":"2026-04-05T00:07:03","slug":"lervig-lervig-chocolate-dipped-raisins-rackhouse-stout-imperial-double","status":"publish","type":"product","link":"https:\/\/winesandspirits.ch\/fr\/produit\/lervig-lervig-chocolate-dipped-raisins-rackhouse-stout-imperial-double\/","title":{"rendered":"Lervig Raisins au Chocolat Rackhouse"},"content":{"rendered":"<div class=\"vgblk-rw-wrapper limit-wrapper\">\n<div style=\"font-family:'Georgia',serif;background:#faf8f4;margin:0;padding:0\">\n<div style=\"background:#fff;border:1px solid #ede8e0;border-radius:4px;overflow:hidden;margin-bottom:2px\">\n<div style=\"padding:16px 18px 8px;background:#faf8f4;border-bottom:1px solid #ede8e0\">\n<p style=\"font-size:10px;font-weight:700;text-transform:uppercase;letter-spacing:3px;color:#a08060;margin:0\">Sp\u00e9cifications techniques<\/p>\n<\/div>\n<div style=\"display:grid;grid-template-columns:repeat(auto-fit,minmax(130px,1fr))\">\n<div style=\"padding:14px 18px;border-bottom:1px solid #ede8e0\">\n<div style=\"font-size:10px;font-weight:700;text-transform:uppercase;letter-spacing:2px;color:#a08060;margin-bottom:4px\">Degr\u00e9 d'alcool<\/div>\n<div style=\"font-size:16px;font-weight:400;color:#1a1a1a;font-family:'Georgia',serif\">13.9%<\/div>\n<\/div>\n<div style=\"padding:14px 18px;border-bottom:1px solid #ede8e0\">\n<div style=\"font-size:10px;font-weight:700;text-transform:uppercase;letter-spacing:2px;color:#a08060;margin-bottom:4px\">Style<\/div>\n<div style=\"font-size:16px;font-weight:400;color:#1a1a1a;font-family:'Georgia',serif\">Stout &#8211; Imperial \/ Double<\/div>\n<\/div>\n<div style=\"padding:14px 18px;border-bottom:1px solid #ede8e0\">\n<div style=\"font-size:10px;font-weight:700;text-transform:uppercase;letter-spacing:2px;color:#a08060;margin-bottom:4px\">Origine<\/div>\n<div style=\"font-size:16px;font-weight:400;color:#1a1a1a;font-family:'Georgia',serif\">Norway<\/div>\n<\/div>\n<div style=\"padding:14px 18px;border-bottom:1px solid #ede8e0\">\n<div style=\"font-size:10px;font-weight:700;text-transform:uppercase;letter-spacing:2px;color:#a08060;margin-bottom:4px\">Vieillissement en f\u00fbt<\/div>\n<div style=\"font-size:16px;font-weight:400;color:#1a1a1a;font-family:'Georgia',serif\">18+ months<\/div>\n<\/div>\n<\/div>\n<\/div>\n<div style=\"padding:40px;background:#fff;margin-top:2px\">\n<p style=\"font-size:10px;font-weight:700;text-transform:uppercase;letter-spacing:3px;color:#a08060;margin:0 0 8px\">Profil de d\u00e9gustation<\/p>\n<div style=\"width:36px;height:2px;background:#c8b89a;margin-bottom:18px\"><\/div>\n<p style=\"font-size:15px;line-height:1.9;color:#3d2b1f;margin:0 0 20px;max-width:760px\">Lervig Chocolate Dipped Raisins Rackhouse is an exceptional Stout &#8211; Imperial \/ Double crafted by Lervig in Norway. At 13.9% ABV, this outstanding brew delivers an unforgettable tasting experience. Aged 18+ months in carefully selected oak barrels, developing extraordinary depth. Expect a rich profile of Bourbon, Caramel, Chocolate, Oak, Raisin \u2014 a true masterpiece of craft brewing. Available online with worldwide delivery \u2014 Switzerland, EU and international shipping. \ud83c\udf0d<\/p>\n<\/div>\n<div style=\"padding:40px;background:#faf8f4;margin-top:2px\">\n<p style=\"font-size:10px;font-weight:700;text-transform:uppercase;letter-spacing:3px;color:#a08060;margin:0 0 6px\">\u00c0 propos de la brasserie<\/p>\n<h3 style=\"font-size:24px;font-weight:400;color:#1a1a1a;margin:0 0 10px;font-family:'Georgia',serif\">Lervig<\/h3>\n<div style=\"margin-bottom:14px\"><span style=\"font-size:12px;color:#a08060\">\ud83d\udccd Norway<\/span><\/div>\n<div style=\"width:36px;height:2px;background:#c8b89a;margin-bottom:16px\"><\/div>\n<p style=\"font-size:14px;line-height:1.85;color:#3d2b1f;margin:0 0 20px;max-width:760px\">Lervig is a renowned craft brewery celebrated for its unwavering commitment to quality and innovation. Every beer is crafted with meticulous care using only the finest ingredients to create unique and memorable tasting experiences.<\/p>\n<div style=\"display:flex;gap:12px;flex-wrap:wrap;margin-top:4px\"><a href=\"https:\/\/winesandspirits.ch\/fr\/categorie-produit\/bieres-craft\/europe\/lervig\/\" style=\"display:inline-flex;align-items:center;gap:6px;background:#1a1a1a;color:#c8b89a;padding:8px 18px;font-size:11px;font-weight:700;letter-spacing:2px;text-transform:uppercase;text-decoration:none;border-radius:2px\">Voir tous les Lervig<\/a><a href=\"https:\/\/lervig.no\" target=\"_blank\" rel=\"noopener\" style=\"display:inline-flex;align-items:center;gap:6px;background:#faf8f4;color:#3d2b1f;padding:8px 18px;font-size:11px;font-weight:700;letter-spacing:2px;text-transform:uppercase;text-decoration:none;border:1px solid #c8b89a;border-radius:2px\">Site officiel<\/a><\/div>\n<\/div>\n<div style=\"padding:32px 40px;background:#fff;margin-top:2px\">\n<p style=\"font-size:10px;font-weight:700;text-transform:uppercase;letter-spacing:3px;color:#a08060;margin:0 0 8px\">Notes de saveur<\/p>\n<div style=\"width:36px;height:2px;background:#c8b89a;margin-bottom:16px\"><\/div>\n<div><span style=\"display:inline-block;border:1.5px solid #c8b89a;border-radius:20px;padding:5px 16px;font-size:13px;color:#3d2b1f;margin:3px;font-family:Georgia,serif\">Bourbon<\/span><span style=\"display:inline-block;border:1.5px solid #c8b89a;border-radius:20px;padding:5px 16px;font-size:13px;color:#3d2b1f;margin:3px;font-family:Georgia,serif\">Caramel<\/span><span style=\"display:inline-block;border:1.5px solid #c8b89a;border-radius:20px;padding:5px 16px;font-size:13px;color:#3d2b1f;margin:3px;font-family:Georgia,serif\">Chocolate<\/span><span style=\"display:inline-block;border:1.5px solid #c8b89a;border-radius:20px;padding:5px 16px;font-size:13px;color:#3d2b1f;margin:3px;font-family:Georgia,serif\">Ch\u00eane<\/span><span style=\"display:inline-block;border:1.5px solid #c8b89a;border-radius:20px;padding:5px 16px;font-size:13px;color:#3d2b1f;margin:3px;font-family:Georgia,serif\">Raisin<\/span><\/div>\n<\/div>\n<div style=\"display:grid;grid-template-columns:1fr 1fr;gap:2px;margin-top:2px\">\n<div style=\"background:#faf8f4;padding:32px 36px\">\n<p style=\"font-size:10px;font-weight:700;text-transform:uppercase;letter-spacing:3px;color:#a08060;margin:0 0 8px\">Fran\u00e7ais<\/p>\n<div style=\"width:28px;height:2px;background:#c8b89a;margin-bottom:14px\"><\/div>\n<p style=\"font-size:13px;line-height:1.8;color:#3d2b1f;margin:0\" lang=\"fr\">Lervig Chocolate Dipped Raisins Rackhouse est bi\u00e8re d&#8217;exception de Lervig, en Norway. \u00c0 13.9% d&#8217;alcool, elle offre une exp\u00e9rience gustative inoubliable apr\u00e8s 18 mois de vieillissement en f\u00fbt. Profil\u202f: Bourbon, Caramel, Chocolate, Oak, Raisin. un vrai chef-d&#8217;\u0153uvre brassicole. Livraison en Suisse, dans toute l&#8217;Europe et dans le monde entier \ud83c\udf0d<\/p>\n<\/div>\n<div style=\"background:#faf8f4;padding:32px 36px\">\n<p style=\"font-size:10px;font-weight:700;text-transform:uppercase;letter-spacing:3px;color:#a08060;margin:0 0 8px\">Allemand<\/p>\n<div style=\"width:28px;height:2px;background:#c8b89a;margin-bottom:14px\"><\/div>\n<p style=\"font-size:13px;line-height:1.8;color:#3d2b1f;margin:0\" lang=\"de\">Lervig Chocolate Dipped Raisins Rackhouse ist ein au\u00dfergew\u00f6hnliches Bier von Lervig aus Norway. Mit 13.9% Alkohol bietet es ein unvergessliches Geschmackserlebnis nach 18 Monaten Fasslagerung. Profil: Bourbon, Caramel, Chocolate, Oak, Raisin. ein wahres Meisterwerk des Craft Brewing. Lieferung in die Schweiz, Europa und weltweit \ud83c\udf0d<\/p>\n<\/div>\n<\/div>\n<div style=\"background:linear-gradient(135deg,#1a1a2e,#16213e);padding:32px 40px;margin-top:2px;display:flex;align-items:center;justify-content:space-between;flex-wrap:wrap;gap:16px\">\n<div>\n<p style=\"font-size:11px;font-weight:700;text-transform:uppercase;letter-spacing:3px;color:#f9c74f;margin:0 0 4px\">\u00c9valuations de la communaut\u00e9<\/p>\n<p style=\"font-size:20px;color:#fff;margin:0;font-family:'Georgia',serif\">D\u00e9couvrez ce que pensent les amateurs de bi\u00e8re<\/p>\n<\/div>\n<p><a href=\"https:\/\/untappd.com\/beer\/5430640\" target=\"_blank\" rel=\"nofollow noopener\" style=\"display:inline-flex;align-items:center;gap:10px;background:#f9c74f;color:#1a1a1a;text-decoration:none;padding:12px 24px;border-radius:4px;font-weight:700;font-size:14px\">\ud83c\udf7a Voir sur Untappd \u2192<\/a><\/div>\n<div style=\"background:#fff;padding:24px 40px;margin-top:2px;display:flex;align-items:center;justify-content:space-between;flex-wrap:wrap;gap:12px;border-top:3px solid #c8b89a\">\n<div>\n<p style=\"font-size:10px;font-weight:700;text-transform:uppercase;letter-spacing:2px;color:#a08060;margin:0 0 4px\">Prix en ligne<\/p>\n<p style=\"font-size:30px;font-weight:400;color:#1a1a1a;margin:0;font-family:'Georgia',serif\">CHF 23.90<\/p>\n<\/div>\n<div style=\"text-align:right\">\n<p style=\"font-size:13px;color:#3d2b1f;font-weight:600;margin:0 0 4px\">\ud83d\ude9a Livraison dans le monde entier \u2014 Suisse, UE et International \ud83c\udf0d<\/p>\n<p style=\"font-size:11px;color:#a08060;margin:0\">Exp\u00e9dition rapide et s\u00e9curis\u00e9e \u00b7 winesandspirits.ch<\/p>\n<\/div>\n<\/div>\n<div style=\"background:#1a1a1a;padding:14px 40px;margin-top:2px;display:flex;align-items:center;justify-content:space-between;flex-wrap:wrap;gap:10px\">\n<span style=\"font-size:10px;font-weight:700;text-transform:uppercase;letter-spacing:3px;color:#c8b89a\">\u2726 S\u00e9lection Artisanale Premium \u00b7 winesandspirits.ch \u2726<\/span><br \/>\n<span style=\"font-size:10px;color:#777;font-style:italic\">\ud83d\udd1e Contient de l'alcool. \u00c0 consommer avec mod\u00e9ration. Vente interdite aux personnes mineures.<\/span>\n<\/div>\n<\/div>\n<\/div>\n<p><!-- .vgblk-rw-wrapper --><\/p>","protected":false},"excerpt":{"rendered":"<p>Premium Stout &#8211; Imperial \/ Double by Lervig from Norway \u00b7 13.9% ABV \u00b7 Barrel aged 18+ months \u00b7 Worldwide delivery \ud83c\udf0d<\/p>","protected":false},"featured_media":989945,"template":"","meta":[],"product_brand":[],"product_cat":[76,93,100],"product_tag":[],"class_list":{"0":"post-989944","1":"product","2":"type-product","3":"status-publish","4":"has-post-thumbnail","6":"product_cat-craft-beer","7":"product_cat-bieres-europeenne","8":"product_cat-lervig","10":"first","11":"instock","12":"shipping-taxable","13":"purchasable","14":"product-type-simple"},"supplier_id":null,"supplier_sku":"","barcode":null,"atum_controlled":true,"out_stock_date":null,"out_stock_threshold":null,"inheritable":false,"inbound_stock":null,"stock_on_hold":0,"sold_today":0,"sales_last_days":0,"reserved_stock":null,"customer_returns":null,"warehouse_damage":null,"lost_in_post":null,"other_logs":null,"out_stock_days":0,"lost_sales":0,"has_location":null,"update_date":"2026-04-05T00:07:05","atum_locations":[],"atum_stock_status":"instock","restock_status":false,"low_stock_amount":0,"sales_update_date":"2026-04-04T00:00:48","calc_backorders":null,"yoast_head":"<!-- This site is optimized with the Yoast SEO plugin v27.3 - https:\/\/yoast.com\/product\/yoast-seo-wordpress\/ -->\n<title>Lervig Chocolate Dipped Raisins Rackhouse | buy online CH<\/title>\n<meta name=\"description\" content=\"Buy Lervig Chocolate Dipped Raisins Rackhouse 13.9% \u2014 Stout - Imperial \/ Double from Norway. CHF 23.90. Bourbon, Caramel, Chocolate. Worldwide delivery \u2014 C\" \/>\n<meta name=\"robots\" content=\"index, follow, max-snippet:-1, max-image-preview:large, max-video-preview:-1\" \/>\n<link rel=\"canonical\" href=\"https:\/\/winesandspirits.ch\/fr\/produit\/lervig-lervig-chocolate-dipped-raisins-rackhouse-stout-imperial-double\/\" \/>\n<meta property=\"og:locale\" content=\"fr_FR\" \/>\n<meta property=\"og:type\" content=\"article\" \/>\n<meta property=\"og:title\" content=\"Lervig Chocolate Dipped Raisins Rackhouse | buy online CH\" \/>\n<meta property=\"og:description\" content=\"Buy Lervig Chocolate Dipped Raisins Rackhouse 13.9% \u2014 Stout - Imperial \/ Double from Norway. CHF 23.90. Bourbon, Caramel, Chocolate. Worldwide delivery \u2014 C\" \/>\n<meta property=\"og:url\" content=\"https:\/\/winesandspirits.ch\/fr\/produit\/lervig-lervig-chocolate-dipped-raisins-rackhouse-stout-imperial-double\/\" \/>\n<meta property=\"og:site_name\" content=\"Wines and Spirits SA\" \/>\n<meta property=\"article:modified_time\" content=\"2026-04-05T00:07:03+00:00\" \/>\n<meta property=\"og:image\" content=\"https:\/\/winesandspirits.ch\/wp-content\/uploads\/2025\/09\/choco-dipped-raisins-lervig-rackhouse.jpg\" \/>\n\t<meta property=\"og:image:width\" content=\"800\" \/>\n\t<meta property=\"og:image:height\" content=\"800\" \/>\n\t<meta property=\"og:image:type\" content=\"image\/jpeg\" \/>\n<meta name=\"twitter:card\" content=\"summary_large_image\" \/>\n<meta name=\"twitter:title\" content=\"Lervig Chocolate Dipped Raisins Rackhouse | buy online CH\" \/>\n<meta name=\"twitter:description\" content=\"Buy Lervig Chocolate Dipped Raisins Rackhouse 13.9% \u2014 Stout - Imperial \/ Double from Norway. CHF 23.90. Bourbon, Caramel, Chocolate. Worldwide delivery \u2014 C\" \/>\n<meta name=\"twitter:label1\" content=\"Dur\u00e9e de lecture estim\u00e9e\" \/>\n\t<meta name=\"twitter:data1\" content=\"1 minute\" \/>\n<script type=\"application\/ld+json\" class=\"yoast-schema-graph\">{\"@context\":\"https:\\\/\\\/schema.org\",\"@graph\":[{\"@type\":[\"WebPage\",\"ItemPage\"],\"@id\":\"https:\\\/\\\/winesandspirits.ch\\\/product\\\/lervig-lervig-chocolate-dipped-raisins-rackhouse-stout-imperial-double\\\/\",\"url\":\"https:\\\/\\\/winesandspirits.ch\\\/product\\\/lervig-lervig-chocolate-dipped-raisins-rackhouse-stout-imperial-double\\\/\",\"name\":\"Lervig Chocolate Dipped Raisins Rackhouse | buy online CH\",\"isPartOf\":{\"@id\":\"https:\\\/\\\/winesandspirits.ch\\\/#website\"},\"primaryImageOfPage\":{\"@id\":\"https:\\\/\\\/winesandspirits.ch\\\/product\\\/lervig-lervig-chocolate-dipped-raisins-rackhouse-stout-imperial-double\\\/#primaryimage\"},\"image\":{\"@id\":\"https:\\\/\\\/winesandspirits.ch\\\/product\\\/lervig-lervig-chocolate-dipped-raisins-rackhouse-stout-imperial-double\\\/#primaryimage\"},\"thumbnailUrl\":\"https:\\\/\\\/winesandspirits.ch\\\/wp-content\\\/uploads\\\/2025\\\/09\\\/choco-dipped-raisins-lervig-rackhouse.jpg\",\"datePublished\":\"2025-09-15T12:20:15+00:00\",\"dateModified\":\"2026-04-05T00:07:03+00:00\",\"description\":\"Buy Lervig Chocolate Dipped Raisins Rackhouse 13.9% \u2014 Stout - Imperial \\\/ Double from Norway. CHF 23.90. Bourbon, Caramel, Chocolate. Worldwide delivery \u2014 C\",\"breadcrumb\":{\"@id\":\"https:\\\/\\\/winesandspirits.ch\\\/product\\\/lervig-lervig-chocolate-dipped-raisins-rackhouse-stout-imperial-double\\\/#breadcrumb\"},\"inLanguage\":\"fr-FR\",\"potentialAction\":[{\"@type\":\"ReadAction\",\"target\":[\"https:\\\/\\\/winesandspirits.ch\\\/product\\\/lervig-lervig-chocolate-dipped-raisins-rackhouse-stout-imperial-double\\\/\"]}]},{\"@type\":\"ImageObject\",\"inLanguage\":\"fr-FR\",\"@id\":\"https:\\\/\\\/winesandspirits.ch\\\/product\\\/lervig-lervig-chocolate-dipped-raisins-rackhouse-stout-imperial-double\\\/#primaryimage\",\"url\":\"https:\\\/\\\/winesandspirits.ch\\\/wp-content\\\/uploads\\\/2025\\\/09\\\/choco-dipped-raisins-lervig-rackhouse.jpg\",\"contentUrl\":\"https:\\\/\\\/winesandspirits.ch\\\/wp-content\\\/uploads\\\/2025\\\/09\\\/choco-dipped-raisins-lervig-rackhouse.jpg\",\"width\":800,\"height\":800,\"caption\":\"Lervig Chocolate dipped raisins Rackhouse\"},{\"@type\":\"BreadcrumbList\",\"@id\":\"https:\\\/\\\/winesandspirits.ch\\\/product\\\/lervig-lervig-chocolate-dipped-raisins-rackhouse-stout-imperial-double\\\/#breadcrumb\",\"itemListElement\":[{\"@type\":\"ListItem\",\"position\":1,\"name\":\"Accueil\",\"item\":\"https:\\\/\\\/winesandspirits.ch\\\/\"},{\"@type\":\"ListItem\",\"position\":2,\"name\":\"Boutique\",\"item\":\"https:\\\/\\\/winesandspirits.ch\\\/boutique-wines-and-spirits-sa-switzerland\\\/\"},{\"@type\":\"ListItem\",\"position\":3,\"name\":\"Lervig Chocolate Dipped Raisins Rackhouse\"}]},{\"@type\":\"WebSite\",\"@id\":\"https:\\\/\\\/winesandspirits.ch\\\/#website\",\"url\":\"https:\\\/\\\/winesandspirits.ch\\\/\",\"name\":\"Wines and Spirits SA\",\"description\":\"Shop Premium Wines, Spirits &amp; Craft Beer Online\",\"publisher\":{\"@id\":\"https:\\\/\\\/winesandspirits.ch\\\/#organization\"},\"potentialAction\":[{\"@type\":\"SearchAction\",\"target\":{\"@type\":\"EntryPoint\",\"urlTemplate\":\"https:\\\/\\\/winesandspirits.ch\\\/?s={search_term_string}\"},\"query-input\":{\"@type\":\"PropertyValueSpecification\",\"valueRequired\":true,\"valueName\":\"search_term_string\"}}],\"inLanguage\":\"fr-FR\"},{\"@type\":\"Organization\",\"@id\":\"https:\\\/\\\/winesandspirits.ch\\\/#organization\",\"name\":\"Wines and Spirits SA\",\"url\":\"https:\\\/\\\/winesandspirits.ch\\\/\",\"logo\":{\"@type\":\"ImageObject\",\"inLanguage\":\"fr-FR\",\"@id\":\"https:\\\/\\\/winesandspirits.ch\\\/#\\\/schema\\\/logo\\\/image\\\/\",\"url\":\"https:\\\/\\\/winesandspirits.ch\\\/wp-content\\\/uploads\\\/2023\\\/01\\\/cropped-Noir.png\",\"contentUrl\":\"https:\\\/\\\/winesandspirits.ch\\\/wp-content\\\/uploads\\\/2023\\\/01\\\/cropped-Noir.png\",\"width\":512,\"height\":512,\"caption\":\"Wines and Spirits SA\"},\"image\":{\"@id\":\"https:\\\/\\\/winesandspirits.ch\\\/#\\\/schema\\\/logo\\\/image\\\/\"}}]}<\/script>\n<!-- \/ Yoast SEO plugin. -->","yoast_head_json":{"title":"Lervig Chocolate Dipped Raisins Rackhouse | buy online CH","description":"Buy Lervig Chocolate Dipped Raisins Rackhouse 13.9% \u2014 Stout - Imperial \/ Double from Norway. CHF 23.90. Bourbon, Caramel, Chocolate. Worldwide delivery \u2014 C","robots":{"index":"index","follow":"follow","max-snippet":"max-snippet:-1","max-image-preview":"max-image-preview:large","max-video-preview":"max-video-preview:-1"},"canonical":"https:\/\/winesandspirits.ch\/fr\/produit\/lervig-lervig-chocolate-dipped-raisins-rackhouse-stout-imperial-double\/","og_locale":"fr_FR","og_type":"article","og_title":"Lervig Chocolate Dipped Raisins Rackhouse | buy online CH","og_description":"Buy Lervig Chocolate Dipped Raisins Rackhouse 13.9% \u2014 Stout - Imperial \/ Double from Norway. CHF 23.90. Bourbon, Caramel, Chocolate. Worldwide delivery \u2014 C","og_url":"https:\/\/winesandspirits.ch\/fr\/produit\/lervig-lervig-chocolate-dipped-raisins-rackhouse-stout-imperial-double\/","og_site_name":"Wines and Spirits SA","article_modified_time":"2026-04-05T00:07:03+00:00","og_image":[{"width":800,"height":800,"url":"https:\/\/winesandspirits.ch\/wp-content\/uploads\/2025\/09\/choco-dipped-raisins-lervig-rackhouse.jpg","type":"image\/jpeg"}],"twitter_card":"summary_large_image","twitter_title":"Lervig Chocolate Dipped Raisins Rackhouse | buy online CH","twitter_description":"Buy Lervig Chocolate Dipped Raisins Rackhouse 13.9% \u2014 Stout - Imperial \/ Double from Norway. CHF 23.90. Bourbon, Caramel, Chocolate. Worldwide delivery \u2014 C","twitter_misc":{"Dur\u00e9e de lecture estim\u00e9e":"1 minute"},"schema":{"@context":"https:\/\/schema.org","@graph":[{"@type":["WebPage","ItemPage"],"@id":"https:\/\/winesandspirits.ch\/product\/lervig-lervig-chocolate-dipped-raisins-rackhouse-stout-imperial-double\/","url":"https:\/\/winesandspirits.ch\/product\/lervig-lervig-chocolate-dipped-raisins-rackhouse-stout-imperial-double\/","name":"Lervig Chocolate Dipped Raisins Rackhouse | buy online CH","isPartOf":{"@id":"https:\/\/winesandspirits.ch\/#website"},"primaryImageOfPage":{"@id":"https:\/\/winesandspirits.ch\/product\/lervig-lervig-chocolate-dipped-raisins-rackhouse-stout-imperial-double\/#primaryimage"},"image":{"@id":"https:\/\/winesandspirits.ch\/product\/lervig-lervig-chocolate-dipped-raisins-rackhouse-stout-imperial-double\/#primaryimage"},"thumbnailUrl":"https:\/\/winesandspirits.ch\/wp-content\/uploads\/2025\/09\/choco-dipped-raisins-lervig-rackhouse.jpg","datePublished":"2025-09-15T12:20:15+00:00","dateModified":"2026-04-05T00:07:03+00:00","description":"Buy Lervig Chocolate Dipped Raisins Rackhouse 13.9% \u2014 Stout - Imperial \/ Double from Norway. CHF 23.90. Bourbon, Caramel, Chocolate. Worldwide delivery \u2014 C","breadcrumb":{"@id":"https:\/\/winesandspirits.ch\/product\/lervig-lervig-chocolate-dipped-raisins-rackhouse-stout-imperial-double\/#breadcrumb"},"inLanguage":"fr-FR","potentialAction":[{"@type":"ReadAction","target":["https:\/\/winesandspirits.ch\/product\/lervig-lervig-chocolate-dipped-raisins-rackhouse-stout-imperial-double\/"]}]},{"@type":"ImageObject","inLanguage":"fr-FR","@id":"https:\/\/winesandspirits.ch\/product\/lervig-lervig-chocolate-dipped-raisins-rackhouse-stout-imperial-double\/#primaryimage","url":"https:\/\/winesandspirits.ch\/wp-content\/uploads\/2025\/09\/choco-dipped-raisins-lervig-rackhouse.jpg","contentUrl":"https:\/\/winesandspirits.ch\/wp-content\/uploads\/2025\/09\/choco-dipped-raisins-lervig-rackhouse.jpg","width":800,"height":800,"caption":"Lervig Chocolate dipped raisins Rackhouse"},{"@type":"BreadcrumbList","@id":"https:\/\/winesandspirits.ch\/product\/lervig-lervig-chocolate-dipped-raisins-rackhouse-stout-imperial-double\/#breadcrumb","itemListElement":[{"@type":"ListItem","position":1,"name":"Accueil","item":"https:\/\/winesandspirits.ch\/"},{"@type":"ListItem","position":2,"name":"Boutique","item":"https:\/\/winesandspirits.ch\/boutique-wines-and-spirits-sa-switzerland\/"},{"@type":"ListItem","position":3,"name":"Lervig Chocolate Dipped Raisins Rackhouse"}]},{"@type":"WebSite","@id":"https:\/\/winesandspirits.ch\/#website","url":"https:\/\/winesandspirits.ch\/","name":"Vins et Spiritueux SA","description":"Achetez des vins, spiritueux et bi\u00e8res artisanales de premi\u00e8re qualit\u00e9 en ligne","publisher":{"@id":"https:\/\/winesandspirits.ch\/#organization"},"potentialAction":[{"@type":"SearchAction","target":{"@type":"EntryPoint","urlTemplate":"https:\/\/winesandspirits.ch\/?s={search_term_string}"},"query-input":{"@type":"PropertyValueSpecification","valueRequired":true,"valueName":"search_term_string"}}],"inLanguage":"fr-FR"},{"@type":"Organization","@id":"https:\/\/winesandspirits.ch\/#organization","name":"Vins et Spiritueux SA","url":"https:\/\/winesandspirits.ch\/","logo":{"@type":"ImageObject","inLanguage":"fr-FR","@id":"https:\/\/winesandspirits.ch\/#\/schema\/logo\/image\/","url":"https:\/\/winesandspirits.ch\/wp-content\/uploads\/2023\/01\/cropped-Noir.png","contentUrl":"https:\/\/winesandspirits.ch\/wp-content\/uploads\/2023\/01\/cropped-Noir.png","width":512,"height":512,"caption":"Wines and Spirits SA"},"image":{"@id":"https:\/\/winesandspirits.ch\/#\/schema\/logo\/image\/"}}]}},"_links":{"self":[{"href":"https:\/\/winesandspirits.ch\/fr\/wp-json\/wp\/v2\/product\/989944","targetHints":{"allow":["GET"]}}],"collection":[{"href":"https:\/\/winesandspirits.ch\/fr\/wp-json\/wp\/v2\/product"}],"about":[{"href":"https:\/\/winesandspirits.ch\/fr\/wp-json\/wp\/v2\/types\/product"}],"version-history":[{"count":9,"href":"https:\/\/winesandspirits.ch\/fr\/wp-json\/wp\/v2\/product\/989944\/revisions"}],"predecessor-version":[{"id":1006556,"href":"https:\/\/winesandspirits.ch\/fr\/wp-json\/wp\/v2\/product\/989944\/revisions\/1006556"}],"wp:featuredmedia":[{"embeddable":true,"href":"https:\/\/winesandspirits.ch\/fr\/wp-json\/wp\/v2\/media\/989945"}],"wp:attachment":[{"href":"https:\/\/winesandspirits.ch\/fr\/wp-json\/wp\/v2\/media?parent=989944"}],"wp:term":[{"taxonomy":"product_brand","embeddable":true,"href":"https:\/\/winesandspirits.ch\/fr\/wp-json\/wp\/v2\/product_brand?post=989944"},{"taxonomy":"product_cat","embeddable":true,"href":"https:\/\/winesandspirits.ch\/fr\/wp-json\/wp\/v2\/product_cat?post=989944"},{"taxonomy":"product_tag","embeddable":true,"href":"https:\/\/winesandspirits.ch\/fr\/wp-json\/wp\/v2\/product_tag?post=989944"}],"curies":[{"name":"wp","href":"https:\/\/api.w.org\/{rel}","templated":true}]}}