{"id":989008,"date":"2025-08-30T21:35:10","date_gmt":"2025-08-30T19:35:10","guid":{"rendered":"https:\/\/winesandspirits.ch\/?post_type=product&#038;p=989008"},"modified":"2026-04-05T02:33:06","modified_gmt":"2026-04-05T00:33:06","slug":"toppling-goliath-toppling-goliath-kentucky-brunch-brand-stout-2024-sto","status":"publish","type":"product","link":"https:\/\/winesandspirits.ch\/fr\/produit\/toppling-goliath-toppling-goliath-kentucky-brunch-brand-stout-2024-sto\/","title":{"rendered":"Toppling Goliath Kentucky Brunch Brand Stout 2024"},"content":{"rendered":"<div class=\"vgblk-rw-wrapper limit-wrapper\">\n<div style=\"font-family:'Georgia',serif;background:#faf8f4;margin:0;padding:0\">\n<div style=\"background:#fff;border:1px solid #ede8e0;border-radius:4px;overflow:hidden;margin-bottom:2px\">\n<div style=\"padding:16px 18px 8px;background:#faf8f4;border-bottom:1px solid #ede8e0\">\n<p style=\"font-size:10px;font-weight:700;text-transform:uppercase;letter-spacing:3px;color:#a08060;margin:0\">Sp\u00e9cifications techniques<\/p>\n<\/div>\n<div style=\"display:grid;grid-template-columns:repeat(auto-fit,minmax(130px,1fr))\">\n<div style=\"padding:14px 18px;border-bottom:1px solid #ede8e0\">\n<div style=\"font-size:10px;font-weight:700;text-transform:uppercase;letter-spacing:2px;color:#a08060;margin-bottom:4px\">Degr\u00e9 d'alcool<\/div>\n<div style=\"font-size:16px;font-weight:400;color:#1a1a1a;font-family:'Georgia',serif\">12.9%<\/div>\n<\/div>\n<div style=\"padding:14px 18px;border-bottom:1px solid #ede8e0\">\n<div style=\"font-size:10px;font-weight:700;text-transform:uppercase;letter-spacing:2px;color:#a08060;margin-bottom:4px\">Style<\/div>\n<div style=\"font-size:16px;font-weight:400;color:#1a1a1a;font-family:'Georgia',serif\">Stout \u2013 Imp\u00e9rial \/ Double<\/div>\n<\/div>\n<div style=\"padding:14px 18px;border-bottom:1px solid #ede8e0\">\n<div style=\"font-size:10px;font-weight:700;text-transform:uppercase;letter-spacing:2px;color:#a08060;margin-bottom:4px\">Origine<\/div>\n<div style=\"font-size:16px;font-weight:400;color:#1a1a1a;font-family:'Georgia',serif\">\u00c9tats-Unis<\/div>\n<\/div>\n<\/div>\n<\/div>\n<div style=\"padding:40px;background:#fff;margin-top:2px\">\n<p style=\"font-size:10px;font-weight:700;text-transform:uppercase;letter-spacing:3px;color:#a08060;margin:0 0 8px\">Profil de d\u00e9gustation<\/p>\n<div style=\"width:36px;height:2px;background:#c8b89a;margin-bottom:18px\"><\/div>\n<p style=\"font-size:15px;line-height:1.9;color:#3d2b1f;margin:0 0 20px;max-width:760px\">La Toppling Goliath Kentucky Brunch Brand Stout 2024 est une exceptionnelle Stout - Imp\u00e9riale \/ Double \u00e9labor\u00e9e par Toppling Goliath aux Etats-Unis. Avec une teneur en alcool de 12,91 %, cette bi\u00e8re exceptionnelle offre une exp\u00e9rience de d\u00e9gustation inoubliable. Attendez-vous \u00e0 un profil riche de noix de coco, de m\u00e9lasse, de bourbon, de caramel et de caf\u00e9 - un v\u00e9ritable chef-d'\u0153uvre de brassage artisanal. Disponible en ligne avec livraison dans le monde entier - Suisse, UE et exp\u00e9dition internationale. \ud83c\udf0d<\/p>\n<\/div>\n<div style=\"padding:40px;background:#faf8f4;margin-top:2px\">\n<p style=\"font-size:10px;font-weight:700;text-transform:uppercase;letter-spacing:3px;color:#a08060;margin:0 0 6px\">\u00c0 propos de la brasserie<\/p>\n<h3 style=\"font-size:24px;font-weight:400;color:#1a1a1a;margin:0 0 10px;font-family:'Georgia',serif\">Toppling Goliath<\/h3>\n<div style=\"margin-bottom:14px\"><span style=\"font-size:12px;color:#a08060\">\u00c9tats-Unis<\/span><\/div>\n<div style=\"width:36px;height:2px;background:#c8b89a;margin-bottom:16px\"><\/div>\n<p style=\"font-size:14px;line-height:1.85;color:#3d2b1f;margin:0 0 20px;max-width:760px\">Toppling Goliath Brewing Company a \u00e9t\u00e9 fond\u00e9e en 2009 par Clark et Barbara Lewey \u00e0 Decorah, dans l'Iowa \u2014 n\u00e9e d'un kit de brassage amateur de No\u00ebl qui est rapidement devenu une obsession. En moins d'une d\u00e9cennie, cette brasserie improbable d'une petite ville de l'Iowa est devenue mondialement c\u00e9l\u00e8bre, nomm\u00e9e #2nde brasserie au monde par Beer Advocate et championne nationale du US Beer Open en 2021. Leur Imperial Stout vieillie en f\u00fbt, Kentucky Brunch Brand Stout (KBBS), est class\u00e9e comme la #1\u00e8re bi\u00e8re au monde depuis 2015. Aujourd'hui, Toppling Goliath op\u00e8re depuis une magnifique installation de 4 830 m\u00b2 avec un syst\u00e8me de brassage de 100 barils \u00e0 Decorah, distribuant dans plus de 30 \u00c9tats.<\/p>\n<div style=\"display:flex;gap:12px;flex-wrap:wrap;margin-top:4px\"><a href=\"https:\/\/winesandspirits.ch\/fr\/categorie-produit\/bieres-craft\/usa\/toppling-goliath\/\" style=\"display:inline-flex;align-items:center;gap:6px;background:#1a1a1a;color:#c8b89a;padding:8px 18px;font-size:11px;font-weight:700;letter-spacing:2px;text-transform:uppercase;text-decoration:none;border-radius:2px\">Voir tout Toppling Goliath<\/a><a href=\"https:\/\/www.tgbrews.com\" target=\"_blank\" rel=\"noopener\" style=\"display:inline-flex;align-items:center;gap:6px;background:#faf8f4;color:#3d2b1f;padding:8px 18px;font-size:11px;font-weight:700;letter-spacing:2px;text-transform:uppercase;text-decoration:none;border:1px solid #c8b89a;border-radius:2px\">Site officiel<\/a><\/div>\n<\/div>\n<div style=\"padding:32px 40px;background:#fff;margin-top:2px\">\n<p style=\"font-size:10px;font-weight:700;text-transform:uppercase;letter-spacing:3px;color:#a08060;margin:0 0 8px\">Notes de saveur<\/p>\n<div style=\"width:36px;height:2px;background:#c8b89a;margin-bottom:16px\"><\/div>\n<div><span style=\"display:inline-block;border:1.5px solid #c8b89a;border-radius:20px;padding:5px 16px;font-size:13px;color:#3d2b1f;margin:3px;font-family:Georgia,serif\">Coco<\/span><span style=\"display:inline-block;border:1.5px solid #c8b89a;border-radius:20px;padding:5px 16px;font-size:13px;color:#3d2b1f;margin:3px;font-family:Georgia,serif\">M\u00e9lasse<\/span><span style=\"display:inline-block;border:1.5px solid #c8b89a;border-radius:20px;padding:5px 16px;font-size:13px;color:#3d2b1f;margin:3px;font-family:Georgia,serif\">Bourbon<\/span><span style=\"display:inline-block;border:1.5px solid #c8b89a;border-radius:20px;padding:5px 16px;font-size:13px;color:#3d2b1f;margin:3px;font-family:Georgia,serif\">Caramel<\/span><span style=\"display:inline-block;border:1.5px solid #c8b89a;border-radius:20px;padding:5px 16px;font-size:13px;color:#3d2b1f;margin:3px;font-family:Georgia,serif\">Caf\u00e9<\/span><span style=\"display:inline-block;border:1.5px solid #c8b89a;border-radius:20px;padding:5px 16px;font-size:13px;color:#3d2b1f;margin:3px;font-family:Georgia,serif\">Chocolat<\/span><span style=\"display:inline-block;border:1.5px solid #c8b89a;border-radius:20px;padding:5px 16px;font-size:13px;color:#3d2b1f;margin:3px;font-family:Georgia,serif\">R\u00f4ti<\/span><\/div>\n<\/div>\n<div style=\"display:grid;grid-template-columns:1fr 1fr;gap:2px;margin-top:2px\">\n<div style=\"background:#faf8f4;padding:32px 36px\">\n<p style=\"font-size:10px;font-weight:700;text-transform:uppercase;letter-spacing:3px;color:#a08060;margin:0 0 8px\">Fran\u00e7ais<\/p>\n<div style=\"width:28px;height:2px;background:#c8b89a;margin-bottom:14px\"><\/div>\n<p style=\"font-size:13px;line-height:1.8;color:#3d2b1f;margin:0\" lang=\"fr\">Toppling Goliath Kentucky Brunch Brand Stout 2024 est la bi\u00e8re d\u2019exception de Toppling Goliath, aux \u00c9tats-Unis. \u00c0 12,9% d'alcool, elle offre une exp\u00e9rience gustative inoubliable. Profil : Coco, M\u00e9lasse, Bourbon, Caramel, Caf\u00e9. Un vrai chef-d\u2019\u0153uvre brassicole. Livraison en Suisse, dans toute l\u2019Europe et dans le monde entier \ud83c\udf0d<\/p>\n<\/div>\n<div style=\"background:#faf8f4;padding:32px 36px\">\n<p style=\"font-size:10px;font-weight:700;text-transform:uppercase;letter-spacing:3px;color:#a08060;margin:0 0 8px\">Allemand<\/p>\n<div style=\"width:28px;height:2px;background:#c8b89a;margin-bottom:14px\"><\/div>\n<p style=\"font-size:13px;line-height:1.8;color:#3d2b1f;margin:0\" lang=\"de\">Le Kentucky Brunch Brand Stout 2024 de Toppling Goliath est une bi\u00e8re exceptionnelle de Toppling Goliath des \u00c9tats-Unis. Avec 12,9 % d'alcool%, il offre une exp\u00e9rience gustative inoubliable. Profil : Noix de coco, M\u00e9lasse, Bourbon, Caramel, Caf\u00e9. un v\u00e9ritable chef-d'\u0153uvre du brassage artisanal. Livraison en Suisse, en Europe et dans le monde entier \ud83c\udf0d<\/p>\n<\/div>\n<\/div>\n<div style=\"background:linear-gradient(135deg,#1a1a2e,#16213e);padding:32px 40px;margin-top:2px;display:flex;align-items:center;justify-content:space-between;flex-wrap:wrap;gap:16px\">\n<div>\n<p style=\"font-size:11px;font-weight:700;text-transform:uppercase;letter-spacing:3px;color:#f9c74f;margin:0 0 4px\">\u00c9valuations de la communaut\u00e9<\/p>\n<p style=\"font-size:20px;color:#fff;margin:0;font-family:'Georgia',serif\">D\u00e9couvrez ce que pensent les amateurs de bi\u00e8re<\/p>\n<\/div>\n<p><a href=\"https:\/\/untappd.com\/beer\/131332\" target=\"_blank\" rel=\"nofollow noopener\" style=\"display:inline-flex;align-items:center;gap:10px;background:#f9c74f;color:#1a1a1a;text-decoration:none;padding:12px 24px;border-radius:4px;font-weight:700;font-size:14px\">\ud83c\udf7a Voir sur Untappd \u2192<\/a><\/div>\n<div style=\"background:#fff;padding:24px 40px;margin-top:2px;display:flex;align-items:center;justify-content:space-between;flex-wrap:wrap;gap:12px;border-top:3px solid #c8b89a\">\n<div>\n<p style=\"font-size:10px;font-weight:700;text-transform:uppercase;letter-spacing:2px;color:#a08060;margin:0 0 4px\">Prix en ligne<\/p>\n<p style=\"font-size:30px;font-weight:400;color:#1a1a1a;margin:0;font-family:'Georgia',serif\">385 CHF<\/p>\n<\/div>\n<div style=\"text-align:right\">\n<p style=\"font-size:13px;color:#3d2b1f;font-weight:600;margin:0 0 4px\">\ud83d\ude9a Livraison dans le monde entier \u2014 Suisse, UE et International \ud83c\udf0d<\/p>\n<p style=\"font-size:11px;color:#a08060;margin:0\">Exp\u00e9dition rapide et s\u00e9curis\u00e9e \u00b7 winesandspirits.ch<\/p>\n<\/div>\n<\/div>\n<div style=\"background:#1a1a1a;padding:14px 40px;margin-top:2px;display:flex;align-items:center;justify-content:space-between;flex-wrap:wrap;gap:10px\">\n<span style=\"font-size:10px;font-weight:700;text-transform:uppercase;letter-spacing:3px;color:#c8b89a\">\u2726 S\u00e9lection Artisanale Premium \u00b7 winesandspirits.ch \u2726<\/span><br \/>\n<span style=\"font-size:10px;color:#777;font-style:italic\">\ud83d\udd1e Contient de l'alcool. \u00c0 consommer avec mod\u00e9ration. Vente interdite aux personnes mineures.<\/span>\n<\/div>\n<\/div>\n<\/div>\n<p><!-- .vgblk-rw-wrapper --><\/p>","protected":false},"excerpt":{"rendered":"<p>Imperial \/ Double Stout Premium par Toppling Goliath des \u00c9tats-Unis \u00b7 12,9% ABV \u00b7 Livraison dans le monde entier \ud83c\udf0d<\/p>","protected":false},"featured_media":989009,"template":"","meta":[],"product_brand":[],"product_cat":[76,134,80,90],"product_tag":[],"class_list":{"0":"post-989008","1":"product","2":"type-product","3":"status-publish","4":"has-post-thumbnail","6":"product_cat-craft-beer","7":"product_cat-toppling-goliath-stout","8":"product_cat-toppling-goliath","9":"product_cat-usa","11":"first","12":"instock","13":"sold-individually","14":"shipping-taxable","15":"purchasable","16":"product-type-simple"},"supplier_id":null,"supplier_sku":"","barcode":null,"atum_controlled":true,"out_stock_date":null,"out_stock_threshold":null,"inheritable":false,"inbound_stock":null,"stock_on_hold":0,"sold_today":0,"sales_last_days":0,"reserved_stock":null,"customer_returns":null,"warehouse_damage":null,"lost_in_post":null,"other_logs":null,"out_stock_days":0,"lost_sales":0,"has_location":null,"update_date":"2026-04-09T00:02:35","atum_locations":[],"atum_stock_status":"instock","restock_status":false,"low_stock_amount":1,"sales_update_date":"2026-04-09T00:02:35","calc_backorders":null,"yoast_head":"<!-- This site is optimized with the Yoast SEO plugin v27.3 - https:\/\/yoast.com\/product\/yoast-seo-wordpress\/ -->\n<title>Toppling Goliath Kentucky Brunch Brand Sto | buy online CH<\/title>\n<meta name=\"description\" content=\"Buy Toppling Goliath Kentucky Brunch Brand Stout 2024 12.9% \u2014 Stout - Imperial \/ Double from United States. CHF 385. Coconut, Molasses, Bourbon. Worldwide\" \/>\n<meta name=\"robots\" content=\"index, follow, max-snippet:-1, max-image-preview:large, max-video-preview:-1\" \/>\n<link rel=\"canonical\" href=\"https:\/\/winesandspirits.ch\/fr\/produit\/toppling-goliath-toppling-goliath-kentucky-brunch-brand-stout-2024-sto\/\" \/>\n<meta property=\"og:locale\" content=\"fr_FR\" \/>\n<meta property=\"og:type\" content=\"article\" \/>\n<meta property=\"og:title\" content=\"Toppling Goliath Kentucky Brunch Brand Sto | buy online CH\" \/>\n<meta property=\"og:description\" content=\"Buy Toppling Goliath Kentucky Brunch Brand Stout 2024 12.9% \u2014 Stout - Imperial \/ Double from United States. CHF 385. Coconut, Molasses, Bourbon. Worldwide\" \/>\n<meta property=\"og:url\" content=\"https:\/\/winesandspirits.ch\/fr\/produit\/toppling-goliath-toppling-goliath-kentucky-brunch-brand-stout-2024-sto\/\" \/>\n<meta property=\"og:site_name\" content=\"Wines and Spirits SA\" \/>\n<meta property=\"article:modified_time\" content=\"2026-04-05T00:33:06+00:00\" \/>\n<meta property=\"og:image\" content=\"https:\/\/winesandspirits.ch\/wp-content\/uploads\/2025\/08\/Toppling-Goliath-Kentucky-Brunch-Brand-Stout-2024-bis-rotated.jpg\" \/>\n\t<meta property=\"og:image:width\" content=\"600\" \/>\n\t<meta property=\"og:image:height\" content=\"800\" \/>\n\t<meta property=\"og:image:type\" content=\"image\/jpeg\" \/>\n<meta name=\"twitter:card\" content=\"summary_large_image\" \/>\n<meta name=\"twitter:title\" content=\"Toppling Goliath Kentucky Brunch Brand Sto | buy online CH\" \/>\n<meta name=\"twitter:description\" content=\"Buy Toppling Goliath Kentucky Brunch Brand Stout 2024 12.9% \u2014 Stout - Imperial \/ Double from United States. CHF 385. Coconut, Molasses, Bourbon. Worldwide\" \/>\n<meta name=\"twitter:label1\" content=\"Dur\u00e9e de lecture estim\u00e9e\" \/>\n\t<meta name=\"twitter:data1\" content=\"2 minutes\" \/>\n<script type=\"application\/ld+json\" class=\"yoast-schema-graph\">{\"@context\":\"https:\\\/\\\/schema.org\",\"@graph\":[{\"@type\":[\"WebPage\",\"ItemPage\"],\"@id\":\"https:\\\/\\\/winesandspirits.ch\\\/product\\\/toppling-goliath-toppling-goliath-kentucky-brunch-brand-stout-2024-sto\\\/\",\"url\":\"https:\\\/\\\/winesandspirits.ch\\\/product\\\/toppling-goliath-toppling-goliath-kentucky-brunch-brand-stout-2024-sto\\\/\",\"name\":\"Toppling Goliath Kentucky Brunch Brand Sto | buy online CH\",\"isPartOf\":{\"@id\":\"https:\\\/\\\/winesandspirits.ch\\\/#website\"},\"primaryImageOfPage\":{\"@id\":\"https:\\\/\\\/winesandspirits.ch\\\/product\\\/toppling-goliath-toppling-goliath-kentucky-brunch-brand-stout-2024-sto\\\/#primaryimage\"},\"image\":{\"@id\":\"https:\\\/\\\/winesandspirits.ch\\\/product\\\/toppling-goliath-toppling-goliath-kentucky-brunch-brand-stout-2024-sto\\\/#primaryimage\"},\"thumbnailUrl\":\"https:\\\/\\\/winesandspirits.ch\\\/wp-content\\\/uploads\\\/2025\\\/08\\\/Toppling-Goliath-Kentucky-Brunch-Brand-Stout-2024-bis-rotated.jpg\",\"datePublished\":\"2025-08-30T19:35:10+00:00\",\"dateModified\":\"2026-04-05T00:33:06+00:00\",\"description\":\"Buy Toppling Goliath Kentucky Brunch Brand Stout 2024 12.9% \u2014 Stout - Imperial \\\/ Double from United States. CHF 385. Coconut, Molasses, Bourbon. Worldwide\",\"breadcrumb\":{\"@id\":\"https:\\\/\\\/winesandspirits.ch\\\/product\\\/toppling-goliath-toppling-goliath-kentucky-brunch-brand-stout-2024-sto\\\/#breadcrumb\"},\"inLanguage\":\"fr-FR\",\"potentialAction\":[{\"@type\":\"ReadAction\",\"target\":[\"https:\\\/\\\/winesandspirits.ch\\\/product\\\/toppling-goliath-toppling-goliath-kentucky-brunch-brand-stout-2024-sto\\\/\"]}]},{\"@type\":\"ImageObject\",\"inLanguage\":\"fr-FR\",\"@id\":\"https:\\\/\\\/winesandspirits.ch\\\/product\\\/toppling-goliath-toppling-goliath-kentucky-brunch-brand-stout-2024-sto\\\/#primaryimage\",\"url\":\"https:\\\/\\\/winesandspirits.ch\\\/wp-content\\\/uploads\\\/2025\\\/08\\\/Toppling-Goliath-Kentucky-Brunch-Brand-Stout-2024-bis-rotated.jpg\",\"contentUrl\":\"https:\\\/\\\/winesandspirits.ch\\\/wp-content\\\/uploads\\\/2025\\\/08\\\/Toppling-Goliath-Kentucky-Brunch-Brand-Stout-2024-bis-rotated.jpg\",\"width\":600,\"height\":800,\"caption\":\"Toppling Goliath Kentucky Brunch Brand Stout 2024\"},{\"@type\":\"BreadcrumbList\",\"@id\":\"https:\\\/\\\/winesandspirits.ch\\\/product\\\/toppling-goliath-toppling-goliath-kentucky-brunch-brand-stout-2024-sto\\\/#breadcrumb\",\"itemListElement\":[{\"@type\":\"ListItem\",\"position\":1,\"name\":\"Accueil\",\"item\":\"https:\\\/\\\/winesandspirits.ch\\\/\"},{\"@type\":\"ListItem\",\"position\":2,\"name\":\"Boutique\",\"item\":\"https:\\\/\\\/winesandspirits.ch\\\/boutique-wines-and-spirits-sa-switzerland\\\/\"},{\"@type\":\"ListItem\",\"position\":3,\"name\":\"Toppling Goliath Kentucky Brunch Brand Stout 2024\"}]},{\"@type\":\"WebSite\",\"@id\":\"https:\\\/\\\/winesandspirits.ch\\\/#website\",\"url\":\"https:\\\/\\\/winesandspirits.ch\\\/\",\"name\":\"Wines and Spirits SA\",\"description\":\"Shop Premium Wines, Spirits &amp; Craft Beer Online\",\"publisher\":{\"@id\":\"https:\\\/\\\/winesandspirits.ch\\\/#organization\"},\"potentialAction\":[{\"@type\":\"SearchAction\",\"target\":{\"@type\":\"EntryPoint\",\"urlTemplate\":\"https:\\\/\\\/winesandspirits.ch\\\/?s={search_term_string}\"},\"query-input\":{\"@type\":\"PropertyValueSpecification\",\"valueRequired\":true,\"valueName\":\"search_term_string\"}}],\"inLanguage\":\"fr-FR\"},{\"@type\":\"Organization\",\"@id\":\"https:\\\/\\\/winesandspirits.ch\\\/#organization\",\"name\":\"Wines and Spirits SA\",\"url\":\"https:\\\/\\\/winesandspirits.ch\\\/\",\"logo\":{\"@type\":\"ImageObject\",\"inLanguage\":\"fr-FR\",\"@id\":\"https:\\\/\\\/winesandspirits.ch\\\/#\\\/schema\\\/logo\\\/image\\\/\",\"url\":\"https:\\\/\\\/winesandspirits.ch\\\/wp-content\\\/uploads\\\/2023\\\/01\\\/cropped-Noir.png\",\"contentUrl\":\"https:\\\/\\\/winesandspirits.ch\\\/wp-content\\\/uploads\\\/2023\\\/01\\\/cropped-Noir.png\",\"width\":512,\"height\":512,\"caption\":\"Wines and Spirits SA\"},\"image\":{\"@id\":\"https:\\\/\\\/winesandspirits.ch\\\/#\\\/schema\\\/logo\\\/image\\\/\"}}]}<\/script>\n<!-- \/ Yoast SEO plugin. -->","yoast_head_json":{"title":"Toppling Goliath Kentucky Brunch Brand Sto | buy online CH","description":"Buy Toppling Goliath Kentucky Brunch Brand Stout 2024 12.9% \u2014 Stout - Imperial \/ Double from United States. CHF 385. Coconut, Molasses, Bourbon. Worldwide","robots":{"index":"index","follow":"follow","max-snippet":"max-snippet:-1","max-image-preview":"max-image-preview:large","max-video-preview":"max-video-preview:-1"},"canonical":"https:\/\/winesandspirits.ch\/fr\/produit\/toppling-goliath-toppling-goliath-kentucky-brunch-brand-stout-2024-sto\/","og_locale":"fr_FR","og_type":"article","og_title":"Toppling Goliath Kentucky Brunch Brand Sto | buy online CH","og_description":"Buy Toppling Goliath Kentucky Brunch Brand Stout 2024 12.9% \u2014 Stout - Imperial \/ Double from United States. CHF 385. Coconut, Molasses, Bourbon. Worldwide","og_url":"https:\/\/winesandspirits.ch\/fr\/produit\/toppling-goliath-toppling-goliath-kentucky-brunch-brand-stout-2024-sto\/","og_site_name":"Wines and Spirits SA","article_modified_time":"2026-04-05T00:33:06+00:00","og_image":[{"width":600,"height":800,"url":"https:\/\/winesandspirits.ch\/wp-content\/uploads\/2025\/08\/Toppling-Goliath-Kentucky-Brunch-Brand-Stout-2024-bis-rotated.jpg","type":"image\/jpeg"}],"twitter_card":"summary_large_image","twitter_title":"Toppling Goliath Kentucky Brunch Brand Sto | buy online CH","twitter_description":"Buy Toppling Goliath Kentucky Brunch Brand Stout 2024 12.9% \u2014 Stout - Imperial \/ Double from United States. CHF 385. Coconut, Molasses, Bourbon. Worldwide","twitter_misc":{"Dur\u00e9e de lecture estim\u00e9e":"2 minutes"},"schema":{"@context":"https:\/\/schema.org","@graph":[{"@type":["WebPage","ItemPage"],"@id":"https:\/\/winesandspirits.ch\/product\/toppling-goliath-toppling-goliath-kentucky-brunch-brand-stout-2024-sto\/","url":"https:\/\/winesandspirits.ch\/product\/toppling-goliath-toppling-goliath-kentucky-brunch-brand-stout-2024-sto\/","name":"Toppling Goliath Kentucky Brunch Brand Sto | buy online CH","isPartOf":{"@id":"https:\/\/winesandspirits.ch\/#website"},"primaryImageOfPage":{"@id":"https:\/\/winesandspirits.ch\/product\/toppling-goliath-toppling-goliath-kentucky-brunch-brand-stout-2024-sto\/#primaryimage"},"image":{"@id":"https:\/\/winesandspirits.ch\/product\/toppling-goliath-toppling-goliath-kentucky-brunch-brand-stout-2024-sto\/#primaryimage"},"thumbnailUrl":"https:\/\/winesandspirits.ch\/wp-content\/uploads\/2025\/08\/Toppling-Goliath-Kentucky-Brunch-Brand-Stout-2024-bis-rotated.jpg","datePublished":"2025-08-30T19:35:10+00:00","dateModified":"2026-04-05T00:33:06+00:00","description":"Buy Toppling Goliath Kentucky Brunch Brand Stout 2024 12.9% \u2014 Stout - Imperial \/ Double from United States. CHF 385. Coconut, Molasses, Bourbon. Worldwide","breadcrumb":{"@id":"https:\/\/winesandspirits.ch\/product\/toppling-goliath-toppling-goliath-kentucky-brunch-brand-stout-2024-sto\/#breadcrumb"},"inLanguage":"fr-FR","potentialAction":[{"@type":"ReadAction","target":["https:\/\/winesandspirits.ch\/product\/toppling-goliath-toppling-goliath-kentucky-brunch-brand-stout-2024-sto\/"]}]},{"@type":"ImageObject","inLanguage":"fr-FR","@id":"https:\/\/winesandspirits.ch\/product\/toppling-goliath-toppling-goliath-kentucky-brunch-brand-stout-2024-sto\/#primaryimage","url":"https:\/\/winesandspirits.ch\/wp-content\/uploads\/2025\/08\/Toppling-Goliath-Kentucky-Brunch-Brand-Stout-2024-bis-rotated.jpg","contentUrl":"https:\/\/winesandspirits.ch\/wp-content\/uploads\/2025\/08\/Toppling-Goliath-Kentucky-Brunch-Brand-Stout-2024-bis-rotated.jpg","width":600,"height":800,"caption":"Toppling Goliath Kentucky Brunch Brand Stout 2024"},{"@type":"BreadcrumbList","@id":"https:\/\/winesandspirits.ch\/product\/toppling-goliath-toppling-goliath-kentucky-brunch-brand-stout-2024-sto\/#breadcrumb","itemListElement":[{"@type":"ListItem","position":1,"name":"Accueil","item":"https:\/\/winesandspirits.ch\/"},{"@type":"ListItem","position":2,"name":"Boutique","item":"https:\/\/winesandspirits.ch\/boutique-wines-and-spirits-sa-switzerland\/"},{"@type":"ListItem","position":3,"name":"Toppling Goliath Kentucky Brunch Brand Stout 2024"}]},{"@type":"WebSite","@id":"https:\/\/winesandspirits.ch\/#website","url":"https:\/\/winesandspirits.ch\/","name":"Vins et Spiritueux SA","description":"Achetez des vins, spiritueux et bi\u00e8res artisanales de premi\u00e8re qualit\u00e9 en ligne","publisher":{"@id":"https:\/\/winesandspirits.ch\/#organization"},"potentialAction":[{"@type":"SearchAction","target":{"@type":"EntryPoint","urlTemplate":"https:\/\/winesandspirits.ch\/?s={search_term_string}"},"query-input":{"@type":"PropertyValueSpecification","valueRequired":true,"valueName":"search_term_string"}}],"inLanguage":"fr-FR"},{"@type":"Organization","@id":"https:\/\/winesandspirits.ch\/#organization","name":"Vins et Spiritueux SA","url":"https:\/\/winesandspirits.ch\/","logo":{"@type":"ImageObject","inLanguage":"fr-FR","@id":"https:\/\/winesandspirits.ch\/#\/schema\/logo\/image\/","url":"https:\/\/winesandspirits.ch\/wp-content\/uploads\/2023\/01\/cropped-Noir.png","contentUrl":"https:\/\/winesandspirits.ch\/wp-content\/uploads\/2023\/01\/cropped-Noir.png","width":512,"height":512,"caption":"Wines and Spirits SA"},"image":{"@id":"https:\/\/winesandspirits.ch\/#\/schema\/logo\/image\/"}}]}},"_links":{"self":[{"href":"https:\/\/winesandspirits.ch\/fr\/wp-json\/wp\/v2\/product\/989008","targetHints":{"allow":["GET"]}}],"collection":[{"href":"https:\/\/winesandspirits.ch\/fr\/wp-json\/wp\/v2\/product"}],"about":[{"href":"https:\/\/winesandspirits.ch\/fr\/wp-json\/wp\/v2\/types\/product"}],"version-history":[{"count":15,"href":"https:\/\/winesandspirits.ch\/fr\/wp-json\/wp\/v2\/product\/989008\/revisions"}],"predecessor-version":[{"id":1006728,"href":"https:\/\/winesandspirits.ch\/fr\/wp-json\/wp\/v2\/product\/989008\/revisions\/1006728"}],"wp:featuredmedia":[{"embeddable":true,"href":"https:\/\/winesandspirits.ch\/fr\/wp-json\/wp\/v2\/media\/989009"}],"wp:attachment":[{"href":"https:\/\/winesandspirits.ch\/fr\/wp-json\/wp\/v2\/media?parent=989008"}],"wp:term":[{"taxonomy":"product_brand","embeddable":true,"href":"https:\/\/winesandspirits.ch\/fr\/wp-json\/wp\/v2\/product_brand?post=989008"},{"taxonomy":"product_cat","embeddable":true,"href":"https:\/\/winesandspirits.ch\/fr\/wp-json\/wp\/v2\/product_cat?post=989008"},{"taxonomy":"product_tag","embeddable":true,"href":"https:\/\/winesandspirits.ch\/fr\/wp-json\/wp\/v2\/product_tag?post=989008"}],"curies":[{"name":"wp","href":"https:\/\/api.w.org\/{rel}","templated":true}]}}