{"id":1005429,"date":"2026-04-04T03:36:15","date_gmt":"2026-04-04T01:36:15","guid":{"rendered":"https:\/\/winesandspirits.ch\/?post_type=product&#038;p=1005429"},"modified":"2026-04-05T00:54:02","modified_gmt":"2026-04-04T22:54:02","slug":"brujos-aniversario-ii-kaosophia-tipa","status":"publish","type":"product","link":"https:\/\/winesandspirits.ch\/fr\/produit\/brujos-aniversario-ii-kaosophia-tipa\/","title":{"rendered":"Brujos Aniversario II Kaosophia TIPA"},"content":{"rendered":"<div data-elementor-type=\"product-post\" data-elementor-id=\"1005429\" class=\"elementor elementor-1005429\" data-elementor-post-type=\"product\">\n\t\t\t\t\t\t<section class=\"elementor-section elementor-top-section elementor-element elementor-element-55b383b6 elementor-section-boxed elementor-section-height-default elementor-section-height-default\" data-id=\"55b383b6\" data-element_type=\"section\" data-e-type=\"section\">\n\t\t\t\t\t\t<div class=\"elementor-container elementor-column-gap-default\">\n\t\t\t\t\t<div class=\"elementor-column elementor-col-100 elementor-top-column elementor-element elementor-element-5d968f63\" data-id=\"5d968f63\" data-element_type=\"column\" data-e-type=\"column\">\n\t\t\t<div class=\"elementor-widget-wrap elementor-element-populated\">\n\t\t\t\t\t\t<div class=\"elementor-element elementor-element-1405d2d9 elementor-widget elementor-widget-text-editor\" data-id=\"1405d2d9\" data-element_type=\"widget\" data-e-type=\"widget\" data-widget_type=\"text-editor.default\">\n\t\t\t\t<div class=\"elementor-widget-container\">\n\t\t\t\t\t\t\t\t\t<div style=\"font-family: 'Georgia',serif; background: #faf8f4; margin: 0; padding: 0;\"><p><!-- SPECS --><\/p><div style=\"background: #fff; border: 1px solid #ede8e0; border-radius: 4px; overflow: hidden; margin-bottom: 2px;\"><div style=\"padding: 16px 18px 8px; background: #faf8f4; border-bottom: 1px solid #ede8e0;\"><p style=\"font-size: 10px; font-weight: bold; text-transform: uppercase; letter-spacing: 3px; color: #a08060; margin: 0;\">Sp\u00e9cifications techniques<\/p><\/div><div style=\"display: grid; grid-template-columns: repeat(auto-fit,minmax(130px,1fr));\"><div style=\"padding: 14px 18px; border-bottom: 1px solid #ede8e0;\"><div style=\"font-size: 10px; font-weight: bold; text-transform: uppercase; letter-spacing: 2px; color: #a08060; margin-bottom: 4px;\">Style<\/div><div style=\"font-size: 16px; font-weight: 400; color: #1a1a1a; font-family: 'Georgia',serif;\">Bi\u00e8re artisanale<\/div><\/div><div style=\"padding: 14px 18px; border-bottom: 1px solid #ede8e0;\"><div style=\"font-size: 10px; font-weight: bold; text-transform: uppercase; letter-spacing: 2px; color: #a08060; margin-bottom: 4px;\">Origine<\/div><div style=\"font-size: 16px; font-weight: 400; color: #1a1a1a; font-family: 'Georgia',serif;\">United States<\/div><\/div><\/div><\/div><p><!-- TASTING PROFILE --><\/p><div style=\"padding: 40px; background: #fff; margin-top: 2px;\"><p style=\"font-size: 10px; font-weight: bold; text-transform: uppercase; letter-spacing: 3px; color: #a08060; margin: 0 0 8px;\">Profil de d\u00e9gustation<\/p><div style=\"width: 36px; height: 2px; background: #c8b89a; margin-bottom: 18px;\">\u00a0<\/div><p><strong>Brujos Aniversario II \u00d7 Kaosophia \u2014 Tasting Profile<\/strong><\/p><p style=\"font-size: 15px; line-height: 1.9; color: #3d2b1f; margin: 0 0 20px; max-width: 760px;\"><span style=\"color: #545d5c;\">Brewed in Portland, Oregon, this Double Dry Hopped Triple Hazy IPA (10% ABV) is a collaboration between Brujos Brewing and Kaosophia. Expect an explosive tropical nose \u2014 ripe mango, passionfruit and citrus zest \u2014 backed by a dense, pillowy body and a resinous, lingering finish. Intense, complex, and unapologetically bold. A true collector&#8217;s release<\/span>.<\/p><\/div><p><!-- BREWERY --><\/p><div style=\"padding: 40px; background: #faf8f4; margin-top: 2px;\"><p style=\"font-size: 10px; font-weight: bold; text-transform: uppercase; letter-spacing: 3px; color: #a08060; margin: 0 0 6px;\">\u00c0 propos de la brasserie<\/p><h3 style=\"font-weight: 400; margin: 0px 0px 10px; font-family: Georgia, serif;\"><span style=\"color: #1a1a1a;\"><span style=\"font-size: 24px;\">Brujos Brewing<\/span><\/span><\/h3><h3 style=\"font-weight: 400; margin: 0px 0px 10px; font-family: Georgia, serif;\"><span style=\"color: #a08060; font-size: 12px;\">\ud83d\udccd United States<\/span><\/h3><div style=\"width: 36px; height: 2px; background: #c8b89a; margin-bottom: 16px;\">\u00a0<\/div><p>Founded in Portland, Oregon, Brujos Brewing describes itself as &#8220;crafting liquid spells&#8221; \u2014 and every release lives up to that promise. Known for their bold, art-driven can designs and uncompromising approach to hop-forward brewing, Brujos has rapidly built a cult following among craft beer enthusiasts across the United States and beyond.<\/p><p style=\"font-size: 14px; line-height: 1.85; color: #3d2b1f; margin-bottom: 20px; max-width: 760px;\">\u00a0<\/p><p>Their collaborations with like-minded breweries push boundaries both in the glass and on the label, making each release a collectible piece of brewing culture.<\/p><div style=\"display: flex; gap: 12px; flex-wrap: wrap; margin-top: 4px;\"><a style=\"display: inline-flex; align-items: center; gap: 6px; background: #1a1a1a; color: #c8b89a; padding: 8px 18px; font-size: 11px; font-weight: bold; letter-spacing: 2px; text-transform: uppercase; text-decoration: none; border-radius: 2px;\" href=\"https:\/\/winesandspirits.ch\/fr\/categorie-produit\/bieres-craft\/usa\/troon\/\">Voir tous les Troon<\/a><a style=\"display: inline-flex; align-items: center; gap: 6px; background: #faf8f4; color: #3d2b1f; padding: 8px 18px; font-size: 11px; font-weight: bold; letter-spacing: 2px; text-transform: uppercase; text-decoration: none; border: 1px solid #c8b89a; border-radius: 2px;\" href=\"https:\/\/www.brujosbrewing.com\/\" target=\"_blank\" rel=\"noopener\">Site officiel<\/a><\/div><\/div><p><!-- FLAVOR NOTES --><\/p><div style=\"padding: 32px 40px; background: #fff; margin-top: 2px;\"><p style=\"font-size: 10px; font-weight: bold; text-transform: uppercase; letter-spacing: 3px; color: #a08060; margin: 0 0 8px;\">Notes de saveur<\/p><div style=\"width: 36px; height: 2px; background: #c8b89a; margin-bottom: 16px;\">\u00a0<\/div><div><span style=\"display: inline-block; border: 1.5px solid #c8b89a; border-radius: 20px; padding: 5px 16px; font-size: 13px; color: #3d2b1f; margin: 3px; font-family: Georgia,serif;\">Bourbon<\/span><span style=\"display: inline-block; border: 1.5px solid #c8b89a; border-radius: 20px; padding: 5px 16px; font-size: 13px; color: #3d2b1f; margin: 3px; font-family: Georgia,serif;\">Fruit<\/span><\/div><\/div><p><!-- FR \/ DE --><\/p><div style=\"display: grid; grid-template-columns: 1fr 1fr; gap: 2px; margin-top: 2px;\"><div style=\"background: #faf8f4; padding: 32px 36px;\"><p style=\"font-size: 10px; font-weight: bold; text-transform: uppercase; letter-spacing: 3px; color: #a08060; margin: 0 0 8px;\">Fran\u00e7ais<\/p><div style=\"width: 28px; height: 2px; background: #c8b89a; margin-bottom: 14px;\">\u00a0<\/div><p lang=\"fr\" style=\"font-size: 13px; line-height: 1.8; color: #3d2b1f; margin: 0;\">Brujos Anniversary II Kaosophia est une bi\u00e8re TIPA d&#8217;exception de Brujos, en United States. Elle offre une exp\u00e9rience gustative inoubliable. Profil : IPA, Fruit. un vrai chef-d&#8217;\u0153uvre brassicole. Livraison en Suisse, France, Belgique, Pays-Bas, Allemagne et dans toute l&#8217;UE.<\/p><\/div><div style=\"background: #faf8f4; padding: 32px 36px;\"><p style=\"font-size: 10px; font-weight: bold; text-transform: uppercase; letter-spacing: 3px; color: #a08060; margin: 0 0 8px;\">Allemand<\/p><div style=\"width: 28px; height: 2px; background: #c8b89a; margin-bottom: 14px;\">\u00a0<\/div><p lang=\"de\" style=\"font-size: 13px; line-height: 1.8; color: #3d2b1f; margin: 0;\"><span style=\"font-family: Georgia, serif; font-size: 13px; font-style: normal; font-variant-ligatures: normal; font-variant-caps: normal; font-weight: 400;\">Brujos Anniversary II Kaosophia<\/span>\u00a0ist ein au\u00dfergew\u00f6hnliches Bier von Brujos aus United States. bietet es ein unvergessliches Geschmackserlebnis. Profil: IPA, Fruit. ein wahres Meisterwerk des Craft Brewing. Lieferung in die Schweiz, Frankreich, Belgien, Niederlande, Deutschland und EU.<\/p><\/div><\/div><div style=\"background: #fff; padding: 24px 40px; margin-top: 2px; display: flex; align-items: center; justify-content: space-between; flex-wrap: wrap; gap: 12px; border-top: 3px solid #c8b89a;\"><div><p style=\"font-size: 10px; font-weight: bold; text-transform: uppercase; letter-spacing: 2px; color: #a08060; margin: 0 0 4px;\">Prix en ligne<\/p><p style=\"font-size: 30px; font-weight: 400; color: #1a1a1a; margin: 0; font-family: 'Georgia',serif;\">CHF 25<\/p><\/div><div style=\"text-align: right;\"><p style=\"font-size: 13px; color: #3d2b1f; font-weight: 600; margin: 0 0 4px;\">\ud83d\ude9a Delivery: Switzerland \u00b7 France \u00b7 Belgium \u00b7 Netherlands \u00b7 Germany \u00b7 EU<\/p><p style=\"font-size: 11px; color: #a08060; margin: 0;\">Exp\u00e9dition rapide et s\u00e9curis\u00e9e \u00b7 winesandspirits.ch<\/p><\/div><\/div><p><!-- FOOTER --><\/p><div style=\"background: #1a1a1a; padding: 14px 40px; margin-top: 2px; display: flex; align-items: center; justify-content: space-between; flex-wrap: wrap; gap: 10px;\"><span style=\"font-size: 10px; font-weight: bold; text-transform: uppercase; letter-spacing: 3px; color: #c8b89a;\">\u2726 S\u00e9lection Artisanale Premium \u00b7 winesandspirits.ch \u2726<\/span><br \/><span style=\"font-size: 10px; color: #777; font-style: italic;\">\ud83d\udd1e Contient de l'alcool. \u00c0 consommer avec mod\u00e9ration. Vente interdite aux personnes mineures.<\/span><\/div><\/div>\t\t\t\t\t\t\t\t<\/div>\n\t\t\t\t<\/div>\n\t\t\t\t\t<\/div>\n\t\t<\/div>\n\t\t\t\t\t<\/div>\n\t\t<\/section>\n\t\t\t\t<\/div>","protected":false},"excerpt":{"rendered":"<p>Premium IPA by Brujos Aniversario from United States \u00b7 10.0% ABV \u00b7 Worldwide delivery \ud83c\udf0d<\/p>","protected":false},"featured_media":1005430,"template":"","meta":[],"product_brand":[],"product_cat":[76,97,90],"product_tag":[],"class_list":{"0":"post-1005429","1":"product","2":"type-product","3":"status-publish","4":"has-post-thumbnail","6":"product_cat-craft-beer","7":"product_cat-divers-usa-craft-beer","8":"product_cat-usa","10":"first","11":"instock","12":"shipping-taxable","13":"purchasable","14":"product-type-simple"},"supplier_id":null,"supplier_sku":"","barcode":null,"atum_controlled":true,"out_stock_date":null,"out_stock_threshold":null,"inheritable":false,"inbound_stock":null,"stock_on_hold":0,"sold_today":0,"sales_last_days":0,"reserved_stock":null,"customer_returns":null,"warehouse_damage":null,"lost_in_post":null,"other_logs":null,"out_stock_days":0,"lost_sales":0,"has_location":false,"update_date":"2026-04-06T00:00:56","atum_locations":[],"atum_stock_status":"instock","restock_status":false,"low_stock_amount":"","sales_update_date":"2026-04-06T00:00:56","calc_backorders":null,"yoast_head":"<!-- This site is optimized with the Yoast SEO plugin v27.3 - https:\/\/yoast.com\/product\/yoast-seo-wordpress\/ -->\n<title>Brujos Aniversario II Kaosophia | IPA | buy online CH<\/title>\n<meta name=\"description\" content=\"Buy Brujos Aniversario II Kaosophia TIPA 10.0% \u2014 IPA from United States. CHF 25. Passion Fruit, Citrus, Tropical. Worldwide delivery \u2014 CH, EU &amp; internation\" \/>\n<meta name=\"robots\" content=\"index, follow, max-snippet:-1, max-image-preview:large, max-video-preview:-1\" \/>\n<link rel=\"canonical\" href=\"https:\/\/winesandspirits.ch\/fr\/produit\/brujos-aniversario-ii-kaosophia-tipa\/\" \/>\n<meta property=\"og:locale\" content=\"fr_FR\" \/>\n<meta property=\"og:type\" content=\"article\" \/>\n<meta property=\"og:title\" content=\"Brujos Aniversario II Kaosophia | IPA | buy online CH\" \/>\n<meta property=\"og:description\" content=\"Buy Brujos Aniversario II Kaosophia TIPA 10.0% \u2014 IPA from United States. CHF 25. Passion Fruit, Citrus, Tropical. Worldwide delivery \u2014 CH, EU &amp; internation\" \/>\n<meta property=\"og:url\" content=\"https:\/\/winesandspirits.ch\/fr\/produit\/brujos-aniversario-ii-kaosophia-tipa\/\" \/>\n<meta property=\"og:site_name\" content=\"Wines and Spirits SA\" \/>\n<meta property=\"article:modified_time\" content=\"2026-04-04T22:54:02+00:00\" \/>\n<meta property=\"og:image\" content=\"https:\/\/winesandspirits.ch\/wp-content\/uploads\/2026\/04\/Brujos-Anniversary-II-Kaosophia-TIPA-label-rotated.jpg\" \/>\n\t<meta property=\"og:image:width\" content=\"600\" \/>\n\t<meta property=\"og:image:height\" content=\"800\" \/>\n\t<meta property=\"og:image:type\" content=\"image\/jpeg\" \/>\n<meta name=\"twitter:card\" content=\"summary_large_image\" \/>\n<meta name=\"twitter:title\" content=\"Brujos Aniversario II Kaosophia | IPA | buy online CH\" \/>\n<meta name=\"twitter:description\" content=\"Buy Brujos Aniversario II Kaosophia TIPA 10.0% \u2014 IPA from United States. CHF 25. Passion Fruit, Citrus, Tropical. Worldwide delivery \u2014 CH, EU &amp; internation\" \/>\n<script type=\"application\/ld+json\" class=\"yoast-schema-graph\">{\"@context\":\"https:\\\/\\\/schema.org\",\"@graph\":[{\"@type\":[\"WebPage\",\"ItemPage\"],\"@id\":\"https:\\\/\\\/winesandspirits.ch\\\/product\\\/brujos-aniversario-ii-kaosophia-tipa\\\/\",\"url\":\"https:\\\/\\\/winesandspirits.ch\\\/product\\\/brujos-aniversario-ii-kaosophia-tipa\\\/\",\"name\":\"Brujos Aniversario II Kaosophia | IPA | buy online CH\",\"isPartOf\":{\"@id\":\"https:\\\/\\\/winesandspirits.ch\\\/#website\"},\"primaryImageOfPage\":{\"@id\":\"https:\\\/\\\/winesandspirits.ch\\\/product\\\/brujos-aniversario-ii-kaosophia-tipa\\\/#primaryimage\"},\"image\":{\"@id\":\"https:\\\/\\\/winesandspirits.ch\\\/product\\\/brujos-aniversario-ii-kaosophia-tipa\\\/#primaryimage\"},\"thumbnailUrl\":\"https:\\\/\\\/winesandspirits.ch\\\/wp-content\\\/uploads\\\/2026\\\/04\\\/Brujos-Anniversary-II-Kaosophia-TIPA-label-rotated.jpg\",\"datePublished\":\"2026-04-04T01:36:15+00:00\",\"dateModified\":\"2026-04-04T22:54:02+00:00\",\"description\":\"Buy Brujos Aniversario II Kaosophia TIPA 10.0% \u2014 IPA from United States. CHF 25. Passion Fruit, Citrus, Tropical. Worldwide delivery \u2014 CH, EU & internation\",\"breadcrumb\":{\"@id\":\"https:\\\/\\\/winesandspirits.ch\\\/product\\\/brujos-aniversario-ii-kaosophia-tipa\\\/#breadcrumb\"},\"inLanguage\":\"fr-FR\",\"potentialAction\":[{\"@type\":\"ReadAction\",\"target\":[\"https:\\\/\\\/winesandspirits.ch\\\/product\\\/brujos-aniversario-ii-kaosophia-tipa\\\/\"]}]},{\"@type\":\"ImageObject\",\"inLanguage\":\"fr-FR\",\"@id\":\"https:\\\/\\\/winesandspirits.ch\\\/product\\\/brujos-aniversario-ii-kaosophia-tipa\\\/#primaryimage\",\"url\":\"https:\\\/\\\/winesandspirits.ch\\\/wp-content\\\/uploads\\\/2026\\\/04\\\/Brujos-Anniversary-II-Kaosophia-TIPA-label-rotated.jpg\",\"contentUrl\":\"https:\\\/\\\/winesandspirits.ch\\\/wp-content\\\/uploads\\\/2026\\\/04\\\/Brujos-Anniversary-II-Kaosophia-TIPA-label-rotated.jpg\",\"width\":600,\"height\":800,\"caption\":\"Brujos Aniversario II Kaosophia TIPA\"},{\"@type\":\"BreadcrumbList\",\"@id\":\"https:\\\/\\\/winesandspirits.ch\\\/product\\\/brujos-aniversario-ii-kaosophia-tipa\\\/#breadcrumb\",\"itemListElement\":[{\"@type\":\"ListItem\",\"position\":1,\"name\":\"Accueil\",\"item\":\"https:\\\/\\\/winesandspirits.ch\\\/\"},{\"@type\":\"ListItem\",\"position\":2,\"name\":\"Boutique\",\"item\":\"https:\\\/\\\/winesandspirits.ch\\\/boutique-wines-and-spirits-sa-switzerland\\\/\"},{\"@type\":\"ListItem\",\"position\":3,\"name\":\"Brujos Aniversario II Kaosophia TIPA\"}]},{\"@type\":\"WebSite\",\"@id\":\"https:\\\/\\\/winesandspirits.ch\\\/#website\",\"url\":\"https:\\\/\\\/winesandspirits.ch\\\/\",\"name\":\"Wines and Spirits SA\",\"description\":\"Shop Premium Wines, Spirits &amp; Craft Beer Online\",\"publisher\":{\"@id\":\"https:\\\/\\\/winesandspirits.ch\\\/#organization\"},\"potentialAction\":[{\"@type\":\"SearchAction\",\"target\":{\"@type\":\"EntryPoint\",\"urlTemplate\":\"https:\\\/\\\/winesandspirits.ch\\\/?s={search_term_string}\"},\"query-input\":{\"@type\":\"PropertyValueSpecification\",\"valueRequired\":true,\"valueName\":\"search_term_string\"}}],\"inLanguage\":\"fr-FR\"},{\"@type\":\"Organization\",\"@id\":\"https:\\\/\\\/winesandspirits.ch\\\/#organization\",\"name\":\"Wines and Spirits SA\",\"url\":\"https:\\\/\\\/winesandspirits.ch\\\/\",\"logo\":{\"@type\":\"ImageObject\",\"inLanguage\":\"fr-FR\",\"@id\":\"https:\\\/\\\/winesandspirits.ch\\\/#\\\/schema\\\/logo\\\/image\\\/\",\"url\":\"https:\\\/\\\/winesandspirits.ch\\\/wp-content\\\/uploads\\\/2023\\\/01\\\/cropped-Noir.png\",\"contentUrl\":\"https:\\\/\\\/winesandspirits.ch\\\/wp-content\\\/uploads\\\/2023\\\/01\\\/cropped-Noir.png\",\"width\":512,\"height\":512,\"caption\":\"Wines and Spirits SA\"},\"image\":{\"@id\":\"https:\\\/\\\/winesandspirits.ch\\\/#\\\/schema\\\/logo\\\/image\\\/\"}}]}<\/script>\n<!-- \/ Yoast SEO plugin. -->","yoast_head_json":{"title":"Brujos Aniversario II Kaosophia | IPA | buy online CH","description":"Buy Brujos Aniversario II Kaosophia TIPA 10.0% \u2014 IPA from United States. CHF 25. Passion Fruit, Citrus, Tropical. Worldwide delivery \u2014 CH, EU & internation","robots":{"index":"index","follow":"follow","max-snippet":"max-snippet:-1","max-image-preview":"max-image-preview:large","max-video-preview":"max-video-preview:-1"},"canonical":"https:\/\/winesandspirits.ch\/fr\/produit\/brujos-aniversario-ii-kaosophia-tipa\/","og_locale":"fr_FR","og_type":"article","og_title":"Brujos Aniversario II Kaosophia | IPA | buy online CH","og_description":"Buy Brujos Aniversario II Kaosophia TIPA 10.0% \u2014 IPA from United States. CHF 25. Passion Fruit, Citrus, Tropical. Worldwide delivery \u2014 CH, EU & internation","og_url":"https:\/\/winesandspirits.ch\/fr\/produit\/brujos-aniversario-ii-kaosophia-tipa\/","og_site_name":"Wines and Spirits SA","article_modified_time":"2026-04-04T22:54:02+00:00","og_image":[{"width":600,"height":800,"url":"https:\/\/winesandspirits.ch\/wp-content\/uploads\/2026\/04\/Brujos-Anniversary-II-Kaosophia-TIPA-label-rotated.jpg","type":"image\/jpeg"}],"twitter_card":"summary_large_image","twitter_title":"Brujos Aniversario II Kaosophia | IPA | buy online CH","twitter_description":"Buy Brujos Aniversario II Kaosophia TIPA 10.0% \u2014 IPA from United States. CHF 25. Passion Fruit, Citrus, Tropical. Worldwide delivery \u2014 CH, EU & internation","schema":{"@context":"https:\/\/schema.org","@graph":[{"@type":["WebPage","ItemPage"],"@id":"https:\/\/winesandspirits.ch\/product\/brujos-aniversario-ii-kaosophia-tipa\/","url":"https:\/\/winesandspirits.ch\/product\/brujos-aniversario-ii-kaosophia-tipa\/","name":"Brujos Aniversario II Kaosophia | IPA | buy online CH","isPartOf":{"@id":"https:\/\/winesandspirits.ch\/#website"},"primaryImageOfPage":{"@id":"https:\/\/winesandspirits.ch\/product\/brujos-aniversario-ii-kaosophia-tipa\/#primaryimage"},"image":{"@id":"https:\/\/winesandspirits.ch\/product\/brujos-aniversario-ii-kaosophia-tipa\/#primaryimage"},"thumbnailUrl":"https:\/\/winesandspirits.ch\/wp-content\/uploads\/2026\/04\/Brujos-Anniversary-II-Kaosophia-TIPA-label-rotated.jpg","datePublished":"2026-04-04T01:36:15+00:00","dateModified":"2026-04-04T22:54:02+00:00","description":"Buy Brujos Aniversario II Kaosophia TIPA 10.0% \u2014 IPA from United States. CHF 25. Passion Fruit, Citrus, Tropical. Worldwide delivery \u2014 CH, EU & internation","breadcrumb":{"@id":"https:\/\/winesandspirits.ch\/product\/brujos-aniversario-ii-kaosophia-tipa\/#breadcrumb"},"inLanguage":"fr-FR","potentialAction":[{"@type":"ReadAction","target":["https:\/\/winesandspirits.ch\/product\/brujos-aniversario-ii-kaosophia-tipa\/"]}]},{"@type":"ImageObject","inLanguage":"fr-FR","@id":"https:\/\/winesandspirits.ch\/product\/brujos-aniversario-ii-kaosophia-tipa\/#primaryimage","url":"https:\/\/winesandspirits.ch\/wp-content\/uploads\/2026\/04\/Brujos-Anniversary-II-Kaosophia-TIPA-label-rotated.jpg","contentUrl":"https:\/\/winesandspirits.ch\/wp-content\/uploads\/2026\/04\/Brujos-Anniversary-II-Kaosophia-TIPA-label-rotated.jpg","width":600,"height":800,"caption":"Brujos Aniversario II Kaosophia TIPA"},{"@type":"BreadcrumbList","@id":"https:\/\/winesandspirits.ch\/product\/brujos-aniversario-ii-kaosophia-tipa\/#breadcrumb","itemListElement":[{"@type":"ListItem","position":1,"name":"Accueil","item":"https:\/\/winesandspirits.ch\/"},{"@type":"ListItem","position":2,"name":"Boutique","item":"https:\/\/winesandspirits.ch\/boutique-wines-and-spirits-sa-switzerland\/"},{"@type":"ListItem","position":3,"name":"Brujos Aniversario II Kaosophia TIPA"}]},{"@type":"WebSite","@id":"https:\/\/winesandspirits.ch\/#website","url":"https:\/\/winesandspirits.ch\/","name":"Vins et Spiritueux SA","description":"Achetez des vins, spiritueux et bi\u00e8res artisanales de premi\u00e8re qualit\u00e9 en ligne","publisher":{"@id":"https:\/\/winesandspirits.ch\/#organization"},"potentialAction":[{"@type":"SearchAction","target":{"@type":"EntryPoint","urlTemplate":"https:\/\/winesandspirits.ch\/?s={search_term_string}"},"query-input":{"@type":"PropertyValueSpecification","valueRequired":true,"valueName":"search_term_string"}}],"inLanguage":"fr-FR"},{"@type":"Organization","@id":"https:\/\/winesandspirits.ch\/#organization","name":"Vins et Spiritueux SA","url":"https:\/\/winesandspirits.ch\/","logo":{"@type":"ImageObject","inLanguage":"fr-FR","@id":"https:\/\/winesandspirits.ch\/#\/schema\/logo\/image\/","url":"https:\/\/winesandspirits.ch\/wp-content\/uploads\/2023\/01\/cropped-Noir.png","contentUrl":"https:\/\/winesandspirits.ch\/wp-content\/uploads\/2023\/01\/cropped-Noir.png","width":512,"height":512,"caption":"Wines and Spirits SA"},"image":{"@id":"https:\/\/winesandspirits.ch\/#\/schema\/logo\/image\/"}}]}},"_links":{"self":[{"href":"https:\/\/winesandspirits.ch\/fr\/wp-json\/wp\/v2\/product\/1005429","targetHints":{"allow":["GET"]}}],"collection":[{"href":"https:\/\/winesandspirits.ch\/fr\/wp-json\/wp\/v2\/product"}],"about":[{"href":"https:\/\/winesandspirits.ch\/fr\/wp-json\/wp\/v2\/types\/product"}],"version-history":[{"count":6,"href":"https:\/\/winesandspirits.ch\/fr\/wp-json\/wp\/v2\/product\/1005429\/revisions"}],"predecessor-version":[{"id":1006090,"href":"https:\/\/winesandspirits.ch\/fr\/wp-json\/wp\/v2\/product\/1005429\/revisions\/1006090"}],"wp:featuredmedia":[{"embeddable":true,"href":"https:\/\/winesandspirits.ch\/fr\/wp-json\/wp\/v2\/media\/1005430"}],"wp:attachment":[{"href":"https:\/\/winesandspirits.ch\/fr\/wp-json\/wp\/v2\/media?parent=1005429"}],"wp:term":[{"taxonomy":"product_brand","embeddable":true,"href":"https:\/\/winesandspirits.ch\/fr\/wp-json\/wp\/v2\/product_brand?post=1005429"},{"taxonomy":"product_cat","embeddable":true,"href":"https:\/\/winesandspirits.ch\/fr\/wp-json\/wp\/v2\/product_cat?post=1005429"},{"taxonomy":"product_tag","embeddable":true,"href":"https:\/\/winesandspirits.ch\/fr\/wp-json\/wp\/v2\/product_tag?post=1005429"}],"curies":[{"name":"wp","href":"https:\/\/api.w.org\/{rel}","templated":true}]}}