{"id":1000504,"date":"2026-03-27T16:36:19","date_gmt":"2026-03-27T15:36:19","guid":{"rendered":"https:\/\/winesandspirits.ch\/?post_type=product&#038;p=1000504"},"modified":"2026-04-05T00:54:38","modified_gmt":"2026-04-04T22:54:38","slug":"tree-house-tree-house-tree-of-light-double-barrel-ipa-imperial-double","status":"publish","type":"product","link":"https:\/\/winesandspirits.ch\/fr\/produit\/tree-house-tree-house-tree-of-light-double-barrel-ipa-imperial-double\/","title":{"rendered":"Tree House Tree of Light double barrel"},"content":{"rendered":"<div data-elementor-type=\"wp-post\" data-elementor-id=\"1000504\" class=\"elementor elementor-1000504\" data-elementor-post-type=\"product\">\n\t\t\t\t\t\t<section class=\"elementor-section elementor-top-section elementor-element elementor-element-00c0f3bd elementor-section-full_width elementor-section-height-default elementor-section-height-default\" data-id=\"00c0f3bd\" data-element_type=\"section\" data-e-type=\"section\">\n\t\t\t\t\t\t<div class=\"elementor-container elementor-column-gap-no\">\n\t\t\t\t\t<div class=\"elementor-column elementor-col-100 elementor-top-column elementor-element elementor-element-e99cabe0\" data-id=\"e99cabe0\" data-element_type=\"column\" data-e-type=\"column\">\n\t\t\t<div class=\"elementor-widget-wrap elementor-element-populated\">\n\t\t\t\t\t\t<div class=\"elementor-element elementor-element-a61ed839 elementor-widget elementor-widget-html\" data-id=\"a61ed839\" data-element_type=\"widget\" data-e-type=\"widget\" data-widget_type=\"html.default\">\n\t\t\t\t<div class=\"elementor-widget-container\">\n\t\t\t\t\t<div style=\"font-family:'Georgia',serif;background:#faf8f4;margin:0;padding:0;\" itemscope itemtype=\"https:\/\/schema.org\/Product\">\n\n  <!-- \u2550\u2550 SPECS \u2550\u2550 -->\n  <div style=\"background:#ffffff;border:1px solid #ede8e0;border-radius:4px;overflow:hidden;margin-bottom:2px;\">\n    <div style=\"padding:20px 20px 12px;background:#faf8f4;border-bottom:1px solid #ede8e0;\">\n      <p style=\"font-size:10px;font-weight:700;text-transform:uppercase;letter-spacing:3px;color:#a08060;margin:0;\">Sp\u00e9cifications techniques<\/p>\n    <\/div>\n    <div style=\"display:grid;grid-template-columns:repeat(auto-fit,minmax(140px,1fr));\">\n      \n      <div style=\"padding:16px 20px;border-bottom:1px solid #ede8e0;\">\n        <div style=\"font-size:10px;font-weight:700;text-transform:uppercase;letter-spacing:2.5px;color:#a08060;margin-bottom:5px;\">Degr\u00e9 d'alcool<\/div>\n        <div style=\"font-size:17px;font-weight:400;color:#1a1a1a;font-family:'Georgia',serif;\">N\/A%<\/div>\n      <\/div>\n      <div style=\"padding:16px 20px;border-bottom:1px solid #ede8e0;\">\n        <div style=\"font-size:10px;font-weight:700;text-transform:uppercase;letter-spacing:2.5px;color:#a08060;margin-bottom:5px;\">Style<\/div>\n        <div style=\"font-size:17px;font-weight:400;color:#1a1a1a;font-family:'Georgia',serif;\">Barleywine - American<\/div>\n      <\/div>\n      <div style=\"padding:16px 20px;border-bottom:1px solid #ede8e0;\">\n        <div style=\"font-size:10px;font-weight:700;text-transform:uppercase;letter-spacing:2.5px;color:#a08060;margin-bottom:5px;\">Origine<\/div>\n        <div style=\"font-size:17px;font-weight:400;color:#1a1a1a;font-family:'Georgia',serif;\">United States<\/div>\n      <\/div>\n    <\/div>\n  <\/div>\n\n  <!-- \u2550\u2550 TASTING PROFILE \u2550\u2550 -->\n  <div style=\"padding:48px 48px;background:#ffffff;margin-top:2px;\" itemprop=\"description\">\n    <h2 style=\"font-size:11px;font-weight:700;text-transform:uppercase;letter-spacing:3px;color:#a08060;margin:0 0 8px 0;\">Profil de d\u00e9gustation<\/h2>\n    <div style=\"width:40px;height:2px;background:#c8b89a;margin-bottom:20px;\"><\/div>\n    <p style=\"font-size:16px;line-height:1.9;color:#3d2b1f;margin:0;max-width:760px;\">Double Barrel Tree of Light is a barrel-aged barleywine ale aged in select bourbon b Show More \n\n                    Double Barrel Tree of Light is a barrel-aged barleywine ale aged in select bourbon barrels. To capture the myriad of robust notes bourbon offers, after a year of rest this beer was re-racked onto a second round of freshly pulled barrels from some of our favorite makers. A product of time, patience, and carefully studied brewing acumen, this beer has over a decade of learned experi Available online with delivery to Switzerland, France, Belgium and Germany.<\/p>\n  <\/div>\n\n  \n  <!-- \u2550\u2550 BREWERY \u2550\u2550 -->\n  <div style=\"padding:48px 48px;background:#faf8f4;margin-top:2px;\">\n    <h2 style=\"font-size:11px;font-weight:700;text-transform:uppercase;letter-spacing:3px;color:#a08060;margin:0 0 8px 0;\">\u00c0 propos de la brasserie<\/h2>\n    <h3 style=\"font-size:26px;font-weight:400;color:#1a1a1a;margin:0 0 12px 0;font-family:'Georgia',serif;\">Tree House<\/h3>\n    <div style='margin-bottom:16px;'><span style=\"font-size:12px;color:#a08060;\">\ud83d\udccd United States<\/span><\/div>\n    <div style=\"width:40px;height:2px;background:#c8b89a;margin-bottom:20px;\"><\/div>\n    <p style=\"font-size:15px;line-height:1.85;color:#3d2b1f;margin:0;max-width:760px;\">Tree House is a renowned craft brewery celebrated for its unwavering commitment to quality and brewing innovation. Every beer is crafted with meticulous care, using only the finest ingredients to create unique and memorable tasting experiences.<\/p>\n  <\/div>\n\n  <!-- \u2550\u2550 FLAVOR NOTES \u2550\u2550 -->\n  \n\n  <!-- \u2550\u2550 MULTILINGUAL FR \/ DE \u2550\u2550 -->\n  <div style=\"display:grid;grid-template-columns:1fr 1fr;gap:2px;margin-top:2px;\">\n    <div style=\"background:#faf8f4;padding:40px 40px;\">\n      <p style=\"font-size:10px;font-weight:700;text-transform:uppercase;letter-spacing:3px;color:#a08060;margin:0 0 8px 0;\">Fran\u00e7ais<\/p>\n      <div style=\"width:30px;height:2px;background:#c8b89a;margin-bottom:18px;\"><\/div>\n      <p style=\"font-size:14px;line-height:1.85;color:#3d2b1f;margin:0;\" lang=\"fr\">Tree House Tree of Light double barrel est une Barleywine - American d'exception \u00e9labor\u00e9e par Tree House, en United States. Elle offre une exp\u00e9rience gustative inoubliable. On d\u00e9couvre un profil complexe de complex and refined \u2014 une v\u00e9ritable \u0153uvre d'art brassicole qui illustre parfaitement l'excellence artisanale de United States.<\/p>\n    <\/div>\n    <div style=\"background:#faf8f4;padding:40px 40px;\">\n      <p style=\"font-size:10px;font-weight:700;text-transform:uppercase;letter-spacing:3px;color:#a08060;margin:0 0 8px 0;\">Allemand<\/p>\n      <div style=\"width:30px;height:2px;background:#c8b89a;margin-bottom:18px;\"><\/div>\n      <p style=\"font-size:14px;line-height:1.85;color:#3d2b1f;margin:0;\" lang=\"de\">Tree House Tree of Light double barrel ist ein au\u00dfergew\u00f6hnliches Barleywine - American von Tree House aus United States. Es bietet ein unvergessliches Geschmackserlebnis. Entdecken Sie ein reiches Profil aus complex and refined \u2014 ein wahres Meisterwerk der Handwerksbraukunst.<\/p>\n    <\/div>\n  <\/div>\n\n  \n  <!-- \u2550\u2550 UNTAPPD CTA \u2550\u2550 -->\n  <div style=\"background:linear-gradient(135deg,#1a1a2e 0%,#16213e 100%);padding:36px 48px;margin-top:2px;display:flex;align-items:center;justify-content:space-between;flex-wrap:wrap;gap:20px;\">\n    <div>\n      <p style=\"font-size:11px;font-weight:700;text-transform:uppercase;letter-spacing:3px;color:#f9c74f;margin:0 0 6px 0;\">\u00c9valuations de la communaut\u00e9<\/p>\n      <p style=\"font-size:22px;font-weight:400;color:#ffffff;margin:0;font-family:'Georgia',serif;\">D\u00e9couvrez ce que pensent les amateurs de bi\u00e8re<\/p>\n    <\/div>\n    <a href=\"https:\/\/untappd.com\/beer\/6121929\" target=\"_blank\" rel=\"nofollow noopener\"\n       style=\"display:inline-flex;align-items:center;gap:12px;background:#f9c74f;color:#1a1a1a;              text-decoration:none;padding:14px 28px;border-radius:4px;font-weight:700;              font-size:14px;letter-spacing:0.5px;white-space:nowrap;\">\n      <svg width=\"22\" height=\"22\" viewbox=\"0 0 100 100\" fill=\"none\" xmlns=\"http:\/\/www.w3.org\/2000\/svg\">\n        <circle cx=\"50\" cy=\"50\" r=\"48\" fill=\"#1a1a1a\"\/>\n        <path d=\"M30 70 Q50 20 70 70\" stroke=\"#f9c74f\" stroke-width=\"8\" fill=\"none\" stroke-linecap=\"round\"\/>\n        <circle cx=\"50\" cy=\"38\" r=\"8\" fill=\"#f9c74f\"\/>\n      <\/svg>\n      View on Untappd \u2192\n    <\/a>\n  <\/div>\n\n  <!-- \u2550\u2550 PRICE + DELIVERY \u2550\u2550 -->\n  <div style='background:#ffffff;padding:28px 48px;margin-top:2px;display:flex;align-items:center;justify-content:space-between;flex-wrap:wrap;gap:16px;border-top:3px solid #c8b89a;'><div><p style=\"font-size:11px;font-weight:700;text-transform:uppercase;letter-spacing:3px;color:#a08060;margin:0 0 4px 0;\">Prix en ligne<\/p><p style=\"font-size:32px;font-weight:400;color:#1a1a1a;margin:0;font-family:'Georgia',serif;\">CHF 125<\/p><\/div><div style='text-align:right;'><p style=\"font-size:13px;color:#3d2b1f;margin:0 0 4px 0;font-weight:600;\">\ud83d\ude9a Delivery to Switzerland \u00b7 France \u00b7 Belgium \u00b7 Germany<\/p><p style=\"font-size:11px;color:#a08060;margin:0;\">Exp\u00e9dition rapide et s\u00e9curis\u00e9e \u00b7 winesandspirits.ch<\/p><\/div><\/div>\n\n  <!-- \u2550\u2550 LEGAL + FOOTER \u2550\u2550 -->\n  <div style=\"background:#1a1a1a;padding:16px 48px;margin-top:2px;display:flex;align-items:center;justify-content:space-between;flex-wrap:wrap;gap:12px;\">\n    <span style=\"font-size:10px;font-weight:700;text-transform:uppercase;letter-spacing:3px;color:#c8b89a;\">\n      \u2726 S\u00e9lection Artisanale Premium \u00b7 winesandspirits.ch \u2726\n    <\/span>\n    <span style=\"font-size:10px;color:#888;font-style:italic;\">\n      \ud83d\udd1e Contient de l'alcool. \u00c0 consommer avec mod\u00e9ration. Vente interdite aux personnes mineures.\n    <\/span>\n  <\/div>\n\n<\/div>\n<script type=\"application\/ld+json\">\n{\n  \"@context\": \"https:\/\/schema.org\",\n  \"@type\": \"Product\",\n  \"name\": \"Tree House Tree of Light double barrel\",\n  \"url\": \"https:\/\/winesandspirits.ch\/product\/tree-house-tree-of-light-double-barrel-barleywine\/\",\n  \"image\": \"https:\/\/winesandspirits.ch\/wp-content\/uploads\/2026\/03\/Tree-House-Tree-of-Light-double-barrel-label-rotated.jpg\",\n  \"sku\": \"\",\n  \"brand\": {\n    \"@type\": \"Brand\",\n    \"name\": \"Tree House\"\n  },\n  \"offers\": {\n    \"@type\": \"Offer\",\n    \"priceCurrency\": \"CHF\",\n    \"price\": \"125\",\n    \"availability\": \"https:\/\/schema.org\/InStock\",\n    \"url\": \"https:\/\/winesandspirits.ch\/product\/tree-house-tree-of-light-double-barrel-barleywine\/\"\n  }\n}\n<\/script>\t\t\t\t<\/div>\n\t\t\t\t<\/div>\n\t\t\t\t\t<\/div>\n\t\t<\/div>\n\t\t\t\t\t<\/div>\n\t\t<\/section>\n\t\t\t\t<\/div>","protected":false},"excerpt":{"rendered":"<p>Premium IPA &#8211; Imperial \/ Double New England \/ Hazy by Tree House from United States \u00b7 7.8% ABV \u00b7 Worldwide delivery \ud83c\udf0d<\/p>","protected":false},"featured_media":1000505,"template":"","meta":[],"product_brand":[],"product_cat":[76,97,90],"product_tag":[],"class_list":{"0":"post-1000504","1":"product","2":"type-product","3":"status-publish","4":"has-post-thumbnail","6":"product_cat-craft-beer","7":"product_cat-divers-usa-craft-beer","8":"product_cat-usa","10":"first","11":"instock","12":"shipping-taxable","13":"purchasable","14":"product-type-simple"},"supplier_id":null,"supplier_sku":"","barcode":null,"atum_controlled":true,"out_stock_date":null,"out_stock_threshold":null,"inheritable":false,"inbound_stock":null,"stock_on_hold":0,"sold_today":0,"sales_last_days":0,"reserved_stock":null,"customer_returns":null,"warehouse_damage":null,"lost_in_post":null,"other_logs":null,"out_stock_days":0,"lost_sales":0,"has_location":false,"update_date":"2026-04-06T00:00:56","atum_locations":[],"atum_stock_status":"instock","restock_status":false,"low_stock_amount":0,"sales_update_date":"2026-04-06T00:00:56","calc_backorders":null,"yoast_head":"<!-- This site is optimized with the Yoast SEO plugin v27.3 - https:\/\/yoast.com\/product\/yoast-seo-wordpress\/ -->\n<title>Tree House Tree of Light double barrel | buy online CH<\/title>\n<meta name=\"description\" content=\"Buy Tree House Tree of Light double barrel 7.8% \u2014 IPA - Imperial \/ Double New England \/ Hazy from United States. CHF 125. Citrus, Pine, Resin. Worldwide de\" \/>\n<meta name=\"robots\" content=\"index, follow, max-snippet:-1, max-image-preview:large, max-video-preview:-1\" \/>\n<link rel=\"canonical\" href=\"https:\/\/winesandspirits.ch\/fr\/produit\/tree-house-tree-house-tree-of-light-double-barrel-ipa-imperial-double\/\" \/>\n<meta property=\"og:locale\" content=\"fr_FR\" \/>\n<meta property=\"og:type\" content=\"article\" \/>\n<meta property=\"og:title\" content=\"Tree House Tree of Light double barrel | buy online CH\" \/>\n<meta property=\"og:description\" content=\"Buy Tree House Tree of Light double barrel 7.8% \u2014 IPA - Imperial \/ Double New England \/ Hazy from United States. CHF 125. Citrus, Pine, Resin. Worldwide de\" \/>\n<meta property=\"og:url\" content=\"https:\/\/winesandspirits.ch\/fr\/produit\/tree-house-tree-house-tree-of-light-double-barrel-ipa-imperial-double\/\" \/>\n<meta property=\"og:site_name\" content=\"Wines and Spirits SA\" \/>\n<meta property=\"article:modified_time\" content=\"2026-04-04T22:54:38+00:00\" \/>\n<meta property=\"og:image\" content=\"https:\/\/winesandspirits.ch\/wp-content\/uploads\/2026\/03\/Tree-House-Tree-of-Light-double-barrel-label-rotated.jpg\" \/>\n\t<meta property=\"og:image:width\" content=\"600\" \/>\n\t<meta property=\"og:image:height\" content=\"800\" \/>\n\t<meta property=\"og:image:type\" content=\"image\/jpeg\" \/>\n<meta name=\"twitter:card\" content=\"summary_large_image\" \/>\n<meta name=\"twitter:title\" content=\"Tree House Tree of Light double barrel | buy online CH\" \/>\n<meta name=\"twitter:description\" content=\"Buy Tree House Tree of Light double barrel 7.8% \u2014 IPA - Imperial \/ Double New England \/ Hazy from United States. CHF 125. Citrus, Pine, Resin. Worldwide de\" \/>\n<meta name=\"twitter:label1\" content=\"Dur\u00e9e de lecture estim\u00e9e\" \/>\n\t<meta name=\"twitter:data1\" content=\"1 minute\" \/>\n<script type=\"application\/ld+json\" class=\"yoast-schema-graph\">{\"@context\":\"https:\\\/\\\/schema.org\",\"@graph\":[{\"@type\":[\"WebPage\",\"ItemPage\"],\"@id\":\"https:\\\/\\\/winesandspirits.ch\\\/product\\\/tree-house-tree-house-tree-of-light-double-barrel-ipa-imperial-double\\\/\",\"url\":\"https:\\\/\\\/winesandspirits.ch\\\/product\\\/tree-house-tree-house-tree-of-light-double-barrel-ipa-imperial-double\\\/\",\"name\":\"Tree House Tree of Light double barrel | buy online CH\",\"isPartOf\":{\"@id\":\"https:\\\/\\\/winesandspirits.ch\\\/#website\"},\"primaryImageOfPage\":{\"@id\":\"https:\\\/\\\/winesandspirits.ch\\\/product\\\/tree-house-tree-house-tree-of-light-double-barrel-ipa-imperial-double\\\/#primaryimage\"},\"image\":{\"@id\":\"https:\\\/\\\/winesandspirits.ch\\\/product\\\/tree-house-tree-house-tree-of-light-double-barrel-ipa-imperial-double\\\/#primaryimage\"},\"thumbnailUrl\":\"https:\\\/\\\/winesandspirits.ch\\\/wp-content\\\/uploads\\\/2026\\\/03\\\/Tree-House-Tree-of-Light-double-barrel-label-rotated.jpg\",\"datePublished\":\"2026-03-27T15:36:19+00:00\",\"dateModified\":\"2026-04-04T22:54:38+00:00\",\"description\":\"Buy Tree House Tree of Light double barrel 7.8% \u2014 IPA - Imperial \\\/ Double New England \\\/ Hazy from United States. CHF 125. Citrus, Pine, Resin. Worldwide de\",\"breadcrumb\":{\"@id\":\"https:\\\/\\\/winesandspirits.ch\\\/product\\\/tree-house-tree-house-tree-of-light-double-barrel-ipa-imperial-double\\\/#breadcrumb\"},\"inLanguage\":\"fr-FR\",\"potentialAction\":[{\"@type\":\"ReadAction\",\"target\":[\"https:\\\/\\\/winesandspirits.ch\\\/product\\\/tree-house-tree-house-tree-of-light-double-barrel-ipa-imperial-double\\\/\"]}]},{\"@type\":\"ImageObject\",\"inLanguage\":\"fr-FR\",\"@id\":\"https:\\\/\\\/winesandspirits.ch\\\/product\\\/tree-house-tree-house-tree-of-light-double-barrel-ipa-imperial-double\\\/#primaryimage\",\"url\":\"https:\\\/\\\/winesandspirits.ch\\\/wp-content\\\/uploads\\\/2026\\\/03\\\/Tree-House-Tree-of-Light-double-barrel-label-rotated.jpg\",\"contentUrl\":\"https:\\\/\\\/winesandspirits.ch\\\/wp-content\\\/uploads\\\/2026\\\/03\\\/Tree-House-Tree-of-Light-double-barrel-label-rotated.jpg\",\"width\":600,\"height\":800,\"caption\":\"Tree House Tree of Light double barrel\"},{\"@type\":\"BreadcrumbList\",\"@id\":\"https:\\\/\\\/winesandspirits.ch\\\/product\\\/tree-house-tree-house-tree-of-light-double-barrel-ipa-imperial-double\\\/#breadcrumb\",\"itemListElement\":[{\"@type\":\"ListItem\",\"position\":1,\"name\":\"Accueil\",\"item\":\"https:\\\/\\\/winesandspirits.ch\\\/\"},{\"@type\":\"ListItem\",\"position\":2,\"name\":\"Boutique\",\"item\":\"https:\\\/\\\/winesandspirits.ch\\\/boutique-wines-and-spirits-sa-switzerland\\\/\"},{\"@type\":\"ListItem\",\"position\":3,\"name\":\"Tree House Tree of Light double barrel\"}]},{\"@type\":\"WebSite\",\"@id\":\"https:\\\/\\\/winesandspirits.ch\\\/#website\",\"url\":\"https:\\\/\\\/winesandspirits.ch\\\/\",\"name\":\"Wines and Spirits SA\",\"description\":\"Shop Premium Wines, Spirits &amp; Craft Beer Online\",\"publisher\":{\"@id\":\"https:\\\/\\\/winesandspirits.ch\\\/#organization\"},\"potentialAction\":[{\"@type\":\"SearchAction\",\"target\":{\"@type\":\"EntryPoint\",\"urlTemplate\":\"https:\\\/\\\/winesandspirits.ch\\\/?s={search_term_string}\"},\"query-input\":{\"@type\":\"PropertyValueSpecification\",\"valueRequired\":true,\"valueName\":\"search_term_string\"}}],\"inLanguage\":\"fr-FR\"},{\"@type\":\"Organization\",\"@id\":\"https:\\\/\\\/winesandspirits.ch\\\/#organization\",\"name\":\"Wines and Spirits SA\",\"url\":\"https:\\\/\\\/winesandspirits.ch\\\/\",\"logo\":{\"@type\":\"ImageObject\",\"inLanguage\":\"fr-FR\",\"@id\":\"https:\\\/\\\/winesandspirits.ch\\\/#\\\/schema\\\/logo\\\/image\\\/\",\"url\":\"https:\\\/\\\/winesandspirits.ch\\\/wp-content\\\/uploads\\\/2023\\\/01\\\/cropped-Noir.png\",\"contentUrl\":\"https:\\\/\\\/winesandspirits.ch\\\/wp-content\\\/uploads\\\/2023\\\/01\\\/cropped-Noir.png\",\"width\":512,\"height\":512,\"caption\":\"Wines and Spirits SA\"},\"image\":{\"@id\":\"https:\\\/\\\/winesandspirits.ch\\\/#\\\/schema\\\/logo\\\/image\\\/\"}}]}<\/script>\n<!-- \/ Yoast SEO plugin. -->","yoast_head_json":{"title":"Tree House Tree of Light double barrel | buy online CH","description":"Buy Tree House Tree of Light double barrel 7.8% \u2014 IPA - Imperial \/ Double New England \/ Hazy from United States. CHF 125. Citrus, Pine, Resin. Worldwide de","robots":{"index":"index","follow":"follow","max-snippet":"max-snippet:-1","max-image-preview":"max-image-preview:large","max-video-preview":"max-video-preview:-1"},"canonical":"https:\/\/winesandspirits.ch\/fr\/produit\/tree-house-tree-house-tree-of-light-double-barrel-ipa-imperial-double\/","og_locale":"fr_FR","og_type":"article","og_title":"Tree House Tree of Light double barrel | buy online CH","og_description":"Buy Tree House Tree of Light double barrel 7.8% \u2014 IPA - Imperial \/ Double New England \/ Hazy from United States. CHF 125. Citrus, Pine, Resin. Worldwide de","og_url":"https:\/\/winesandspirits.ch\/fr\/produit\/tree-house-tree-house-tree-of-light-double-barrel-ipa-imperial-double\/","og_site_name":"Wines and Spirits SA","article_modified_time":"2026-04-04T22:54:38+00:00","og_image":[{"width":600,"height":800,"url":"https:\/\/winesandspirits.ch\/wp-content\/uploads\/2026\/03\/Tree-House-Tree-of-Light-double-barrel-label-rotated.jpg","type":"image\/jpeg"}],"twitter_card":"summary_large_image","twitter_title":"Tree House Tree of Light double barrel | buy online CH","twitter_description":"Buy Tree House Tree of Light double barrel 7.8% \u2014 IPA - Imperial \/ Double New England \/ Hazy from United States. CHF 125. Citrus, Pine, Resin. Worldwide de","twitter_misc":{"Dur\u00e9e de lecture estim\u00e9e":"1 minute"},"schema":{"@context":"https:\/\/schema.org","@graph":[{"@type":["WebPage","ItemPage"],"@id":"https:\/\/winesandspirits.ch\/product\/tree-house-tree-house-tree-of-light-double-barrel-ipa-imperial-double\/","url":"https:\/\/winesandspirits.ch\/product\/tree-house-tree-house-tree-of-light-double-barrel-ipa-imperial-double\/","name":"Tree House Tree of Light double barrel | buy online CH","isPartOf":{"@id":"https:\/\/winesandspirits.ch\/#website"},"primaryImageOfPage":{"@id":"https:\/\/winesandspirits.ch\/product\/tree-house-tree-house-tree-of-light-double-barrel-ipa-imperial-double\/#primaryimage"},"image":{"@id":"https:\/\/winesandspirits.ch\/product\/tree-house-tree-house-tree-of-light-double-barrel-ipa-imperial-double\/#primaryimage"},"thumbnailUrl":"https:\/\/winesandspirits.ch\/wp-content\/uploads\/2026\/03\/Tree-House-Tree-of-Light-double-barrel-label-rotated.jpg","datePublished":"2026-03-27T15:36:19+00:00","dateModified":"2026-04-04T22:54:38+00:00","description":"Buy Tree House Tree of Light double barrel 7.8% \u2014 IPA - Imperial \/ Double New England \/ Hazy from United States. CHF 125. Citrus, Pine, Resin. Worldwide de","breadcrumb":{"@id":"https:\/\/winesandspirits.ch\/product\/tree-house-tree-house-tree-of-light-double-barrel-ipa-imperial-double\/#breadcrumb"},"inLanguage":"fr-FR","potentialAction":[{"@type":"ReadAction","target":["https:\/\/winesandspirits.ch\/product\/tree-house-tree-house-tree-of-light-double-barrel-ipa-imperial-double\/"]}]},{"@type":"ImageObject","inLanguage":"fr-FR","@id":"https:\/\/winesandspirits.ch\/product\/tree-house-tree-house-tree-of-light-double-barrel-ipa-imperial-double\/#primaryimage","url":"https:\/\/winesandspirits.ch\/wp-content\/uploads\/2026\/03\/Tree-House-Tree-of-Light-double-barrel-label-rotated.jpg","contentUrl":"https:\/\/winesandspirits.ch\/wp-content\/uploads\/2026\/03\/Tree-House-Tree-of-Light-double-barrel-label-rotated.jpg","width":600,"height":800,"caption":"Tree House Tree of Light double barrel"},{"@type":"BreadcrumbList","@id":"https:\/\/winesandspirits.ch\/product\/tree-house-tree-house-tree-of-light-double-barrel-ipa-imperial-double\/#breadcrumb","itemListElement":[{"@type":"ListItem","position":1,"name":"Accueil","item":"https:\/\/winesandspirits.ch\/"},{"@type":"ListItem","position":2,"name":"Boutique","item":"https:\/\/winesandspirits.ch\/boutique-wines-and-spirits-sa-switzerland\/"},{"@type":"ListItem","position":3,"name":"Tree House Tree of Light double barrel"}]},{"@type":"WebSite","@id":"https:\/\/winesandspirits.ch\/#website","url":"https:\/\/winesandspirits.ch\/","name":"Vins et Spiritueux SA","description":"Achetez des vins, spiritueux et bi\u00e8res artisanales de premi\u00e8re qualit\u00e9 en ligne","publisher":{"@id":"https:\/\/winesandspirits.ch\/#organization"},"potentialAction":[{"@type":"SearchAction","target":{"@type":"EntryPoint","urlTemplate":"https:\/\/winesandspirits.ch\/?s={search_term_string}"},"query-input":{"@type":"PropertyValueSpecification","valueRequired":true,"valueName":"search_term_string"}}],"inLanguage":"fr-FR"},{"@type":"Organization","@id":"https:\/\/winesandspirits.ch\/#organization","name":"Vins et Spiritueux SA","url":"https:\/\/winesandspirits.ch\/","logo":{"@type":"ImageObject","inLanguage":"fr-FR","@id":"https:\/\/winesandspirits.ch\/#\/schema\/logo\/image\/","url":"https:\/\/winesandspirits.ch\/wp-content\/uploads\/2023\/01\/cropped-Noir.png","contentUrl":"https:\/\/winesandspirits.ch\/wp-content\/uploads\/2023\/01\/cropped-Noir.png","width":512,"height":512,"caption":"Wines and Spirits SA"},"image":{"@id":"https:\/\/winesandspirits.ch\/#\/schema\/logo\/image\/"}}]}},"_links":{"self":[{"href":"https:\/\/winesandspirits.ch\/fr\/wp-json\/wp\/v2\/product\/1000504","targetHints":{"allow":["GET"]}}],"collection":[{"href":"https:\/\/winesandspirits.ch\/fr\/wp-json\/wp\/v2\/product"}],"about":[{"href":"https:\/\/winesandspirits.ch\/fr\/wp-json\/wp\/v2\/types\/product"}],"version-history":[{"count":49,"href":"https:\/\/winesandspirits.ch\/fr\/wp-json\/wp\/v2\/product\/1000504\/revisions"}],"predecessor-version":[{"id":1006094,"href":"https:\/\/winesandspirits.ch\/fr\/wp-json\/wp\/v2\/product\/1000504\/revisions\/1006094"}],"wp:featuredmedia":[{"embeddable":true,"href":"https:\/\/winesandspirits.ch\/fr\/wp-json\/wp\/v2\/media\/1000505"}],"wp:attachment":[{"href":"https:\/\/winesandspirits.ch\/fr\/wp-json\/wp\/v2\/media?parent=1000504"}],"wp:term":[{"taxonomy":"product_brand","embeddable":true,"href":"https:\/\/winesandspirits.ch\/fr\/wp-json\/wp\/v2\/product_brand?post=1000504"},{"taxonomy":"product_cat","embeddable":true,"href":"https:\/\/winesandspirits.ch\/fr\/wp-json\/wp\/v2\/product_cat?post=1000504"},{"taxonomy":"product_tag","embeddable":true,"href":"https:\/\/winesandspirits.ch\/fr\/wp-json\/wp\/v2\/product_tag?post=1000504"}],"curies":[{"name":"wp","href":"https:\/\/api.w.org\/{rel}","templated":true}]}}