{"id":1000331,"date":"2026-03-16T13:53:57","date_gmt":"2026-03-16T12:53:57","guid":{"rendered":"https:\/\/winesandspirits.ch\/?post_type=product&#038;p=1000331"},"modified":"2026-04-05T14:23:32","modified_gmt":"2026-04-05T12:23:32","slug":"cantillon-cantillon-gueuze-125-lambic-gueuze-buy-online-ch","status":"publish","type":"product","link":"https:\/\/winesandspirits.ch\/fr\/produit\/cantillon-cantillon-gueuze-125-lambic-gueuze-buy-online-ch\/","title":{"rendered":"Cantillon Gueuze 125"},"content":{"rendered":"<div class=\"vgblk-rw-wrapper limit-wrapper\">\n<div style=\"font-family:'Georgia',serif;background:#faf8f4;margin:0;padding:0\">\n<div style=\"background:#fff;border:1px solid #ede8e0;border-radius:4px;overflow:hidden;margin-bottom:2px\">\n<div style=\"padding:16px 18px 8px;background:#faf8f4;border-bottom:1px solid #ede8e0\">\n<p style=\"font-size:10px;font-weight:700;text-transform:uppercase;letter-spacing:3px;color:#a08060;margin:0\">Sp\u00e9cifications techniques<\/p>\n<\/div>\n<div style=\"display:grid;grid-template-columns:repeat(auto-fit,minmax(130px,1fr))\">\n<div style=\"padding:14px 18px;border-bottom:1px solid #ede8e0\">\n<div style=\"font-size:10px;font-weight:700;text-transform:uppercase;letter-spacing:2px;color:#a08060;margin-bottom:4px\">Degr\u00e9 d'alcool<\/div>\n<div style=\"font-size:16px;font-weight:400;color:#1a1a1a;font-family:'Georgia',serif\">5.5%<\/div>\n<\/div>\n<div style=\"padding:14px 18px;border-bottom:1px solid #ede8e0\">\n<div style=\"font-size:10px;font-weight:700;text-transform:uppercase;letter-spacing:2px;color:#a08060;margin-bottom:4px\">Style<\/div>\n<div style=\"font-size:16px;font-weight:400;color:#1a1a1a;font-family:'Georgia',serif\">Lambic \u2013 Gueuze<\/div>\n<\/div>\n<div style=\"padding:14px 18px;border-bottom:1px solid #ede8e0\">\n<div style=\"font-size:10px;font-weight:700;text-transform:uppercase;letter-spacing:2px;color:#a08060;margin-bottom:4px\">Origine<\/div>\n<div style=\"font-size:16px;font-weight:400;color:#1a1a1a;font-family:'Georgia',serif\">Belgique<\/div>\n<\/div>\n<div style=\"padding:14px 18px;border-bottom:1px solid #ede8e0\">\n<div style=\"font-size:10px;font-weight:700;text-transform:uppercase;letter-spacing:2px;color:#a08060;margin-bottom:4px\">Vieillissement en f\u00fbt<\/div>\n<div style=\"font-size:16px;font-weight:400;color:#1a1a1a;font-family:'Georgia',serif\">plus de 20 mois<\/div>\n<\/div>\n<\/div>\n<\/div>\n<div style=\"padding:40px;background:#fff;margin-top:2px\">\n<p style=\"font-size:10px;font-weight:700;text-transform:uppercase;letter-spacing:3px;color:#a08060;margin:0 0 8px\">Profil de d\u00e9gustation<\/p>\n<div style=\"width:36px;height:2px;background:#c8b89a;margin-bottom:18px\"><\/div>\n<p style=\"font-size:15px;line-height:1.9;color:#3d2b1f;margin:0 0 20px;max-width:760px\">La Cantillon Gueuze 125 est une Lambic \u2013 Gueuze d'exception brass\u00e9e par Cantillon en Belgique. Avec ses 5,5% d'alcool, cette bi\u00e8re exceptionnelle offre une exp\u00e9rience gustative inoubliable. Vieillie plus de 20 mois en f\u00fbts de ch\u00eane soigneusement s\u00e9lectionn\u00e9s, elle d\u00e9veloppe une profondeur extraordinaire. Attendez-vous \u00e0 un profil riche de Ch\u00eane, Bois, Acidul\u00e9, Citron \u2014 un v\u00e9ritable chef-d'\u0153uvre du brassage artisanal. Disponible en ligne avec livraison dans le monde entier \u2014 Suisse, UE et exp\u00e9dition internationale. \ud83c\udf0d<\/p>\n<\/div>\n<div style=\"padding:40px;background:#faf8f4;margin-top:2px\">\n<p style=\"font-size:10px;font-weight:700;text-transform:uppercase;letter-spacing:3px;color:#a08060;margin:0 0 6px\">\u00c0 propos de la brasserie<\/p>\n<h3 style=\"font-size:24px;font-weight:400;color:#1a1a1a;margin:0 0 10px;font-family:'Georgia',serif\">Cantillon<\/h3>\n<div style=\"margin-bottom:14px\"><span style=\"font-size:12px;color:#a08060\">Belgique<\/span><\/div>\n<div style=\"width:36px;height:2px;background:#c8b89a;margin-bottom:16px\"><\/div>\n<p style=\"font-size:14px;line-height:1.85;color:#3d2b1f;margin:0 0 20px;max-width:760px\">La Brasserie Cantillon a \u00e9t\u00e9 fond\u00e9e en 1900 par Paul Cantillon \u00e0 Bruxelles, en Belgique, et reste l'une des derni\u00e8res brasseries de Lambic traditionnelles au monde. Aujourd'hui dirig\u00e9e par la quatri\u00e8me g\u00e9n\u00e9ration de la famille Van Roy-Cantillon, la brasserie utilise la fermentation spontan\u00e9e \u2014 ouverte aux levures et bact\u00e9ries sauvages de l'air bruxellois \u2014 une technique inchang\u00e9e depuis plus d'un si\u00e8cle. Cantillon est la r\u00e9f\u00e9rence en mati\u00e8re de Gueuze et de Lambic authentiques, attirant des p\u00e8lerins du monde entier dans leur \u2018 gueuzerie \u2019 traditionnelle du quartier d'Anderlecht. Des bi\u00e8res comme la Ros\u00e9 de Gambrinus, la Kriek, la Saint-Lamvinus et la l\u00e9gendaire s\u00e9rie Lou Pepe sont produites en petites quantit\u00e9s et font partie des plus recherch\u00e9es dans le monde de la bi\u00e8re artisanale.<\/p>\n<div style=\"display:flex;gap:12px;flex-wrap:wrap;margin-top:4px\"><a href=\"https:\/\/winesandspirits.ch\/fr\/categorie-produit\/bieres-craft\/europe\/cantillon\/\" style=\"display:inline-flex;align-items:center;gap:6px;background:#1a1a1a;color:#c8b89a;padding:8px 18px;font-size:11px;font-weight:700;letter-spacing:2px;text-transform:uppercase;text-decoration:none;border-radius:2px\">Voir tous les Cantillon<\/a><a href=\"https:\/\/www.cantillon.be\" target=\"_blank\" rel=\"noopener\" style=\"display:inline-flex;align-items:center;gap:6px;background:#faf8f4;color:#3d2b1f;padding:8px 18px;font-size:11px;font-weight:700;letter-spacing:2px;text-transform:uppercase;text-decoration:none;border:1px solid #c8b89a;border-radius:2px\">Site officiel<\/a><\/div>\n<\/div>\n<div style=\"padding:32px 40px;background:#fff;margin-top:2px\">\n<p style=\"font-size:10px;font-weight:700;text-transform:uppercase;letter-spacing:3px;color:#a08060;margin:0 0 8px\">Notes de saveur<\/p>\n<div style=\"width:36px;height:2px;background:#c8b89a;margin-bottom:16px\"><\/div>\n<div><span style=\"display:inline-block;border:1.5px solid #c8b89a;border-radius:20px;padding:5px 16px;font-size:13px;color:#3d2b1f;margin:3px;font-family:Georgia,serif\">Ch\u00eane<\/span><span style=\"display:inline-block;border:1.5px solid #c8b89a;border-radius:20px;padding:5px 16px;font-size:13px;color:#3d2b1f;margin:3px;font-family:Georgia,serif\">Bois<\/span><span style=\"display:inline-block;border:1.5px solid #c8b89a;border-radius:20px;padding:5px 16px;font-size:13px;color:#3d2b1f;margin:3px;font-family:Georgia,serif\">Tarte<\/span><span style=\"display:inline-block;border:1.5px solid #c8b89a;border-radius:20px;padding:5px 16px;font-size:13px;color:#3d2b1f;margin:3px;font-family:Georgia,serif\">Citron<\/span><\/div>\n<\/div>\n<div style=\"display:grid;grid-template-columns:1fr 1fr;gap:2px;margin-top:2px\">\n<div style=\"background:#faf8f4;padding:32px 36px\">\n<p style=\"font-size:10px;font-weight:700;text-transform:uppercase;letter-spacing:3px;color:#a08060;margin:0 0 8px\">Fran\u00e7ais<\/p>\n<div style=\"width:28px;height:2px;background:#c8b89a;margin-bottom:14px\"><\/div>\n<p style=\"font-size:13px;line-height:1.8;color:#3d2b1f;margin:0\" lang=\"fr\">La Cantillon Gueuze 125 est une bi\u00e8re d\u2019exception de Cantillon, en Belgique. \u00c0 5.5% d\u2019alcool, elle offre une exp\u00e9rience gustative inoubliable apr\u00e8s 20 mois de vieillissement en f\u00fbt. Profil : Ch\u00eane, Bois, Acide, Citron. Un vrai chef-d\u2019\u0153uvre brassicole. Livraison en Suisse, dans toute l\u2019Europe et dans le monde entier \ud83c\udf0d<\/p>\n<\/div>\n<div style=\"background:#faf8f4;padding:32px 36px\">\n<p style=\"font-size:10px;font-weight:700;text-transform:uppercase;letter-spacing:3px;color:#a08060;margin:0 0 8px\">Allemand<\/p>\n<div style=\"width:28px;height:2px;background:#c8b89a;margin-bottom:14px\"><\/div>\n<p style=\"font-size:13px;line-height:1.8;color:#3d2b1f;margin:0\" lang=\"de\">La Cantillon Gueuze 125 est une bi\u00e8re exceptionnelle de Cantillon, en Belgique. Avec 5,5% d'alcool, elle offre une exp\u00e9rience gustative inoubliable apr\u00e8s 20 mois de vieillissement en f\u00fbt. Profil : Ch\u00eane, Bois, Acidul\u00e9, Citron. un v\u00e9ritable chef-d'\u0153uvre du brassage artisanal. Livraison en Suisse, en Europe et dans le monde entier \ud83c\udf0d<\/p>\n<\/div>\n<\/div>\n<div style=\"background:linear-gradient(135deg,#1a1a2e,#16213e);padding:32px 40px;margin-top:2px;display:flex;align-items:center;justify-content:space-between;flex-wrap:wrap;gap:16px\">\n<div>\n<p style=\"font-size:11px;font-weight:700;text-transform:uppercase;letter-spacing:3px;color:#f9c74f;margin:0 0 4px\">\u00c9valuations de la communaut\u00e9<\/p>\n<p style=\"font-size:20px;color:#fff;margin:0;font-family:'Georgia',serif\">D\u00e9couvrez ce que pensent les amateurs de bi\u00e8re<\/p>\n<\/div>\n<p><a href=\"https:\/\/untappd.com\/beer\/6493216\" target=\"_blank\" rel=\"nofollow noopener\" style=\"display:inline-flex;align-items:center;gap:10px;background:#f9c74f;color:#1a1a1a;text-decoration:none;padding:12px 24px;border-radius:4px;font-weight:700;font-size:14px\">\ud83c\udf7a Voir sur Untappd \u2192<\/a><\/div>\n<div style=\"background:#fff;padding:24px 40px;margin-top:2px;display:flex;align-items:center;justify-content:space-between;flex-wrap:wrap;gap:12px;border-top:3px solid #c8b89a\">\n<div>\n<p style=\"font-size:10px;font-weight:700;text-transform:uppercase;letter-spacing:2px;color:#a08060;margin:0 0 4px\">Prix en ligne<\/p>\n<p style=\"font-size:30px;font-weight:400;color:#1a1a1a;margin:0;font-family:'Georgia',serif\">75 CHF<\/p>\n<\/div>\n<div style=\"text-align:right\">\n<p style=\"font-size:13px;color:#3d2b1f;font-weight:600;margin:0 0 4px\">\ud83d\ude9a Livraison dans le monde entier \u2014 Suisse, UE et International \ud83c\udf0d<\/p>\n<p style=\"font-size:11px;color:#a08060;margin:0\">Exp\u00e9dition rapide et s\u00e9curis\u00e9e \u00b7 winesandspirits.ch<\/p>\n<\/div>\n<\/div>\n<div style=\"background:#1a1a1a;padding:14px 40px;margin-top:2px;display:flex;align-items:center;justify-content:space-between;flex-wrap:wrap;gap:10px\">\n<span style=\"font-size:10px;font-weight:700;text-transform:uppercase;letter-spacing:3px;color:#c8b89a\">\u2726 S\u00e9lection Artisanale Premium \u00b7 winesandspirits.ch \u2726<\/span><br \/>\n<span style=\"font-size:10px;color:#777;font-style:italic\">\ud83d\udd1e Contient de l'alcool. \u00c0 consommer avec mod\u00e9ration. Vente interdite aux personnes mineures.<\/span>\n<\/div>\n<\/div>\n<\/div>\n<p><!-- .vgblk-rw-wrapper --><\/p>","protected":false},"excerpt":{"rendered":"<p>Lambic Premium \u2013 Gueuze par Cantillon de Belgique \u00b7 5,5% ABV \u00b7 Vieilli en f\u00fbt 20+ mois \u00b7 Livraison dans le monde entier \ud83c\udf0d<\/p>","protected":false},"featured_media":1000333,"template":"","meta":[],"product_brand":[],"product_cat":[108,76,93],"product_tag":[],"class_list":{"0":"post-1000331","1":"product","2":"type-product","3":"status-publish","4":"has-post-thumbnail","6":"product_cat-cantillon","7":"product_cat-craft-beer","8":"product_cat-bieres-europeenne","10":"first","11":"instock","12":"shipping-taxable","13":"purchasable","14":"product-type-simple"},"supplier_id":null,"supplier_sku":"","barcode":null,"atum_controlled":true,"out_stock_date":null,"out_stock_threshold":null,"inheritable":false,"inbound_stock":0,"stock_on_hold":3,"sold_today":0,"sales_last_days":3,"reserved_stock":0,"customer_returns":0,"warehouse_damage":0,"lost_in_post":0,"other_logs":0,"out_stock_days":0,"lost_sales":0,"has_location":false,"update_date":"2026-04-06T00:01:08","atum_locations":[],"atum_stock_status":"instock","restock_status":true,"low_stock_amount":2,"sales_update_date":"2026-04-06T00:01:08","calc_backorders":null,"yoast_head":"<!-- This site is optimized with the Yoast SEO plugin v27.3 - https:\/\/yoast.com\/product\/yoast-seo-wordpress\/ -->\n<title>Cantillon Gueuze 125 | Lambic - Gueuze | buy online CH<\/title>\n<meta name=\"description\" content=\"Buy Cantillon Gueuze 125 5.5% \u2014 Lambic - Gueuze from Belgium. CHF 75. Oak, Wood, Tart. Worldwide delivery \u2014 CH, EU &amp; international.\" \/>\n<meta name=\"robots\" content=\"index, follow, max-snippet:-1, max-image-preview:large, max-video-preview:-1\" \/>\n<link rel=\"canonical\" href=\"https:\/\/winesandspirits.ch\/fr\/produit\/cantillon-cantillon-gueuze-125-lambic-gueuze-buy-online-ch\/\" \/>\n<meta property=\"og:locale\" content=\"fr_FR\" \/>\n<meta property=\"og:type\" content=\"article\" \/>\n<meta property=\"og:title\" content=\"Cantillon Gueuze 125 | Lambic - Gueuze | buy online CH\" \/>\n<meta property=\"og:description\" content=\"Buy Cantillon Gueuze 125 5.5% \u2014 Lambic - Gueuze from Belgium. CHF 75. Oak, Wood, Tart. Worldwide delivery \u2014 CH, EU &amp; international.\" \/>\n<meta property=\"og:url\" content=\"https:\/\/winesandspirits.ch\/fr\/produit\/cantillon-cantillon-gueuze-125-lambic-gueuze-buy-online-ch\/\" \/>\n<meta property=\"og:site_name\" content=\"Wines and Spirits SA\" \/>\n<meta property=\"article:modified_time\" content=\"2026-04-05T12:23:32+00:00\" \/>\n<meta property=\"og:image\" content=\"https:\/\/winesandspirits.ch\/wp-content\/uploads\/2026\/03\/Cantillon-Gueuze-125-rotated.jpg\" \/>\n\t<meta property=\"og:image:width\" content=\"600\" \/>\n\t<meta property=\"og:image:height\" content=\"800\" \/>\n\t<meta property=\"og:image:type\" content=\"image\/jpeg\" \/>\n<meta name=\"twitter:card\" content=\"summary_large_image\" \/>\n<meta name=\"twitter:title\" content=\"Cantillon Gueuze 125 | Lambic - Gueuze | buy online CH\" \/>\n<meta name=\"twitter:description\" content=\"Buy Cantillon Gueuze 125 5.5% \u2014 Lambic - Gueuze from Belgium. CHF 75. Oak, Wood, Tart. Worldwide delivery \u2014 CH, EU &amp; international.\" \/>\n<meta name=\"twitter:label1\" content=\"Dur\u00e9e de lecture estim\u00e9e\" \/>\n\t<meta name=\"twitter:data1\" content=\"2 minutes\" \/>\n<script type=\"application\/ld+json\" class=\"yoast-schema-graph\">{\"@context\":\"https:\\\/\\\/schema.org\",\"@graph\":[{\"@type\":[\"WebPage\",\"ItemPage\"],\"@id\":\"https:\\\/\\\/winesandspirits.ch\\\/product\\\/cantillon-cantillon-gueuze-125-lambic-gueuze-buy-online-ch\\\/\",\"url\":\"https:\\\/\\\/winesandspirits.ch\\\/product\\\/cantillon-cantillon-gueuze-125-lambic-gueuze-buy-online-ch\\\/\",\"name\":\"Cantillon Gueuze 125 | Lambic - Gueuze | buy online CH\",\"isPartOf\":{\"@id\":\"https:\\\/\\\/winesandspirits.ch\\\/#website\"},\"primaryImageOfPage\":{\"@id\":\"https:\\\/\\\/winesandspirits.ch\\\/product\\\/cantillon-cantillon-gueuze-125-lambic-gueuze-buy-online-ch\\\/#primaryimage\"},\"image\":{\"@id\":\"https:\\\/\\\/winesandspirits.ch\\\/product\\\/cantillon-cantillon-gueuze-125-lambic-gueuze-buy-online-ch\\\/#primaryimage\"},\"thumbnailUrl\":\"https:\\\/\\\/winesandspirits.ch\\\/wp-content\\\/uploads\\\/2026\\\/03\\\/Cantillon-Gueuze-125-rotated.jpg\",\"datePublished\":\"2026-03-16T12:53:57+00:00\",\"dateModified\":\"2026-04-05T12:23:32+00:00\",\"description\":\"Buy Cantillon Gueuze 125 5.5% \u2014 Lambic - Gueuze from Belgium. CHF 75. Oak, Wood, Tart. Worldwide delivery \u2014 CH, EU & international.\",\"breadcrumb\":{\"@id\":\"https:\\\/\\\/winesandspirits.ch\\\/product\\\/cantillon-cantillon-gueuze-125-lambic-gueuze-buy-online-ch\\\/#breadcrumb\"},\"inLanguage\":\"fr-FR\",\"potentialAction\":[{\"@type\":\"ReadAction\",\"target\":[\"https:\\\/\\\/winesandspirits.ch\\\/product\\\/cantillon-cantillon-gueuze-125-lambic-gueuze-buy-online-ch\\\/\"]}]},{\"@type\":\"ImageObject\",\"inLanguage\":\"fr-FR\",\"@id\":\"https:\\\/\\\/winesandspirits.ch\\\/product\\\/cantillon-cantillon-gueuze-125-lambic-gueuze-buy-online-ch\\\/#primaryimage\",\"url\":\"https:\\\/\\\/winesandspirits.ch\\\/wp-content\\\/uploads\\\/2026\\\/03\\\/Cantillon-Gueuze-125-rotated.jpg\",\"contentUrl\":\"https:\\\/\\\/winesandspirits.ch\\\/wp-content\\\/uploads\\\/2026\\\/03\\\/Cantillon-Gueuze-125-rotated.jpg\",\"width\":600,\"height\":800,\"caption\":\"Cantillon Gueuze 125\"},{\"@type\":\"BreadcrumbList\",\"@id\":\"https:\\\/\\\/winesandspirits.ch\\\/product\\\/cantillon-cantillon-gueuze-125-lambic-gueuze-buy-online-ch\\\/#breadcrumb\",\"itemListElement\":[{\"@type\":\"ListItem\",\"position\":1,\"name\":\"Accueil\",\"item\":\"https:\\\/\\\/winesandspirits.ch\\\/\"},{\"@type\":\"ListItem\",\"position\":2,\"name\":\"Boutique\",\"item\":\"https:\\\/\\\/winesandspirits.ch\\\/boutique-wines-and-spirits-sa-switzerland\\\/\"},{\"@type\":\"ListItem\",\"position\":3,\"name\":\"Cantillon Gueuze 125\"}]},{\"@type\":\"WebSite\",\"@id\":\"https:\\\/\\\/winesandspirits.ch\\\/#website\",\"url\":\"https:\\\/\\\/winesandspirits.ch\\\/\",\"name\":\"Wines and Spirits SA\",\"description\":\"Shop Premium Wines, Spirits &amp; Craft Beer Online\",\"publisher\":{\"@id\":\"https:\\\/\\\/winesandspirits.ch\\\/#organization\"},\"potentialAction\":[{\"@type\":\"SearchAction\",\"target\":{\"@type\":\"EntryPoint\",\"urlTemplate\":\"https:\\\/\\\/winesandspirits.ch\\\/?s={search_term_string}\"},\"query-input\":{\"@type\":\"PropertyValueSpecification\",\"valueRequired\":true,\"valueName\":\"search_term_string\"}}],\"inLanguage\":\"fr-FR\"},{\"@type\":\"Organization\",\"@id\":\"https:\\\/\\\/winesandspirits.ch\\\/#organization\",\"name\":\"Wines and Spirits SA\",\"url\":\"https:\\\/\\\/winesandspirits.ch\\\/\",\"logo\":{\"@type\":\"ImageObject\",\"inLanguage\":\"fr-FR\",\"@id\":\"https:\\\/\\\/winesandspirits.ch\\\/#\\\/schema\\\/logo\\\/image\\\/\",\"url\":\"https:\\\/\\\/winesandspirits.ch\\\/wp-content\\\/uploads\\\/2023\\\/01\\\/cropped-Noir.png\",\"contentUrl\":\"https:\\\/\\\/winesandspirits.ch\\\/wp-content\\\/uploads\\\/2023\\\/01\\\/cropped-Noir.png\",\"width\":512,\"height\":512,\"caption\":\"Wines and Spirits SA\"},\"image\":{\"@id\":\"https:\\\/\\\/winesandspirits.ch\\\/#\\\/schema\\\/logo\\\/image\\\/\"}}]}<\/script>\n<!-- \/ Yoast SEO plugin. -->","yoast_head_json":{"title":"Cantillon Gueuze 125 | Lambic - Gueuze | buy online CH","description":"Buy Cantillon Gueuze 125 5.5% \u2014 Lambic - Gueuze from Belgium. CHF 75. Oak, Wood, Tart. Worldwide delivery \u2014 CH, EU & international.","robots":{"index":"index","follow":"follow","max-snippet":"max-snippet:-1","max-image-preview":"max-image-preview:large","max-video-preview":"max-video-preview:-1"},"canonical":"https:\/\/winesandspirits.ch\/fr\/produit\/cantillon-cantillon-gueuze-125-lambic-gueuze-buy-online-ch\/","og_locale":"fr_FR","og_type":"article","og_title":"Cantillon Gueuze 125 | Lambic - Gueuze | buy online CH","og_description":"Buy Cantillon Gueuze 125 5.5% \u2014 Lambic - Gueuze from Belgium. CHF 75. Oak, Wood, Tart. Worldwide delivery \u2014 CH, EU & international.","og_url":"https:\/\/winesandspirits.ch\/fr\/produit\/cantillon-cantillon-gueuze-125-lambic-gueuze-buy-online-ch\/","og_site_name":"Wines and Spirits SA","article_modified_time":"2026-04-05T12:23:32+00:00","og_image":[{"width":600,"height":800,"url":"https:\/\/winesandspirits.ch\/wp-content\/uploads\/2026\/03\/Cantillon-Gueuze-125-rotated.jpg","type":"image\/jpeg"}],"twitter_card":"summary_large_image","twitter_title":"Cantillon Gueuze 125 | Lambic - Gueuze | buy online CH","twitter_description":"Buy Cantillon Gueuze 125 5.5% \u2014 Lambic - Gueuze from Belgium. CHF 75. Oak, Wood, Tart. Worldwide delivery \u2014 CH, EU & international.","twitter_misc":{"Dur\u00e9e de lecture estim\u00e9e":"2 minutes"},"schema":{"@context":"https:\/\/schema.org","@graph":[{"@type":["WebPage","ItemPage"],"@id":"https:\/\/winesandspirits.ch\/product\/cantillon-cantillon-gueuze-125-lambic-gueuze-buy-online-ch\/","url":"https:\/\/winesandspirits.ch\/product\/cantillon-cantillon-gueuze-125-lambic-gueuze-buy-online-ch\/","name":"Cantillon Gueuze 125 | Lambic - Gueuze | buy online CH","isPartOf":{"@id":"https:\/\/winesandspirits.ch\/#website"},"primaryImageOfPage":{"@id":"https:\/\/winesandspirits.ch\/product\/cantillon-cantillon-gueuze-125-lambic-gueuze-buy-online-ch\/#primaryimage"},"image":{"@id":"https:\/\/winesandspirits.ch\/product\/cantillon-cantillon-gueuze-125-lambic-gueuze-buy-online-ch\/#primaryimage"},"thumbnailUrl":"https:\/\/winesandspirits.ch\/wp-content\/uploads\/2026\/03\/Cantillon-Gueuze-125-rotated.jpg","datePublished":"2026-03-16T12:53:57+00:00","dateModified":"2026-04-05T12:23:32+00:00","description":"Buy Cantillon Gueuze 125 5.5% \u2014 Lambic - Gueuze from Belgium. CHF 75. Oak, Wood, Tart. Worldwide delivery \u2014 CH, EU & international.","breadcrumb":{"@id":"https:\/\/winesandspirits.ch\/product\/cantillon-cantillon-gueuze-125-lambic-gueuze-buy-online-ch\/#breadcrumb"},"inLanguage":"fr-FR","potentialAction":[{"@type":"ReadAction","target":["https:\/\/winesandspirits.ch\/product\/cantillon-cantillon-gueuze-125-lambic-gueuze-buy-online-ch\/"]}]},{"@type":"ImageObject","inLanguage":"fr-FR","@id":"https:\/\/winesandspirits.ch\/product\/cantillon-cantillon-gueuze-125-lambic-gueuze-buy-online-ch\/#primaryimage","url":"https:\/\/winesandspirits.ch\/wp-content\/uploads\/2026\/03\/Cantillon-Gueuze-125-rotated.jpg","contentUrl":"https:\/\/winesandspirits.ch\/wp-content\/uploads\/2026\/03\/Cantillon-Gueuze-125-rotated.jpg","width":600,"height":800,"caption":"Cantillon Gueuze 125"},{"@type":"BreadcrumbList","@id":"https:\/\/winesandspirits.ch\/product\/cantillon-cantillon-gueuze-125-lambic-gueuze-buy-online-ch\/#breadcrumb","itemListElement":[{"@type":"ListItem","position":1,"name":"Accueil","item":"https:\/\/winesandspirits.ch\/"},{"@type":"ListItem","position":2,"name":"Boutique","item":"https:\/\/winesandspirits.ch\/boutique-wines-and-spirits-sa-switzerland\/"},{"@type":"ListItem","position":3,"name":"Cantillon Gueuze 125"}]},{"@type":"WebSite","@id":"https:\/\/winesandspirits.ch\/#website","url":"https:\/\/winesandspirits.ch\/","name":"Vins et Spiritueux SA","description":"Achetez des vins, spiritueux et bi\u00e8res artisanales de premi\u00e8re qualit\u00e9 en ligne","publisher":{"@id":"https:\/\/winesandspirits.ch\/#organization"},"potentialAction":[{"@type":"SearchAction","target":{"@type":"EntryPoint","urlTemplate":"https:\/\/winesandspirits.ch\/?s={search_term_string}"},"query-input":{"@type":"PropertyValueSpecification","valueRequired":true,"valueName":"search_term_string"}}],"inLanguage":"fr-FR"},{"@type":"Organization","@id":"https:\/\/winesandspirits.ch\/#organization","name":"Vins et Spiritueux SA","url":"https:\/\/winesandspirits.ch\/","logo":{"@type":"ImageObject","inLanguage":"fr-FR","@id":"https:\/\/winesandspirits.ch\/#\/schema\/logo\/image\/","url":"https:\/\/winesandspirits.ch\/wp-content\/uploads\/2023\/01\/cropped-Noir.png","contentUrl":"https:\/\/winesandspirits.ch\/wp-content\/uploads\/2023\/01\/cropped-Noir.png","width":512,"height":512,"caption":"Wines and Spirits SA"},"image":{"@id":"https:\/\/winesandspirits.ch\/#\/schema\/logo\/image\/"}}]}},"_links":{"self":[{"href":"https:\/\/winesandspirits.ch\/fr\/wp-json\/wp\/v2\/product\/1000331","targetHints":{"allow":["GET"]}}],"collection":[{"href":"https:\/\/winesandspirits.ch\/fr\/wp-json\/wp\/v2\/product"}],"about":[{"href":"https:\/\/winesandspirits.ch\/fr\/wp-json\/wp\/v2\/types\/product"}],"version-history":[{"count":15,"href":"https:\/\/winesandspirits.ch\/fr\/wp-json\/wp\/v2\/product\/1000331\/revisions"}],"predecessor-version":[{"id":1006119,"href":"https:\/\/winesandspirits.ch\/fr\/wp-json\/wp\/v2\/product\/1000331\/revisions\/1006119"}],"wp:featuredmedia":[{"embeddable":true,"href":"https:\/\/winesandspirits.ch\/fr\/wp-json\/wp\/v2\/media\/1000333"}],"wp:attachment":[{"href":"https:\/\/winesandspirits.ch\/fr\/wp-json\/wp\/v2\/media?parent=1000331"}],"wp:term":[{"taxonomy":"product_brand","embeddable":true,"href":"https:\/\/winesandspirits.ch\/fr\/wp-json\/wp\/v2\/product_brand?post=1000331"},{"taxonomy":"product_cat","embeddable":true,"href":"https:\/\/winesandspirits.ch\/fr\/wp-json\/wp\/v2\/product_cat?post=1000331"},{"taxonomy":"product_tag","embeddable":true,"href":"https:\/\/winesandspirits.ch\/fr\/wp-json\/wp\/v2\/product_tag?post=1000331"}],"curies":[{"name":"wp","href":"https:\/\/api.w.org\/{rel}","templated":true}]}}