{"id":360,"date":"2020-03-13T17:44:55","date_gmt":"2020-03-13T16:44:55","guid":{"rendered":"https:\/\/lagar.vamtam.com\/?page_id=360"},"modified":"2026-04-05T01:34:25","modified_gmt":"2026-04-04T23:34:25","slug":"vip-membership","status":"publish","type":"page","link":"https:\/\/winesandspirits.ch\/fr\/vip-membership\/","title":{"rendered":"Club VIP"},"content":{"rendered":"\t\t<div data-elementor-type=\"wp-page\" data-elementor-id=\"360\" class=\"elementor elementor-360\" data-elementor-post-type=\"page\">\n\t\t\t\t\t\t<section class=\"elementor-section elementor-top-section elementor-element elementor-element-165cf2e elementor-section-height-min-height elementor-section-content-bottom elementor-section-boxed elementor-section-height-default elementor-section-items-middle\" data-id=\"165cf2e\" data-element_type=\"section\" data-e-type=\"section\" data-settings=\"{&quot;background_background&quot;:&quot;classic&quot;}\">\n\t\t\t\t\t\t\t<div class=\"elementor-background-overlay\"><\/div>\n\t\t\t\t\t\t\t<div class=\"elementor-container elementor-column-gap-default\">\n\t\t\t\t\t<div class=\"elementor-column elementor-col-100 elementor-top-column elementor-element elementor-element-c785323\" data-id=\"c785323\" data-element_type=\"column\" data-e-type=\"column\">\n\t\t\t<div class=\"elementor-widget-wrap elementor-element-populated\">\n\t\t\t\t\t\t<div class=\"elementor-element elementor-element-1cbda88 elementor-invisible elementor-widget elementor-widget-heading\" data-id=\"1cbda88\" data-element_type=\"widget\" data-e-type=\"widget\" data-settings=\"{&quot;_animation&quot;:&quot;fadeInUp&quot;}\" data-widget_type=\"heading.default\">\n\t\t\t\t<div class=\"elementor-widget-container\">\n\t\t\t\t\t<h1 class=\"elementor-heading-title elementor-size-default\">Member Access<\/h1>\t\t\t\t<\/div>\n\t\t\t\t<\/div>\n\t\t\t\t\t<\/div>\n\t\t<\/div>\n\t\t\t\t\t<\/div>\n\t\t<\/section>\n\t\t\t\t<section class=\"elementor-section elementor-top-section elementor-element elementor-element-b898e74 elementor-section-boxed elementor-section-height-default elementor-section-height-default\" data-id=\"b898e74\" data-element_type=\"section\" data-e-type=\"section\">\n\t\t\t\t\t\t<div class=\"elementor-container elementor-column-gap-default\">\n\t\t\t\t\t<div class=\"elementor-column elementor-col-100 elementor-top-column elementor-element elementor-element-d54b350\" data-id=\"d54b350\" data-element_type=\"column\" data-e-type=\"column\">\n\t\t\t<div class=\"elementor-widget-wrap elementor-element-populated\">\n\t\t\t\t\t\t<div class=\"elementor-element elementor-element-7f96e70 elementor-absolute elementor-widget elementor-widget-image\" data-id=\"7f96e70\" data-element_type=\"widget\" data-e-type=\"widget\" data-settings=\"{&quot;_position&quot;:&quot;absolute&quot;}\" data-widget_type=\"image.default\">\n\t\t\t\t<div class=\"elementor-widget-container\">\n\t\t\t\t\t\t\t\t\t\t\t\t\t\t\t<img fetchpriority=\"high\" decoding=\"async\" width=\"178\" height=\"281\" src=\"https:\/\/winesandspirits.ch\/wp-content\/uploads\/2020\/03\/Vector.png\" class=\"attachment-large size-large wp-image-583\" alt=\"\" srcset=\"https:\/\/winesandspirits.ch\/wp-content\/uploads\/2020\/03\/Vector.png 178w, https:\/\/winesandspirits.ch\/wp-content\/uploads\/2020\/03\/Vector-64x101.jpg 64w\" sizes=\"(max-width: 178px) 100vw, 178px\" \/>\t\t\t\t\t\t\t\t\t\t\t\t\t\t\t<\/div>\n\t\t\t\t<\/div>\n\t\t\t\t<div class=\"elementor-element elementor-element-2684e94 elementor-widget elementor-widget-text-editor\" data-id=\"2684e94\" data-element_type=\"widget\" data-e-type=\"widget\" data-widget_type=\"text-editor.default\">\n\t\t\t\t<div class=\"elementor-widget-container\">\n\t\t\t\t\t\t\t\t\t<p class=\"font-claude-response-body break-words whitespace-normal leading-[1.7]\">Priority access to allocations and rare finds. Membership gives exclusive access to:<\/p><ul class=\"[li_&amp;]:mb-0 [li_&amp;]:mt-1 [li_&amp;]:gap-1 [&amp;:not(:last-child)_ul]:pb-1 [&amp;:not(:last-child)_ol]:pb-1 list-disc flex flex-col gap-1 pl-8 mb-3\"><li class=\"whitespace-normal break-words pl-2\">Early access to new arrivals<\/li><li class=\"whitespace-normal break-words pl-2\">An additional 10% discount<\/li><li class=\"whitespace-normal break-words pl-2\">An annual event including dinner and tasting with 1 guest<\/li><li class=\"whitespace-normal break-words pl-2\">An annual themed trip (at your own expense) that I organise with my best contacts and insider knowledge<\/li><li class=\"whitespace-normal break-words pl-2\">Certain exclusive rarities (goodies, glasses, access&#8230;)<\/li><\/ul><p class=\"font-claude-response-body break-words whitespace-pre-wrap leading-[1.7]\">Conditions: Membership access is granted once your total orders reach CHF 5000. More information available on request.<\/p>\t\t\t\t\t\t\t\t<\/div>\n\t\t\t\t<\/div>\n\t\t\t\t\t<\/div>\n\t\t<\/div>\n\t\t\t\t\t<\/div>\n\t\t<\/section>\n\t\t\t\t<section class=\"elementor-section elementor-top-section elementor-element elementor-element-4502cd6 elementor-section-boxed elementor-section-height-default elementor-section-height-default\" data-id=\"4502cd6\" data-element_type=\"section\" data-e-type=\"section\">\n\t\t\t\t\t\t<div class=\"elementor-container elementor-column-gap-default\">\n\t\t\t\t\t<div class=\"elementor-column elementor-col-50 elementor-top-column elementor-element elementor-element-1d7f710\" data-id=\"1d7f710\" data-element_type=\"column\" data-e-type=\"column\" data-settings=\"{&quot;background_background&quot;:&quot;classic&quot;}\">\n\t\t\t<div class=\"elementor-widget-wrap elementor-element-populated\">\n\t\t\t\t\t\t<div class=\"elementor-element elementor-element-7563ef3 elementor-invisible elementor-widget elementor-widget-image\" data-id=\"7563ef3\" data-element_type=\"widget\" data-e-type=\"widget\" data-settings=\"{&quot;_animation&quot;:&quot;imageGrowWithScaleLeft&quot;}\" data-widget_type=\"image.default\">\n\t\t\t\t<div class=\"elementor-widget-container\">\n\t\t\t\t\t\t\t\t\t\t\t\t\t\t\t<img decoding=\"async\" width=\"1024\" height=\"683\" src=\"https:\/\/winesandspirits.ch\/wp-content\/uploads\/2026\/03\/carnotzet.jpg\" class=\"attachment-large size-large wp-image-1000090\" alt=\"carnotzet d\u00e9gustation\" srcset=\"https:\/\/winesandspirits.ch\/wp-content\/uploads\/2026\/03\/carnotzet.jpg 1024w, https:\/\/winesandspirits.ch\/wp-content\/uploads\/2026\/03\/carnotzet-300x200.jpg 300w, https:\/\/winesandspirits.ch\/wp-content\/uploads\/2026\/03\/carnotzet-768x512.jpg 768w, https:\/\/winesandspirits.ch\/wp-content\/uploads\/2026\/03\/carnotzet-630x420.jpg 630w, https:\/\/winesandspirits.ch\/wp-content\/uploads\/2026\/03\/carnotzet-64x43.jpg 64w\" sizes=\"(max-width: 1024px) 100vw, 1024px\" \/>\t\t\t\t\t\t\t\t\t\t\t\t\t\t\t<\/div>\n\t\t\t\t<\/div>\n\t\t\t\t\t<\/div>\n\t\t<\/div>\n\t\t\t\t<div class=\"elementor-column elementor-col-50 elementor-top-column elementor-element elementor-element-65eace3 animated-slow elementor-invisible\" data-id=\"65eace3\" data-element_type=\"column\" data-e-type=\"column\" data-settings=\"{&quot;animation&quot;:&quot;fadeIn&quot;}\">\n\t\t\t<div class=\"elementor-widget-wrap elementor-element-populated\">\n\t\t\t\t\t\t<div class=\"elementor-element elementor-element-2ef9aa2 animated-slow elementor-invisible elementor-widget elementor-widget-heading\" data-id=\"2ef9aa2\" data-element_type=\"widget\" data-e-type=\"widget\" data-settings=\"{&quot;_animation&quot;:&quot;fadeInRight&quot;}\" data-widget_type=\"heading.default\">\n\t\t\t\t<div class=\"elementor-widget-container\">\n\t\t\t\t\t<h2 class=\"elementor-heading-title elementor-size-default\">Join us<\/h2>\t\t\t\t<\/div>\n\t\t\t\t<\/div>\n\t\t\t\t<div class=\"elementor-element elementor-element-8c01e39 elementor-widget elementor-widget-heading\" data-id=\"8c01e39\" data-element_type=\"widget\" data-e-type=\"widget\" data-widget_type=\"heading.default\">\n\t\t\t\t<div class=\"elementor-widget-container\">\n\t\t\t\t\t<p class=\"elementor-heading-title elementor-size-default\">For any questions regarding membership. We will get back to you as soon as possible.<\/p>\t\t\t\t<\/div>\n\t\t\t\t<\/div>\n\t\t\t\t<div class=\"elementor-element elementor-element-ec4d392 elementor-button-align-center elementor-widget elementor-widget-form\" data-id=\"ec4d392\" data-element_type=\"widget\" data-e-type=\"widget\" data-settings=\"{&quot;step_next_label&quot;:&quot;Next&quot;,&quot;step_previous_label&quot;:&quot;Previous&quot;,&quot;button_width&quot;:&quot;100&quot;,&quot;step_type&quot;:&quot;number_text&quot;,&quot;step_icon_shape&quot;:&quot;circle&quot;}\" data-widget_type=\"form.default\">\n\t\t\t\t<div class=\"elementor-widget-container\">\n\t\t\t\t\t\t\t<form class=\"elementor-form\" method=\"post\" name=\"Inscription Club VIP\" aria-label=\"Inscription Club VIP\">\n\t\t\t<input type=\"hidden\" name=\"post_id\" value=\"360\"\/>\n\t\t\t<input type=\"hidden\" name=\"form_id\" value=\"ec4d392\"\/>\n\t\t\t<input type=\"hidden\" name=\"referer_title\" value=\"Wines and Spirits SA\" \/>\n\n\t\t\t\n\t\t\t<div class=\"elementor-form-fields-wrapper elementor-labels-\">\n\t\t\t\t\t\t\t\t<div class=\"elementor-field-type-text elementor-field-group elementor-column elementor-field-group-name elementor-col-50 elementor-field-required\">\n\t\t\t\t\t\t\t\t\t\t\t\t<label for=\"form-field-name\" class=\"elementor-field-label elementor-screen-only\">\n\t\t\t\t\t\t\t\tNom\t\t\t\t\t\t\t<\/label>\n\t\t\t\t\t\t\t\t\t\t\t\t\t\t<input size=\"1\" type=\"text\" name=\"form_fields[name]\" id=\"form-field-name\" class=\"elementor-field elementor-size-md  elementor-field-textual\" placeholder=\"Nom\" value=\"Name\" required=\"required\">\n\t\t\t\t\t\t\t\t\t\t\t<\/div>\n\t\t\t\t\t\t\t\t<div class=\"elementor-field-type-text elementor-field-group elementor-column elementor-field-group-field_7167dcc elementor-col-50\">\n\t\t\t\t\t\t\t\t\t\t\t\t<label for=\"form-field-field_7167dcc\" class=\"elementor-field-label elementor-screen-only\">\n\t\t\t\t\t\t\t\tPr\u00e9nom\t\t\t\t\t\t\t<\/label>\n\t\t\t\t\t\t\t\t\t\t\t\t\t\t<input size=\"1\" type=\"text\" name=\"form_fields[field_7167dcc]\" id=\"form-field-field_7167dcc\" class=\"elementor-field elementor-size-md  elementor-field-textual\" placeholder=\"Pr\u00e9nom\" value=\"Surname\">\n\t\t\t\t\t\t\t\t\t\t\t<\/div>\n\t\t\t\t\t\t\t\t<div class=\"elementor-field-type-text elementor-field-group elementor-column elementor-field-group-field_8276763 elementor-col-100\">\n\t\t\t\t\t\t\t\t\t\t\t\t<label for=\"form-field-field_8276763\" class=\"elementor-field-label elementor-screen-only\">\n\t\t\t\t\t\t\t\tT\u00e9l\u00e9phone\t\t\t\t\t\t\t<\/label>\n\t\t\t\t\t\t\t\t\t\t\t\t\t\t<input size=\"1\" type=\"text\" name=\"form_fields[field_8276763]\" id=\"form-field-field_8276763\" class=\"elementor-field elementor-size-md  elementor-field-textual\" placeholder=\"T\u00e9l\u00e9phone\" value=\"Phone\">\n\t\t\t\t\t\t\t\t\t\t\t<\/div>\n\t\t\t\t\t\t\t\t<div class=\"elementor-field-type-email elementor-field-group elementor-column elementor-field-group-email elementor-col-100 elementor-field-required\">\n\t\t\t\t\t\t\t\t\t\t\t\t<label for=\"form-field-email\" class=\"elementor-field-label elementor-screen-only\">\n\t\t\t\t\t\t\t\tEmail\t\t\t\t\t\t\t<\/label>\n\t\t\t\t\t\t\t\t\t\t\t\t\t\t<input size=\"1\" type=\"email\" name=\"form_fields[email]\" id=\"form-field-email\" class=\"elementor-field elementor-size-md  elementor-field-textual\" placeholder=\"Mail\" required=\"required\">\n\t\t\t\t\t\t\t\t\t\t\t<\/div>\n\t\t\t\t\t\t\t\t<div class=\"elementor-field-group elementor-column elementor-field-type-submit elementor-col-100 e-form__buttons\">\n\t\t\t\t\t<button class=\"elementor-button elementor-size-sm\" type=\"submit\">\n\t\t\t\t\t\t<span class=\"elementor-button-content-wrapper\">\n\t\t\t\t\t\t\t\t\t\t\t\t\t\t\t<span class=\"elementor-button-icon\">\n\t\t\t\t\t\t\t\t\t<i aria-hidden=\"true\" class=\"fas fa-arrow-right\"><\/i>\t\t\t\t\t\t\t\t\t\t\t\t\t\t\t\t\t<\/span>\n\t\t\t\t\t\t\t\t\t\t\t\t\t\t\t\t\t\t\t\t\t\t<span class=\"elementor-button-text\">Send<\/span>\n\t\t\t\t\t\t\t\t\t\t\t\t\t<\/span>\n\t\t\t\t\t<\/button>\n\t\t\t\t<\/div>\n\t\t\t<\/div>\n\t\t<\/form>\n\t\t\t\t\t\t<\/div>\n\t\t\t\t<\/div>\n\t\t\t\t\t<\/div>\n\t\t<\/div>\n\t\t\t\t\t<\/div>\n\t\t<\/section>\n\t\t\t\t<\/div>\n\t\t","protected":false},"excerpt":{"rendered":"<p>Member Access Priority access to allocations and rare finds. Membership gives exclusive access to: Early access to new arrivals An additional 10% discount An annual event including dinner and tasting with 1 guest An annual themed trip (at your own expense) that I organise with my best contacts and insider knowledge Certain exclusive rarities (goodies,&#8230;<\/p>","protected":false},"author":1,"featured_media":0,"parent":0,"menu_order":0,"comment_status":"closed","ping_status":"closed","template":"","meta":{"footnotes":""},"class_list":["post-360","page","type-page","status-publish","hentry"],"yoast_head":"<!-- This site is optimized with the Yoast SEO plugin v27.3 - https:\/\/yoast.com\/product\/yoast-seo-wordpress\/ -->\n<title>VIP Membership \u2014 Exclusive Access &amp; Tastings<\/title>\n<meta name=\"description\" content=\"Join our VIP club \u2014 early access to rare allocations, 10% discount, exclusive tastings &amp; trips. CHF 5000 in orders. Wines and Spirits SA.\" \/>\n<meta name=\"robots\" content=\"index, follow, max-snippet:-1, max-image-preview:large, max-video-preview:-1\" \/>\n<link rel=\"canonical\" href=\"https:\/\/winesandspirits.ch\/fr\/vip-membership\/\" \/>\n<meta property=\"og:locale\" content=\"fr_FR\" \/>\n<meta property=\"og:type\" content=\"article\" \/>\n<meta property=\"og:title\" content=\"VIP Membership \u2014 Exclusive Access &amp; Tastings\" \/>\n<meta property=\"og:description\" content=\"Join our VIP club \u2014 early access to rare allocations, 10% discount, exclusive tastings &amp; trips. CHF 5000 in orders. Wines and Spirits SA.\" \/>\n<meta property=\"og:url\" content=\"https:\/\/winesandspirits.ch\/fr\/vip-membership\/\" \/>\n<meta property=\"og:site_name\" content=\"Wines and Spirits SA\" \/>\n<meta property=\"article:modified_time\" content=\"2026-04-04T23:34:25+00:00\" \/>\n<meta property=\"og:image\" content=\"https:\/\/winesandspirits.ch\/wp-content\/uploads\/2020\/03\/Vector.png\" \/>\n<meta name=\"twitter:card\" content=\"summary_large_image\" \/>\n<meta name=\"twitter:label1\" content=\"Dur\u00e9e de lecture estim\u00e9e\" \/>\n\t<meta name=\"twitter:data1\" content=\"1 minute\" \/>\n<script type=\"application\/ld+json\" class=\"yoast-schema-graph\">{\"@context\":\"https:\\\/\\\/schema.org\",\"@graph\":[{\"@type\":\"WebPage\",\"@id\":\"https:\\\/\\\/winesandspirits.ch\\\/vip-membership\\\/\",\"url\":\"https:\\\/\\\/winesandspirits.ch\\\/vip-membership\\\/\",\"name\":\"VIP Membership \u2014 Exclusive Access & Tastings\",\"isPartOf\":{\"@id\":\"https:\\\/\\\/winesandspirits.ch\\\/#website\"},\"primaryImageOfPage\":{\"@id\":\"https:\\\/\\\/winesandspirits.ch\\\/vip-membership\\\/#primaryimage\"},\"image\":{\"@id\":\"https:\\\/\\\/winesandspirits.ch\\\/vip-membership\\\/#primaryimage\"},\"thumbnailUrl\":\"https:\\\/\\\/winesandspirits.ch\\\/wp-content\\\/uploads\\\/2020\\\/03\\\/Vector.png\",\"datePublished\":\"2020-03-13T16:44:55+00:00\",\"dateModified\":\"2026-04-04T23:34:25+00:00\",\"description\":\"Join our VIP club \u2014 early access to rare allocations, 10% discount, exclusive tastings & trips. CHF 5000 in orders. Wines and Spirits SA.\",\"breadcrumb\":{\"@id\":\"https:\\\/\\\/winesandspirits.ch\\\/vip-membership\\\/#breadcrumb\"},\"inLanguage\":\"fr-FR\",\"potentialAction\":[{\"@type\":\"ReadAction\",\"target\":[\"https:\\\/\\\/winesandspirits.ch\\\/vip-membership\\\/\"]}]},{\"@type\":\"ImageObject\",\"inLanguage\":\"fr-FR\",\"@id\":\"https:\\\/\\\/winesandspirits.ch\\\/vip-membership\\\/#primaryimage\",\"url\":\"https:\\\/\\\/winesandspirits.ch\\\/wp-content\\\/uploads\\\/2020\\\/03\\\/Vector.png\",\"contentUrl\":\"https:\\\/\\\/winesandspirits.ch\\\/wp-content\\\/uploads\\\/2020\\\/03\\\/Vector.png\"},{\"@type\":\"BreadcrumbList\",\"@id\":\"https:\\\/\\\/winesandspirits.ch\\\/vip-membership\\\/#breadcrumb\",\"itemListElement\":[{\"@type\":\"ListItem\",\"position\":1,\"name\":\"Accueil\",\"item\":\"https:\\\/\\\/winesandspirits.ch\\\/\"},{\"@type\":\"ListItem\",\"position\":2,\"name\":\"Club VIP\"}]},{\"@type\":\"WebSite\",\"@id\":\"https:\\\/\\\/winesandspirits.ch\\\/#website\",\"url\":\"https:\\\/\\\/winesandspirits.ch\\\/\",\"name\":\"Wines and Spirits SA\",\"description\":\"Shop Premium Wines, Spirits &amp; Craft Beer Online\",\"publisher\":{\"@id\":\"https:\\\/\\\/winesandspirits.ch\\\/#organization\"},\"potentialAction\":[{\"@type\":\"SearchAction\",\"target\":{\"@type\":\"EntryPoint\",\"urlTemplate\":\"https:\\\/\\\/winesandspirits.ch\\\/?s={search_term_string}\"},\"query-input\":{\"@type\":\"PropertyValueSpecification\",\"valueRequired\":true,\"valueName\":\"search_term_string\"}}],\"inLanguage\":\"fr-FR\"},{\"@type\":\"Organization\",\"@id\":\"https:\\\/\\\/winesandspirits.ch\\\/#organization\",\"name\":\"Wines and Spirits SA\",\"url\":\"https:\\\/\\\/winesandspirits.ch\\\/\",\"logo\":{\"@type\":\"ImageObject\",\"inLanguage\":\"fr-FR\",\"@id\":\"https:\\\/\\\/winesandspirits.ch\\\/#\\\/schema\\\/logo\\\/image\\\/\",\"url\":\"https:\\\/\\\/winesandspirits.ch\\\/wp-content\\\/uploads\\\/2023\\\/01\\\/cropped-Noir.png\",\"contentUrl\":\"https:\\\/\\\/winesandspirits.ch\\\/wp-content\\\/uploads\\\/2023\\\/01\\\/cropped-Noir.png\",\"width\":512,\"height\":512,\"caption\":\"Wines and Spirits SA\"},\"image\":{\"@id\":\"https:\\\/\\\/winesandspirits.ch\\\/#\\\/schema\\\/logo\\\/image\\\/\"}}]}<\/script>\n<!-- \/ Yoast SEO plugin. -->","yoast_head_json":{"title":"VIP Membership \u2014 Exclusive Access & Tastings","description":"Join our VIP club \u2014 early access to rare allocations, 10% discount, exclusive tastings & trips. CHF 5000 in orders. Wines and Spirits SA.","robots":{"index":"index","follow":"follow","max-snippet":"max-snippet:-1","max-image-preview":"max-image-preview:large","max-video-preview":"max-video-preview:-1"},"canonical":"https:\/\/winesandspirits.ch\/fr\/vip-membership\/","og_locale":"fr_FR","og_type":"article","og_title":"VIP Membership \u2014 Exclusive Access & Tastings","og_description":"Join our VIP club \u2014 early access to rare allocations, 10% discount, exclusive tastings & trips. CHF 5000 in orders. Wines and Spirits SA.","og_url":"https:\/\/winesandspirits.ch\/fr\/vip-membership\/","og_site_name":"Wines and Spirits SA","article_modified_time":"2026-04-04T23:34:25+00:00","og_image":[{"url":"https:\/\/winesandspirits.ch\/wp-content\/uploads\/2020\/03\/Vector.png","type":"","width":"","height":""}],"twitter_card":"summary_large_image","twitter_misc":{"Dur\u00e9e de lecture estim\u00e9e":"1 minute"},"schema":{"@context":"https:\/\/schema.org","@graph":[{"@type":"WebPage","@id":"https:\/\/winesandspirits.ch\/vip-membership\/","url":"https:\/\/winesandspirits.ch\/vip-membership\/","name":"VIP Membership \u2014 Exclusive Access & Tastings","isPartOf":{"@id":"https:\/\/winesandspirits.ch\/#website"},"primaryImageOfPage":{"@id":"https:\/\/winesandspirits.ch\/vip-membership\/#primaryimage"},"image":{"@id":"https:\/\/winesandspirits.ch\/vip-membership\/#primaryimage"},"thumbnailUrl":"https:\/\/winesandspirits.ch\/wp-content\/uploads\/2020\/03\/Vector.png","datePublished":"2020-03-13T16:44:55+00:00","dateModified":"2026-04-04T23:34:25+00:00","description":"Join our VIP club \u2014 early access to rare allocations, 10% discount, exclusive tastings & trips. CHF 5000 in orders. Wines and Spirits SA.","breadcrumb":{"@id":"https:\/\/winesandspirits.ch\/vip-membership\/#breadcrumb"},"inLanguage":"fr-FR","potentialAction":[{"@type":"ReadAction","target":["https:\/\/winesandspirits.ch\/vip-membership\/"]}]},{"@type":"ImageObject","inLanguage":"fr-FR","@id":"https:\/\/winesandspirits.ch\/vip-membership\/#primaryimage","url":"https:\/\/winesandspirits.ch\/wp-content\/uploads\/2020\/03\/Vector.png","contentUrl":"https:\/\/winesandspirits.ch\/wp-content\/uploads\/2020\/03\/Vector.png"},{"@type":"BreadcrumbList","@id":"https:\/\/winesandspirits.ch\/vip-membership\/#breadcrumb","itemListElement":[{"@type":"ListItem","position":1,"name":"Accueil","item":"https:\/\/winesandspirits.ch\/"},{"@type":"ListItem","position":2,"name":"Club VIP"}]},{"@type":"WebSite","@id":"https:\/\/winesandspirits.ch\/#website","url":"https:\/\/winesandspirits.ch\/","name":"Vins et Spiritueux SA","description":"Achetez des vins, spiritueux et bi\u00e8res artisanales de premi\u00e8re qualit\u00e9 en ligne","publisher":{"@id":"https:\/\/winesandspirits.ch\/#organization"},"potentialAction":[{"@type":"SearchAction","target":{"@type":"EntryPoint","urlTemplate":"https:\/\/winesandspirits.ch\/?s={search_term_string}"},"query-input":{"@type":"PropertyValueSpecification","valueRequired":true,"valueName":"search_term_string"}}],"inLanguage":"fr-FR"},{"@type":"Organization","@id":"https:\/\/winesandspirits.ch\/#organization","name":"Vins et Spiritueux SA","url":"https:\/\/winesandspirits.ch\/","logo":{"@type":"ImageObject","inLanguage":"fr-FR","@id":"https:\/\/winesandspirits.ch\/#\/schema\/logo\/image\/","url":"https:\/\/winesandspirits.ch\/wp-content\/uploads\/2023\/01\/cropped-Noir.png","contentUrl":"https:\/\/winesandspirits.ch\/wp-content\/uploads\/2023\/01\/cropped-Noir.png","width":512,"height":512,"caption":"Wines and Spirits SA"},"image":{"@id":"https:\/\/winesandspirits.ch\/#\/schema\/logo\/image\/"}}]}},"_links":{"self":[{"href":"https:\/\/winesandspirits.ch\/fr\/wp-json\/wp\/v2\/pages\/360","targetHints":{"allow":["GET"]}}],"collection":[{"href":"https:\/\/winesandspirits.ch\/fr\/wp-json\/wp\/v2\/pages"}],"about":[{"href":"https:\/\/winesandspirits.ch\/fr\/wp-json\/wp\/v2\/types\/page"}],"author":[{"embeddable":true,"href":"https:\/\/winesandspirits.ch\/fr\/wp-json\/wp\/v2\/users\/1"}],"replies":[{"embeddable":true,"href":"https:\/\/winesandspirits.ch\/fr\/wp-json\/wp\/v2\/comments?post=360"}],"version-history":[{"count":92,"href":"https:\/\/winesandspirits.ch\/fr\/wp-json\/wp\/v2\/pages\/360\/revisions"}],"predecessor-version":[{"id":1006302,"href":"https:\/\/winesandspirits.ch\/fr\/wp-json\/wp\/v2\/pages\/360\/revisions\/1006302"}],"wp:attachment":[{"href":"https:\/\/winesandspirits.ch\/fr\/wp-json\/wp\/v2\/media?parent=360"}],"curies":[{"name":"wp","href":"https:\/\/api.w.org\/{rel}","templated":true}]}}