{"id":358,"date":"2020-03-13T17:44:21","date_gmt":"2020-03-13T16:44:21","guid":{"rendered":"https:\/\/lagar.vamtam.com\/?page_id=358"},"modified":"2026-04-05T01:16:39","modified_gmt":"2026-04-04T23:16:39","slug":"wine-spirits-craft-beer-tastings","status":"publish","type":"page","link":"https:\/\/winesandspirits.ch\/fr\/wine-spirits-craft-beer-tastings\/","title":{"rendered":"D\u00e9gustations"},"content":{"rendered":"\t\t<div data-elementor-type=\"wp-page\" data-elementor-id=\"358\" class=\"elementor elementor-358\" data-elementor-post-type=\"page\">\n\t\t\t\t\t\t<section class=\"elementor-section elementor-top-section elementor-element elementor-element-fb0aa74 elementor-section-height-min-height elementor-section-content-bottom elementor-section-boxed elementor-section-height-default elementor-section-items-middle\" data-id=\"fb0aa74\" data-element_type=\"section\" data-e-type=\"section\" data-settings=\"{&quot;background_background&quot;:&quot;classic&quot;}\">\n\t\t\t\t\t\t\t<div class=\"elementor-background-overlay\"><\/div>\n\t\t\t\t\t\t\t<div class=\"elementor-container elementor-column-gap-default\">\n\t\t\t\t\t<div class=\"elementor-column elementor-col-100 elementor-top-column elementor-element elementor-element-fe6b395\" data-id=\"fe6b395\" data-element_type=\"column\" data-e-type=\"column\">\n\t\t\t<div class=\"elementor-widget-wrap elementor-element-populated\">\n\t\t\t\t\t\t<div class=\"elementor-element elementor-element-15ead03 animated-slow elementor-invisible elementor-widget elementor-widget-heading\" data-id=\"15ead03\" data-element_type=\"widget\" data-e-type=\"widget\" data-settings=\"{&quot;_animation&quot;:&quot;fadeInUp&quot;}\" data-widget_type=\"heading.default\">\n\t\t\t\t<div class=\"elementor-widget-container\">\n\t\t\t\t\t<h1 class=\"elementor-heading-title elementor-size-default\">Tastings and Events<\/h1>\t\t\t\t<\/div>\n\t\t\t\t<\/div>\n\t\t\t\t\t<\/div>\n\t\t<\/div>\n\t\t\t\t\t<\/div>\n\t\t<\/section>\n\t\t\t\t<section class=\"elementor-section elementor-top-section elementor-element elementor-element-2ceaeab elementor-section-boxed elementor-section-height-default elementor-section-height-default\" data-id=\"2ceaeab\" data-element_type=\"section\" data-e-type=\"section\">\n\t\t\t\t\t\t<div class=\"elementor-container elementor-column-gap-default\">\n\t\t\t\t\t<div class=\"elementor-column elementor-col-100 elementor-top-column elementor-element elementor-element-b40058f\" data-id=\"b40058f\" data-element_type=\"column\" data-e-type=\"column\">\n\t\t\t<div class=\"elementor-widget-wrap elementor-element-populated\">\n\t\t\t\t\t\t<div class=\"elementor-element elementor-element-62e5c1a elementor-absolute elementor-widget elementor-widget-image\" data-id=\"62e5c1a\" data-element_type=\"widget\" data-e-type=\"widget\" data-settings=\"{&quot;_position&quot;:&quot;absolute&quot;}\" data-widget_type=\"image.default\">\n\t\t\t\t<div class=\"elementor-widget-container\">\n\t\t\t\t\t\t\t\t\t\t\t\t\t\t\t<img fetchpriority=\"high\" decoding=\"async\" width=\"178\" height=\"281\" src=\"https:\/\/winesandspirits.ch\/wp-content\/uploads\/2020\/03\/Vector.png\" class=\"attachment-large size-large wp-image-583\" alt=\"\" srcset=\"https:\/\/winesandspirits.ch\/wp-content\/uploads\/2020\/03\/Vector.png 178w, https:\/\/winesandspirits.ch\/wp-content\/uploads\/2020\/03\/Vector-64x101.jpg 64w\" sizes=\"(max-width: 178px) 100vw, 178px\" \/>\t\t\t\t\t\t\t\t\t\t\t\t\t\t\t<\/div>\n\t\t\t\t<\/div>\n\t\t\t\t<div class=\"elementor-element elementor-element-9935b48 animated-slow elementor-invisible elementor-widget elementor-widget-heading\" data-id=\"9935b48\" data-element_type=\"widget\" data-e-type=\"widget\" data-settings=\"{&quot;_animation&quot;:&quot;fadeInLeft&quot;}\" data-widget_type=\"heading.default\">\n\t\t\t\t<div class=\"elementor-widget-container\">\n\t\t\t\t\t<h2 class=\"elementor-heading-title elementor-size-default\">Next events:<\/h2>\t\t\t\t<\/div>\n\t\t\t\t<\/div>\n\t\t\t\t<div class=\"elementor-element elementor-element-71d5025 elementor-widget elementor-widget-text-editor\" data-id=\"71d5025\" data-element_type=\"widget\" data-e-type=\"widget\" data-widget_type=\"text-editor.default\">\n\t\t\t\t<div class=\"elementor-widget-container\">\n\t\t\t\t\t\t\t\t\t<p>March 21st at Ammutson in Vienna. Big share, come join us!<\/p><p>March 28th at Toppling Goliath in Decorah, Iowa for the Double Barrel Assassin 2026 release!<\/p><p>Sunday May 3rd, grand tasting in Ecl\u00e9pens, Switzerland.<\/p><p>Sunday June 21st, big BBQ \u2014 venue to be confirmed.<\/p>\t\t\t\t\t\t\t\t<\/div>\n\t\t\t\t<\/div>\n\t\t\t\t\t<\/div>\n\t\t<\/div>\n\t\t\t\t\t<\/div>\n\t\t<\/section>\n\t\t\t\t<section class=\"elementor-section elementor-top-section elementor-element elementor-element-1be9b78 elementor-section-boxed elementor-section-height-default elementor-section-height-default\" data-id=\"1be9b78\" data-element_type=\"section\" data-e-type=\"section\">\n\t\t\t\t\t\t<div class=\"elementor-container elementor-column-gap-default\">\n\t\t\t\t\t<div class=\"elementor-column elementor-col-100 elementor-top-column elementor-element elementor-element-2181292\" data-id=\"2181292\" data-element_type=\"column\" data-e-type=\"column\">\n\t\t\t<div class=\"elementor-widget-wrap elementor-element-populated\">\n\t\t\t\t\t\t<div class=\"elementor-element elementor-element-2b50e05 elementor-widget elementor-widget-text-editor\" data-id=\"2b50e05\" data-element_type=\"widget\" data-e-type=\"widget\" data-widget_type=\"text-editor.default\">\n\t\t\t\t<div class=\"elementor-widget-container\">\n\t\t\t\t\t\t\t\t\t<p>Feel free to fill in the form to register<\/p>\t\t\t\t\t\t\t\t<\/div>\n\t\t\t\t<\/div>\n\t\t\t\t<div class=\"elementor-element elementor-element-5a18343 elementor-button-align-center elementor-widget elementor-widget-form\" data-id=\"5a18343\" data-element_type=\"widget\" data-e-type=\"widget\" data-settings=\"{&quot;step_next_label&quot;:&quot;Next&quot;,&quot;step_previous_label&quot;:&quot;Previous&quot;,&quot;button_width&quot;:&quot;100&quot;,&quot;step_type&quot;:&quot;number_text&quot;,&quot;step_icon_shape&quot;:&quot;circle&quot;}\" data-widget_type=\"form.default\">\n\t\t\t\t<div class=\"elementor-widget-container\">\n\t\t\t\t\t\t\t<form class=\"elementor-form\" method=\"post\" name=\"Demande de d\u00e9gustation\" aria-label=\"Demande de d\u00e9gustation\">\n\t\t\t<input type=\"hidden\" name=\"post_id\" value=\"358\"\/>\n\t\t\t<input type=\"hidden\" name=\"form_id\" value=\"5a18343\"\/>\n\t\t\t<input type=\"hidden\" name=\"referer_title\" value=\"Exclusive Wine &amp; Spirits Tastings \u2014 Wines and Spirits SA Ecl\u00e9pens\" \/>\n\n\t\t\t\t\t\t\t<input type=\"hidden\" name=\"queried_id\" value=\"358\"\/>\n\t\t\t\n\t\t\t<div class=\"elementor-form-fields-wrapper elementor-labels-above\">\n\t\t\t\t\t\t\t\t<div class=\"elementor-field-type-text elementor-field-group elementor-column elementor-field-group-name elementor-col-50 elementor-field-required\">\n\t\t\t\t\t\t\t\t\t\t\t\t\t<input size=\"1\" type=\"text\" name=\"form_fields[name]\" id=\"form-field-name\" class=\"elementor-field elementor-size-md  elementor-field-textual\" placeholder=\"Nom\" value=\"Name\" required=\"required\">\n\t\t\t\t\t\t\t\t\t\t\t<\/div>\n\t\t\t\t\t\t\t\t<div class=\"elementor-field-type-text elementor-field-group elementor-column elementor-field-group-field_7167dcc elementor-col-50\">\n\t\t\t\t\t\t\t\t\t\t\t\t\t<input size=\"1\" type=\"text\" name=\"form_fields[field_7167dcc]\" id=\"form-field-field_7167dcc\" class=\"elementor-field elementor-size-md  elementor-field-textual\" placeholder=\"Pr\u00e9nom\" value=\"Surname\">\n\t\t\t\t\t\t\t\t\t\t\t<\/div>\n\t\t\t\t\t\t\t\t<div class=\"elementor-field-type-text elementor-field-group elementor-column elementor-field-group-field_8276763 elementor-col-100\">\n\t\t\t\t\t\t\t\t\t\t\t\t\t<input size=\"1\" type=\"text\" name=\"form_fields[field_8276763]\" id=\"form-field-field_8276763\" class=\"elementor-field elementor-size-md  elementor-field-textual\" placeholder=\"T\u00e9l\u00e9phone\" value=\"Phone\">\n\t\t\t\t\t\t\t\t\t\t\t<\/div>\n\t\t\t\t\t\t\t\t<div class=\"elementor-field-type-email elementor-field-group elementor-column elementor-field-group-email elementor-col-100 elementor-field-required\">\n\t\t\t\t\t\t\t\t\t\t\t\t\t<input size=\"1\" type=\"email\" name=\"form_fields[email]\" id=\"form-field-email\" class=\"elementor-field elementor-size-md  elementor-field-textual\" placeholder=\"Mail\" required=\"required\">\n\t\t\t\t\t\t\t\t\t\t\t<\/div>\n\t\t\t\t\t\t\t\t<div class=\"elementor-field-group elementor-column elementor-field-type-submit elementor-col-100 e-form__buttons\">\n\t\t\t\t\t<button class=\"elementor-button elementor-size-sm\" type=\"submit\">\n\t\t\t\t\t\t<span class=\"elementor-button-content-wrapper\">\n\t\t\t\t\t\t\t\t\t\t\t\t\t\t\t<span class=\"elementor-button-icon\">\n\t\t\t\t\t\t\t\t\t<i aria-hidden=\"true\" class=\"fas fa-arrow-right\"><\/i>\t\t\t\t\t\t\t\t\t\t\t\t\t\t\t\t\t<\/span>\n\t\t\t\t\t\t\t\t\t\t\t\t\t\t\t\t\t\t\t\t\t\t<span class=\"elementor-button-text\">Let's go! \ud83c\udf89<\/span>\n\t\t\t\t\t\t\t\t\t\t\t\t\t<\/span>\n\t\t\t\t\t<\/button>\n\t\t\t\t<\/div>\n\t\t\t<\/div>\n\t\t<\/form>\n\t\t\t\t\t\t<\/div>\n\t\t\t\t<\/div>\n\t\t\t\t\t<\/div>\n\t\t<\/div>\n\t\t\t\t\t<\/div>\n\t\t<\/section>\n\t\t\t\t<section class=\"elementor-section elementor-top-section elementor-element elementor-element-8794f79 elementor-section-boxed elementor-section-height-default elementor-section-height-default\" data-id=\"8794f79\" data-element_type=\"section\" data-e-type=\"section\">\n\t\t\t\t\t\t<div class=\"elementor-container elementor-column-gap-default\">\n\t\t\t\t\t<div class=\"elementor-column elementor-col-100 elementor-top-column elementor-element elementor-element-c03f1f1\" data-id=\"c03f1f1\" data-element_type=\"column\" data-e-type=\"column\">\n\t\t\t<div class=\"elementor-widget-wrap elementor-element-populated\">\n\t\t\t\t\t\t<div class=\"elementor-element elementor-element-02d91b5 elementor-widget elementor-widget-heading\" data-id=\"02d91b5\" data-element_type=\"widget\" data-e-type=\"widget\" data-widget_type=\"heading.default\">\n\t\t\t\t<div class=\"elementor-widget-container\">\n\t\t\t\t\t<h2 class=\"elementor-heading-title elementor-size-default\">Last Tasting: Christmas<\/h2>\t\t\t\t<\/div>\n\t\t\t\t<\/div>\n\t\t\t\t\t<\/div>\n\t\t<\/div>\n\t\t\t\t\t<\/div>\n\t\t<\/section>\n\t\t\t\t<section class=\"elementor-section elementor-top-section elementor-element elementor-element-45e6b51 elementor-section-boxed elementor-section-height-default elementor-section-height-default\" data-id=\"45e6b51\" data-element_type=\"section\" data-e-type=\"section\">\n\t\t\t\t\t\t<div class=\"elementor-container elementor-column-gap-default\">\n\t\t\t\t\t<div class=\"elementor-column elementor-col-100 elementor-top-column elementor-element elementor-element-3524ee7\" data-id=\"3524ee7\" data-element_type=\"column\" data-e-type=\"column\">\n\t\t\t<div class=\"elementor-widget-wrap elementor-element-populated\">\n\t\t\t\t\t\t<div class=\"elementor-element elementor-element-a7e503a elementor-widget elementor-widget-text-editor\" data-id=\"a7e503a\" data-element_type=\"widget\" data-e-type=\"widget\" data-widget_type=\"text-editor.default\">\n\t\t\t\t<div class=\"elementor-widget-container\">\n\t\t\t\t\t\t\t\t\t<p class=\"font-claude-response-body break-words whitespace-normal leading-[1.7]\">For our upcoming Christmas tasting, come and discover the greatest classified growths: Yquem, Haut-Brion and Petrus. The finest vintages will be present, along with a few surprises such as Side Project beers from Saint Louis: MJK21 and M.J.K. 2024, OWK 2023 and a selection of Continuance, Derivation and Anabasis. These are Stouts and Barleywines aged in bourbon barrels with additions of vanilla, coconut and cinnamon \u2014 perfect pairings with carefully prepared delicacies: homemade foie gras, homemade p\u00e2t\u00e9 en cro\u00fbte and homemade smoked salmon.<\/p><p class=\"font-claude-response-body break-words whitespace-normal leading-[1.7]\">Registration by email, 10 people maximum (5 spots remaining). December 21st at 2:00 PM in Ecl\u00e9pens.<\/p>\t\t\t\t\t\t\t\t<\/div>\n\t\t\t\t<\/div>\n\t\t\t\t\t<\/div>\n\t\t<\/div>\n\t\t\t\t\t<\/div>\n\t\t<\/section>\n\t\t\t\t<\/div>\n\t\t","protected":false},"excerpt":{"rendered":"<p>Tastings and Events Next events: March 21st at Ammutson in Vienna. Big share, come join us! March 28th at Toppling Goliath in Decorah, Iowa for the Double Barrel Assassin 2026 release! Sunday May 3rd, grand tasting in Ecl\u00e9pens, Switzerland. Sunday June 21st, big BBQ \u2014 venue to be confirmed. Feel free to fill in the&#8230;<\/p>","protected":false},"author":1,"featured_media":0,"parent":0,"menu_order":0,"comment_status":"closed","ping_status":"closed","template":"","meta":{"footnotes":""},"class_list":["post-358","page","type-page","status-publish","hentry"],"yoast_head":"<!-- This site is optimized with the Yoast SEO plugin v27.3 - https:\/\/yoast.com\/product\/yoast-seo-wordpress\/ -->\n<title>Exclusive Wine &amp; Spirits Tastings \u2014 Wines and Spirits SA Ecl\u00e9pens<\/title>\n<meta name=\"description\" content=\"Exclusive tastings of fine wines, Japanese whiskies and rare craft beers in Ecl\u00e9pens, Switzerland. Yquem, Haut-Brion, Side Project.\" \/>\n<meta name=\"robots\" content=\"index, follow, max-snippet:-1, max-image-preview:large, max-video-preview:-1\" \/>\n<link rel=\"canonical\" href=\"https:\/\/winesandspirits.ch\/fr\/wine-spirits-craft-beer-tastings\/\" \/>\n<meta property=\"og:locale\" content=\"fr_FR\" \/>\n<meta property=\"og:type\" content=\"article\" \/>\n<meta property=\"og:title\" content=\"Exclusive Wine &amp; Spirits Tastings \u2014 Wines and Spirits SA Ecl\u00e9pens\" \/>\n<meta property=\"og:description\" content=\"Exclusive tastings of fine wines, Japanese whiskies and rare craft beers in Ecl\u00e9pens, Switzerland. Yquem, Haut-Brion, Side Project.\" \/>\n<meta property=\"og:url\" content=\"https:\/\/winesandspirits.ch\/fr\/wine-spirits-craft-beer-tastings\/\" \/>\n<meta property=\"og:site_name\" content=\"Wines and Spirits SA\" \/>\n<meta property=\"article:modified_time\" content=\"2026-04-04T23:16:39+00:00\" \/>\n<meta property=\"og:image\" content=\"https:\/\/winesandspirits.ch\/wp-content\/uploads\/2020\/03\/Vector.png\" \/>\n<meta name=\"twitter:card\" content=\"summary_large_image\" \/>\n<meta name=\"twitter:label1\" content=\"Dur\u00e9e de lecture estim\u00e9e\" \/>\n\t<meta name=\"twitter:data1\" content=\"1 minute\" \/>\n<script type=\"application\/ld+json\" class=\"yoast-schema-graph\">{\"@context\":\"https:\\\/\\\/schema.org\",\"@graph\":[{\"@type\":\"WebPage\",\"@id\":\"https:\\\/\\\/winesandspirits.ch\\\/wine-spirits-craft-beer-tastings\\\/\",\"url\":\"https:\\\/\\\/winesandspirits.ch\\\/wine-spirits-craft-beer-tastings\\\/\",\"name\":\"Exclusive Wine & Spirits Tastings \u2014 Wines and Spirits SA Ecl\u00e9pens\",\"isPartOf\":{\"@id\":\"https:\\\/\\\/winesandspirits.ch\\\/#website\"},\"primaryImageOfPage\":{\"@id\":\"https:\\\/\\\/winesandspirits.ch\\\/wine-spirits-craft-beer-tastings\\\/#primaryimage\"},\"image\":{\"@id\":\"https:\\\/\\\/winesandspirits.ch\\\/wine-spirits-craft-beer-tastings\\\/#primaryimage\"},\"thumbnailUrl\":\"https:\\\/\\\/winesandspirits.ch\\\/wp-content\\\/uploads\\\/2020\\\/03\\\/Vector.png\",\"datePublished\":\"2020-03-13T16:44:21+00:00\",\"dateModified\":\"2026-04-04T23:16:39+00:00\",\"description\":\"Exclusive tastings of fine wines, Japanese whiskies and rare craft beers in Ecl\u00e9pens, Switzerland. Yquem, Haut-Brion, Side Project.\",\"breadcrumb\":{\"@id\":\"https:\\\/\\\/winesandspirits.ch\\\/wine-spirits-craft-beer-tastings\\\/#breadcrumb\"},\"inLanguage\":\"fr-FR\",\"potentialAction\":[{\"@type\":\"ReadAction\",\"target\":[\"https:\\\/\\\/winesandspirits.ch\\\/wine-spirits-craft-beer-tastings\\\/\"]}]},{\"@type\":\"ImageObject\",\"inLanguage\":\"fr-FR\",\"@id\":\"https:\\\/\\\/winesandspirits.ch\\\/wine-spirits-craft-beer-tastings\\\/#primaryimage\",\"url\":\"https:\\\/\\\/winesandspirits.ch\\\/wp-content\\\/uploads\\\/2020\\\/03\\\/Vector.png\",\"contentUrl\":\"https:\\\/\\\/winesandspirits.ch\\\/wp-content\\\/uploads\\\/2020\\\/03\\\/Vector.png\"},{\"@type\":\"BreadcrumbList\",\"@id\":\"https:\\\/\\\/winesandspirits.ch\\\/wine-spirits-craft-beer-tastings\\\/#breadcrumb\",\"itemListElement\":[{\"@type\":\"ListItem\",\"position\":1,\"name\":\"Accueil\",\"item\":\"https:\\\/\\\/winesandspirits.ch\\\/\"},{\"@type\":\"ListItem\",\"position\":2,\"name\":\"D\u00e9gustations\"}]},{\"@type\":\"WebSite\",\"@id\":\"https:\\\/\\\/winesandspirits.ch\\\/#website\",\"url\":\"https:\\\/\\\/winesandspirits.ch\\\/\",\"name\":\"Wines and Spirits SA\",\"description\":\"Shop Premium Wines, Spirits &amp; Craft Beer Online\",\"publisher\":{\"@id\":\"https:\\\/\\\/winesandspirits.ch\\\/#organization\"},\"potentialAction\":[{\"@type\":\"SearchAction\",\"target\":{\"@type\":\"EntryPoint\",\"urlTemplate\":\"https:\\\/\\\/winesandspirits.ch\\\/?s={search_term_string}\"},\"query-input\":{\"@type\":\"PropertyValueSpecification\",\"valueRequired\":true,\"valueName\":\"search_term_string\"}}],\"inLanguage\":\"fr-FR\"},{\"@type\":\"Organization\",\"@id\":\"https:\\\/\\\/winesandspirits.ch\\\/#organization\",\"name\":\"Wines and Spirits SA\",\"url\":\"https:\\\/\\\/winesandspirits.ch\\\/\",\"logo\":{\"@type\":\"ImageObject\",\"inLanguage\":\"fr-FR\",\"@id\":\"https:\\\/\\\/winesandspirits.ch\\\/#\\\/schema\\\/logo\\\/image\\\/\",\"url\":\"https:\\\/\\\/winesandspirits.ch\\\/wp-content\\\/uploads\\\/2023\\\/01\\\/cropped-Noir.png\",\"contentUrl\":\"https:\\\/\\\/winesandspirits.ch\\\/wp-content\\\/uploads\\\/2023\\\/01\\\/cropped-Noir.png\",\"width\":512,\"height\":512,\"caption\":\"Wines and Spirits SA\"},\"image\":{\"@id\":\"https:\\\/\\\/winesandspirits.ch\\\/#\\\/schema\\\/logo\\\/image\\\/\"}}]}<\/script>\n<!-- \/ Yoast SEO plugin. -->","yoast_head_json":{"title":"Exclusive Wine & Spirits Tastings \u2014 Wines and Spirits SA Ecl\u00e9pens","description":"Exclusive tastings of fine wines, Japanese whiskies and rare craft beers in Ecl\u00e9pens, Switzerland. Yquem, Haut-Brion, Side Project.","robots":{"index":"index","follow":"follow","max-snippet":"max-snippet:-1","max-image-preview":"max-image-preview:large","max-video-preview":"max-video-preview:-1"},"canonical":"https:\/\/winesandspirits.ch\/fr\/wine-spirits-craft-beer-tastings\/","og_locale":"fr_FR","og_type":"article","og_title":"Exclusive Wine & Spirits Tastings \u2014 Wines and Spirits SA Ecl\u00e9pens","og_description":"Exclusive tastings of fine wines, Japanese whiskies and rare craft beers in Ecl\u00e9pens, Switzerland. Yquem, Haut-Brion, Side Project.","og_url":"https:\/\/winesandspirits.ch\/fr\/wine-spirits-craft-beer-tastings\/","og_site_name":"Wines and Spirits SA","article_modified_time":"2026-04-04T23:16:39+00:00","og_image":[{"url":"https:\/\/winesandspirits.ch\/wp-content\/uploads\/2020\/03\/Vector.png","type":"","width":"","height":""}],"twitter_card":"summary_large_image","twitter_misc":{"Dur\u00e9e de lecture estim\u00e9e":"1 minute"},"schema":{"@context":"https:\/\/schema.org","@graph":[{"@type":"WebPage","@id":"https:\/\/winesandspirits.ch\/wine-spirits-craft-beer-tastings\/","url":"https:\/\/winesandspirits.ch\/wine-spirits-craft-beer-tastings\/","name":"Exclusive Wine & Spirits Tastings \u2014 Wines and Spirits SA Ecl\u00e9pens","isPartOf":{"@id":"https:\/\/winesandspirits.ch\/#website"},"primaryImageOfPage":{"@id":"https:\/\/winesandspirits.ch\/wine-spirits-craft-beer-tastings\/#primaryimage"},"image":{"@id":"https:\/\/winesandspirits.ch\/wine-spirits-craft-beer-tastings\/#primaryimage"},"thumbnailUrl":"https:\/\/winesandspirits.ch\/wp-content\/uploads\/2020\/03\/Vector.png","datePublished":"2020-03-13T16:44:21+00:00","dateModified":"2026-04-04T23:16:39+00:00","description":"Exclusive tastings of fine wines, Japanese whiskies and rare craft beers in Ecl\u00e9pens, Switzerland. Yquem, Haut-Brion, Side Project.","breadcrumb":{"@id":"https:\/\/winesandspirits.ch\/wine-spirits-craft-beer-tastings\/#breadcrumb"},"inLanguage":"fr-FR","potentialAction":[{"@type":"ReadAction","target":["https:\/\/winesandspirits.ch\/wine-spirits-craft-beer-tastings\/"]}]},{"@type":"ImageObject","inLanguage":"fr-FR","@id":"https:\/\/winesandspirits.ch\/wine-spirits-craft-beer-tastings\/#primaryimage","url":"https:\/\/winesandspirits.ch\/wp-content\/uploads\/2020\/03\/Vector.png","contentUrl":"https:\/\/winesandspirits.ch\/wp-content\/uploads\/2020\/03\/Vector.png"},{"@type":"BreadcrumbList","@id":"https:\/\/winesandspirits.ch\/wine-spirits-craft-beer-tastings\/#breadcrumb","itemListElement":[{"@type":"ListItem","position":1,"name":"Accueil","item":"https:\/\/winesandspirits.ch\/"},{"@type":"ListItem","position":2,"name":"D\u00e9gustations"}]},{"@type":"WebSite","@id":"https:\/\/winesandspirits.ch\/#website","url":"https:\/\/winesandspirits.ch\/","name":"Vins et Spiritueux SA","description":"Achetez des vins, spiritueux et bi\u00e8res artisanales de premi\u00e8re qualit\u00e9 en ligne","publisher":{"@id":"https:\/\/winesandspirits.ch\/#organization"},"potentialAction":[{"@type":"SearchAction","target":{"@type":"EntryPoint","urlTemplate":"https:\/\/winesandspirits.ch\/?s={search_term_string}"},"query-input":{"@type":"PropertyValueSpecification","valueRequired":true,"valueName":"search_term_string"}}],"inLanguage":"fr-FR"},{"@type":"Organization","@id":"https:\/\/winesandspirits.ch\/#organization","name":"Vins et Spiritueux SA","url":"https:\/\/winesandspirits.ch\/","logo":{"@type":"ImageObject","inLanguage":"fr-FR","@id":"https:\/\/winesandspirits.ch\/#\/schema\/logo\/image\/","url":"https:\/\/winesandspirits.ch\/wp-content\/uploads\/2023\/01\/cropped-Noir.png","contentUrl":"https:\/\/winesandspirits.ch\/wp-content\/uploads\/2023\/01\/cropped-Noir.png","width":512,"height":512,"caption":"Wines and Spirits SA"},"image":{"@id":"https:\/\/winesandspirits.ch\/#\/schema\/logo\/image\/"}}]}},"_links":{"self":[{"href":"https:\/\/winesandspirits.ch\/fr\/wp-json\/wp\/v2\/pages\/358","targetHints":{"allow":["GET"]}}],"collection":[{"href":"https:\/\/winesandspirits.ch\/fr\/wp-json\/wp\/v2\/pages"}],"about":[{"href":"https:\/\/winesandspirits.ch\/fr\/wp-json\/wp\/v2\/types\/page"}],"author":[{"embeddable":true,"href":"https:\/\/winesandspirits.ch\/fr\/wp-json\/wp\/v2\/users\/1"}],"replies":[{"embeddable":true,"href":"https:\/\/winesandspirits.ch\/fr\/wp-json\/wp\/v2\/comments?post=358"}],"version-history":[{"count":82,"href":"https:\/\/winesandspirits.ch\/fr\/wp-json\/wp\/v2\/pages\/358\/revisions"}],"predecessor-version":[{"id":1006141,"href":"https:\/\/winesandspirits.ch\/fr\/wp-json\/wp\/v2\/pages\/358\/revisions\/1006141"}],"wp:attachment":[{"href":"https:\/\/winesandspirits.ch\/fr\/wp-json\/wp\/v2\/media?parent=358"}],"curies":[{"name":"wp","href":"https:\/\/api.w.org\/{rel}","templated":true}]}}