{"id":999858,"date":"2026-03-01T15:20:34","date_gmt":"2026-03-01T14:20:34","guid":{"rendered":"https:\/\/winesandspirits.ch\/?post_type=product&#038;p=999858"},"modified":"2026-04-05T01:11:01","modified_gmt":"2026-04-04T23:11:01","slug":"side-project-side-project-persona-ck-rl-mm-dd-tm-complet-set-craft-bee","status":"publish","type":"product","link":"https:\/\/winesandspirits.ch\/de\/produkt\/side-project-side-project-persona-ck-rl-mm-dd-tm-complet-set-craft-bee\/","title":{"rendered":"Side Project Persona CK, RL, MM, DD, TM complet SET"},"content":{"rendered":"<div class=\"vgblk-rw-wrapper limit-wrapper\">\n<div style=\"font-family:'Georgia',serif;background:#faf8f4;margin:0;padding:0\">\n<div style=\"background:#fff;border:1px solid #ede8e0;border-radius:4px;overflow:hidden;margin-bottom:2px\">\n<div style=\"padding:16px 18px 8px;background:#faf8f4;border-bottom:1px solid #ede8e0\">\n<p style=\"font-size:10px;font-weight:700;text-transform:uppercase;letter-spacing:3px;color:#a08060;margin:0\">Technische Daten<\/p>\n<\/div>\n<div style=\"display:grid;grid-template-columns:repeat(auto-fit,minmax(130px,1fr))\">\n<div style=\"padding:14px 18px;border-bottom:1px solid #ede8e0\">\n<div style=\"font-size:10px;font-weight:700;text-transform:uppercase;letter-spacing:2px;color:#a08060;margin-bottom:4px\">Stil<\/div>\n<div style=\"font-size:16px;font-weight:400;color:#1a1a1a;font-family:'Georgia',serif\">Craft Beer<\/div>\n<\/div>\n<div style=\"padding:14px 18px;border-bottom:1px solid #ede8e0\">\n<div style=\"font-size:10px;font-weight:700;text-transform:uppercase;letter-spacing:2px;color:#a08060;margin-bottom:4px\">Ursprung<\/div>\n<div style=\"font-size:16px;font-weight:400;color:#1a1a1a;font-family:'Georgia',serif\">Vereinigte Staaten<\/div>\n<\/div>\n<\/div>\n<\/div>\n<div style=\"padding:40px;background:#fff;margin-top:2px\">\n<p style=\"font-size:10px;font-weight:700;text-transform:uppercase;letter-spacing:3px;color:#a08060;margin:0 0 8px\">Verkostungsprofil<\/p>\n<div style=\"width:36px;height:2px;background:#c8b89a;margin-bottom:18px\"><\/div>\n<p style=\"font-size:15px;line-height:1.9;color:#3d2b1f;margin:0 0 20px;max-width:760px\">Side Project Persona CK, RL, MM, DD, TM complet SET is an exceptional Craft Beer crafted by Side Project in United States. this outstanding brew delivers an unforgettable tasting experience. Expect a rich profile of Bourbon Barrel, Vanilla, Fruit, Wood, Sour \u2014 a true masterpiece of craft brewing. Available online with worldwide delivery \u2014 Switzerland, EU and international shipping. \ud83c\udf0d<\/p>\n<\/div>\n<div style=\"padding:40px;background:#faf8f4;margin-top:2px\">\n<p style=\"font-size:10px;font-weight:700;text-transform:uppercase;letter-spacing:3px;color:#a08060;margin:0 0 6px\">\u00dcber die Brauerei<\/p>\n<h3 style=\"font-size:24px;font-weight:400;color:#1a1a1a;margin:0 0 10px;font-family:'Georgia',serif\">Side Project<\/h3>\n<div style=\"margin-bottom:14px\"><span style=\"font-size:12px;color:#a08060\">\ud83d\udccd Vereinigte Staaten<\/span><\/div>\n<div style=\"width:36px;height:2px;background:#c8b89a;margin-bottom:16px\"><\/div>\n<p style=\"font-size:14px;line-height:1.85;color:#3d2b1f;margin:0 0 20px;max-width:760px\">Side Project Brewing was founded in 2013 by Cory and Karen King in Maplewood, St. Louis, Missouri. Driven by a chemistry degree, a fine dining background and a deep love of wine, Cory King built one of the world&#8217;s most acclaimed breweries from scratch \u2014 literally starting it as a &#8216;side project&#8217; while head brewer at Perennial Artisan Ales. Twice named #2 brewery in the world by RateBeer (2020, 2023), Side Project is a 100% barrel-aged, mostly barrel-fermented operation. Their native Missouri microflora defines a house character unlike anything else on earth \u2014 from rustic Saisons and fruited Wild Ales to iconic Bourbon Barrel-Aged Stouts like Beer : Barrel : Time (BBT). Beers are available exclusively at their three Maplewood locations, making each bottle a true collector&#8217;s item.<\/p>\n<div style=\"display:flex;gap:12px;flex-wrap:wrap;margin-top:4px\"><a href=\"https:\/\/winesandspirits.ch\/de\/produkt-kategorie\/bieres-craft\/usa\/side-project\/\" style=\"display:inline-flex;align-items:center;gap:6px;background:#1a1a1a;color:#c8b89a;padding:8px 18px;font-size:11px;font-weight:700;letter-spacing:2px;text-transform:uppercase;text-decoration:none;border-radius:2px\">Voir tous les Side Project<\/a><a href=\"https:\/\/www.sideprojectbrewing.com\" target=\"_blank\" rel=\"noopener\" style=\"display:inline-flex;align-items:center;gap:6px;background:#faf8f4;color:#3d2b1f;padding:8px 18px;font-size:11px;font-weight:700;letter-spacing:2px;text-transform:uppercase;text-decoration:none;border:1px solid #c8b89a;border-radius:2px\">Offizielle Website<\/a><\/div>\n<\/div>\n<div style=\"padding:32px 40px;background:#fff;margin-top:2px\">\n<p style=\"font-size:10px;font-weight:700;text-transform:uppercase;letter-spacing:3px;color:#a08060;margin:0 0 8px\">Aromen<\/p>\n<div style=\"width:36px;height:2px;background:#c8b89a;margin-bottom:16px\"><\/div>\n<div><span style=\"display:inline-block;border:1.5px solid #c8b89a;border-radius:20px;padding:5px 16px;font-size:13px;color:#3d2b1f;margin:3px;font-family:Georgia,serif\">Bourbon Barrel<\/span><span style=\"display:inline-block;border:1.5px solid #c8b89a;border-radius:20px;padding:5px 16px;font-size:13px;color:#3d2b1f;margin:3px;font-family:Georgia,serif\">Vanille<\/span><span style=\"display:inline-block;border:1.5px solid #c8b89a;border-radius:20px;padding:5px 16px;font-size:13px;color:#3d2b1f;margin:3px;font-family:Georgia,serif\">Fruit<\/span><span style=\"display:inline-block;border:1.5px solid #c8b89a;border-radius:20px;padding:5px 16px;font-size:13px;color:#3d2b1f;margin:3px;font-family:Georgia,serif\">Wood<\/span><span style=\"display:inline-block;border:1.5px solid #c8b89a;border-radius:20px;padding:5px 16px;font-size:13px;color:#3d2b1f;margin:3px;font-family:Georgia,serif\">Sour<\/span><span style=\"display:inline-block;border:1.5px solid #c8b89a;border-radius:20px;padding:5px 16px;font-size:13px;color:#3d2b1f;margin:3px;font-family:Georgia,serif\">Tart<\/span><\/div>\n<\/div>\n<div style=\"display:grid;grid-template-columns:1fr 1fr;gap:2px;margin-top:2px\">\n<div style=\"background:#faf8f4;padding:32px 36px\">\n<p style=\"font-size:10px;font-weight:700;text-transform:uppercase;letter-spacing:3px;color:#a08060;margin:0 0 8px\">Franz\u00f6sisch<\/p>\n<div style=\"width:28px;height:2px;background:#c8b89a;margin-bottom:14px\"><\/div>\n<p style=\"font-size:13px;line-height:1.8;color:#3d2b1f;margin:0\" lang=\"fr\">Side Project Persona CK, RL, MM, DD, TM complet SET est bi\u00e8re d&#8217;exception de Side Project, en United States. Elle offre une exp\u00e9rience gustative inoubliable. Profil\u202f: Bourbon Barrel, Vanilla, Fruit, Wood, Sour. un vrai chef-d&#8217;\u0153uvre brassicole. Livraison en Suisse, dans toute l&#8217;Europe et dans le monde entier \ud83c\udf0d<\/p>\n<\/div>\n<div style=\"background:#faf8f4;padding:32px 36px\">\n<p style=\"font-size:10px;font-weight:700;text-transform:uppercase;letter-spacing:3px;color:#a08060;margin:0 0 8px\">Deutsch<\/p>\n<div style=\"width:28px;height:2px;background:#c8b89a;margin-bottom:14px\"><\/div>\n<p style=\"font-size:13px;line-height:1.8;color:#3d2b1f;margin:0\" lang=\"de\">Side Project Persona CK, RL, MM, DD, TM complet SET ist ein au\u00dfergew\u00f6hnliches Bier von Side Project aus United States.  bietet es ein unvergessliches Geschmackserlebnis. Profil: Bourbon Barrel, Vanilla, Fruit, Wood, Sour. ein wahres Meisterwerk des Craft Brewing. Lieferung in die Schweiz, Europa und weltweit \ud83c\udf0d<\/p>\n<\/div>\n<\/div>\n<div style=\"background:#fff;padding:24px 40px;margin-top:2px;display:flex;align-items:center;justify-content:space-between;flex-wrap:wrap;gap:12px;border-top:3px solid #c8b89a\">\n<div>\n<p style=\"font-size:10px;font-weight:700;text-transform:uppercase;letter-spacing:2px;color:#a08060;margin:0 0 4px\">Online-Preis<\/p>\n<p style=\"font-size:30px;font-weight:400;color:#1a1a1a;margin:0;font-family:'Georgia',serif\">CHF 888<\/p>\n<\/div>\n<div style=\"text-align:right\">\n<p style=\"font-size:13px;color:#3d2b1f;font-weight:600;margin:0 0 4px\">\ud83d\ude9a Weltweite Lieferung \u2014 Schweiz, EU &amp; International \ud83c\udf0d<\/p>\n<p style=\"font-size:11px;color:#a08060;margin:0\">Schneller und sicherer Versand \u00b7 winesandspirits.ch<\/p>\n<\/div>\n<\/div>\n<div style=\"background:#1a1a1a;padding:14px 40px;margin-top:2px;display:flex;align-items:center;justify-content:space-between;flex-wrap:wrap;gap:10px\">\n<span style=\"font-size:10px;font-weight:700;text-transform:uppercase;letter-spacing:3px;color:#c8b89a\">\u2726 Premium handverlesene Auswahl \u00b7 winesandspirits.ch \u2726<\/span><br \/>\n<span style=\"font-size:10px;color:#777;font-style:italic\">Enth\u00e4lt Alkohol. Verantwortungsvoll genie\u00dfen. Nicht f\u00fcr Personen unter 18 Jahren geeignet.<\/span>\n<\/div>\n<\/div>\n<\/div>\n<p><!-- .vgblk-rw-wrapper --><\/p>","protected":false},"excerpt":{"rendered":"<p>Premium Craft Beer by Side Project from United States \u00b7 Worldwide delivery \ud83c\udf0d<\/p>","protected":false},"featured_media":999860,"template":"","meta":[],"product_brand":[],"product_cat":[76,73,90],"product_tag":[],"class_list":{"0":"post-999858","1":"product","2":"type-product","3":"status-publish","4":"has-post-thumbnail","6":"product_cat-craft-beer","7":"product_cat-side-project","8":"product_cat-usa","10":"first","11":"outofstock","12":"sold-individually","13":"shipping-taxable","14":"purchasable","15":"product-type-simple"},"supplier_id":null,"supplier_sku":"","barcode":null,"atum_controlled":true,"out_stock_date":"2026-03-26 08:05:54","out_stock_threshold":null,"inheritable":false,"inbound_stock":0,"stock_on_hold":0,"sold_today":0,"sales_last_days":0,"reserved_stock":0,"customer_returns":0,"warehouse_damage":0,"lost_in_post":0,"other_logs":0,"out_stock_days":10,"lost_sales":0,"has_location":false,"update_date":"2026-04-06T00:00:57","atum_locations":[],"atum_stock_status":"outofstock","restock_status":false,"low_stock_amount":1,"sales_update_date":"2026-04-06T00:00:57","calc_backorders":null,"yoast_head":"<!-- This site is optimized with the Yoast SEO plugin v27.3 - https:\/\/yoast.com\/product\/yoast-seo-wordpress\/ -->\n<title>Side Project Persona CK, RL, MM, DD, TM co | buy online CH<\/title>\n<meta name=\"description\" content=\"Buy Side Project Persona CK, RL, MM, DD, TM complet SET \u2014 Craft Beer from United States. CHF 888. Bourbon Barrel, Vanilla, Fruit. Worldwide delivery \u2014 CH,\" \/>\n<meta name=\"robots\" content=\"index, follow, max-snippet:-1, max-image-preview:large, max-video-preview:-1\" \/>\n<link rel=\"canonical\" href=\"https:\/\/winesandspirits.ch\/de\/produkt\/side-project-side-project-persona-ck-rl-mm-dd-tm-complet-set-craft-bee\/\" \/>\n<meta property=\"og:locale\" content=\"de_DE\" \/>\n<meta property=\"og:type\" content=\"article\" \/>\n<meta property=\"og:title\" content=\"Side Project Persona CK, RL, MM, DD, TM co | buy online CH\" \/>\n<meta property=\"og:description\" content=\"Buy Side Project Persona CK, RL, MM, DD, TM complet SET \u2014 Craft Beer from United States. CHF 888. Bourbon Barrel, Vanilla, Fruit. Worldwide delivery \u2014 CH,\" \/>\n<meta property=\"og:url\" content=\"https:\/\/winesandspirits.ch\/de\/produkt\/side-project-side-project-persona-ck-rl-mm-dd-tm-complet-set-craft-bee\/\" \/>\n<meta property=\"og:site_name\" content=\"Wines and Spirits SA\" \/>\n<meta property=\"article:modified_time\" content=\"2026-04-04T23:11:01+00:00\" \/>\n<meta property=\"og:image\" content=\"https:\/\/winesandspirits.ch\/wp-content\/uploads\/2026\/03\/Side-Project-Persona-set.jpg\" \/>\n\t<meta property=\"og:image:width\" content=\"800\" \/>\n\t<meta property=\"og:image:height\" content=\"600\" \/>\n\t<meta property=\"og:image:type\" content=\"image\/jpeg\" \/>\n<meta name=\"twitter:card\" content=\"summary_large_image\" \/>\n<meta name=\"twitter:title\" content=\"Side Project Persona CK, RL, MM, DD, TM co | buy online CH\" \/>\n<meta name=\"twitter:description\" content=\"Buy Side Project Persona CK, RL, MM, DD, TM complet SET \u2014 Craft Beer from United States. CHF 888. Bourbon Barrel, Vanilla, Fruit. Worldwide delivery \u2014 CH,\" \/>\n<meta name=\"twitter:label1\" content=\"Gesch\u00e4tzte Lesezeit\" \/>\n\t<meta name=\"twitter:data1\" content=\"3\u00a0Minuten\" \/>\n<script type=\"application\/ld+json\" class=\"yoast-schema-graph\">{\"@context\":\"https:\\\/\\\/schema.org\",\"@graph\":[{\"@type\":[\"WebPage\",\"ItemPage\"],\"@id\":\"https:\\\/\\\/winesandspirits.ch\\\/product\\\/side-project-side-project-persona-ck-rl-mm-dd-tm-complet-set-craft-bee\\\/\",\"url\":\"https:\\\/\\\/winesandspirits.ch\\\/product\\\/side-project-side-project-persona-ck-rl-mm-dd-tm-complet-set-craft-bee\\\/\",\"name\":\"Side Project Persona CK, RL, MM, DD, TM co | buy online CH\",\"isPartOf\":{\"@id\":\"https:\\\/\\\/winesandspirits.ch\\\/#website\"},\"primaryImageOfPage\":{\"@id\":\"https:\\\/\\\/winesandspirits.ch\\\/product\\\/side-project-side-project-persona-ck-rl-mm-dd-tm-complet-set-craft-bee\\\/#primaryimage\"},\"image\":{\"@id\":\"https:\\\/\\\/winesandspirits.ch\\\/product\\\/side-project-side-project-persona-ck-rl-mm-dd-tm-complet-set-craft-bee\\\/#primaryimage\"},\"thumbnailUrl\":\"https:\\\/\\\/winesandspirits.ch\\\/wp-content\\\/uploads\\\/2026\\\/03\\\/Side-Project-Persona-set.jpg\",\"datePublished\":\"2026-03-01T14:20:34+00:00\",\"dateModified\":\"2026-04-04T23:11:01+00:00\",\"description\":\"Buy Side Project Persona CK, RL, MM, DD, TM complet SET \u2014 Craft Beer from United States. CHF 888. Bourbon Barrel, Vanilla, Fruit. Worldwide delivery \u2014 CH,\",\"breadcrumb\":{\"@id\":\"https:\\\/\\\/winesandspirits.ch\\\/product\\\/side-project-side-project-persona-ck-rl-mm-dd-tm-complet-set-craft-bee\\\/#breadcrumb\"},\"inLanguage\":\"de\",\"potentialAction\":[{\"@type\":\"ReadAction\",\"target\":[\"https:\\\/\\\/winesandspirits.ch\\\/product\\\/side-project-side-project-persona-ck-rl-mm-dd-tm-complet-set-craft-bee\\\/\"]}]},{\"@type\":\"ImageObject\",\"inLanguage\":\"de\",\"@id\":\"https:\\\/\\\/winesandspirits.ch\\\/product\\\/side-project-side-project-persona-ck-rl-mm-dd-tm-complet-set-craft-bee\\\/#primaryimage\",\"url\":\"https:\\\/\\\/winesandspirits.ch\\\/wp-content\\\/uploads\\\/2026\\\/03\\\/Side-Project-Persona-set.jpg\",\"contentUrl\":\"https:\\\/\\\/winesandspirits.ch\\\/wp-content\\\/uploads\\\/2026\\\/03\\\/Side-Project-Persona-set.jpg\",\"width\":800,\"height\":600,\"caption\":\"Side Project Persona CK, RL, MM, DD, TM complet SET\"},{\"@type\":\"BreadcrumbList\",\"@id\":\"https:\\\/\\\/winesandspirits.ch\\\/product\\\/side-project-side-project-persona-ck-rl-mm-dd-tm-complet-set-craft-bee\\\/#breadcrumb\",\"itemListElement\":[{\"@type\":\"ListItem\",\"position\":1,\"name\":\"Accueil\",\"item\":\"https:\\\/\\\/winesandspirits.ch\\\/\"},{\"@type\":\"ListItem\",\"position\":2,\"name\":\"Boutique\",\"item\":\"https:\\\/\\\/winesandspirits.ch\\\/boutique-wines-and-spirits-sa-switzerland\\\/\"},{\"@type\":\"ListItem\",\"position\":3,\"name\":\"Side Project Persona CK, RL, MM, DD, TM complet SET\"}]},{\"@type\":\"WebSite\",\"@id\":\"https:\\\/\\\/winesandspirits.ch\\\/#website\",\"url\":\"https:\\\/\\\/winesandspirits.ch\\\/\",\"name\":\"Wines and Spirits SA\",\"description\":\"Shop Premium Wines, Spirits &amp; Craft Beer Online\",\"publisher\":{\"@id\":\"https:\\\/\\\/winesandspirits.ch\\\/#organization\"},\"potentialAction\":[{\"@type\":\"SearchAction\",\"target\":{\"@type\":\"EntryPoint\",\"urlTemplate\":\"https:\\\/\\\/winesandspirits.ch\\\/?s={search_term_string}\"},\"query-input\":{\"@type\":\"PropertyValueSpecification\",\"valueRequired\":true,\"valueName\":\"search_term_string\"}}],\"inLanguage\":\"de\"},{\"@type\":\"Organization\",\"@id\":\"https:\\\/\\\/winesandspirits.ch\\\/#organization\",\"name\":\"Wines and Spirits SA\",\"url\":\"https:\\\/\\\/winesandspirits.ch\\\/\",\"logo\":{\"@type\":\"ImageObject\",\"inLanguage\":\"de\",\"@id\":\"https:\\\/\\\/winesandspirits.ch\\\/#\\\/schema\\\/logo\\\/image\\\/\",\"url\":\"https:\\\/\\\/winesandspirits.ch\\\/wp-content\\\/uploads\\\/2023\\\/01\\\/cropped-Noir.png\",\"contentUrl\":\"https:\\\/\\\/winesandspirits.ch\\\/wp-content\\\/uploads\\\/2023\\\/01\\\/cropped-Noir.png\",\"width\":512,\"height\":512,\"caption\":\"Wines and Spirits SA\"},\"image\":{\"@id\":\"https:\\\/\\\/winesandspirits.ch\\\/#\\\/schema\\\/logo\\\/image\\\/\"}}]}<\/script>\n<!-- \/ Yoast SEO plugin. -->","yoast_head_json":{"title":"Side Project Persona CK, RL, MM, DD, TM co | buy online CH","description":"Buy Side Project Persona CK, RL, MM, DD, TM complet SET \u2014 Craft Beer from United States. CHF 888. Bourbon Barrel, Vanilla, Fruit. Worldwide delivery \u2014 CH,","robots":{"index":"index","follow":"follow","max-snippet":"max-snippet:-1","max-image-preview":"max-image-preview:large","max-video-preview":"max-video-preview:-1"},"canonical":"https:\/\/winesandspirits.ch\/de\/produkt\/side-project-side-project-persona-ck-rl-mm-dd-tm-complet-set-craft-bee\/","og_locale":"de_DE","og_type":"article","og_title":"Side Project Persona CK, RL, MM, DD, TM co | buy online CH","og_description":"Buy Side Project Persona CK, RL, MM, DD, TM complet SET \u2014 Craft Beer from United States. CHF 888. Bourbon Barrel, Vanilla, Fruit. Worldwide delivery \u2014 CH,","og_url":"https:\/\/winesandspirits.ch\/de\/produkt\/side-project-side-project-persona-ck-rl-mm-dd-tm-complet-set-craft-bee\/","og_site_name":"Wines and Spirits SA","article_modified_time":"2026-04-04T23:11:01+00:00","og_image":[{"width":800,"height":600,"url":"https:\/\/winesandspirits.ch\/wp-content\/uploads\/2026\/03\/Side-Project-Persona-set.jpg","type":"image\/jpeg"}],"twitter_card":"summary_large_image","twitter_title":"Side Project Persona CK, RL, MM, DD, TM co | buy online CH","twitter_description":"Buy Side Project Persona CK, RL, MM, DD, TM complet SET \u2014 Craft Beer from United States. CHF 888. Bourbon Barrel, Vanilla, Fruit. Worldwide delivery \u2014 CH,","twitter_misc":{"Gesch\u00e4tzte Lesezeit":"3\u00a0Minuten"},"schema":{"@context":"https:\/\/schema.org","@graph":[{"@type":["WebPage","ItemPage"],"@id":"https:\/\/winesandspirits.ch\/product\/side-project-side-project-persona-ck-rl-mm-dd-tm-complet-set-craft-bee\/","url":"https:\/\/winesandspirits.ch\/product\/side-project-side-project-persona-ck-rl-mm-dd-tm-complet-set-craft-bee\/","name":"Side Project Persona CK, RL, MM, DD, TM co | buy online CH","isPartOf":{"@id":"https:\/\/winesandspirits.ch\/#website"},"primaryImageOfPage":{"@id":"https:\/\/winesandspirits.ch\/product\/side-project-side-project-persona-ck-rl-mm-dd-tm-complet-set-craft-bee\/#primaryimage"},"image":{"@id":"https:\/\/winesandspirits.ch\/product\/side-project-side-project-persona-ck-rl-mm-dd-tm-complet-set-craft-bee\/#primaryimage"},"thumbnailUrl":"https:\/\/winesandspirits.ch\/wp-content\/uploads\/2026\/03\/Side-Project-Persona-set.jpg","datePublished":"2026-03-01T14:20:34+00:00","dateModified":"2026-04-04T23:11:01+00:00","description":"Buy Side Project Persona CK, RL, MM, DD, TM complet SET \u2014 Craft Beer from United States. CHF 888. Bourbon Barrel, Vanilla, Fruit. Worldwide delivery \u2014 CH,","breadcrumb":{"@id":"https:\/\/winesandspirits.ch\/product\/side-project-side-project-persona-ck-rl-mm-dd-tm-complet-set-craft-bee\/#breadcrumb"},"inLanguage":"de","potentialAction":[{"@type":"ReadAction","target":["https:\/\/winesandspirits.ch\/product\/side-project-side-project-persona-ck-rl-mm-dd-tm-complet-set-craft-bee\/"]}]},{"@type":"ImageObject","inLanguage":"de","@id":"https:\/\/winesandspirits.ch\/product\/side-project-side-project-persona-ck-rl-mm-dd-tm-complet-set-craft-bee\/#primaryimage","url":"https:\/\/winesandspirits.ch\/wp-content\/uploads\/2026\/03\/Side-Project-Persona-set.jpg","contentUrl":"https:\/\/winesandspirits.ch\/wp-content\/uploads\/2026\/03\/Side-Project-Persona-set.jpg","width":800,"height":600,"caption":"Side Project Persona CK, RL, MM, DD, TM complet SET"},{"@type":"BreadcrumbList","@id":"https:\/\/winesandspirits.ch\/product\/side-project-side-project-persona-ck-rl-mm-dd-tm-complet-set-craft-bee\/#breadcrumb","itemListElement":[{"@type":"ListItem","position":1,"name":"Accueil","item":"https:\/\/winesandspirits.ch\/"},{"@type":"ListItem","position":2,"name":"Boutique","item":"https:\/\/winesandspirits.ch\/boutique-wines-and-spirits-sa-switzerland\/"},{"@type":"ListItem","position":3,"name":"Side Project Persona CK, RL, MM, DD, TM complet SET"}]},{"@type":"WebSite","@id":"https:\/\/winesandspirits.ch\/#website","url":"https:\/\/winesandspirits.ch\/","name":"Wines and Spirits SA","description":"Shop Premium Wines, Spirits &amp; Craft Beer Online","publisher":{"@id":"https:\/\/winesandspirits.ch\/#organization"},"potentialAction":[{"@type":"SearchAction","target":{"@type":"EntryPoint","urlTemplate":"https:\/\/winesandspirits.ch\/?s={search_term_string}"},"query-input":{"@type":"PropertyValueSpecification","valueRequired":true,"valueName":"search_term_string"}}],"inLanguage":"de"},{"@type":"Organization","@id":"https:\/\/winesandspirits.ch\/#organization","name":"Wines and Spirits SA","url":"https:\/\/winesandspirits.ch\/","logo":{"@type":"ImageObject","inLanguage":"de","@id":"https:\/\/winesandspirits.ch\/#\/schema\/logo\/image\/","url":"https:\/\/winesandspirits.ch\/wp-content\/uploads\/2023\/01\/cropped-Noir.png","contentUrl":"https:\/\/winesandspirits.ch\/wp-content\/uploads\/2023\/01\/cropped-Noir.png","width":512,"height":512,"caption":"Wines and Spirits SA"},"image":{"@id":"https:\/\/winesandspirits.ch\/#\/schema\/logo\/image\/"}}]}},"_links":{"self":[{"href":"https:\/\/winesandspirits.ch\/de\/wp-json\/wp\/v2\/product\/999858","targetHints":{"allow":["GET"]}}],"collection":[{"href":"https:\/\/winesandspirits.ch\/de\/wp-json\/wp\/v2\/product"}],"about":[{"href":"https:\/\/winesandspirits.ch\/de\/wp-json\/wp\/v2\/types\/product"}],"version-history":[{"count":13,"href":"https:\/\/winesandspirits.ch\/de\/wp-json\/wp\/v2\/product\/999858\/revisions"}],"predecessor-version":[{"id":1006159,"href":"https:\/\/winesandspirits.ch\/de\/wp-json\/wp\/v2\/product\/999858\/revisions\/1006159"}],"wp:featuredmedia":[{"embeddable":true,"href":"https:\/\/winesandspirits.ch\/de\/wp-json\/wp\/v2\/media\/999860"}],"wp:attachment":[{"href":"https:\/\/winesandspirits.ch\/de\/wp-json\/wp\/v2\/media?parent=999858"}],"wp:term":[{"taxonomy":"product_brand","embeddable":true,"href":"https:\/\/winesandspirits.ch\/de\/wp-json\/wp\/v2\/product_brand?post=999858"},{"taxonomy":"product_cat","embeddable":true,"href":"https:\/\/winesandspirits.ch\/de\/wp-json\/wp\/v2\/product_cat?post=999858"},{"taxonomy":"product_tag","embeddable":true,"href":"https:\/\/winesandspirits.ch\/de\/wp-json\/wp\/v2\/product_tag?post=999858"}],"curies":[{"name":"wp","href":"https:\/\/api.w.org\/{rel}","templated":true}]}}