{"id":999619,"date":"2025-12-31T18:34:18","date_gmt":"2025-12-31T17:34:18","guid":{"rendered":"https:\/\/winesandspirits.ch\/?post_type=product&#038;p=999619"},"modified":"2026-04-05T01:18:43","modified_gmt":"2026-04-04T23:18:43","slug":"barrel-aged-space-barrel-aged-space-debris-hazelnut-vanilla-coconut-20","status":"publish","type":"product","link":"https:\/\/winesandspirits.ch\/de\/produkt\/barrel-aged-space-barrel-aged-space-debris-hazelnut-vanilla-coconut-20\/","title":{"rendered":"Barrel-Aged Space Debris: Hazelnut + Vanilla + Coconut (2025) (Forest Green Wax)"},"content":{"rendered":"<div class=\"vgblk-rw-wrapper limit-wrapper\">\n<div style=\"font-family:'Georgia',serif;background:#faf8f4;margin:0;padding:0\">\n<div style=\"background:#fff;border:1px solid #ede8e0;border-radius:4px;overflow:hidden;margin-bottom:2px\">\n<div style=\"padding:16px 18px 8px;background:#faf8f4;border-bottom:1px solid #ede8e0\">\n<p style=\"font-size:10px;font-weight:700;text-transform:uppercase;letter-spacing:3px;color:#a08060;margin:0\">Technische Daten<\/p>\n<\/div>\n<div style=\"display:grid;grid-template-columns:repeat(auto-fit,minmax(130px,1fr))\">\n<div style=\"padding:14px 18px;border-bottom:1px solid #ede8e0\">\n<div style=\"font-size:10px;font-weight:700;text-transform:uppercase;letter-spacing:2px;color:#a08060;margin-bottom:4px\">Stil<\/div>\n<div style=\"font-size:16px;font-weight:400;color:#1a1a1a;font-family:'Georgia',serif\">Stout &#8211; Imperial \/ Double<\/div>\n<\/div>\n<div style=\"padding:14px 18px;border-bottom:1px solid #ede8e0\">\n<div style=\"font-size:10px;font-weight:700;text-transform:uppercase;letter-spacing:2px;color:#a08060;margin-bottom:4px\">Ursprung<\/div>\n<div style=\"font-size:16px;font-weight:400;color:#1a1a1a;font-family:'Georgia',serif\">Vereinigte Staaten<\/div>\n<\/div>\n<\/div>\n<\/div>\n<div style=\"padding:40px;background:#fff;margin-top:2px\">\n<p style=\"font-size:10px;font-weight:700;text-transform:uppercase;letter-spacing:3px;color:#a08060;margin:0 0 8px\">Verkostungsprofil<\/p>\n<div style=\"width:36px;height:2px;background:#c8b89a;margin-bottom:18px\"><\/div>\n<p style=\"font-size:15px;line-height:1.9;color:#3d2b1f;margin:0 0 20px;max-width:760px\">Barrel-Aged Space Debris: Hazelnut + Vanilla + Coconut (2025) (Forest Green Wax) is an exceptional Stout &#8211; Imperial \/ Double crafted by Barrel-Aged Space in United States. this outstanding brew delivers an unforgettable tasting experience. Expect a rich profile of Coconut, Bourbon, Caramel, Coffee, Chocolate \u2014 a true masterpiece of craft brewing. Available online with worldwide delivery \u2014 Switzerland, EU and international shipping. \ud83c\udf0d<\/p>\n<\/div>\n<div style=\"padding:40px;background:#faf8f4;margin-top:2px\">\n<p style=\"font-size:10px;font-weight:700;text-transform:uppercase;letter-spacing:3px;color:#a08060;margin:0 0 6px\">\u00dcber die Brauerei<\/p>\n<h3 style=\"font-size:24px;font-weight:400;color:#1a1a1a;margin:0 0 10px;font-family:'Georgia',serif\">Barrel-Aged Space<\/h3>\n<div style=\"margin-bottom:14px\"><span style=\"font-size:12px;color:#a08060\">\ud83d\udccd Vereinigte Staaten<\/span><\/div>\n<div style=\"width:36px;height:2px;background:#c8b89a;margin-bottom:16px\"><\/div>\n<p style=\"font-size:14px;line-height:1.85;color:#3d2b1f;margin:0 0 20px;max-width:760px\">Barrel-Aged Space is a renowned craft brewery celebrated for its unwavering commitment to quality and innovation. Every beer is crafted with meticulous care using only the finest ingredients to create unique and memorable tasting experiences.<\/p>\n<\/div>\n<div style=\"padding:32px 40px;background:#fff;margin-top:2px\">\n<p style=\"font-size:10px;font-weight:700;text-transform:uppercase;letter-spacing:3px;color:#a08060;margin:0 0 8px\">Aromen<\/p>\n<div style=\"width:36px;height:2px;background:#c8b89a;margin-bottom:16px\"><\/div>\n<div><span style=\"display:inline-block;border:1.5px solid #c8b89a;border-radius:20px;padding:5px 16px;font-size:13px;color:#3d2b1f;margin:3px;font-family:Georgia,serif\">Kokosnuss<\/span><span style=\"display:inline-block;border:1.5px solid #c8b89a;border-radius:20px;padding:5px 16px;font-size:13px;color:#3d2b1f;margin:3px;font-family:Georgia,serif\">Bourbon<\/span><span style=\"display:inline-block;border:1.5px solid #c8b89a;border-radius:20px;padding:5px 16px;font-size:13px;color:#3d2b1f;margin:3px;font-family:Georgia,serif\">Karamell<\/span><span style=\"display:inline-block;border:1.5px solid #c8b89a;border-radius:20px;padding:5px 16px;font-size:13px;color:#3d2b1f;margin:3px;font-family:Georgia,serif\">Kaffee<\/span><span style=\"display:inline-block;border:1.5px solid #c8b89a;border-radius:20px;padding:5px 16px;font-size:13px;color:#3d2b1f;margin:3px;font-family:Georgia,serif\">Schokolade<\/span><span style=\"display:inline-block;border:1.5px solid #c8b89a;border-radius:20px;padding:5px 16px;font-size:13px;color:#3d2b1f;margin:3px;font-family:Georgia,serif\">Vanille<\/span><span style=\"display:inline-block;border:1.5px solid #c8b89a;border-radius:20px;padding:5px 16px;font-size:13px;color:#3d2b1f;margin:3px;font-family:Georgia,serif\">Ger\u00f6stet<\/span><\/div>\n<\/div>\n<div style=\"display:grid;grid-template-columns:1fr 1fr;gap:2px;margin-top:2px\">\n<div style=\"background:#faf8f4;padding:32px 36px\">\n<p style=\"font-size:10px;font-weight:700;text-transform:uppercase;letter-spacing:3px;color:#a08060;margin:0 0 8px\">Franz\u00f6sisch<\/p>\n<div style=\"width:28px;height:2px;background:#c8b89a;margin-bottom:14px\"><\/div>\n<p style=\"font-size:13px;line-height:1.8;color:#3d2b1f;margin:0\" lang=\"fr\">Barrel-Aged Space Debris: Hazelnut + Vanilla + Coconut (2025) (Forest Green Wax) est bi\u00e8re d&#8217;exception de Barrel-Aged Space, en United States. Elle offre une exp\u00e9rience gustative inoubliable. Profil\u202f: Coconut, Bourbon, Caramel, Coffee, Chocolate. un vrai chef-d&#8217;\u0153uvre brassicole. Livraison en Suisse, dans toute l&#8217;Europe et dans le monde entier \ud83c\udf0d<\/p>\n<\/div>\n<div style=\"background:#faf8f4;padding:32px 36px\">\n<p style=\"font-size:10px;font-weight:700;text-transform:uppercase;letter-spacing:3px;color:#a08060;margin:0 0 8px\">Deutsch<\/p>\n<div style=\"width:28px;height:2px;background:#c8b89a;margin-bottom:14px\"><\/div>\n<p style=\"font-size:13px;line-height:1.8;color:#3d2b1f;margin:0\" lang=\"de\">Barrel-Aged Space Debris: Hazelnut + Vanilla + Coconut (2025) (Forest Green Wax) ist ein au\u00dfergew\u00f6hnliches Bier von Barrel-Aged Space aus United States.  bietet es ein unvergessliches Geschmackserlebnis. Profil: Coconut, Bourbon, Caramel, Coffee, Chocolate. ein wahres Meisterwerk des Craft Brewing. Lieferung in die Schweiz, Europa und weltweit \ud83c\udf0d<\/p>\n<\/div>\n<\/div>\n<div style=\"background:linear-gradient(135deg,#1a1a2e,#16213e);padding:32px 40px;margin-top:2px;display:flex;align-items:center;justify-content:space-between;flex-wrap:wrap;gap:16px\">\n<div>\n<p style=\"font-size:11px;font-weight:700;text-transform:uppercase;letter-spacing:3px;color:#f9c74f;margin:0 0 4px\">Community-Bewertungen<\/p>\n<p style=\"font-size:20px;color:#fff;margin:0;font-family:'Georgia',serif\">Sehen Sie, was Bierliebhaber denken<\/p>\n<\/div>\n<p><a href=\"https:\/\/untappd.com\/beer\/6489744\" target=\"_blank\" rel=\"nofollow noopener\" style=\"display:inline-flex;align-items:center;gap:10px;background:#f9c74f;color:#1a1a1a;text-decoration:none;padding:12px 24px;border-radius:4px;font-weight:700;font-size:14px\">\ud83c\udf7a Auf Untappd ansehen \u2192<\/a><\/div>\n<div style=\"background:#fff;padding:24px 40px;margin-top:2px;display:flex;align-items:center;justify-content:space-between;flex-wrap:wrap;gap:12px;border-top:3px solid #c8b89a\">\n<div>\n<p style=\"font-size:10px;font-weight:700;text-transform:uppercase;letter-spacing:2px;color:#a08060;margin:0 0 4px\">Online-Preis<\/p>\n<p style=\"font-size:30px;font-weight:400;color:#1a1a1a;margin:0;font-family:'Georgia',serif\">CHF 149<\/p>\n<\/div>\n<div style=\"text-align:right\">\n<p style=\"font-size:13px;color:#3d2b1f;font-weight:600;margin:0 0 4px\">\ud83d\ude9a Weltweite Lieferung \u2014 Schweiz, EU &amp; International \ud83c\udf0d<\/p>\n<p style=\"font-size:11px;color:#a08060;margin:0\">Schneller und sicherer Versand \u00b7 winesandspirits.ch<\/p>\n<\/div>\n<\/div>\n<div style=\"background:#1a1a1a;padding:14px 40px;margin-top:2px;display:flex;align-items:center;justify-content:space-between;flex-wrap:wrap;gap:10px\">\n<span style=\"font-size:10px;font-weight:700;text-transform:uppercase;letter-spacing:3px;color:#c8b89a\">\u2726 Premium handverlesene Auswahl \u00b7 winesandspirits.ch \u2726<\/span><br \/>\n<span style=\"font-size:10px;color:#777;font-style:italic\">Enth\u00e4lt Alkohol. Verantwortungsvoll genie\u00dfen. Nicht f\u00fcr Personen unter 18 Jahren geeignet.<\/span>\n<\/div>\n<\/div>\n<\/div>\n<p><!-- .vgblk-rw-wrapper --><\/p>","protected":false},"excerpt":{"rendered":"<p>Premium Stout &#8211; Imperial \/ Double by Barrel-Aged Space from United States \u00b7 Worldwide delivery \ud83c\udf0d<\/p>","protected":false},"featured_media":999621,"template":"","meta":[],"product_brand":[],"product_cat":[76,97,90],"product_tag":[],"class_list":{"0":"post-999619","1":"product","2":"type-product","3":"status-publish","4":"has-post-thumbnail","6":"product_cat-craft-beer","7":"product_cat-divers-usa-craft-beer","8":"product_cat-usa","10":"first","11":"instock","12":"shipping-taxable","13":"purchasable","14":"product-type-simple"},"supplier_id":null,"supplier_sku":"","barcode":null,"atum_controlled":true,"out_stock_date":null,"out_stock_threshold":null,"inheritable":false,"inbound_stock":null,"stock_on_hold":0,"sold_today":0,"sales_last_days":0,"reserved_stock":null,"customer_returns":null,"warehouse_damage":null,"lost_in_post":null,"other_logs":null,"out_stock_days":0,"lost_sales":0,"has_location":null,"update_date":"2026-04-06T00:00:58","atum_locations":[],"atum_stock_status":"instock","restock_status":false,"low_stock_amount":0,"sales_update_date":"2026-04-06T00:00:58","calc_backorders":null,"yoast_head":"<!-- This site is optimized with the Yoast SEO plugin v27.3 - https:\/\/yoast.com\/product\/yoast-seo-wordpress\/ -->\n<title>Barrel-Aged Space Debris: Hazelnut + Vanil | buy online CH<\/title>\n<meta name=\"description\" content=\"Buy Barrel-Aged Space Debris: Hazelnut + Vanilla + Coconut (2025) (Forest Green Wax) \u2014 Stout - Imperial \/ Double from United States. CHF 149. Coconut, Haze\" \/>\n<meta name=\"robots\" content=\"index, follow, max-snippet:-1, max-image-preview:large, max-video-preview:-1\" \/>\n<link rel=\"canonical\" href=\"https:\/\/winesandspirits.ch\/de\/produkt\/barrel-aged-space-barrel-aged-space-debris-hazelnut-vanilla-coconut-20\/\" \/>\n<meta property=\"og:locale\" content=\"de_DE\" \/>\n<meta property=\"og:type\" content=\"article\" \/>\n<meta property=\"og:title\" content=\"Barrel-Aged Space Debris: Hazelnut + Vanil | buy online CH\" \/>\n<meta property=\"og:description\" content=\"Buy Barrel-Aged Space Debris: Hazelnut + Vanilla + Coconut (2025) (Forest Green Wax) \u2014 Stout - Imperial \/ Double from United States. CHF 149. Coconut, Haze\" \/>\n<meta property=\"og:url\" content=\"https:\/\/winesandspirits.ch\/de\/produkt\/barrel-aged-space-barrel-aged-space-debris-hazelnut-vanilla-coconut-20\/\" \/>\n<meta property=\"og:site_name\" content=\"Wines and Spirits SA\" \/>\n<meta property=\"article:modified_time\" content=\"2026-04-04T23:18:43+00:00\" \/>\n<meta property=\"og:image\" content=\"https:\/\/winesandspirits.ch\/wp-content\/uploads\/2025\/12\/Space-debris-hazelnut-brothership-rotated.jpg\" \/>\n\t<meta property=\"og:image:width\" content=\"600\" \/>\n\t<meta property=\"og:image:height\" content=\"800\" \/>\n\t<meta property=\"og:image:type\" content=\"image\/jpeg\" \/>\n<meta name=\"twitter:card\" content=\"summary_large_image\" \/>\n<meta name=\"twitter:title\" content=\"Barrel-Aged Space Debris: Hazelnut + Vanil | buy online CH\" \/>\n<meta name=\"twitter:description\" content=\"Buy Barrel-Aged Space Debris: Hazelnut + Vanilla + Coconut (2025) (Forest Green Wax) \u2014 Stout - Imperial \/ Double from United States. CHF 149. Coconut, Haze\" \/>\n<meta name=\"twitter:label1\" content=\"Gesch\u00e4tzte Lesezeit\" \/>\n\t<meta name=\"twitter:data1\" content=\"2\u00a0Minuten\" \/>\n<script type=\"application\/ld+json\" class=\"yoast-schema-graph\">{\"@context\":\"https:\\\/\\\/schema.org\",\"@graph\":[{\"@type\":[\"WebPage\",\"ItemPage\"],\"@id\":\"https:\\\/\\\/winesandspirits.ch\\\/product\\\/barrel-aged-space-barrel-aged-space-debris-hazelnut-vanilla-coconut-20\\\/\",\"url\":\"https:\\\/\\\/winesandspirits.ch\\\/product\\\/barrel-aged-space-barrel-aged-space-debris-hazelnut-vanilla-coconut-20\\\/\",\"name\":\"Barrel-Aged Space Debris: Hazelnut + Vanil | buy online CH\",\"isPartOf\":{\"@id\":\"https:\\\/\\\/winesandspirits.ch\\\/#website\"},\"primaryImageOfPage\":{\"@id\":\"https:\\\/\\\/winesandspirits.ch\\\/product\\\/barrel-aged-space-barrel-aged-space-debris-hazelnut-vanilla-coconut-20\\\/#primaryimage\"},\"image\":{\"@id\":\"https:\\\/\\\/winesandspirits.ch\\\/product\\\/barrel-aged-space-barrel-aged-space-debris-hazelnut-vanilla-coconut-20\\\/#primaryimage\"},\"thumbnailUrl\":\"https:\\\/\\\/winesandspirits.ch\\\/wp-content\\\/uploads\\\/2025\\\/12\\\/Space-debris-hazelnut-brothership-rotated.jpg\",\"datePublished\":\"2025-12-31T17:34:18+00:00\",\"dateModified\":\"2026-04-04T23:18:43+00:00\",\"description\":\"Buy Barrel-Aged Space Debris: Hazelnut + Vanilla + Coconut (2025) (Forest Green Wax) \u2014 Stout - Imperial \\\/ Double from United States. CHF 149. Coconut, Haze\",\"breadcrumb\":{\"@id\":\"https:\\\/\\\/winesandspirits.ch\\\/product\\\/barrel-aged-space-barrel-aged-space-debris-hazelnut-vanilla-coconut-20\\\/#breadcrumb\"},\"inLanguage\":\"de\",\"potentialAction\":[{\"@type\":\"ReadAction\",\"target\":[\"https:\\\/\\\/winesandspirits.ch\\\/product\\\/barrel-aged-space-barrel-aged-space-debris-hazelnut-vanilla-coconut-20\\\/\"]}]},{\"@type\":\"ImageObject\",\"inLanguage\":\"de\",\"@id\":\"https:\\\/\\\/winesandspirits.ch\\\/product\\\/barrel-aged-space-barrel-aged-space-debris-hazelnut-vanilla-coconut-20\\\/#primaryimage\",\"url\":\"https:\\\/\\\/winesandspirits.ch\\\/wp-content\\\/uploads\\\/2025\\\/12\\\/Space-debris-hazelnut-brothership-rotated.jpg\",\"contentUrl\":\"https:\\\/\\\/winesandspirits.ch\\\/wp-content\\\/uploads\\\/2025\\\/12\\\/Space-debris-hazelnut-brothership-rotated.jpg\",\"width\":600,\"height\":800,\"caption\":\"Barrel-Aged Space Debris: Hazelnut + Vanilla + Coconut (2025) (Forest Green Wax)\"},{\"@type\":\"BreadcrumbList\",\"@id\":\"https:\\\/\\\/winesandspirits.ch\\\/product\\\/barrel-aged-space-barrel-aged-space-debris-hazelnut-vanilla-coconut-20\\\/#breadcrumb\",\"itemListElement\":[{\"@type\":\"ListItem\",\"position\":1,\"name\":\"Accueil\",\"item\":\"https:\\\/\\\/winesandspirits.ch\\\/\"},{\"@type\":\"ListItem\",\"position\":2,\"name\":\"Boutique\",\"item\":\"https:\\\/\\\/winesandspirits.ch\\\/boutique-wines-and-spirits-sa-switzerland\\\/\"},{\"@type\":\"ListItem\",\"position\":3,\"name\":\"Barrel-Aged Space Debris: Hazelnut + Vanilla + Coconut (2025) (Forest Green Wax)\"}]},{\"@type\":\"WebSite\",\"@id\":\"https:\\\/\\\/winesandspirits.ch\\\/#website\",\"url\":\"https:\\\/\\\/winesandspirits.ch\\\/\",\"name\":\"Wines and Spirits SA\",\"description\":\"Shop Premium Wines, Spirits &amp; Craft Beer Online\",\"publisher\":{\"@id\":\"https:\\\/\\\/winesandspirits.ch\\\/#organization\"},\"potentialAction\":[{\"@type\":\"SearchAction\",\"target\":{\"@type\":\"EntryPoint\",\"urlTemplate\":\"https:\\\/\\\/winesandspirits.ch\\\/?s={search_term_string}\"},\"query-input\":{\"@type\":\"PropertyValueSpecification\",\"valueRequired\":true,\"valueName\":\"search_term_string\"}}],\"inLanguage\":\"de\"},{\"@type\":\"Organization\",\"@id\":\"https:\\\/\\\/winesandspirits.ch\\\/#organization\",\"name\":\"Wines and Spirits SA\",\"url\":\"https:\\\/\\\/winesandspirits.ch\\\/\",\"logo\":{\"@type\":\"ImageObject\",\"inLanguage\":\"de\",\"@id\":\"https:\\\/\\\/winesandspirits.ch\\\/#\\\/schema\\\/logo\\\/image\\\/\",\"url\":\"https:\\\/\\\/winesandspirits.ch\\\/wp-content\\\/uploads\\\/2023\\\/01\\\/cropped-Noir.png\",\"contentUrl\":\"https:\\\/\\\/winesandspirits.ch\\\/wp-content\\\/uploads\\\/2023\\\/01\\\/cropped-Noir.png\",\"width\":512,\"height\":512,\"caption\":\"Wines and Spirits SA\"},\"image\":{\"@id\":\"https:\\\/\\\/winesandspirits.ch\\\/#\\\/schema\\\/logo\\\/image\\\/\"}}]}<\/script>\n<!-- \/ Yoast SEO plugin. -->","yoast_head_json":{"title":"Barrel-Aged Space Debris: Hazelnut + Vanil | buy online CH","description":"Buy Barrel-Aged Space Debris: Hazelnut + Vanilla + Coconut (2025) (Forest Green Wax) \u2014 Stout - Imperial \/ Double from United States. CHF 149. Coconut, Haze","robots":{"index":"index","follow":"follow","max-snippet":"max-snippet:-1","max-image-preview":"max-image-preview:large","max-video-preview":"max-video-preview:-1"},"canonical":"https:\/\/winesandspirits.ch\/de\/produkt\/barrel-aged-space-barrel-aged-space-debris-hazelnut-vanilla-coconut-20\/","og_locale":"de_DE","og_type":"article","og_title":"Barrel-Aged Space Debris: Hazelnut + Vanil | buy online CH","og_description":"Buy Barrel-Aged Space Debris: Hazelnut + Vanilla + Coconut (2025) (Forest Green Wax) \u2014 Stout - Imperial \/ Double from United States. CHF 149. Coconut, Haze","og_url":"https:\/\/winesandspirits.ch\/de\/produkt\/barrel-aged-space-barrel-aged-space-debris-hazelnut-vanilla-coconut-20\/","og_site_name":"Wines and Spirits SA","article_modified_time":"2026-04-04T23:18:43+00:00","og_image":[{"width":600,"height":800,"url":"https:\/\/winesandspirits.ch\/wp-content\/uploads\/2025\/12\/Space-debris-hazelnut-brothership-rotated.jpg","type":"image\/jpeg"}],"twitter_card":"summary_large_image","twitter_title":"Barrel-Aged Space Debris: Hazelnut + Vanil | buy online CH","twitter_description":"Buy Barrel-Aged Space Debris: Hazelnut + Vanilla + Coconut (2025) (Forest Green Wax) \u2014 Stout - Imperial \/ Double from United States. CHF 149. Coconut, Haze","twitter_misc":{"Gesch\u00e4tzte Lesezeit":"2\u00a0Minuten"},"schema":{"@context":"https:\/\/schema.org","@graph":[{"@type":["WebPage","ItemPage"],"@id":"https:\/\/winesandspirits.ch\/product\/barrel-aged-space-barrel-aged-space-debris-hazelnut-vanilla-coconut-20\/","url":"https:\/\/winesandspirits.ch\/product\/barrel-aged-space-barrel-aged-space-debris-hazelnut-vanilla-coconut-20\/","name":"Barrel-Aged Space Debris: Hazelnut + Vanil | buy online CH","isPartOf":{"@id":"https:\/\/winesandspirits.ch\/#website"},"primaryImageOfPage":{"@id":"https:\/\/winesandspirits.ch\/product\/barrel-aged-space-barrel-aged-space-debris-hazelnut-vanilla-coconut-20\/#primaryimage"},"image":{"@id":"https:\/\/winesandspirits.ch\/product\/barrel-aged-space-barrel-aged-space-debris-hazelnut-vanilla-coconut-20\/#primaryimage"},"thumbnailUrl":"https:\/\/winesandspirits.ch\/wp-content\/uploads\/2025\/12\/Space-debris-hazelnut-brothership-rotated.jpg","datePublished":"2025-12-31T17:34:18+00:00","dateModified":"2026-04-04T23:18:43+00:00","description":"Buy Barrel-Aged Space Debris: Hazelnut + Vanilla + Coconut (2025) (Forest Green Wax) \u2014 Stout - Imperial \/ Double from United States. CHF 149. Coconut, Haze","breadcrumb":{"@id":"https:\/\/winesandspirits.ch\/product\/barrel-aged-space-barrel-aged-space-debris-hazelnut-vanilla-coconut-20\/#breadcrumb"},"inLanguage":"de","potentialAction":[{"@type":"ReadAction","target":["https:\/\/winesandspirits.ch\/product\/barrel-aged-space-barrel-aged-space-debris-hazelnut-vanilla-coconut-20\/"]}]},{"@type":"ImageObject","inLanguage":"de","@id":"https:\/\/winesandspirits.ch\/product\/barrel-aged-space-barrel-aged-space-debris-hazelnut-vanilla-coconut-20\/#primaryimage","url":"https:\/\/winesandspirits.ch\/wp-content\/uploads\/2025\/12\/Space-debris-hazelnut-brothership-rotated.jpg","contentUrl":"https:\/\/winesandspirits.ch\/wp-content\/uploads\/2025\/12\/Space-debris-hazelnut-brothership-rotated.jpg","width":600,"height":800,"caption":"Barrel-Aged Space Debris: Hazelnut + Vanilla + Coconut (2025) (Forest Green Wax)"},{"@type":"BreadcrumbList","@id":"https:\/\/winesandspirits.ch\/product\/barrel-aged-space-barrel-aged-space-debris-hazelnut-vanilla-coconut-20\/#breadcrumb","itemListElement":[{"@type":"ListItem","position":1,"name":"Accueil","item":"https:\/\/winesandspirits.ch\/"},{"@type":"ListItem","position":2,"name":"Boutique","item":"https:\/\/winesandspirits.ch\/boutique-wines-and-spirits-sa-switzerland\/"},{"@type":"ListItem","position":3,"name":"Barrel-Aged Space Debris: Hazelnut + Vanilla + Coconut (2025) (Forest Green Wax)"}]},{"@type":"WebSite","@id":"https:\/\/winesandspirits.ch\/#website","url":"https:\/\/winesandspirits.ch\/","name":"Wines and Spirits SA","description":"Shop Premium Wines, Spirits &amp; Craft Beer Online","publisher":{"@id":"https:\/\/winesandspirits.ch\/#organization"},"potentialAction":[{"@type":"SearchAction","target":{"@type":"EntryPoint","urlTemplate":"https:\/\/winesandspirits.ch\/?s={search_term_string}"},"query-input":{"@type":"PropertyValueSpecification","valueRequired":true,"valueName":"search_term_string"}}],"inLanguage":"de"},{"@type":"Organization","@id":"https:\/\/winesandspirits.ch\/#organization","name":"Wines and Spirits SA","url":"https:\/\/winesandspirits.ch\/","logo":{"@type":"ImageObject","inLanguage":"de","@id":"https:\/\/winesandspirits.ch\/#\/schema\/logo\/image\/","url":"https:\/\/winesandspirits.ch\/wp-content\/uploads\/2023\/01\/cropped-Noir.png","contentUrl":"https:\/\/winesandspirits.ch\/wp-content\/uploads\/2023\/01\/cropped-Noir.png","width":512,"height":512,"caption":"Wines and Spirits SA"},"image":{"@id":"https:\/\/winesandspirits.ch\/#\/schema\/logo\/image\/"}}]}},"_links":{"self":[{"href":"https:\/\/winesandspirits.ch\/de\/wp-json\/wp\/v2\/product\/999619","targetHints":{"allow":["GET"]}}],"collection":[{"href":"https:\/\/winesandspirits.ch\/de\/wp-json\/wp\/v2\/product"}],"about":[{"href":"https:\/\/winesandspirits.ch\/de\/wp-json\/wp\/v2\/types\/product"}],"version-history":[{"count":10,"href":"https:\/\/winesandspirits.ch\/de\/wp-json\/wp\/v2\/product\/999619\/revisions"}],"predecessor-version":[{"id":1006208,"href":"https:\/\/winesandspirits.ch\/de\/wp-json\/wp\/v2\/product\/999619\/revisions\/1006208"}],"wp:featuredmedia":[{"embeddable":true,"href":"https:\/\/winesandspirits.ch\/de\/wp-json\/wp\/v2\/media\/999621"}],"wp:attachment":[{"href":"https:\/\/winesandspirits.ch\/de\/wp-json\/wp\/v2\/media?parent=999619"}],"wp:term":[{"taxonomy":"product_brand","embeddable":true,"href":"https:\/\/winesandspirits.ch\/de\/wp-json\/wp\/v2\/product_brand?post=999619"},{"taxonomy":"product_cat","embeddable":true,"href":"https:\/\/winesandspirits.ch\/de\/wp-json\/wp\/v2\/product_cat?post=999619"},{"taxonomy":"product_tag","embeddable":true,"href":"https:\/\/winesandspirits.ch\/de\/wp-json\/wp\/v2\/product_tag?post=999619"}],"curies":[{"name":"wp","href":"https:\/\/api.w.org\/{rel}","templated":true}]}}