{"id":999568,"date":"2025-12-28T11:51:15","date_gmt":"2025-12-28T10:51:15","guid":{"rendered":"https:\/\/winesandspirits.ch\/?post_type=product&#038;p=999568"},"modified":"2026-04-05T01:20:41","modified_gmt":"2026-04-04T23:20:41","slug":"goose-island-goose-island-double-barrel-2025-stout-imperial-double-buy","status":"publish","type":"product","link":"https:\/\/winesandspirits.ch\/de\/produkt\/goose-island-goose-island-double-barrel-2025-stout-imperial-double-buy\/","title":{"rendered":"G\u00e4nseinsel Doppel 2025"},"content":{"rendered":"<div class=\"vgblk-rw-wrapper limit-wrapper\">\n<div style=\"font-family:'Georgia',serif;background:#faf8f4;margin:0;padding:0\">\n<div style=\"background:#fff;border:1px solid #ede8e0;border-radius:4px;overflow:hidden;margin-bottom:2px\">\n<div style=\"padding:16px 18px 8px;background:#faf8f4;border-bottom:1px solid #ede8e0\">\n<p style=\"font-size:10px;font-weight:700;text-transform:uppercase;letter-spacing:3px;color:#a08060;margin:0\">Technische Daten<\/p>\n<\/div>\n<div style=\"display:grid;grid-template-columns:repeat(auto-fit,minmax(130px,1fr))\">\n<div style=\"padding:14px 18px;border-bottom:1px solid #ede8e0\">\n<div style=\"font-size:10px;font-weight:700;text-transform:uppercase;letter-spacing:2px;color:#a08060;margin-bottom:4px\">ABV<\/div>\n<div style=\"font-size:16px;font-weight:400;color:#1a1a1a;font-family:'Georgia',serif\">17.4%<\/div>\n<\/div>\n<div style=\"padding:14px 18px;border-bottom:1px solid #ede8e0\">\n<div style=\"font-size:10px;font-weight:700;text-transform:uppercase;letter-spacing:2px;color:#a08060;margin-bottom:4px\">Stil<\/div>\n<div style=\"font-size:16px;font-weight:400;color:#1a1a1a;font-family:'Georgia',serif\">Stout &#8211; Imperial \/ Double<\/div>\n<\/div>\n<div style=\"padding:14px 18px;border-bottom:1px solid #ede8e0\">\n<div style=\"font-size:10px;font-weight:700;text-transform:uppercase;letter-spacing:2px;color:#a08060;margin-bottom:4px\">Ursprung<\/div>\n<div style=\"font-size:16px;font-weight:400;color:#1a1a1a;font-family:'Georgia',serif\">Vereinigte Staaten<\/div>\n<\/div>\n<\/div>\n<\/div>\n<div style=\"padding:40px;background:#fff;margin-top:2px\">\n<p style=\"font-size:10px;font-weight:700;text-transform:uppercase;letter-spacing:3px;color:#a08060;margin:0 0 8px\">Verkostungsprofil<\/p>\n<div style=\"width:36px;height:2px;background:#c8b89a;margin-bottom:18px\"><\/div>\n<p style=\"font-size:15px;line-height:1.9;color:#3d2b1f;margin:0 0 20px;max-width:760px\">Goose Island double barrel 2025 is an exceptional Stout &#8211; Imperial \/ Double crafted by Goose Island in United States. At 17.4% ABV, this outstanding brew delivers an unforgettable tasting experience. Expect a rich profile of Bourbon Barrel, Molasses, Caramel, Coffee, Chocolate \u2014 a true masterpiece of craft brewing. Available online with worldwide delivery \u2014 Switzerland, EU and international shipping. \ud83c\udf0d<\/p>\n<\/div>\n<div style=\"padding:40px;background:#faf8f4;margin-top:2px\">\n<p style=\"font-size:10px;font-weight:700;text-transform:uppercase;letter-spacing:3px;color:#a08060;margin:0 0 6px\">\u00dcber die Brauerei<\/p>\n<h3 style=\"font-size:24px;font-weight:400;color:#1a1a1a;margin:0 0 10px;font-family:'Georgia',serif\">G\u00e4nseinsel<\/h3>\n<div style=\"margin-bottom:14px\"><span style=\"font-size:12px;color:#a08060\">\ud83d\udccd Vereinigte Staaten<\/span><\/div>\n<div style=\"width:36px;height:2px;background:#c8b89a;margin-bottom:16px\"><\/div>\n<p style=\"font-size:14px;line-height:1.85;color:#3d2b1f;margin:0 0 20px;max-width:760px\">Goose Island Beer Company was founded in 1988 by John Hall in Chicago, Illinois, and stands as one of the most historically significant craft breweries in American history. In 1992, Goose Island produced the first commercially available bourbon barrel-aged beer in the United States \u2014 the Bourbon County Brand Stout (BCBS) \u2014 single-handedly creating an entirely new category that transformed the global craft beer landscape. The BCBS release, held every Black Friday, has become the most eagerly anticipated annual event in the craft beer calendar, with enthusiasts queuing for hours at select retailers worldwide. The Bourbon County Rare series \u2014 produced from the most exceptional single barrels, often aged over a decade \u2014 commands prices of several hundred dollars and sells out within minutes of release. Goose Island&#8217;s barrel aging program, one of the largest and most sophisticated in the world, draws exclusively from the greatest Kentucky bourbon distilleries \u2014 Heaven Hill, Buffalo Trace, Wild Turkey, Four Roses and more. Each expression in the Bourbon County lineup showcases a different aspect of barrel character: Coffee Stout with Intelligentsia beans, Barleywine, Proprietor&#8217;s, and the legendary midnight dark Rare. A bottle of aged Bourbon County Stout is not just a beer \u2014 it is a collector&#8217;s piece that appreciates in value and continues to evolve in the bottle for years.<\/p>\n<div style=\"display:flex;gap:12px;flex-wrap:wrap;margin-top:4px\"><a href=\"https:\/\/winesandspirits.ch\/de\/produkt-kategorie\/bieres-craft\/usa\/goose-island\/\" style=\"display:inline-flex;align-items:center;gap:6px;background:#1a1a1a;color:#c8b89a;padding:8px 18px;font-size:11px;font-weight:700;letter-spacing:2px;text-transform:uppercase;text-decoration:none;border-radius:2px\">Voir tous les Goose Island<\/a><a href=\"https:\/\/www.gooseisland.com\" target=\"_blank\" rel=\"noopener\" style=\"display:inline-flex;align-items:center;gap:6px;background:#faf8f4;color:#3d2b1f;padding:8px 18px;font-size:11px;font-weight:700;letter-spacing:2px;text-transform:uppercase;text-decoration:none;border:1px solid #c8b89a;border-radius:2px\">Offizielle Website<\/a><\/div>\n<\/div>\n<div style=\"padding:32px 40px;background:#fff;margin-top:2px\">\n<p style=\"font-size:10px;font-weight:700;text-transform:uppercase;letter-spacing:3px;color:#a08060;margin:0 0 8px\">Aromen<\/p>\n<div style=\"width:36px;height:2px;background:#c8b89a;margin-bottom:16px\"><\/div>\n<div><span style=\"display:inline-block;border:1.5px solid #c8b89a;border-radius:20px;padding:5px 16px;font-size:13px;color:#3d2b1f;margin:3px;font-family:Georgia,serif\">Bourbon Barrel<\/span><span style=\"display:inline-block;border:1.5px solid #c8b89a;border-radius:20px;padding:5px 16px;font-size:13px;color:#3d2b1f;margin:3px;font-family:Georgia,serif\">Molasses<\/span><span style=\"display:inline-block;border:1.5px solid #c8b89a;border-radius:20px;padding:5px 16px;font-size:13px;color:#3d2b1f;margin:3px;font-family:Georgia,serif\">Karamell<\/span><span style=\"display:inline-block;border:1.5px solid #c8b89a;border-radius:20px;padding:5px 16px;font-size:13px;color:#3d2b1f;margin:3px;font-family:Georgia,serif\">Kaffee<\/span><span style=\"display:inline-block;border:1.5px solid #c8b89a;border-radius:20px;padding:5px 16px;font-size:13px;color:#3d2b1f;margin:3px;font-family:Georgia,serif\">Schokolade<\/span><span style=\"display:inline-block;border:1.5px solid #c8b89a;border-radius:20px;padding:5px 16px;font-size:13px;color:#3d2b1f;margin:3px;font-family:Georgia,serif\">Vanille<\/span><span style=\"display:inline-block;border:1.5px solid #c8b89a;border-radius:20px;padding:5px 16px;font-size:13px;color:#3d2b1f;margin:3px;font-family:Georgia,serif\">Ger\u00f6stet<\/span><\/div>\n<\/div>\n<div style=\"display:grid;grid-template-columns:1fr 1fr;gap:2px;margin-top:2px\">\n<div style=\"background:#faf8f4;padding:32px 36px\">\n<p style=\"font-size:10px;font-weight:700;text-transform:uppercase;letter-spacing:3px;color:#a08060;margin:0 0 8px\">Franz\u00f6sisch<\/p>\n<div style=\"width:28px;height:2px;background:#c8b89a;margin-bottom:14px\"><\/div>\n<p style=\"font-size:13px;line-height:1.8;color:#3d2b1f;margin:0\" lang=\"fr\">Goose Island double barrel 2025 est bi\u00e8re d&#8217;exception de Goose Island, en United States. \u00c0 17.4% d&#8217;alcool, elle offre une exp\u00e9rience gustative inoubliable. Profil\u202f: Bourbon Barrel, Molasses, Caramel, Coffee, Chocolate. un vrai chef-d&#8217;\u0153uvre brassicole. Livraison en Suisse, dans toute l&#8217;Europe et dans le monde entier \ud83c\udf0d<\/p>\n<\/div>\n<div style=\"background:#faf8f4;padding:32px 36px\">\n<p style=\"font-size:10px;font-weight:700;text-transform:uppercase;letter-spacing:3px;color:#a08060;margin:0 0 8px\">Deutsch<\/p>\n<div style=\"width:28px;height:2px;background:#c8b89a;margin-bottom:14px\"><\/div>\n<p style=\"font-size:13px;line-height:1.8;color:#3d2b1f;margin:0\" lang=\"de\">Goose Island double barrel 2025 ist ein au\u00dfergew\u00f6hnliches Bier von Goose Island aus United States. Mit 17.4% Alkohol bietet es ein unvergessliches Geschmackserlebnis. Profil: Bourbon Barrel, Molasses, Caramel, Coffee, Chocolate. ein wahres Meisterwerk des Craft Brewing. Lieferung in die Schweiz, Europa und weltweit \ud83c\udf0d<\/p>\n<\/div>\n<\/div>\n<div style=\"background:linear-gradient(135deg,#1a1a2e,#16213e);padding:32px 40px;margin-top:2px;display:flex;align-items:center;justify-content:space-between;flex-wrap:wrap;gap:16px\">\n<div>\n<p style=\"font-size:11px;font-weight:700;text-transform:uppercase;letter-spacing:3px;color:#f9c74f;margin:0 0 4px\">Community-Bewertungen<\/p>\n<p style=\"font-size:20px;color:#fff;margin:0;font-family:'Georgia',serif\">Sehen Sie, was Bierliebhaber denken<\/p>\n<\/div>\n<p><a href=\"https:\/\/untappd.com\/beer\/6455423\" target=\"_blank\" rel=\"nofollow noopener\" style=\"display:inline-flex;align-items:center;gap:10px;background:#f9c74f;color:#1a1a1a;text-decoration:none;padding:12px 24px;border-radius:4px;font-weight:700;font-size:14px\">\ud83c\udf7a Auf Untappd ansehen \u2192<\/a><\/div>\n<div style=\"background:#fff;padding:24px 40px;margin-top:2px;display:flex;align-items:center;justify-content:space-between;flex-wrap:wrap;gap:12px;border-top:3px solid #c8b89a\">\n<div>\n<p style=\"font-size:10px;font-weight:700;text-transform:uppercase;letter-spacing:2px;color:#a08060;margin:0 0 4px\">Online-Preis<\/p>\n<p style=\"font-size:30px;font-weight:400;color:#1a1a1a;margin:0;font-family:'Georgia',serif\">CHF 75<\/p>\n<\/div>\n<div style=\"text-align:right\">\n<p style=\"font-size:13px;color:#3d2b1f;font-weight:600;margin:0 0 4px\">\ud83d\ude9a Weltweite Lieferung \u2014 Schweiz, EU &amp; International \ud83c\udf0d<\/p>\n<p style=\"font-size:11px;color:#a08060;margin:0\">Schneller und sicherer Versand \u00b7 winesandspirits.ch<\/p>\n<\/div>\n<\/div>\n<div style=\"background:#1a1a1a;padding:14px 40px;margin-top:2px;display:flex;align-items:center;justify-content:space-between;flex-wrap:wrap;gap:10px\">\n<span style=\"font-size:10px;font-weight:700;text-transform:uppercase;letter-spacing:3px;color:#c8b89a\">\u2726 Premium handverlesene Auswahl \u00b7 winesandspirits.ch \u2726<\/span><br \/>\n<span style=\"font-size:10px;color:#777;font-style:italic\">Enth\u00e4lt Alkohol. Verantwortungsvoll genie\u00dfen. Nicht f\u00fcr Personen unter 18 Jahren geeignet.<\/span>\n<\/div>\n<\/div>\n<\/div>\n<p><!-- .vgblk-rw-wrapper --><\/p>","protected":false},"excerpt":{"rendered":"<p>Premium Stout &#8211; Imperial \/ Double by Goose Island from United States \u00b7 17.4% ABV \u00b7 Worldwide delivery \ud83c\udf0d<\/p>","protected":false},"featured_media":999569,"template":"","meta":[],"product_brand":[],"product_cat":[76,83,90],"product_tag":[],"class_list":{"0":"post-999568","1":"product","2":"type-product","3":"status-publish","4":"has-post-thumbnail","6":"product_cat-craft-beer","7":"product_cat-goose-island","8":"product_cat-usa","10":"first","11":"instock","12":"shipping-taxable","13":"purchasable","14":"product-type-simple"},"supplier_id":null,"supplier_sku":"","barcode":null,"atum_controlled":true,"out_stock_date":null,"out_stock_threshold":null,"inheritable":false,"inbound_stock":null,"stock_on_hold":0,"sold_today":0,"sales_last_days":0,"reserved_stock":null,"customer_returns":null,"warehouse_damage":null,"lost_in_post":null,"other_logs":null,"out_stock_days":0,"lost_sales":0,"has_location":null,"update_date":"2026-04-06T00:00:58","atum_locations":[],"atum_stock_status":"instock","restock_status":false,"low_stock_amount":0,"sales_update_date":"2026-04-06T00:00:58","calc_backorders":null,"yoast_head":"<!-- This site is optimized with the Yoast SEO plugin v27.3 - https:\/\/yoast.com\/product\/yoast-seo-wordpress\/ -->\n<title>Goose Island double barrel 2025 | buy online CH<\/title>\n<meta name=\"description\" content=\"Buy Goose Island double barrel 2025 17.4% \u2014 Stout - Imperial \/ Double from United States. CHF 75. Bourbon Barrel, Molasses, Caramel. Worldwide delivery \u2014 C\" \/>\n<meta name=\"robots\" content=\"index, follow, max-snippet:-1, max-image-preview:large, max-video-preview:-1\" \/>\n<link rel=\"canonical\" href=\"https:\/\/winesandspirits.ch\/de\/produkt\/goose-island-goose-island-double-barrel-2025-stout-imperial-double-buy\/\" \/>\n<meta property=\"og:locale\" content=\"de_DE\" \/>\n<meta property=\"og:type\" content=\"article\" \/>\n<meta property=\"og:title\" content=\"Goose Island double barrel 2025 | buy online CH\" \/>\n<meta property=\"og:description\" content=\"Buy Goose Island double barrel 2025 17.4% \u2014 Stout - Imperial \/ Double from United States. CHF 75. Bourbon Barrel, Molasses, Caramel. Worldwide delivery \u2014 C\" \/>\n<meta property=\"og:url\" content=\"https:\/\/winesandspirits.ch\/de\/produkt\/goose-island-goose-island-double-barrel-2025-stout-imperial-double-buy\/\" \/>\n<meta property=\"og:site_name\" content=\"Wines and Spirits SA\" \/>\n<meta property=\"article:modified_time\" content=\"2026-04-04T23:20:41+00:00\" \/>\n<meta property=\"og:image\" content=\"https:\/\/winesandspirits.ch\/wp-content\/uploads\/2025\/12\/Goose-Island-double-barrel-2025-rotated.jpg\" \/>\n\t<meta property=\"og:image:width\" content=\"600\" \/>\n\t<meta property=\"og:image:height\" content=\"800\" \/>\n\t<meta property=\"og:image:type\" content=\"image\/jpeg\" \/>\n<meta name=\"twitter:card\" content=\"summary_large_image\" \/>\n<meta name=\"twitter:title\" content=\"Goose Island double barrel 2025 | buy online CH\" \/>\n<meta name=\"twitter:description\" content=\"Buy Goose Island double barrel 2025 17.4% \u2014 Stout - Imperial \/ Double from United States. CHF 75. Bourbon Barrel, Molasses, Caramel. Worldwide delivery \u2014 C\" \/>\n<meta name=\"twitter:label1\" content=\"Gesch\u00e4tzte Lesezeit\" \/>\n\t<meta name=\"twitter:data1\" content=\"2\u00a0Minuten\" \/>\n<script type=\"application\/ld+json\" class=\"yoast-schema-graph\">{\"@context\":\"https:\\\/\\\/schema.org\",\"@graph\":[{\"@type\":[\"WebPage\",\"ItemPage\"],\"@id\":\"https:\\\/\\\/winesandspirits.ch\\\/product\\\/goose-island-goose-island-double-barrel-2025-stout-imperial-double-buy\\\/\",\"url\":\"https:\\\/\\\/winesandspirits.ch\\\/product\\\/goose-island-goose-island-double-barrel-2025-stout-imperial-double-buy\\\/\",\"name\":\"Goose Island double barrel 2025 | buy online CH\",\"isPartOf\":{\"@id\":\"https:\\\/\\\/winesandspirits.ch\\\/#website\"},\"primaryImageOfPage\":{\"@id\":\"https:\\\/\\\/winesandspirits.ch\\\/product\\\/goose-island-goose-island-double-barrel-2025-stout-imperial-double-buy\\\/#primaryimage\"},\"image\":{\"@id\":\"https:\\\/\\\/winesandspirits.ch\\\/product\\\/goose-island-goose-island-double-barrel-2025-stout-imperial-double-buy\\\/#primaryimage\"},\"thumbnailUrl\":\"https:\\\/\\\/winesandspirits.ch\\\/wp-content\\\/uploads\\\/2025\\\/12\\\/Goose-Island-double-barrel-2025-rotated.jpg\",\"datePublished\":\"2025-12-28T10:51:15+00:00\",\"dateModified\":\"2026-04-04T23:20:41+00:00\",\"description\":\"Buy Goose Island double barrel 2025 17.4% \u2014 Stout - Imperial \\\/ Double from United States. CHF 75. Bourbon Barrel, Molasses, Caramel. Worldwide delivery \u2014 C\",\"breadcrumb\":{\"@id\":\"https:\\\/\\\/winesandspirits.ch\\\/product\\\/goose-island-goose-island-double-barrel-2025-stout-imperial-double-buy\\\/#breadcrumb\"},\"inLanguage\":\"de\",\"potentialAction\":[{\"@type\":\"ReadAction\",\"target\":[\"https:\\\/\\\/winesandspirits.ch\\\/product\\\/goose-island-goose-island-double-barrel-2025-stout-imperial-double-buy\\\/\"]}]},{\"@type\":\"ImageObject\",\"inLanguage\":\"de\",\"@id\":\"https:\\\/\\\/winesandspirits.ch\\\/product\\\/goose-island-goose-island-double-barrel-2025-stout-imperial-double-buy\\\/#primaryimage\",\"url\":\"https:\\\/\\\/winesandspirits.ch\\\/wp-content\\\/uploads\\\/2025\\\/12\\\/Goose-Island-double-barrel-2025-rotated.jpg\",\"contentUrl\":\"https:\\\/\\\/winesandspirits.ch\\\/wp-content\\\/uploads\\\/2025\\\/12\\\/Goose-Island-double-barrel-2025-rotated.jpg\",\"width\":600,\"height\":800,\"caption\":\"Goose Island double barrel 2025 stout imperial double\"},{\"@type\":\"BreadcrumbList\",\"@id\":\"https:\\\/\\\/winesandspirits.ch\\\/product\\\/goose-island-goose-island-double-barrel-2025-stout-imperial-double-buy\\\/#breadcrumb\",\"itemListElement\":[{\"@type\":\"ListItem\",\"position\":1,\"name\":\"Accueil\",\"item\":\"https:\\\/\\\/winesandspirits.ch\\\/\"},{\"@type\":\"ListItem\",\"position\":2,\"name\":\"Boutique\",\"item\":\"https:\\\/\\\/winesandspirits.ch\\\/boutique-wines-and-spirits-sa-switzerland\\\/\"},{\"@type\":\"ListItem\",\"position\":3,\"name\":\"Goose Island double barrel 2025\"}]},{\"@type\":\"WebSite\",\"@id\":\"https:\\\/\\\/winesandspirits.ch\\\/#website\",\"url\":\"https:\\\/\\\/winesandspirits.ch\\\/\",\"name\":\"Wines and Spirits SA\",\"description\":\"Shop Premium Wines, Spirits &amp; Craft Beer Online\",\"publisher\":{\"@id\":\"https:\\\/\\\/winesandspirits.ch\\\/#organization\"},\"potentialAction\":[{\"@type\":\"SearchAction\",\"target\":{\"@type\":\"EntryPoint\",\"urlTemplate\":\"https:\\\/\\\/winesandspirits.ch\\\/?s={search_term_string}\"},\"query-input\":{\"@type\":\"PropertyValueSpecification\",\"valueRequired\":true,\"valueName\":\"search_term_string\"}}],\"inLanguage\":\"de\"},{\"@type\":\"Organization\",\"@id\":\"https:\\\/\\\/winesandspirits.ch\\\/#organization\",\"name\":\"Wines and Spirits SA\",\"url\":\"https:\\\/\\\/winesandspirits.ch\\\/\",\"logo\":{\"@type\":\"ImageObject\",\"inLanguage\":\"de\",\"@id\":\"https:\\\/\\\/winesandspirits.ch\\\/#\\\/schema\\\/logo\\\/image\\\/\",\"url\":\"https:\\\/\\\/winesandspirits.ch\\\/wp-content\\\/uploads\\\/2023\\\/01\\\/cropped-Noir.png\",\"contentUrl\":\"https:\\\/\\\/winesandspirits.ch\\\/wp-content\\\/uploads\\\/2023\\\/01\\\/cropped-Noir.png\",\"width\":512,\"height\":512,\"caption\":\"Wines and Spirits SA\"},\"image\":{\"@id\":\"https:\\\/\\\/winesandspirits.ch\\\/#\\\/schema\\\/logo\\\/image\\\/\"}}]}<\/script>\n<!-- \/ Yoast SEO plugin. -->","yoast_head_json":{"title":"Goose Island double barrel 2025 | buy online CH","description":"Buy Goose Island double barrel 2025 17.4% \u2014 Stout - Imperial \/ Double from United States. CHF 75. Bourbon Barrel, Molasses, Caramel. Worldwide delivery \u2014 C","robots":{"index":"index","follow":"follow","max-snippet":"max-snippet:-1","max-image-preview":"max-image-preview:large","max-video-preview":"max-video-preview:-1"},"canonical":"https:\/\/winesandspirits.ch\/de\/produkt\/goose-island-goose-island-double-barrel-2025-stout-imperial-double-buy\/","og_locale":"de_DE","og_type":"article","og_title":"Goose Island double barrel 2025 | buy online CH","og_description":"Buy Goose Island double barrel 2025 17.4% \u2014 Stout - Imperial \/ Double from United States. CHF 75. Bourbon Barrel, Molasses, Caramel. Worldwide delivery \u2014 C","og_url":"https:\/\/winesandspirits.ch\/de\/produkt\/goose-island-goose-island-double-barrel-2025-stout-imperial-double-buy\/","og_site_name":"Wines and Spirits SA","article_modified_time":"2026-04-04T23:20:41+00:00","og_image":[{"width":600,"height":800,"url":"https:\/\/winesandspirits.ch\/wp-content\/uploads\/2025\/12\/Goose-Island-double-barrel-2025-rotated.jpg","type":"image\/jpeg"}],"twitter_card":"summary_large_image","twitter_title":"Goose Island double barrel 2025 | buy online CH","twitter_description":"Buy Goose Island double barrel 2025 17.4% \u2014 Stout - Imperial \/ Double from United States. CHF 75. Bourbon Barrel, Molasses, Caramel. Worldwide delivery \u2014 C","twitter_misc":{"Gesch\u00e4tzte Lesezeit":"2\u00a0Minuten"},"schema":{"@context":"https:\/\/schema.org","@graph":[{"@type":["WebPage","ItemPage"],"@id":"https:\/\/winesandspirits.ch\/product\/goose-island-goose-island-double-barrel-2025-stout-imperial-double-buy\/","url":"https:\/\/winesandspirits.ch\/product\/goose-island-goose-island-double-barrel-2025-stout-imperial-double-buy\/","name":"Goose Island double barrel 2025 | buy online CH","isPartOf":{"@id":"https:\/\/winesandspirits.ch\/#website"},"primaryImageOfPage":{"@id":"https:\/\/winesandspirits.ch\/product\/goose-island-goose-island-double-barrel-2025-stout-imperial-double-buy\/#primaryimage"},"image":{"@id":"https:\/\/winesandspirits.ch\/product\/goose-island-goose-island-double-barrel-2025-stout-imperial-double-buy\/#primaryimage"},"thumbnailUrl":"https:\/\/winesandspirits.ch\/wp-content\/uploads\/2025\/12\/Goose-Island-double-barrel-2025-rotated.jpg","datePublished":"2025-12-28T10:51:15+00:00","dateModified":"2026-04-04T23:20:41+00:00","description":"Buy Goose Island double barrel 2025 17.4% \u2014 Stout - Imperial \/ Double from United States. CHF 75. Bourbon Barrel, Molasses, Caramel. Worldwide delivery \u2014 C","breadcrumb":{"@id":"https:\/\/winesandspirits.ch\/product\/goose-island-goose-island-double-barrel-2025-stout-imperial-double-buy\/#breadcrumb"},"inLanguage":"de","potentialAction":[{"@type":"ReadAction","target":["https:\/\/winesandspirits.ch\/product\/goose-island-goose-island-double-barrel-2025-stout-imperial-double-buy\/"]}]},{"@type":"ImageObject","inLanguage":"de","@id":"https:\/\/winesandspirits.ch\/product\/goose-island-goose-island-double-barrel-2025-stout-imperial-double-buy\/#primaryimage","url":"https:\/\/winesandspirits.ch\/wp-content\/uploads\/2025\/12\/Goose-Island-double-barrel-2025-rotated.jpg","contentUrl":"https:\/\/winesandspirits.ch\/wp-content\/uploads\/2025\/12\/Goose-Island-double-barrel-2025-rotated.jpg","width":600,"height":800,"caption":"Goose Island double barrel 2025 stout imperial double"},{"@type":"BreadcrumbList","@id":"https:\/\/winesandspirits.ch\/product\/goose-island-goose-island-double-barrel-2025-stout-imperial-double-buy\/#breadcrumb","itemListElement":[{"@type":"ListItem","position":1,"name":"Accueil","item":"https:\/\/winesandspirits.ch\/"},{"@type":"ListItem","position":2,"name":"Boutique","item":"https:\/\/winesandspirits.ch\/boutique-wines-and-spirits-sa-switzerland\/"},{"@type":"ListItem","position":3,"name":"Goose Island double barrel 2025"}]},{"@type":"WebSite","@id":"https:\/\/winesandspirits.ch\/#website","url":"https:\/\/winesandspirits.ch\/","name":"Wines and Spirits SA","description":"Shop Premium Wines, Spirits &amp; Craft Beer Online","publisher":{"@id":"https:\/\/winesandspirits.ch\/#organization"},"potentialAction":[{"@type":"SearchAction","target":{"@type":"EntryPoint","urlTemplate":"https:\/\/winesandspirits.ch\/?s={search_term_string}"},"query-input":{"@type":"PropertyValueSpecification","valueRequired":true,"valueName":"search_term_string"}}],"inLanguage":"de"},{"@type":"Organization","@id":"https:\/\/winesandspirits.ch\/#organization","name":"Wines and Spirits SA","url":"https:\/\/winesandspirits.ch\/","logo":{"@type":"ImageObject","inLanguage":"de","@id":"https:\/\/winesandspirits.ch\/#\/schema\/logo\/image\/","url":"https:\/\/winesandspirits.ch\/wp-content\/uploads\/2023\/01\/cropped-Noir.png","contentUrl":"https:\/\/winesandspirits.ch\/wp-content\/uploads\/2023\/01\/cropped-Noir.png","width":512,"height":512,"caption":"Wines and Spirits SA"},"image":{"@id":"https:\/\/winesandspirits.ch\/#\/schema\/logo\/image\/"}}]}},"_links":{"self":[{"href":"https:\/\/winesandspirits.ch\/de\/wp-json\/wp\/v2\/product\/999568","targetHints":{"allow":["GET"]}}],"collection":[{"href":"https:\/\/winesandspirits.ch\/de\/wp-json\/wp\/v2\/product"}],"about":[{"href":"https:\/\/winesandspirits.ch\/de\/wp-json\/wp\/v2\/types\/product"}],"version-history":[{"count":11,"href":"https:\/\/winesandspirits.ch\/de\/wp-json\/wp\/v2\/product\/999568\/revisions"}],"predecessor-version":[{"id":1006221,"href":"https:\/\/winesandspirits.ch\/de\/wp-json\/wp\/v2\/product\/999568\/revisions\/1006221"}],"wp:featuredmedia":[{"embeddable":true,"href":"https:\/\/winesandspirits.ch\/de\/wp-json\/wp\/v2\/media\/999569"}],"wp:attachment":[{"href":"https:\/\/winesandspirits.ch\/de\/wp-json\/wp\/v2\/media?parent=999568"}],"wp:term":[{"taxonomy":"product_brand","embeddable":true,"href":"https:\/\/winesandspirits.ch\/de\/wp-json\/wp\/v2\/product_brand?post=999568"},{"taxonomy":"product_cat","embeddable":true,"href":"https:\/\/winesandspirits.ch\/de\/wp-json\/wp\/v2\/product_cat?post=999568"},{"taxonomy":"product_tag","embeddable":true,"href":"https:\/\/winesandspirits.ch\/de\/wp-json\/wp\/v2\/product_tag?post=999568"}],"curies":[{"name":"wp","href":"https:\/\/api.w.org\/{rel}","templated":true}]}}