{"id":999181,"date":"2025-10-29T10:57:16","date_gmt":"2025-10-29T09:57:16","guid":{"rendered":"https:\/\/winesandspirits.ch\/?post_type=product&#038;p=999181"},"modified":"2026-04-05T01:33:28","modified_gmt":"2026-04-04T23:33:28","slug":"bordeaux-chateau-bordeaux-chateau-la-conseillante-2019-75cl-grand-cru","status":"publish","type":"product","link":"https:\/\/winesandspirits.ch\/de\/produkt\/bordeaux-chateau-bordeaux-chateau-la-conseillante-2019-75cl-grand-cru\/","title":{"rendered":"Bordeaux Ch\u00e2teau la Conseillante 2019 75cl"},"content":{"rendered":"<div class=\"vgblk-rw-wrapper limit-wrapper\">\n<div style=\"font-family:'Georgia',serif;background:#faf8f4;margin:0;padding:0\">\n<div style=\"background:#fff;border:1px solid #ede8e0;border-radius:4px;overflow:hidden;margin-bottom:2px\">\n<div style=\"padding:16px 18px 8px;background:#faf8f4;border-bottom:1px solid #ede8e0\">\n<p style=\"font-size:10px;font-weight:700;text-transform:uppercase;letter-spacing:3px;color:#a08060;margin:0\">Technische Daten<\/p>\n<\/div>\n<div style=\"display:grid;grid-template-columns:repeat(auto-fit,minmax(130px,1fr))\">\n<div style=\"padding:14px 18px;border-bottom:1px solid #ede8e0\">\n<div style=\"font-size:10px;font-weight:700;text-transform:uppercase;letter-spacing:2px;color:#a08060;margin-bottom:4px\">Stil<\/div>\n<div style=\"font-size:16px;font-weight:400;color:#1a1a1a;font-family:'Georgia',serif\">Grand Cru Wine<\/div>\n<\/div>\n<div style=\"padding:14px 18px;border-bottom:1px solid #ede8e0\">\n<div style=\"font-size:10px;font-weight:700;text-transform:uppercase;letter-spacing:2px;color:#a08060;margin-bottom:4px\">Ursprung<\/div>\n<div style=\"font-size:16px;font-weight:400;color:#1a1a1a;font-family:'Georgia',serif\">France<\/div>\n<\/div>\n<\/div>\n<\/div>\n<div style=\"padding:40px;background:#fff;margin-top:2px\">\n<p style=\"font-size:10px;font-weight:700;text-transform:uppercase;letter-spacing:3px;color:#a08060;margin:0 0 8px\">Verkostungsprofil<\/p>\n<div style=\"width:36px;height:2px;background:#c8b89a;margin-bottom:18px\"><\/div>\n<p style=\"font-size:15px;line-height:1.9;color:#3d2b1f;margin:0 0 20px;max-width:760px\">Bordeaux Ch\u00e2teau la Conseillante 2019 75cl is an exceptional Grand Cru Wine crafted by La Conseillante in France. this outstanding expression delivers an unforgettable tasting experience. Expect a rich profile of Fruit, Spice, Oak, Dark Fruit \u2014 a true masterpiece. Available online with worldwide delivery \u2014 Switzerland, EU and international shipping. \ud83c\udf0d<\/p>\n<\/div>\n<div style=\"padding:40px;background:#faf8f4;margin-top:2px\">\n<p style=\"font-size:10px;font-weight:700;text-transform:uppercase;letter-spacing:3px;color:#a08060;margin:0 0 6px\">\u00dcber den Produzent<\/p>\n<h3 style=\"font-size:24px;font-weight:400;color:#1a1a1a;margin:0 0 10px;font-family:'Georgia',serif\">La Conseillante<\/h3>\n<div style=\"margin-bottom:14px\"><span style=\"font-size:12px;color:#a08060\">\ud83d\udccd France<\/span><\/div>\n<div style=\"width:36px;height:2px;background:#c8b89a;margin-bottom:16px\"><\/div>\n<p style=\"font-size:14px;line-height:1.85;color:#3d2b1f;margin:0 0 20px;max-width:760px\">Ch\u00e2teau La Conseillante, previously Ch\u00e2teau Conseillante and simply La Conseillante, is a Bordeaux wine from the appellation Pomerol. The winery is located on the Right Bank of the Bordeaux wine region, in the commune of Pomerol in the department Gironde. As all wine produced in this appellation, La Conseillante is unclassified, but the estate is estimated among the great growths of the region.<\/p>\n<\/div>\n<div style=\"padding:32px 40px;background:#fff;margin-top:2px\">\n<p style=\"font-size:10px;font-weight:700;text-transform:uppercase;letter-spacing:3px;color:#a08060;margin:0 0 8px\">Aromen<\/p>\n<div style=\"width:36px;height:2px;background:#c8b89a;margin-bottom:16px\"><\/div>\n<div><span style=\"display:inline-block;border:1.5px solid #c8b89a;border-radius:20px;padding:5px 16px;font-size:13px;color:#3d2b1f;margin:3px;font-family:Georgia,serif\">Fruit<\/span><span style=\"display:inline-block;border:1.5px solid #c8b89a;border-radius:20px;padding:5px 16px;font-size:13px;color:#3d2b1f;margin:3px;font-family:Georgia,serif\">Spice<\/span><span style=\"display:inline-block;border:1.5px solid #c8b89a;border-radius:20px;padding:5px 16px;font-size:13px;color:#3d2b1f;margin:3px;font-family:Georgia,serif\">Eiche<\/span><span style=\"display:inline-block;border:1.5px solid #c8b89a;border-radius:20px;padding:5px 16px;font-size:13px;color:#3d2b1f;margin:3px;font-family:Georgia,serif\">Dark Fruit<\/span><\/div>\n<\/div>\n<div style=\"display:grid;grid-template-columns:1fr 1fr;gap:2px;margin-top:2px\">\n<div style=\"background:#faf8f4;padding:32px 36px\">\n<p style=\"font-size:10px;font-weight:700;text-transform:uppercase;letter-spacing:3px;color:#a08060;margin:0 0 8px\">Franz\u00f6sisch<\/p>\n<div style=\"width:28px;height:2px;background:#c8b89a;margin-bottom:14px\"><\/div>\n<p style=\"font-size:13px;line-height:1.8;color:#3d2b1f;margin:0\" lang=\"fr\">Bordeaux Ch\u00e2teau la Conseillante 2019 75cl est expression d&#8217;exception de La Conseillante, en France. Elle offre une exp\u00e9rience gustative inoubliable. Profil\u202f: Fruit, Spice, Oak, Dark Fruit. un vrai chef-d&#8217;\u0153uvre. Livraison en Suisse, dans toute l&#8217;Europe et dans le monde entier \ud83c\udf0d<\/p>\n<\/div>\n<div style=\"background:#faf8f4;padding:32px 36px\">\n<p style=\"font-size:10px;font-weight:700;text-transform:uppercase;letter-spacing:3px;color:#a08060;margin:0 0 8px\">Deutsch<\/p>\n<div style=\"width:28px;height:2px;background:#c8b89a;margin-bottom:14px\"><\/div>\n<p style=\"font-size:13px;line-height:1.8;color:#3d2b1f;margin:0\" lang=\"de\">Bordeaux Ch\u00e2teau la Conseillante 2019 75cl ist ein au\u00dfergew\u00f6hnliche Expression von La Conseillante aus France.  bietet es ein unvergessliches Geschmackserlebnis. Profil: Fruit, Spice, Oak, Dark Fruit. ein wahres Meisterwerk. Lieferung in die Schweiz, Europa und weltweit \ud83c\udf0d<\/p>\n<\/div>\n<\/div>\n<div style=\"background:#fff;padding:24px 40px;margin-top:2px;display:flex;align-items:center;justify-content:space-between;flex-wrap:wrap;gap:12px;border-top:3px solid #c8b89a\">\n<div>\n<p style=\"font-size:10px;font-weight:700;text-transform:uppercase;letter-spacing:2px;color:#a08060;margin:0 0 4px\">Online-Preis<\/p>\n<p style=\"font-size:30px;font-weight:400;color:#1a1a1a;margin:0;font-family:'Georgia',serif\">CHF 189<\/p>\n<\/div>\n<div style=\"text-align:right\">\n<p style=\"font-size:13px;color:#3d2b1f;font-weight:600;margin:0 0 4px\">\ud83d\ude9a Weltweite Lieferung \u2014 Schweiz, EU &amp; International \ud83c\udf0d<\/p>\n<p style=\"font-size:11px;color:#a08060;margin:0\">Schneller und sicherer Versand \u00b7 winesandspirits.ch<\/p>\n<\/div>\n<\/div>\n<div style=\"background:#1a1a1a;padding:14px 40px;margin-top:2px;display:flex;align-items:center;justify-content:space-between;flex-wrap:wrap;gap:10px\">\n<span style=\"font-size:10px;font-weight:700;text-transform:uppercase;letter-spacing:3px;color:#c8b89a\">\u2726 Premium handverlesene Auswahl \u00b7 winesandspirits.ch \u2726<\/span><br \/>\n<span style=\"font-size:10px;color:#777;font-style:italic\">Enth\u00e4lt Alkohol. Verantwortungsvoll genie\u00dfen. Nicht f\u00fcr Personen unter 18 Jahren geeignet.<\/span>\n<\/div>\n<\/div>\n<\/div>\n<p><!-- .vgblk-rw-wrapper --><\/p>","protected":false},"excerpt":{"rendered":"<p>Premium Grand Cru Wine by La Conseillante from France \u00b7 Vintage 2019 \u00b7 Worldwide delivery \ud83c\udf0d<\/p>","protected":false},"featured_media":999182,"template":"","meta":[],"product_brand":[],"product_cat":[87,34],"product_tag":[],"class_list":{"0":"post-999181","1":"product","2":"type-product","3":"status-publish","4":"has-post-thumbnail","6":"product_cat-bordeaux","7":"product_cat-wines","9":"first","10":"instock","11":"shipping-taxable","12":"purchasable","13":"product-type-simple"},"supplier_id":null,"supplier_sku":"","barcode":null,"atum_controlled":true,"out_stock_date":null,"out_stock_threshold":null,"inheritable":false,"inbound_stock":null,"stock_on_hold":0,"sold_today":0,"sales_last_days":0,"reserved_stock":null,"customer_returns":null,"warehouse_damage":null,"lost_in_post":null,"other_logs":null,"out_stock_days":0,"lost_sales":0,"has_location":null,"update_date":"2026-04-06T00:01:00","atum_locations":[],"atum_stock_status":"instock","restock_status":false,"low_stock_amount":1,"sales_update_date":"2026-04-06T00:01:00","calc_backorders":null,"yoast_head":"<!-- This site is optimized with the Yoast SEO plugin v27.3 - https:\/\/yoast.com\/product\/yoast-seo-wordpress\/ -->\n<title>Bordeaux Ch\u00e2teau la Conseillante 2019 75cl | buy Switzerland<\/title>\n<meta name=\"description\" content=\"Buy Bordeaux Ch\u00e2teau la Conseillante 2019 75cl \u2014 Grand Cru Wine from France. CHF 189. Fruit, Spice, Oak. Worldwide delivery \u2014 CH, EU &amp; international.\" \/>\n<meta name=\"robots\" content=\"index, follow, max-snippet:-1, max-image-preview:large, max-video-preview:-1\" \/>\n<link rel=\"canonical\" href=\"https:\/\/winesandspirits.ch\/de\/produkt\/bordeaux-chateau-bordeaux-chateau-la-conseillante-2019-75cl-grand-cru\/\" \/>\n<meta property=\"og:locale\" content=\"de_DE\" \/>\n<meta property=\"og:type\" content=\"article\" \/>\n<meta property=\"og:title\" content=\"Bordeaux Ch\u00e2teau la Conseillante 2019 75cl | buy Switzerland\" \/>\n<meta property=\"og:description\" content=\"Buy Bordeaux Ch\u00e2teau la Conseillante 2019 75cl \u2014 Grand Cru Wine from France. CHF 189. Fruit, Spice, Oak. Worldwide delivery \u2014 CH, EU &amp; international.\" \/>\n<meta property=\"og:url\" content=\"https:\/\/winesandspirits.ch\/de\/produkt\/bordeaux-chateau-bordeaux-chateau-la-conseillante-2019-75cl-grand-cru\/\" \/>\n<meta property=\"og:site_name\" content=\"Wines and Spirits SA\" \/>\n<meta property=\"article:modified_time\" content=\"2026-04-04T23:33:28+00:00\" \/>\n<meta property=\"og:image\" content=\"https:\/\/winesandspirits.ch\/wp-content\/uploads\/2025\/10\/Bordeaux-chateau-la-Conseillante-6-bouteilles-2019.jpg\" \/>\n\t<meta property=\"og:image:width\" content=\"800\" \/>\n\t<meta property=\"og:image:height\" content=\"293\" \/>\n\t<meta property=\"og:image:type\" content=\"image\/jpeg\" \/>\n<meta name=\"twitter:card\" content=\"summary_large_image\" \/>\n<meta name=\"twitter:title\" content=\"Bordeaux Ch\u00e2teau la Conseillante 2019 75cl | buy Switzerland\" \/>\n<meta name=\"twitter:description\" content=\"Buy Bordeaux Ch\u00e2teau la Conseillante 2019 75cl \u2014 Grand Cru Wine from France. CHF 189. Fruit, Spice, Oak. Worldwide delivery \u2014 CH, EU &amp; international.\" \/>\n<meta name=\"twitter:label1\" content=\"Gesch\u00e4tzte Lesezeit\" \/>\n\t<meta name=\"twitter:data1\" content=\"2\u00a0Minuten\" \/>\n<script type=\"application\/ld+json\" class=\"yoast-schema-graph\">{\"@context\":\"https:\\\/\\\/schema.org\",\"@graph\":[{\"@type\":[\"WebPage\",\"ItemPage\"],\"@id\":\"https:\\\/\\\/winesandspirits.ch\\\/product\\\/bordeaux-chateau-bordeaux-chateau-la-conseillante-2019-75cl-grand-cru\\\/\",\"url\":\"https:\\\/\\\/winesandspirits.ch\\\/product\\\/bordeaux-chateau-bordeaux-chateau-la-conseillante-2019-75cl-grand-cru\\\/\",\"name\":\"Bordeaux Ch\u00e2teau la Conseillante 2019 75cl | buy Switzerland\",\"isPartOf\":{\"@id\":\"https:\\\/\\\/winesandspirits.ch\\\/#website\"},\"primaryImageOfPage\":{\"@id\":\"https:\\\/\\\/winesandspirits.ch\\\/product\\\/bordeaux-chateau-bordeaux-chateau-la-conseillante-2019-75cl-grand-cru\\\/#primaryimage\"},\"image\":{\"@id\":\"https:\\\/\\\/winesandspirits.ch\\\/product\\\/bordeaux-chateau-bordeaux-chateau-la-conseillante-2019-75cl-grand-cru\\\/#primaryimage\"},\"thumbnailUrl\":\"https:\\\/\\\/winesandspirits.ch\\\/wp-content\\\/uploads\\\/2025\\\/10\\\/Bordeaux-chateau-la-Conseillante-6-bouteilles-2019.jpg\",\"datePublished\":\"2025-10-29T09:57:16+00:00\",\"dateModified\":\"2026-04-04T23:33:28+00:00\",\"description\":\"Buy Bordeaux Ch\u00e2teau la Conseillante 2019 75cl \u2014 Grand Cru Wine from France. CHF 189. Fruit, Spice, Oak. Worldwide delivery \u2014 CH, EU & international.\",\"breadcrumb\":{\"@id\":\"https:\\\/\\\/winesandspirits.ch\\\/product\\\/bordeaux-chateau-bordeaux-chateau-la-conseillante-2019-75cl-grand-cru\\\/#breadcrumb\"},\"inLanguage\":\"de\",\"potentialAction\":[{\"@type\":\"ReadAction\",\"target\":[\"https:\\\/\\\/winesandspirits.ch\\\/product\\\/bordeaux-chateau-bordeaux-chateau-la-conseillante-2019-75cl-grand-cru\\\/\"]}]},{\"@type\":\"ImageObject\",\"inLanguage\":\"de\",\"@id\":\"https:\\\/\\\/winesandspirits.ch\\\/product\\\/bordeaux-chateau-bordeaux-chateau-la-conseillante-2019-75cl-grand-cru\\\/#primaryimage\",\"url\":\"https:\\\/\\\/winesandspirits.ch\\\/wp-content\\\/uploads\\\/2025\\\/10\\\/Bordeaux-chateau-la-Conseillante-6-bouteilles-2019.jpg\",\"contentUrl\":\"https:\\\/\\\/winesandspirits.ch\\\/wp-content\\\/uploads\\\/2025\\\/10\\\/Bordeaux-chateau-la-Conseillante-6-bouteilles-2019.jpg\",\"width\":800,\"height\":293,\"caption\":\"Bordeaux Ch\u00e2teau la Conseillante 2019 75cl\"},{\"@type\":\"BreadcrumbList\",\"@id\":\"https:\\\/\\\/winesandspirits.ch\\\/product\\\/bordeaux-chateau-bordeaux-chateau-la-conseillante-2019-75cl-grand-cru\\\/#breadcrumb\",\"itemListElement\":[{\"@type\":\"ListItem\",\"position\":1,\"name\":\"Accueil\",\"item\":\"https:\\\/\\\/winesandspirits.ch\\\/\"},{\"@type\":\"ListItem\",\"position\":2,\"name\":\"Boutique\",\"item\":\"https:\\\/\\\/winesandspirits.ch\\\/boutique-wines-and-spirits-sa-switzerland\\\/\"},{\"@type\":\"ListItem\",\"position\":3,\"name\":\"Bordeaux Ch\u00e2teau la Conseillante 2019 75cl\"}]},{\"@type\":\"WebSite\",\"@id\":\"https:\\\/\\\/winesandspirits.ch\\\/#website\",\"url\":\"https:\\\/\\\/winesandspirits.ch\\\/\",\"name\":\"Wines and Spirits SA\",\"description\":\"Shop Premium Wines, Spirits &amp; Craft Beer Online\",\"publisher\":{\"@id\":\"https:\\\/\\\/winesandspirits.ch\\\/#organization\"},\"potentialAction\":[{\"@type\":\"SearchAction\",\"target\":{\"@type\":\"EntryPoint\",\"urlTemplate\":\"https:\\\/\\\/winesandspirits.ch\\\/?s={search_term_string}\"},\"query-input\":{\"@type\":\"PropertyValueSpecification\",\"valueRequired\":true,\"valueName\":\"search_term_string\"}}],\"inLanguage\":\"de\"},{\"@type\":\"Organization\",\"@id\":\"https:\\\/\\\/winesandspirits.ch\\\/#organization\",\"name\":\"Wines and Spirits SA\",\"url\":\"https:\\\/\\\/winesandspirits.ch\\\/\",\"logo\":{\"@type\":\"ImageObject\",\"inLanguage\":\"de\",\"@id\":\"https:\\\/\\\/winesandspirits.ch\\\/#\\\/schema\\\/logo\\\/image\\\/\",\"url\":\"https:\\\/\\\/winesandspirits.ch\\\/wp-content\\\/uploads\\\/2023\\\/01\\\/cropped-Noir.png\",\"contentUrl\":\"https:\\\/\\\/winesandspirits.ch\\\/wp-content\\\/uploads\\\/2023\\\/01\\\/cropped-Noir.png\",\"width\":512,\"height\":512,\"caption\":\"Wines and Spirits SA\"},\"image\":{\"@id\":\"https:\\\/\\\/winesandspirits.ch\\\/#\\\/schema\\\/logo\\\/image\\\/\"}}]}<\/script>\n<!-- \/ Yoast SEO plugin. -->","yoast_head_json":{"title":"Bordeaux Ch\u00e2teau la Conseillante 2019 75cl | buy Switzerland","description":"Buy Bordeaux Ch\u00e2teau la Conseillante 2019 75cl \u2014 Grand Cru Wine from France. CHF 189. Fruit, Spice, Oak. Worldwide delivery \u2014 CH, EU & international.","robots":{"index":"index","follow":"follow","max-snippet":"max-snippet:-1","max-image-preview":"max-image-preview:large","max-video-preview":"max-video-preview:-1"},"canonical":"https:\/\/winesandspirits.ch\/de\/produkt\/bordeaux-chateau-bordeaux-chateau-la-conseillante-2019-75cl-grand-cru\/","og_locale":"de_DE","og_type":"article","og_title":"Bordeaux Ch\u00e2teau la Conseillante 2019 75cl | buy Switzerland","og_description":"Buy Bordeaux Ch\u00e2teau la Conseillante 2019 75cl \u2014 Grand Cru Wine from France. CHF 189. Fruit, Spice, Oak. Worldwide delivery \u2014 CH, EU & international.","og_url":"https:\/\/winesandspirits.ch\/de\/produkt\/bordeaux-chateau-bordeaux-chateau-la-conseillante-2019-75cl-grand-cru\/","og_site_name":"Wines and Spirits SA","article_modified_time":"2026-04-04T23:33:28+00:00","og_image":[{"width":800,"height":293,"url":"https:\/\/winesandspirits.ch\/wp-content\/uploads\/2025\/10\/Bordeaux-chateau-la-Conseillante-6-bouteilles-2019.jpg","type":"image\/jpeg"}],"twitter_card":"summary_large_image","twitter_title":"Bordeaux Ch\u00e2teau la Conseillante 2019 75cl | buy Switzerland","twitter_description":"Buy Bordeaux Ch\u00e2teau la Conseillante 2019 75cl \u2014 Grand Cru Wine from France. CHF 189. Fruit, Spice, Oak. Worldwide delivery \u2014 CH, EU & international.","twitter_misc":{"Gesch\u00e4tzte Lesezeit":"2\u00a0Minuten"},"schema":{"@context":"https:\/\/schema.org","@graph":[{"@type":["WebPage","ItemPage"],"@id":"https:\/\/winesandspirits.ch\/product\/bordeaux-chateau-bordeaux-chateau-la-conseillante-2019-75cl-grand-cru\/","url":"https:\/\/winesandspirits.ch\/product\/bordeaux-chateau-bordeaux-chateau-la-conseillante-2019-75cl-grand-cru\/","name":"Bordeaux Ch\u00e2teau la Conseillante 2019 75cl | buy Switzerland","isPartOf":{"@id":"https:\/\/winesandspirits.ch\/#website"},"primaryImageOfPage":{"@id":"https:\/\/winesandspirits.ch\/product\/bordeaux-chateau-bordeaux-chateau-la-conseillante-2019-75cl-grand-cru\/#primaryimage"},"image":{"@id":"https:\/\/winesandspirits.ch\/product\/bordeaux-chateau-bordeaux-chateau-la-conseillante-2019-75cl-grand-cru\/#primaryimage"},"thumbnailUrl":"https:\/\/winesandspirits.ch\/wp-content\/uploads\/2025\/10\/Bordeaux-chateau-la-Conseillante-6-bouteilles-2019.jpg","datePublished":"2025-10-29T09:57:16+00:00","dateModified":"2026-04-04T23:33:28+00:00","description":"Buy Bordeaux Ch\u00e2teau la Conseillante 2019 75cl \u2014 Grand Cru Wine from France. CHF 189. Fruit, Spice, Oak. Worldwide delivery \u2014 CH, EU & international.","breadcrumb":{"@id":"https:\/\/winesandspirits.ch\/product\/bordeaux-chateau-bordeaux-chateau-la-conseillante-2019-75cl-grand-cru\/#breadcrumb"},"inLanguage":"de","potentialAction":[{"@type":"ReadAction","target":["https:\/\/winesandspirits.ch\/product\/bordeaux-chateau-bordeaux-chateau-la-conseillante-2019-75cl-grand-cru\/"]}]},{"@type":"ImageObject","inLanguage":"de","@id":"https:\/\/winesandspirits.ch\/product\/bordeaux-chateau-bordeaux-chateau-la-conseillante-2019-75cl-grand-cru\/#primaryimage","url":"https:\/\/winesandspirits.ch\/wp-content\/uploads\/2025\/10\/Bordeaux-chateau-la-Conseillante-6-bouteilles-2019.jpg","contentUrl":"https:\/\/winesandspirits.ch\/wp-content\/uploads\/2025\/10\/Bordeaux-chateau-la-Conseillante-6-bouteilles-2019.jpg","width":800,"height":293,"caption":"Bordeaux Ch\u00e2teau la Conseillante 2019 75cl"},{"@type":"BreadcrumbList","@id":"https:\/\/winesandspirits.ch\/product\/bordeaux-chateau-bordeaux-chateau-la-conseillante-2019-75cl-grand-cru\/#breadcrumb","itemListElement":[{"@type":"ListItem","position":1,"name":"Accueil","item":"https:\/\/winesandspirits.ch\/"},{"@type":"ListItem","position":2,"name":"Boutique","item":"https:\/\/winesandspirits.ch\/boutique-wines-and-spirits-sa-switzerland\/"},{"@type":"ListItem","position":3,"name":"Bordeaux Ch\u00e2teau la Conseillante 2019 75cl"}]},{"@type":"WebSite","@id":"https:\/\/winesandspirits.ch\/#website","url":"https:\/\/winesandspirits.ch\/","name":"Wines and Spirits SA","description":"Shop Premium Wines, Spirits &amp; Craft Beer Online","publisher":{"@id":"https:\/\/winesandspirits.ch\/#organization"},"potentialAction":[{"@type":"SearchAction","target":{"@type":"EntryPoint","urlTemplate":"https:\/\/winesandspirits.ch\/?s={search_term_string}"},"query-input":{"@type":"PropertyValueSpecification","valueRequired":true,"valueName":"search_term_string"}}],"inLanguage":"de"},{"@type":"Organization","@id":"https:\/\/winesandspirits.ch\/#organization","name":"Wines and Spirits SA","url":"https:\/\/winesandspirits.ch\/","logo":{"@type":"ImageObject","inLanguage":"de","@id":"https:\/\/winesandspirits.ch\/#\/schema\/logo\/image\/","url":"https:\/\/winesandspirits.ch\/wp-content\/uploads\/2023\/01\/cropped-Noir.png","contentUrl":"https:\/\/winesandspirits.ch\/wp-content\/uploads\/2023\/01\/cropped-Noir.png","width":512,"height":512,"caption":"Wines and Spirits SA"},"image":{"@id":"https:\/\/winesandspirits.ch\/#\/schema\/logo\/image\/"}}]}},"_links":{"self":[{"href":"https:\/\/winesandspirits.ch\/de\/wp-json\/wp\/v2\/product\/999181","targetHints":{"allow":["GET"]}}],"collection":[{"href":"https:\/\/winesandspirits.ch\/de\/wp-json\/wp\/v2\/product"}],"about":[{"href":"https:\/\/winesandspirits.ch\/de\/wp-json\/wp\/v2\/types\/product"}],"version-history":[{"count":9,"href":"https:\/\/winesandspirits.ch\/de\/wp-json\/wp\/v2\/product\/999181\/revisions"}],"predecessor-version":[{"id":1006312,"href":"https:\/\/winesandspirits.ch\/de\/wp-json\/wp\/v2\/product\/999181\/revisions\/1006312"}],"wp:featuredmedia":[{"embeddable":true,"href":"https:\/\/winesandspirits.ch\/de\/wp-json\/wp\/v2\/media\/999182"}],"wp:attachment":[{"href":"https:\/\/winesandspirits.ch\/de\/wp-json\/wp\/v2\/media?parent=999181"}],"wp:term":[{"taxonomy":"product_brand","embeddable":true,"href":"https:\/\/winesandspirits.ch\/de\/wp-json\/wp\/v2\/product_brand?post=999181"},{"taxonomy":"product_cat","embeddable":true,"href":"https:\/\/winesandspirits.ch\/de\/wp-json\/wp\/v2\/product_cat?post=999181"},{"taxonomy":"product_tag","embeddable":true,"href":"https:\/\/winesandspirits.ch\/de\/wp-json\/wp\/v2\/product_tag?post=999181"}],"curies":[{"name":"wp","href":"https:\/\/api.w.org\/{rel}","templated":true}]}}