{"id":990879,"date":"2025-10-13T14:31:18","date_gmt":"2025-10-13T12:31:18","guid":{"rendered":"https:\/\/winesandspirits.ch\/?post_type=product&#038;p=990879"},"modified":"2026-04-05T01:39:50","modified_gmt":"2026-04-04T23:39:50","slug":"miyagikyo-1990-miyagikyo-1990-20-yo-single-malt-japan-single-malt-whis","status":"publish","type":"product","link":"https:\/\/winesandspirits.ch\/de\/produkt\/miyagikyo-1990-miyagikyo-1990-20-yo-single-malt-japan-single-malt-whis\/","title":{"rendered":"Miyagikyo 1990 20 y.o single malt japan"},"content":{"rendered":"<div class=\"vgblk-rw-wrapper limit-wrapper\">\n<div style=\"font-family:'Georgia',serif;background:#faf8f4;margin:0;padding:0\">\n<div style=\"background:#fff;border:1px solid #ede8e0;border-radius:4px;overflow:hidden;margin-bottom:2px\">\n<div style=\"padding:16px 18px 8px;background:#faf8f4;border-bottom:1px solid #ede8e0\">\n<p style=\"font-size:10px;font-weight:700;text-transform:uppercase;letter-spacing:3px;color:#a08060;margin:0\">Technische Daten<\/p>\n<\/div>\n<div style=\"display:grid;grid-template-columns:repeat(auto-fit,minmax(130px,1fr))\">\n<div style=\"padding:14px 18px;border-bottom:1px solid #ede8e0\">\n<div style=\"font-size:10px;font-weight:700;text-transform:uppercase;letter-spacing:2px;color:#a08060;margin-bottom:4px\">ABV<\/div>\n<div style=\"font-size:16px;font-weight:400;color:#1a1a1a;font-family:'Georgia',serif\">48.0%<\/div>\n<\/div>\n<div style=\"padding:14px 18px;border-bottom:1px solid #ede8e0\">\n<div style=\"font-size:10px;font-weight:700;text-transform:uppercase;letter-spacing:2px;color:#a08060;margin-bottom:4px\">Stil<\/div>\n<div style=\"font-size:16px;font-weight:400;color:#1a1a1a;font-family:'Georgia',serif\">Single Malt Whisky<\/div>\n<\/div>\n<div style=\"padding:14px 18px;border-bottom:1px solid #ede8e0\">\n<div style=\"font-size:10px;font-weight:700;text-transform:uppercase;letter-spacing:2px;color:#a08060;margin-bottom:4px\">Ursprung<\/div>\n<div style=\"font-size:16px;font-weight:400;color:#1a1a1a;font-family:'Georgia',serif\">Japan<\/div>\n<\/div>\n<div style=\"padding:14px 18px;border-bottom:1px solid #ede8e0\">\n<div style=\"font-size:10px;font-weight:700;text-transform:uppercase;letter-spacing:2px;color:#a08060;margin-bottom:4px\">Aging<\/div>\n<div style=\"font-size:16px;font-weight:400;color:#1a1a1a;font-family:'Georgia',serif\">10+ months<\/div>\n<\/div>\n<\/div>\n<\/div>\n<div style=\"padding:40px;background:#fff;margin-top:2px\">\n<p style=\"font-size:10px;font-weight:700;text-transform:uppercase;letter-spacing:3px;color:#a08060;margin:0 0 8px\">Verkostungsprofil<\/p>\n<div style=\"width:36px;height:2px;background:#c8b89a;margin-bottom:18px\"><\/div>\n<p style=\"font-size:15px;line-height:1.9;color:#3d2b1f;margin:0 0 20px;max-width:760px\">Miyagikyo 1990 20 y.o single malt japan is an exceptional Single Malt Whisky crafted by Miyagikyo 1990 in Japan. At 48.0% ABV, this outstanding expression delivers an unforgettable tasting experience. Aged 10+ months, developing extraordinary complexity and depth. Expect a rich profile of Smoke, Fruit, Spice, Oak \u2014 a true masterpiece. Available online with worldwide delivery \u2014 Switzerland, EU and international shipping. \ud83c\udf0d<\/p>\n<\/div>\n<div style=\"padding:40px;background:#faf8f4;margin-top:2px\">\n<p style=\"font-size:10px;font-weight:700;text-transform:uppercase;letter-spacing:3px;color:#a08060;margin:0 0 6px\">\u00dcber den Produzent<\/p>\n<h3 style=\"font-size:24px;font-weight:400;color:#1a1a1a;margin:0 0 10px;font-family:'Georgia',serif\">Miyagikyo 1990<\/h3>\n<div style=\"margin-bottom:14px\"><span style=\"font-size:12px;color:#a08060\">\ud83d\udccd Japan<\/span><\/div>\n<div style=\"width:36px;height:2px;background:#c8b89a;margin-bottom:16px\"><\/div>\n<p style=\"font-size:14px;line-height:1.85;color:#3d2b1f;margin:0 0 20px;max-width:760px\">The Miyagikyo Distillery was founded in 1969 by Masataka Taketsuru in the verdant Miyagi Prefecture, at the confluence of the Hirose and Nikkawa rivers near Sendai. In deliberate contrast to the rugged, peaty character of Yoichi, Miyagikyo was designed to produce a more delicate, aromatic and fruit-forward style of single malt. The distillery uses steam-heated pot stills and benefits from a cool, humid climate influenced by the nearby mountains and rivers \u2014 creating whiskies of remarkable elegance, floral complexity and refinement. Miyagikyo is a cornerstone of Nikka&#8217;s celebrated blends and produces exceptional single malts that are increasingly sought after by collectors as age-stated expressions become rarer.<\/p>\n<\/div>\n<div style=\"padding:32px 40px;background:#fff;margin-top:2px\">\n<p style=\"font-size:10px;font-weight:700;text-transform:uppercase;letter-spacing:3px;color:#a08060;margin:0 0 8px\">Aromen<\/p>\n<div style=\"width:36px;height:2px;background:#c8b89a;margin-bottom:16px\"><\/div>\n<div><span style=\"display:inline-block;border:1.5px solid #c8b89a;border-radius:20px;padding:5px 16px;font-size:13px;color:#3d2b1f;margin:3px;font-family:Georgia,serif\">Smoke<\/span><span style=\"display:inline-block;border:1.5px solid #c8b89a;border-radius:20px;padding:5px 16px;font-size:13px;color:#3d2b1f;margin:3px;font-family:Georgia,serif\">Fruit<\/span><span style=\"display:inline-block;border:1.5px solid #c8b89a;border-radius:20px;padding:5px 16px;font-size:13px;color:#3d2b1f;margin:3px;font-family:Georgia,serif\">Spice<\/span><span style=\"display:inline-block;border:1.5px solid #c8b89a;border-radius:20px;padding:5px 16px;font-size:13px;color:#3d2b1f;margin:3px;font-family:Georgia,serif\">Eiche<\/span><\/div>\n<\/div>\n<div style=\"display:grid;grid-template-columns:1fr 1fr;gap:2px;margin-top:2px\">\n<div style=\"background:#faf8f4;padding:32px 36px\">\n<p style=\"font-size:10px;font-weight:700;text-transform:uppercase;letter-spacing:3px;color:#a08060;margin:0 0 8px\">Franz\u00f6sisch<\/p>\n<div style=\"width:28px;height:2px;background:#c8b89a;margin-bottom:14px\"><\/div>\n<p style=\"font-size:13px;line-height:1.8;color:#3d2b1f;margin:0\" lang=\"fr\">Miyagikyo 1990 20 y.o single malt japan est expression d&#8217;exception de Miyagikyo 1990, en Japan. \u00c0 48.0% d&#8217;alcool, elle offre une exp\u00e9rience gustative inoubliable apr\u00e8s 10 mois d&#8217;\u00e9levage. Profil\u202f: Smoke, Fruit, Spice, Oak. un vrai chef-d&#8217;\u0153uvre. Livraison en Suisse, dans toute l&#8217;Europe et dans le monde entier \ud83c\udf0d<\/p>\n<\/div>\n<div style=\"background:#faf8f4;padding:32px 36px\">\n<p style=\"font-size:10px;font-weight:700;text-transform:uppercase;letter-spacing:3px;color:#a08060;margin:0 0 8px\">Deutsch<\/p>\n<div style=\"width:28px;height:2px;background:#c8b89a;margin-bottom:14px\"><\/div>\n<p style=\"font-size:13px;line-height:1.8;color:#3d2b1f;margin:0\" lang=\"de\">Miyagikyo 1990 20 y.o single malt japan ist ein au\u00dfergew\u00f6hnliche Expression von Miyagikyo 1990 aus Japan. Mit 48.0% Alkohol bietet es ein unvergessliches Geschmackserlebnis nach 10 Monaten Reifung. Profil: Smoke, Fruit, Spice, Oak. ein wahres Meisterwerk. Lieferung in die Schweiz, Europa und weltweit \ud83c\udf0d<\/p>\n<\/div>\n<\/div>\n<div style=\"background:#fff;padding:24px 40px;margin-top:2px;display:flex;align-items:center;justify-content:space-between;flex-wrap:wrap;gap:12px;border-top:3px solid #c8b89a\">\n<div>\n<p style=\"font-size:10px;font-weight:700;text-transform:uppercase;letter-spacing:2px;color:#a08060;margin:0 0 4px\">Online-Preis<\/p>\n<p style=\"font-size:30px;font-weight:400;color:#1a1a1a;margin:0;font-family:'Georgia',serif\">CHF 3490<\/p>\n<\/div>\n<div style=\"text-align:right\">\n<p style=\"font-size:13px;color:#3d2b1f;font-weight:600;margin:0 0 4px\">\ud83d\ude9a Weltweite Lieferung \u2014 Schweiz, EU &amp; International \ud83c\udf0d<\/p>\n<p style=\"font-size:11px;color:#a08060;margin:0\">Schneller und sicherer Versand \u00b7 winesandspirits.ch<\/p>\n<\/div>\n<\/div>\n<div style=\"background:#1a1a1a;padding:14px 40px;margin-top:2px;display:flex;align-items:center;justify-content:space-between;flex-wrap:wrap;gap:10px\">\n<span style=\"font-size:10px;font-weight:700;text-transform:uppercase;letter-spacing:3px;color:#c8b89a\">\u2726 Premium handverlesene Auswahl \u00b7 winesandspirits.ch \u2726<\/span><br \/>\n<span style=\"font-size:10px;color:#777;font-style:italic\">Enth\u00e4lt Alkohol. Verantwortungsvoll genie\u00dfen. Nicht f\u00fcr Personen unter 18 Jahren geeignet.<\/span>\n<\/div>\n<\/div>\n<\/div>\n<p><!-- .vgblk-rw-wrapper --><\/p>","protected":false},"excerpt":{"rendered":"<p>Premium Single Malt Whisky by Miyagikyo 1990 from Japan \u00b7 48.0% ABV \u00b7 Aged 10+ months \u00b7 Vintage 1990 \u00b7 Worldwide delivery \ud83c\udf0d<\/p>","protected":false},"featured_media":990882,"template":"","meta":[],"product_brand":[],"product_cat":[91,71,43],"product_tag":[],"class_list":{"0":"post-990879","1":"product","2":"type-product","3":"status-publish","4":"has-post-thumbnail","6":"product_cat-whisky-japonais","7":"product_cat-miyagikyo","8":"product_cat-whisky","10":"first","11":"instock","12":"shipping-taxable","13":"purchasable","14":"product-type-simple"},"supplier_id":null,"supplier_sku":"","barcode":null,"atum_controlled":true,"out_stock_date":null,"out_stock_threshold":null,"inheritable":false,"inbound_stock":null,"stock_on_hold":0,"sold_today":0,"sales_last_days":0,"reserved_stock":null,"customer_returns":null,"warehouse_damage":null,"lost_in_post":null,"other_logs":null,"out_stock_days":0,"lost_sales":0,"has_location":null,"update_date":"2026-04-06T00:01:01","atum_locations":[],"atum_stock_status":"instock","restock_status":false,"low_stock_amount":0,"sales_update_date":"2026-04-06T00:01:01","calc_backorders":null,"yoast_head":"<!-- This site is optimized with the Yoast SEO plugin v27.3 - https:\/\/yoast.com\/product\/yoast-seo-wordpress\/ -->\n<title>Miyagikyo 1990 20 y.o single malt japan | buy Switzerland<\/title>\n<meta name=\"description\" content=\"Buy Miyagikyo 1990 20 y.o single malt japan 48.0% \u2014 Single Malt Whisky from Japan. CHF 3490. Smoke, Fruit, Spice. Worldwide delivery \u2014 CH, EU &amp; internation\" \/>\n<meta name=\"robots\" content=\"index, follow, max-snippet:-1, max-image-preview:large, max-video-preview:-1\" \/>\n<link rel=\"canonical\" href=\"https:\/\/winesandspirits.ch\/de\/produkt\/miyagikyo-1990-miyagikyo-1990-20-yo-single-malt-japan-single-malt-whis\/\" \/>\n<meta property=\"og:locale\" content=\"de_DE\" \/>\n<meta property=\"og:type\" content=\"article\" \/>\n<meta property=\"og:title\" content=\"Miyagikyo 1990 20 y.o single malt japan | buy Switzerland\" \/>\n<meta property=\"og:description\" content=\"Buy Miyagikyo 1990 20 y.o single malt japan 48.0% \u2014 Single Malt Whisky from Japan. CHF 3490. Smoke, Fruit, Spice. Worldwide delivery \u2014 CH, EU &amp; internation\" \/>\n<meta property=\"og:url\" content=\"https:\/\/winesandspirits.ch\/de\/produkt\/miyagikyo-1990-miyagikyo-1990-20-yo-single-malt-japan-single-malt-whis\/\" \/>\n<meta property=\"og:site_name\" content=\"Wines and Spirits SA\" \/>\n<meta property=\"article:modified_time\" content=\"2026-04-04T23:39:50+00:00\" \/>\n<meta property=\"og:image\" content=\"https:\/\/winesandspirits.ch\/wp-content\/uploads\/2025\/10\/Miyagikyo-1990-single-malt-japan-rotated.jpg\" \/>\n\t<meta property=\"og:image:width\" content=\"600\" \/>\n\t<meta property=\"og:image:height\" content=\"800\" \/>\n\t<meta property=\"og:image:type\" content=\"image\/jpeg\" \/>\n<meta name=\"twitter:card\" content=\"summary_large_image\" \/>\n<meta name=\"twitter:title\" content=\"Miyagikyo 1990 20 y.o single malt japan | buy Switzerland\" \/>\n<meta name=\"twitter:description\" content=\"Buy Miyagikyo 1990 20 y.o single malt japan 48.0% \u2014 Single Malt Whisky from Japan. CHF 3490. Smoke, Fruit, Spice. Worldwide delivery \u2014 CH, EU &amp; internation\" \/>\n<meta name=\"twitter:label1\" content=\"Gesch\u00e4tzte Lesezeit\" \/>\n\t<meta name=\"twitter:data1\" content=\"2\u00a0Minuten\" \/>\n<script type=\"application\/ld+json\" class=\"yoast-schema-graph\">{\"@context\":\"https:\\\/\\\/schema.org\",\"@graph\":[{\"@type\":[\"WebPage\",\"ItemPage\"],\"@id\":\"https:\\\/\\\/winesandspirits.ch\\\/product\\\/miyagikyo-1990-miyagikyo-1990-20-yo-single-malt-japan-single-malt-whis\\\/\",\"url\":\"https:\\\/\\\/winesandspirits.ch\\\/product\\\/miyagikyo-1990-miyagikyo-1990-20-yo-single-malt-japan-single-malt-whis\\\/\",\"name\":\"Miyagikyo 1990 20 y.o single malt japan | buy Switzerland\",\"isPartOf\":{\"@id\":\"https:\\\/\\\/winesandspirits.ch\\\/#website\"},\"primaryImageOfPage\":{\"@id\":\"https:\\\/\\\/winesandspirits.ch\\\/product\\\/miyagikyo-1990-miyagikyo-1990-20-yo-single-malt-japan-single-malt-whis\\\/#primaryimage\"},\"image\":{\"@id\":\"https:\\\/\\\/winesandspirits.ch\\\/product\\\/miyagikyo-1990-miyagikyo-1990-20-yo-single-malt-japan-single-malt-whis\\\/#primaryimage\"},\"thumbnailUrl\":\"https:\\\/\\\/winesandspirits.ch\\\/wp-content\\\/uploads\\\/2025\\\/10\\\/Miyagikyo-1990-single-malt-japan-rotated.jpg\",\"datePublished\":\"2025-10-13T12:31:18+00:00\",\"dateModified\":\"2026-04-04T23:39:50+00:00\",\"description\":\"Buy Miyagikyo 1990 20 y.o single malt japan 48.0% \u2014 Single Malt Whisky from Japan. CHF 3490. Smoke, Fruit, Spice. Worldwide delivery \u2014 CH, EU & internation\",\"breadcrumb\":{\"@id\":\"https:\\\/\\\/winesandspirits.ch\\\/product\\\/miyagikyo-1990-miyagikyo-1990-20-yo-single-malt-japan-single-malt-whis\\\/#breadcrumb\"},\"inLanguage\":\"de\",\"potentialAction\":[{\"@type\":\"ReadAction\",\"target\":[\"https:\\\/\\\/winesandspirits.ch\\\/product\\\/miyagikyo-1990-miyagikyo-1990-20-yo-single-malt-japan-single-malt-whis\\\/\"]}]},{\"@type\":\"ImageObject\",\"inLanguage\":\"de\",\"@id\":\"https:\\\/\\\/winesandspirits.ch\\\/product\\\/miyagikyo-1990-miyagikyo-1990-20-yo-single-malt-japan-single-malt-whis\\\/#primaryimage\",\"url\":\"https:\\\/\\\/winesandspirits.ch\\\/wp-content\\\/uploads\\\/2025\\\/10\\\/Miyagikyo-1990-single-malt-japan-rotated.jpg\",\"contentUrl\":\"https:\\\/\\\/winesandspirits.ch\\\/wp-content\\\/uploads\\\/2025\\\/10\\\/Miyagikyo-1990-single-malt-japan-rotated.jpg\",\"width\":600,\"height\":800,\"caption\":\"Miyagikyo 1990 20 y.o single malt japan\"},{\"@type\":\"BreadcrumbList\",\"@id\":\"https:\\\/\\\/winesandspirits.ch\\\/product\\\/miyagikyo-1990-miyagikyo-1990-20-yo-single-malt-japan-single-malt-whis\\\/#breadcrumb\",\"itemListElement\":[{\"@type\":\"ListItem\",\"position\":1,\"name\":\"Accueil\",\"item\":\"https:\\\/\\\/winesandspirits.ch\\\/\"},{\"@type\":\"ListItem\",\"position\":2,\"name\":\"Boutique\",\"item\":\"https:\\\/\\\/winesandspirits.ch\\\/boutique-wines-and-spirits-sa-switzerland\\\/\"},{\"@type\":\"ListItem\",\"position\":3,\"name\":\"Miyagikyo 1990 20 y.o single malt japan\"}]},{\"@type\":\"WebSite\",\"@id\":\"https:\\\/\\\/winesandspirits.ch\\\/#website\",\"url\":\"https:\\\/\\\/winesandspirits.ch\\\/\",\"name\":\"Wines and Spirits SA\",\"description\":\"Shop Premium Wines, Spirits &amp; Craft Beer Online\",\"publisher\":{\"@id\":\"https:\\\/\\\/winesandspirits.ch\\\/#organization\"},\"potentialAction\":[{\"@type\":\"SearchAction\",\"target\":{\"@type\":\"EntryPoint\",\"urlTemplate\":\"https:\\\/\\\/winesandspirits.ch\\\/?s={search_term_string}\"},\"query-input\":{\"@type\":\"PropertyValueSpecification\",\"valueRequired\":true,\"valueName\":\"search_term_string\"}}],\"inLanguage\":\"de\"},{\"@type\":\"Organization\",\"@id\":\"https:\\\/\\\/winesandspirits.ch\\\/#organization\",\"name\":\"Wines and Spirits SA\",\"url\":\"https:\\\/\\\/winesandspirits.ch\\\/\",\"logo\":{\"@type\":\"ImageObject\",\"inLanguage\":\"de\",\"@id\":\"https:\\\/\\\/winesandspirits.ch\\\/#\\\/schema\\\/logo\\\/image\\\/\",\"url\":\"https:\\\/\\\/winesandspirits.ch\\\/wp-content\\\/uploads\\\/2023\\\/01\\\/cropped-Noir.png\",\"contentUrl\":\"https:\\\/\\\/winesandspirits.ch\\\/wp-content\\\/uploads\\\/2023\\\/01\\\/cropped-Noir.png\",\"width\":512,\"height\":512,\"caption\":\"Wines and Spirits SA\"},\"image\":{\"@id\":\"https:\\\/\\\/winesandspirits.ch\\\/#\\\/schema\\\/logo\\\/image\\\/\"}}]}<\/script>\n<!-- \/ Yoast SEO plugin. -->","yoast_head_json":{"title":"Miyagikyo 1990 20 y.o single malt japan | buy Switzerland","description":"Buy Miyagikyo 1990 20 y.o single malt japan 48.0% \u2014 Single Malt Whisky from Japan. CHF 3490. Smoke, Fruit, Spice. Worldwide delivery \u2014 CH, EU & internation","robots":{"index":"index","follow":"follow","max-snippet":"max-snippet:-1","max-image-preview":"max-image-preview:large","max-video-preview":"max-video-preview:-1"},"canonical":"https:\/\/winesandspirits.ch\/de\/produkt\/miyagikyo-1990-miyagikyo-1990-20-yo-single-malt-japan-single-malt-whis\/","og_locale":"de_DE","og_type":"article","og_title":"Miyagikyo 1990 20 y.o single malt japan | buy Switzerland","og_description":"Buy Miyagikyo 1990 20 y.o single malt japan 48.0% \u2014 Single Malt Whisky from Japan. CHF 3490. Smoke, Fruit, Spice. Worldwide delivery \u2014 CH, EU & internation","og_url":"https:\/\/winesandspirits.ch\/de\/produkt\/miyagikyo-1990-miyagikyo-1990-20-yo-single-malt-japan-single-malt-whis\/","og_site_name":"Wines and Spirits SA","article_modified_time":"2026-04-04T23:39:50+00:00","og_image":[{"width":600,"height":800,"url":"https:\/\/winesandspirits.ch\/wp-content\/uploads\/2025\/10\/Miyagikyo-1990-single-malt-japan-rotated.jpg","type":"image\/jpeg"}],"twitter_card":"summary_large_image","twitter_title":"Miyagikyo 1990 20 y.o single malt japan | buy Switzerland","twitter_description":"Buy Miyagikyo 1990 20 y.o single malt japan 48.0% \u2014 Single Malt Whisky from Japan. CHF 3490. Smoke, Fruit, Spice. Worldwide delivery \u2014 CH, EU & internation","twitter_misc":{"Gesch\u00e4tzte Lesezeit":"2\u00a0Minuten"},"schema":{"@context":"https:\/\/schema.org","@graph":[{"@type":["WebPage","ItemPage"],"@id":"https:\/\/winesandspirits.ch\/product\/miyagikyo-1990-miyagikyo-1990-20-yo-single-malt-japan-single-malt-whis\/","url":"https:\/\/winesandspirits.ch\/product\/miyagikyo-1990-miyagikyo-1990-20-yo-single-malt-japan-single-malt-whis\/","name":"Miyagikyo 1990 20 y.o single malt japan | buy Switzerland","isPartOf":{"@id":"https:\/\/winesandspirits.ch\/#website"},"primaryImageOfPage":{"@id":"https:\/\/winesandspirits.ch\/product\/miyagikyo-1990-miyagikyo-1990-20-yo-single-malt-japan-single-malt-whis\/#primaryimage"},"image":{"@id":"https:\/\/winesandspirits.ch\/product\/miyagikyo-1990-miyagikyo-1990-20-yo-single-malt-japan-single-malt-whis\/#primaryimage"},"thumbnailUrl":"https:\/\/winesandspirits.ch\/wp-content\/uploads\/2025\/10\/Miyagikyo-1990-single-malt-japan-rotated.jpg","datePublished":"2025-10-13T12:31:18+00:00","dateModified":"2026-04-04T23:39:50+00:00","description":"Buy Miyagikyo 1990 20 y.o single malt japan 48.0% \u2014 Single Malt Whisky from Japan. CHF 3490. Smoke, Fruit, Spice. Worldwide delivery \u2014 CH, EU & internation","breadcrumb":{"@id":"https:\/\/winesandspirits.ch\/product\/miyagikyo-1990-miyagikyo-1990-20-yo-single-malt-japan-single-malt-whis\/#breadcrumb"},"inLanguage":"de","potentialAction":[{"@type":"ReadAction","target":["https:\/\/winesandspirits.ch\/product\/miyagikyo-1990-miyagikyo-1990-20-yo-single-malt-japan-single-malt-whis\/"]}]},{"@type":"ImageObject","inLanguage":"de","@id":"https:\/\/winesandspirits.ch\/product\/miyagikyo-1990-miyagikyo-1990-20-yo-single-malt-japan-single-malt-whis\/#primaryimage","url":"https:\/\/winesandspirits.ch\/wp-content\/uploads\/2025\/10\/Miyagikyo-1990-single-malt-japan-rotated.jpg","contentUrl":"https:\/\/winesandspirits.ch\/wp-content\/uploads\/2025\/10\/Miyagikyo-1990-single-malt-japan-rotated.jpg","width":600,"height":800,"caption":"Miyagikyo 1990 20 y.o single malt japan"},{"@type":"BreadcrumbList","@id":"https:\/\/winesandspirits.ch\/product\/miyagikyo-1990-miyagikyo-1990-20-yo-single-malt-japan-single-malt-whis\/#breadcrumb","itemListElement":[{"@type":"ListItem","position":1,"name":"Accueil","item":"https:\/\/winesandspirits.ch\/"},{"@type":"ListItem","position":2,"name":"Boutique","item":"https:\/\/winesandspirits.ch\/boutique-wines-and-spirits-sa-switzerland\/"},{"@type":"ListItem","position":3,"name":"Miyagikyo 1990 20 y.o single malt japan"}]},{"@type":"WebSite","@id":"https:\/\/winesandspirits.ch\/#website","url":"https:\/\/winesandspirits.ch\/","name":"Wines and Spirits SA","description":"Shop Premium Wines, Spirits &amp; Craft Beer Online","publisher":{"@id":"https:\/\/winesandspirits.ch\/#organization"},"potentialAction":[{"@type":"SearchAction","target":{"@type":"EntryPoint","urlTemplate":"https:\/\/winesandspirits.ch\/?s={search_term_string}"},"query-input":{"@type":"PropertyValueSpecification","valueRequired":true,"valueName":"search_term_string"}}],"inLanguage":"de"},{"@type":"Organization","@id":"https:\/\/winesandspirits.ch\/#organization","name":"Wines and Spirits SA","url":"https:\/\/winesandspirits.ch\/","logo":{"@type":"ImageObject","inLanguage":"de","@id":"https:\/\/winesandspirits.ch\/#\/schema\/logo\/image\/","url":"https:\/\/winesandspirits.ch\/wp-content\/uploads\/2023\/01\/cropped-Noir.png","contentUrl":"https:\/\/winesandspirits.ch\/wp-content\/uploads\/2023\/01\/cropped-Noir.png","width":512,"height":512,"caption":"Wines and Spirits SA"},"image":{"@id":"https:\/\/winesandspirits.ch\/#\/schema\/logo\/image\/"}}]}},"_links":{"self":[{"href":"https:\/\/winesandspirits.ch\/de\/wp-json\/wp\/v2\/product\/990879","targetHints":{"allow":["GET"]}}],"collection":[{"href":"https:\/\/winesandspirits.ch\/de\/wp-json\/wp\/v2\/product"}],"about":[{"href":"https:\/\/winesandspirits.ch\/de\/wp-json\/wp\/v2\/types\/product"}],"version-history":[{"count":9,"href":"https:\/\/winesandspirits.ch\/de\/wp-json\/wp\/v2\/product\/990879\/revisions"}],"predecessor-version":[{"id":1006363,"href":"https:\/\/winesandspirits.ch\/de\/wp-json\/wp\/v2\/product\/990879\/revisions\/1006363"}],"wp:featuredmedia":[{"embeddable":true,"href":"https:\/\/winesandspirits.ch\/de\/wp-json\/wp\/v2\/media\/990882"}],"wp:attachment":[{"href":"https:\/\/winesandspirits.ch\/de\/wp-json\/wp\/v2\/media?parent=990879"}],"wp:term":[{"taxonomy":"product_brand","embeddable":true,"href":"https:\/\/winesandspirits.ch\/de\/wp-json\/wp\/v2\/product_brand?post=990879"},{"taxonomy":"product_cat","embeddable":true,"href":"https:\/\/winesandspirits.ch\/de\/wp-json\/wp\/v2\/product_cat?post=990879"},{"taxonomy":"product_tag","embeddable":true,"href":"https:\/\/winesandspirits.ch\/de\/wp-json\/wp\/v2\/product_tag?post=990879"}],"curies":[{"name":"wp","href":"https:\/\/api.w.org\/{rel}","templated":true}]}}