{"id":990817,"date":"2025-10-12T13:01:51","date_gmt":"2025-10-12T11:01:51","guid":{"rendered":"https:\/\/winesandspirits.ch\/?post_type=product&#038;p=990817"},"modified":"2026-04-05T01:41:51","modified_gmt":"2026-04-04T23:41:51","slug":"chichibu-ichiros-chichibu-ichiros-malt-bourbon-barrel-4334-single-2015","status":"publish","type":"product","link":"https:\/\/winesandspirits.ch\/de\/produkt\/chichibu-ichiros-chichibu-ichiros-malt-bourbon-barrel-4334-single-2015\/","title":{"rendered":"Chichibu Ichiro's Malt Bourbon Barrel #4334 Single 2015"},"content":{"rendered":"<div class=\"vgblk-rw-wrapper limit-wrapper\">\n<div style=\"font-family:'Georgia',serif;background:#faf8f4;margin:0;padding:0\">\n<div style=\"background:#fff;border:1px solid #ede8e0;border-radius:4px;overflow:hidden;margin-bottom:2px\">\n<div style=\"padding:16px 18px 8px;background:#faf8f4;border-bottom:1px solid #ede8e0\">\n<p style=\"font-size:10px;font-weight:700;text-transform:uppercase;letter-spacing:3px;color:#a08060;margin:0\">Technische Daten<\/p>\n<\/div>\n<div style=\"display:grid;grid-template-columns:repeat(auto-fit,minmax(130px,1fr))\">\n<div style=\"padding:14px 18px;border-bottom:1px solid #ede8e0\">\n<div style=\"font-size:10px;font-weight:700;text-transform:uppercase;letter-spacing:2px;color:#a08060;margin-bottom:4px\">Stil<\/div>\n<div style=\"font-size:16px;font-weight:400;color:#1a1a1a;font-family:'Georgia',serif\">Single Malt Whisky<\/div>\n<\/div>\n<div style=\"padding:14px 18px;border-bottom:1px solid #ede8e0\">\n<div style=\"font-size:10px;font-weight:700;text-transform:uppercase;letter-spacing:2px;color:#a08060;margin-bottom:4px\">Ursprung<\/div>\n<div style=\"font-size:16px;font-weight:400;color:#1a1a1a;font-family:'Georgia',serif\">Japan<\/div>\n<\/div>\n<\/div>\n<\/div>\n<div style=\"padding:40px;background:#fff;margin-top:2px\">\n<p style=\"font-size:10px;font-weight:700;text-transform:uppercase;letter-spacing:3px;color:#a08060;margin:0 0 8px\">Verkostungsprofil<\/p>\n<div style=\"width:36px;height:2px;background:#c8b89a;margin-bottom:18px\"><\/div>\n<p style=\"font-size:15px;line-height:1.9;color:#3d2b1f;margin:0 0 20px;max-width:760px\">Chichibu ichiro&#8217;s malt bourbon barrel #4334 single 2015 is an exceptional Single Malt Whisky crafted by Chichibu ichiro&#8217;s in Japan. this outstanding expression delivers an unforgettable tasting experience. Expect a rich profile of Smoke, Fruit, Spice, Oak \u2014 a true masterpiece. Available online with worldwide delivery \u2014 Switzerland, EU and international shipping. \ud83c\udf0d<\/p>\n<\/div>\n<div style=\"padding:40px;background:#faf8f4;margin-top:2px\">\n<p style=\"font-size:10px;font-weight:700;text-transform:uppercase;letter-spacing:3px;color:#a08060;margin:0 0 6px\">\u00dcber den Produzent<\/p>\n<h3 style=\"font-size:24px;font-weight:400;color:#1a1a1a;margin:0 0 10px;font-family:'Georgia',serif\">Chichibu Ichiro's<\/h3>\n<div style=\"margin-bottom:14px\"><span style=\"font-size:12px;color:#a08060\">\ud83d\udccd Japan<\/span><\/div>\n<div style=\"width:36px;height:2px;background:#c8b89a;margin-bottom:16px\"><\/div>\n<p style=\"font-size:14px;line-height:1.85;color:#3d2b1f;margin:0 0 20px;max-width:760px\">Die Chichibu Distillery wurde 2008 von dem Vision\u00e4r Ichiro Akuto in der Pr\u00e4fektur Saitama, Japan, gegr\u00fcndet - auf dem Land, auf dem seine Familie seit Generationen Sake und Spirituosen herstellt. Ichiro Akuto erlangte erstmals internationale Aufmerksamkeit, als er den gesamten Bestand der stillgelegten Hanyu-Destillerie rettete und als die legend\u00e4re Ichiro's Malt Card Series herausbrachte, die heute zu den meistgesammelten japanischen Whiskys aller Zeiten z\u00e4hlt. In Chichibu baute Ichiro eine der innovativsten kleinen Brennereien der Welt auf. Er verwendete eine Vielzahl von Fasstypen, darunter Mizunara-Eiche, Bourbon-F\u00e4sser, Sherry-F\u00e4sser, Portweinf\u00e4sser und Weinf\u00e4sser, um Whiskys von au\u00dfergew\u00f6hnlicher Vielfalt und Komplexit\u00e4t herzustellen. Obwohl Chichibu noch keine 20 Jahre alt ist, hat es bereits eine erstaunliche Anzahl von Auszeichnungen erhalten und z\u00e4hlt zu den besten handwerklichen Destillerien der Welt. Die limitierten Abf\u00fcllungen sind weltweit innerhalb weniger Stunden ausverkauft, und die Preise auf dem Sekund\u00e4rmarkt sind von Jahr zu Jahr drastisch gestiegen, so dass die Chichibu-Flaschen zunehmend zu begehrten Sammlerst\u00fccken werden.<\/p>\n<div style=\"display:flex;gap:12px;flex-wrap:wrap;margin-top:4px\"><a href=\"https:\/\/winesandspirits.ch\/de\/produkt-kategorie\/whisky\/chichibu\/\" style=\"display:inline-flex;align-items:center;gap:6px;background:#1a1a1a;color:#c8b89a;padding:8px 18px;font-size:11px;font-weight:700;letter-spacing:2px;text-transform:uppercase;text-decoration:none;border-radius:2px\">Alle Chichibu sehen<\/a><a href=\"https:\/\/www.ichiros.malt.jp\" target=\"_blank\" rel=\"noopener\" style=\"display:inline-flex;align-items:center;gap:6px;background:#faf8f4;color:#3d2b1f;padding:8px 18px;font-size:11px;font-weight:700;letter-spacing:2px;text-transform:uppercase;text-decoration:none;border:1px solid #c8b89a;border-radius:2px\">Offizielle Website<\/a><\/div>\n<\/div>\n<div style=\"padding:32px 40px;background:#fff;margin-top:2px\">\n<p style=\"font-size:10px;font-weight:700;text-transform:uppercase;letter-spacing:3px;color:#a08060;margin:0 0 8px\">Aromen<\/p>\n<div style=\"width:36px;height:2px;background:#c8b89a;margin-bottom:16px\"><\/div>\n<div><span style=\"display:inline-block;border:1.5px solid #c8b89a;border-radius:20px;padding:5px 16px;font-size:13px;color:#3d2b1f;margin:3px;font-family:Georgia,serif\">Rauch<\/span><span style=\"display:inline-block;border:1.5px solid #c8b89a;border-radius:20px;padding:5px 16px;font-size:13px;color:#3d2b1f;margin:3px;font-family:Georgia,serif\">Obst<\/span><span style=\"display:inline-block;border:1.5px solid #c8b89a;border-radius:20px;padding:5px 16px;font-size:13px;color:#3d2b1f;margin:3px;font-family:Georgia,serif\">Gew\u00fcrz<\/span><span style=\"display:inline-block;border:1.5px solid #c8b89a;border-radius:20px;padding:5px 16px;font-size:13px;color:#3d2b1f;margin:3px;font-family:Georgia,serif\">Eiche<\/span><\/div>\n<\/div>\n<div style=\"display:grid;grid-template-columns:1fr 1fr;gap:2px;margin-top:2px\">\n<div style=\"background:#faf8f4;padding:32px 36px\">\n<p style=\"font-size:10px;font-weight:700;text-transform:uppercase;letter-spacing:3px;color:#a08060;margin:0 0 8px\">Franz\u00f6sisch<\/p>\n<div style=\"width:28px;height:2px;background:#c8b89a;margin-bottom:14px\"><\/div>\n<p style=\"font-size:13px;line-height:1.8;color:#3d2b1f;margin:0\" lang=\"fr\">Chichibu ichiro&#8217;s malt bourbon barrel #4334 single 2015 est expression d&#8217;exception de Chichibu ichiro&#8217;s, en Japan. Elle offre une exp\u00e9rience gustative inoubliable. Profil\u202f: Smoke, Fruit, Spice, Oak. un vrai chef-d&#8217;\u0153uvre. Livraison en Suisse, dans toute l&#8217;Europe et dans le monde entier \ud83c\udf0d<\/p>\n<\/div>\n<div style=\"background:#faf8f4;padding:32px 36px\">\n<p style=\"font-size:10px;font-weight:700;text-transform:uppercase;letter-spacing:3px;color:#a08060;margin:0 0 8px\">Deutsch<\/p>\n<div style=\"width:28px;height:2px;background:#c8b89a;margin-bottom:14px\"><\/div>\n<p style=\"font-size:13px;line-height:1.8;color:#3d2b1f;margin:0\" lang=\"de\">Chichibu ichiro&#8217;s malt bourbon barrel #4334 single 2015 ist ein au\u00dfergew\u00f6hnliche Expression von Chichibu ichiro&#8217;s aus Japan.  bietet es ein unvergessliches Geschmackserlebnis. Profil: Smoke, Fruit, Spice, Oak. ein wahres Meisterwerk. Lieferung in die Schweiz, Europa und weltweit \ud83c\udf0d<\/p>\n<\/div>\n<\/div>\n<div style=\"background:#fff;padding:24px 40px;margin-top:2px;display:flex;align-items:center;justify-content:space-between;flex-wrap:wrap;gap:12px;border-top:3px solid #c8b89a\">\n<div>\n<p style=\"font-size:10px;font-weight:700;text-transform:uppercase;letter-spacing:2px;color:#a08060;margin:0 0 4px\">Online-Preis<\/p>\n<p style=\"font-size:30px;font-weight:400;color:#1a1a1a;margin:0;font-family:'Georgia',serif\">990 CHF<\/p>\n<\/div>\n<div style=\"text-align:right\">\n<p style=\"font-size:13px;color:#3d2b1f;font-weight:600;margin:0 0 4px\">\ud83d\ude9a Weltweite Lieferung \u2014 Schweiz, EU &amp; International \ud83c\udf0d<\/p>\n<p style=\"font-size:11px;color:#a08060;margin:0\">Schneller und sicherer Versand \u00b7 winesandspirits.ch<\/p>\n<\/div>\n<\/div>\n<div style=\"background:#1a1a1a;padding:14px 40px;margin-top:2px;display:flex;align-items:center;justify-content:space-between;flex-wrap:wrap;gap:10px\">\n<span style=\"font-size:10px;font-weight:700;text-transform:uppercase;letter-spacing:3px;color:#c8b89a\">\u2726 Premium handverlesene Auswahl \u00b7 winesandspirits.ch \u2726<\/span><br \/>\n<span style=\"font-size:10px;color:#777;font-style:italic\">Enth\u00e4lt Alkohol. Verantwortungsvoll genie\u00dfen. Nicht f\u00fcr Personen unter 18 Jahren geeignet.<\/span>\n<\/div>\n<\/div>\n<\/div>\n<p><!-- .vgblk-rw-wrapper --><\/p>","protected":false},"excerpt":{"rendered":"<p>Premium Single Malt Whisky by Chichibu ichiro&#8217;s from Japan \u00b7 Vintage 2015 \u00b7 Cask #4334 \u00b7 Worldwide delivery \ud83c\udf0d<\/p>","protected":false},"featured_media":990818,"template":"","meta":[],"product_brand":[],"product_cat":[66,91,43],"product_tag":[],"class_list":{"0":"post-990817","1":"product","2":"type-product","3":"status-publish","4":"has-post-thumbnail","6":"product_cat-chichibu","7":"product_cat-whisky-japonais","8":"product_cat-whisky","10":"first","11":"instock","12":"shipping-taxable","13":"purchasable","14":"product-type-simple"},"supplier_id":null,"supplier_sku":"","barcode":null,"atum_controlled":true,"out_stock_date":null,"out_stock_threshold":null,"inheritable":false,"inbound_stock":null,"stock_on_hold":0,"sold_today":0,"sales_last_days":0,"reserved_stock":null,"customer_returns":null,"warehouse_damage":null,"lost_in_post":null,"other_logs":null,"out_stock_days":0,"lost_sales":0,"has_location":null,"update_date":"2026-04-10T00:02:39","atum_locations":[],"atum_stock_status":"instock","restock_status":false,"low_stock_amount":0,"sales_update_date":"2026-04-10T00:02:39","calc_backorders":null,"yoast_head":"<!-- This site is optimized with the Yoast SEO plugin v27.3 - https:\/\/yoast.com\/product\/yoast-seo-wordpress\/ -->\n<title>Chichibu ichiro&#039;s malt bourbon barrel #433 | buy Switzerland<\/title>\n<meta name=\"description\" content=\"Buy Chichibu ichiro&#039;s malt bourbon barrel #4334 single 2015 \u2014 Single Malt Whisky from Japan. CHF 990. Bourbon Barrel, Smoke, Fruit. Worldwide delivery \u2014 CH\" \/>\n<meta name=\"robots\" content=\"index, follow, max-snippet:-1, max-image-preview:large, max-video-preview:-1\" \/>\n<link rel=\"canonical\" href=\"https:\/\/winesandspirits.ch\/de\/produkt\/chichibu-ichiros-chichibu-ichiros-malt-bourbon-barrel-4334-single-2015\/\" \/>\n<meta property=\"og:locale\" content=\"de_DE\" \/>\n<meta property=\"og:type\" content=\"article\" \/>\n<meta property=\"og:title\" content=\"Chichibu ichiro&#039;s malt bourbon barrel #433 | buy Switzerland\" \/>\n<meta property=\"og:description\" content=\"Buy Chichibu ichiro&#039;s malt bourbon barrel #4334 single 2015 \u2014 Single Malt Whisky from Japan. CHF 990. Bourbon Barrel, Smoke, Fruit. Worldwide delivery \u2014 CH\" \/>\n<meta property=\"og:url\" content=\"https:\/\/winesandspirits.ch\/de\/produkt\/chichibu-ichiros-chichibu-ichiros-malt-bourbon-barrel-4334-single-2015\/\" \/>\n<meta property=\"og:site_name\" content=\"Wines and Spirits SA\" \/>\n<meta property=\"article:modified_time\" content=\"2026-04-04T23:41:51+00:00\" \/>\n<meta property=\"og:image\" content=\"https:\/\/winesandspirits.ch\/wp-content\/uploads\/2025\/10\/Chichibu-ichiros-malt-bourbon-barrel-4334-single-malt-2015-rotated.jpg\" \/>\n\t<meta property=\"og:image:width\" content=\"600\" \/>\n\t<meta property=\"og:image:height\" content=\"800\" \/>\n\t<meta property=\"og:image:type\" content=\"image\/jpeg\" \/>\n<meta name=\"twitter:card\" content=\"summary_large_image\" \/>\n<meta name=\"twitter:title\" content=\"Chichibu ichiro&#039;s malt bourbon barrel #433 | buy Switzerland\" \/>\n<meta name=\"twitter:description\" content=\"Buy Chichibu ichiro&#039;s malt bourbon barrel #4334 single 2015 \u2014 Single Malt Whisky from Japan. CHF 990. Bourbon Barrel, Smoke, Fruit. Worldwide delivery \u2014 CH\" \/>\n<meta name=\"twitter:label1\" content=\"Gesch\u00e4tzte Lesezeit\" \/>\n\t<meta name=\"twitter:data1\" content=\"2\u00a0Minuten\" \/>\n<script type=\"application\/ld+json\" class=\"yoast-schema-graph\">{\"@context\":\"https:\\\/\\\/schema.org\",\"@graph\":[{\"@type\":[\"WebPage\",\"ItemPage\"],\"@id\":\"https:\\\/\\\/winesandspirits.ch\\\/product\\\/chichibu-ichiros-chichibu-ichiros-malt-bourbon-barrel-4334-single-2015\\\/\",\"url\":\"https:\\\/\\\/winesandspirits.ch\\\/product\\\/chichibu-ichiros-chichibu-ichiros-malt-bourbon-barrel-4334-single-2015\\\/\",\"name\":\"Chichibu ichiro's malt bourbon barrel #433 | buy Switzerland\",\"isPartOf\":{\"@id\":\"https:\\\/\\\/winesandspirits.ch\\\/#website\"},\"primaryImageOfPage\":{\"@id\":\"https:\\\/\\\/winesandspirits.ch\\\/product\\\/chichibu-ichiros-chichibu-ichiros-malt-bourbon-barrel-4334-single-2015\\\/#primaryimage\"},\"image\":{\"@id\":\"https:\\\/\\\/winesandspirits.ch\\\/product\\\/chichibu-ichiros-chichibu-ichiros-malt-bourbon-barrel-4334-single-2015\\\/#primaryimage\"},\"thumbnailUrl\":\"https:\\\/\\\/winesandspirits.ch\\\/wp-content\\\/uploads\\\/2025\\\/10\\\/Chichibu-ichiros-malt-bourbon-barrel-4334-single-malt-2015-rotated.jpg\",\"datePublished\":\"2025-10-12T11:01:51+00:00\",\"dateModified\":\"2026-04-04T23:41:51+00:00\",\"description\":\"Buy Chichibu ichiro's malt bourbon barrel #4334 single 2015 \u2014 Single Malt Whisky from Japan. CHF 990. Bourbon Barrel, Smoke, Fruit. Worldwide delivery \u2014 CH\",\"breadcrumb\":{\"@id\":\"https:\\\/\\\/winesandspirits.ch\\\/product\\\/chichibu-ichiros-chichibu-ichiros-malt-bourbon-barrel-4334-single-2015\\\/#breadcrumb\"},\"inLanguage\":\"de\",\"potentialAction\":[{\"@type\":\"ReadAction\",\"target\":[\"https:\\\/\\\/winesandspirits.ch\\\/product\\\/chichibu-ichiros-chichibu-ichiros-malt-bourbon-barrel-4334-single-2015\\\/\"]}]},{\"@type\":\"ImageObject\",\"inLanguage\":\"de\",\"@id\":\"https:\\\/\\\/winesandspirits.ch\\\/product\\\/chichibu-ichiros-chichibu-ichiros-malt-bourbon-barrel-4334-single-2015\\\/#primaryimage\",\"url\":\"https:\\\/\\\/winesandspirits.ch\\\/wp-content\\\/uploads\\\/2025\\\/10\\\/Chichibu-ichiros-malt-bourbon-barrel-4334-single-malt-2015-rotated.jpg\",\"contentUrl\":\"https:\\\/\\\/winesandspirits.ch\\\/wp-content\\\/uploads\\\/2025\\\/10\\\/Chichibu-ichiros-malt-bourbon-barrel-4334-single-malt-2015-rotated.jpg\",\"width\":600,\"height\":800,\"caption\":\"Chichibu ichiro's malt bourbon barrel #4334 single 2015\"},{\"@type\":\"BreadcrumbList\",\"@id\":\"https:\\\/\\\/winesandspirits.ch\\\/product\\\/chichibu-ichiros-chichibu-ichiros-malt-bourbon-barrel-4334-single-2015\\\/#breadcrumb\",\"itemListElement\":[{\"@type\":\"ListItem\",\"position\":1,\"name\":\"Accueil\",\"item\":\"https:\\\/\\\/winesandspirits.ch\\\/\"},{\"@type\":\"ListItem\",\"position\":2,\"name\":\"Boutique\",\"item\":\"https:\\\/\\\/winesandspirits.ch\\\/boutique-wines-and-spirits-sa-switzerland\\\/\"},{\"@type\":\"ListItem\",\"position\":3,\"name\":\"Chichibu ichiro&#8217;s malt bourbon barrel #4334 single 2015\"}]},{\"@type\":\"WebSite\",\"@id\":\"https:\\\/\\\/winesandspirits.ch\\\/#website\",\"url\":\"https:\\\/\\\/winesandspirits.ch\\\/\",\"name\":\"Wines and Spirits SA\",\"description\":\"Shop Premium Wines, Spirits &amp; Craft Beer Online\",\"publisher\":{\"@id\":\"https:\\\/\\\/winesandspirits.ch\\\/#organization\"},\"potentialAction\":[{\"@type\":\"SearchAction\",\"target\":{\"@type\":\"EntryPoint\",\"urlTemplate\":\"https:\\\/\\\/winesandspirits.ch\\\/?s={search_term_string}\"},\"query-input\":{\"@type\":\"PropertyValueSpecification\",\"valueRequired\":true,\"valueName\":\"search_term_string\"}}],\"inLanguage\":\"de\"},{\"@type\":\"Organization\",\"@id\":\"https:\\\/\\\/winesandspirits.ch\\\/#organization\",\"name\":\"Wines and Spirits SA\",\"url\":\"https:\\\/\\\/winesandspirits.ch\\\/\",\"logo\":{\"@type\":\"ImageObject\",\"inLanguage\":\"de\",\"@id\":\"https:\\\/\\\/winesandspirits.ch\\\/#\\\/schema\\\/logo\\\/image\\\/\",\"url\":\"https:\\\/\\\/winesandspirits.ch\\\/wp-content\\\/uploads\\\/2023\\\/01\\\/cropped-Noir.png\",\"contentUrl\":\"https:\\\/\\\/winesandspirits.ch\\\/wp-content\\\/uploads\\\/2023\\\/01\\\/cropped-Noir.png\",\"width\":512,\"height\":512,\"caption\":\"Wines and Spirits SA\"},\"image\":{\"@id\":\"https:\\\/\\\/winesandspirits.ch\\\/#\\\/schema\\\/logo\\\/image\\\/\"}}]}<\/script>\n<!-- \/ Yoast SEO plugin. -->","yoast_head_json":{"title":"Chichibu ichiro's malt bourbon barrel #433 | buy Switzerland","description":"Buy Chichibu ichiro's malt bourbon barrel #4334 single 2015 \u2014 Single Malt Whisky from Japan. CHF 990. Bourbon Barrel, Smoke, Fruit. Worldwide delivery \u2014 CH","robots":{"index":"index","follow":"follow","max-snippet":"max-snippet:-1","max-image-preview":"max-image-preview:large","max-video-preview":"max-video-preview:-1"},"canonical":"https:\/\/winesandspirits.ch\/de\/produkt\/chichibu-ichiros-chichibu-ichiros-malt-bourbon-barrel-4334-single-2015\/","og_locale":"de_DE","og_type":"article","og_title":"Chichibu ichiro's malt bourbon barrel #433 | buy Switzerland","og_description":"Buy Chichibu ichiro's malt bourbon barrel #4334 single 2015 \u2014 Single Malt Whisky from Japan. CHF 990. Bourbon Barrel, Smoke, Fruit. Worldwide delivery \u2014 CH","og_url":"https:\/\/winesandspirits.ch\/de\/produkt\/chichibu-ichiros-chichibu-ichiros-malt-bourbon-barrel-4334-single-2015\/","og_site_name":"Wines and Spirits SA","article_modified_time":"2026-04-04T23:41:51+00:00","og_image":[{"width":600,"height":800,"url":"https:\/\/winesandspirits.ch\/wp-content\/uploads\/2025\/10\/Chichibu-ichiros-malt-bourbon-barrel-4334-single-malt-2015-rotated.jpg","type":"image\/jpeg"}],"twitter_card":"summary_large_image","twitter_title":"Chichibu ichiro's malt bourbon barrel #433 | buy Switzerland","twitter_description":"Buy Chichibu ichiro's malt bourbon barrel #4334 single 2015 \u2014 Single Malt Whisky from Japan. CHF 990. Bourbon Barrel, Smoke, Fruit. Worldwide delivery \u2014 CH","twitter_misc":{"Gesch\u00e4tzte Lesezeit":"2\u00a0Minuten"},"schema":{"@context":"https:\/\/schema.org","@graph":[{"@type":["WebPage","ItemPage"],"@id":"https:\/\/winesandspirits.ch\/product\/chichibu-ichiros-chichibu-ichiros-malt-bourbon-barrel-4334-single-2015\/","url":"https:\/\/winesandspirits.ch\/product\/chichibu-ichiros-chichibu-ichiros-malt-bourbon-barrel-4334-single-2015\/","name":"Chichibu ichiro's malt bourbon barrel #433 | buy Switzerland","isPartOf":{"@id":"https:\/\/winesandspirits.ch\/#website"},"primaryImageOfPage":{"@id":"https:\/\/winesandspirits.ch\/product\/chichibu-ichiros-chichibu-ichiros-malt-bourbon-barrel-4334-single-2015\/#primaryimage"},"image":{"@id":"https:\/\/winesandspirits.ch\/product\/chichibu-ichiros-chichibu-ichiros-malt-bourbon-barrel-4334-single-2015\/#primaryimage"},"thumbnailUrl":"https:\/\/winesandspirits.ch\/wp-content\/uploads\/2025\/10\/Chichibu-ichiros-malt-bourbon-barrel-4334-single-malt-2015-rotated.jpg","datePublished":"2025-10-12T11:01:51+00:00","dateModified":"2026-04-04T23:41:51+00:00","description":"Buy Chichibu ichiro's malt bourbon barrel #4334 single 2015 \u2014 Single Malt Whisky from Japan. CHF 990. Bourbon Barrel, Smoke, Fruit. Worldwide delivery \u2014 CH","breadcrumb":{"@id":"https:\/\/winesandspirits.ch\/product\/chichibu-ichiros-chichibu-ichiros-malt-bourbon-barrel-4334-single-2015\/#breadcrumb"},"inLanguage":"de","potentialAction":[{"@type":"ReadAction","target":["https:\/\/winesandspirits.ch\/product\/chichibu-ichiros-chichibu-ichiros-malt-bourbon-barrel-4334-single-2015\/"]}]},{"@type":"ImageObject","inLanguage":"de","@id":"https:\/\/winesandspirits.ch\/product\/chichibu-ichiros-chichibu-ichiros-malt-bourbon-barrel-4334-single-2015\/#primaryimage","url":"https:\/\/winesandspirits.ch\/wp-content\/uploads\/2025\/10\/Chichibu-ichiros-malt-bourbon-barrel-4334-single-malt-2015-rotated.jpg","contentUrl":"https:\/\/winesandspirits.ch\/wp-content\/uploads\/2025\/10\/Chichibu-ichiros-malt-bourbon-barrel-4334-single-malt-2015-rotated.jpg","width":600,"height":800,"caption":"Chichibu ichiro's malt bourbon barrel #4334 single 2015"},{"@type":"BreadcrumbList","@id":"https:\/\/winesandspirits.ch\/product\/chichibu-ichiros-chichibu-ichiros-malt-bourbon-barrel-4334-single-2015\/#breadcrumb","itemListElement":[{"@type":"ListItem","position":1,"name":"Accueil","item":"https:\/\/winesandspirits.ch\/"},{"@type":"ListItem","position":2,"name":"Boutique","item":"https:\/\/winesandspirits.ch\/boutique-wines-and-spirits-sa-switzerland\/"},{"@type":"ListItem","position":3,"name":"Chichibu ichiro&#8217;s malt bourbon barrel #4334 single 2015"}]},{"@type":"WebSite","@id":"https:\/\/winesandspirits.ch\/#website","url":"https:\/\/winesandspirits.ch\/","name":"Wines and Spirits SA","description":"Shop Premium Wines, Spirits &amp; Craft Beer Online","publisher":{"@id":"https:\/\/winesandspirits.ch\/#organization"},"potentialAction":[{"@type":"SearchAction","target":{"@type":"EntryPoint","urlTemplate":"https:\/\/winesandspirits.ch\/?s={search_term_string}"},"query-input":{"@type":"PropertyValueSpecification","valueRequired":true,"valueName":"search_term_string"}}],"inLanguage":"de"},{"@type":"Organization","@id":"https:\/\/winesandspirits.ch\/#organization","name":"Wines and Spirits SA","url":"https:\/\/winesandspirits.ch\/","logo":{"@type":"ImageObject","inLanguage":"de","@id":"https:\/\/winesandspirits.ch\/#\/schema\/logo\/image\/","url":"https:\/\/winesandspirits.ch\/wp-content\/uploads\/2023\/01\/cropped-Noir.png","contentUrl":"https:\/\/winesandspirits.ch\/wp-content\/uploads\/2023\/01\/cropped-Noir.png","width":512,"height":512,"caption":"Wines and Spirits SA"},"image":{"@id":"https:\/\/winesandspirits.ch\/#\/schema\/logo\/image\/"}}]}},"_links":{"self":[{"href":"https:\/\/winesandspirits.ch\/de\/wp-json\/wp\/v2\/product\/990817","targetHints":{"allow":["GET"]}}],"collection":[{"href":"https:\/\/winesandspirits.ch\/de\/wp-json\/wp\/v2\/product"}],"about":[{"href":"https:\/\/winesandspirits.ch\/de\/wp-json\/wp\/v2\/types\/product"}],"version-history":[{"count":10,"href":"https:\/\/winesandspirits.ch\/de\/wp-json\/wp\/v2\/product\/990817\/revisions"}],"predecessor-version":[{"id":1006378,"href":"https:\/\/winesandspirits.ch\/de\/wp-json\/wp\/v2\/product\/990817\/revisions\/1006378"}],"wp:featuredmedia":[{"embeddable":true,"href":"https:\/\/winesandspirits.ch\/de\/wp-json\/wp\/v2\/media\/990818"}],"wp:attachment":[{"href":"https:\/\/winesandspirits.ch\/de\/wp-json\/wp\/v2\/media?parent=990817"}],"wp:term":[{"taxonomy":"product_brand","embeddable":true,"href":"https:\/\/winesandspirits.ch\/de\/wp-json\/wp\/v2\/product_brand?post=990817"},{"taxonomy":"product_cat","embeddable":true,"href":"https:\/\/winesandspirits.ch\/de\/wp-json\/wp\/v2\/product_cat?post=990817"},{"taxonomy":"product_tag","embeddable":true,"href":"https:\/\/winesandspirits.ch\/de\/wp-json\/wp\/v2\/product_tag?post=990817"}],"curies":[{"name":"wp","href":"https:\/\/api.w.org\/{rel}","templated":true}]}}