{"id":990085,"date":"2025-09-17T11:14:57","date_gmt":"2025-09-17T09:14:57","guid":{"rendered":"https:\/\/winesandspirits.ch\/?post_type=product&#038;p=990085"},"modified":"2026-04-05T02:01:47","modified_gmt":"2026-04-05T00:01:47","slug":"hibiki-30-hibiki-30-years-old-suntory-whisky-blend-japanese-single-mal","status":"publish","type":"product","link":"https:\/\/winesandspirits.ch\/de\/produkt\/hibiki-30-hibiki-30-years-old-suntory-whisky-blend-japanese-single-mal\/","title":{"rendered":"Hibiki 30 years old Suntory Whisky Blend Japanese"},"content":{"rendered":"<div class=\"vgblk-rw-wrapper limit-wrapper\">\n<div style=\"font-family:'Georgia',serif;background:#faf8f4;margin:0;padding:0\">\n<div style=\"background:#fff;border:1px solid #ede8e0;border-radius:4px;overflow:hidden;margin-bottom:2px\">\n<div style=\"padding:16px 18px 8px;background:#faf8f4;border-bottom:1px solid #ede8e0\">\n<p style=\"font-size:10px;font-weight:700;text-transform:uppercase;letter-spacing:3px;color:#a08060;margin:0\">Technische Daten<\/p>\n<\/div>\n<div style=\"display:grid;grid-template-columns:repeat(auto-fit,minmax(130px,1fr))\">\n<div style=\"padding:14px 18px;border-bottom:1px solid #ede8e0\">\n<div style=\"font-size:10px;font-weight:700;text-transform:uppercase;letter-spacing:2px;color:#a08060;margin-bottom:4px\">Stil<\/div>\n<div style=\"font-size:16px;font-weight:400;color:#1a1a1a;font-family:'Georgia',serif\">Single Malt Whisky<\/div>\n<\/div>\n<div style=\"padding:14px 18px;border-bottom:1px solid #ede8e0\">\n<div style=\"font-size:10px;font-weight:700;text-transform:uppercase;letter-spacing:2px;color:#a08060;margin-bottom:4px\">Ursprung<\/div>\n<div style=\"font-size:16px;font-weight:400;color:#1a1a1a;font-family:'Georgia',serif\">Japan<\/div>\n<\/div>\n<div style=\"padding:14px 18px;border-bottom:1px solid #ede8e0\">\n<div style=\"font-size:10px;font-weight:700;text-transform:uppercase;letter-spacing:2px;color:#a08060;margin-bottom:4px\">Aging<\/div>\n<div style=\"font-size:16px;font-weight:400;color:#1a1a1a;font-family:'Georgia',serif\">30+ months<\/div>\n<\/div>\n<\/div>\n<\/div>\n<div style=\"padding:40px;background:#fff;margin-top:2px\">\n<p style=\"font-size:10px;font-weight:700;text-transform:uppercase;letter-spacing:3px;color:#a08060;margin:0 0 8px\">Verkostungsprofil<\/p>\n<div style=\"width:36px;height:2px;background:#c8b89a;margin-bottom:18px\"><\/div>\n<p style=\"font-size:15px;line-height:1.9;color:#3d2b1f;margin:0 0 20px;max-width:760px\">Hibiki 30 years old Suntory Whisky Blend Japanese is an exceptional Single Malt Whisky crafted by Hibiki 30 in Japan. this outstanding expression delivers an unforgettable tasting experience. Aged 30+ months, developing extraordinary complexity and depth. Expect a rich profile of Smoke, Fruit, Spice, Oak \u2014 a true masterpiece. Available online with worldwide delivery \u2014 Switzerland, EU and international shipping. \ud83c\udf0d<\/p>\n<\/div>\n<div style=\"padding:40px;background:#faf8f4;margin-top:2px\">\n<p style=\"font-size:10px;font-weight:700;text-transform:uppercase;letter-spacing:3px;color:#a08060;margin:0 0 6px\">\u00dcber den Produzent<\/p>\n<h3 style=\"font-size:24px;font-weight:400;color:#1a1a1a;margin:0 0 10px;font-family:'Georgia',serif\">Hibiki 30<\/h3>\n<div style=\"margin-bottom:14px\"><span style=\"font-size:12px;color:#a08060\">\ud83d\udccd Japan<\/span><\/div>\n<div style=\"width:36px;height:2px;background:#c8b89a;margin-bottom:16px\"><\/div>\n<p style=\"font-size:14px;line-height:1.85;color:#3d2b1f;margin:0 0 20px;max-width:760px\">Hibiki \u2014 meaning &#8216;resonance&#8217; or &#8216;echo&#8217; in Japanese \u2014 is Suntory&#8217;s prestige blended whisky range, masterfully crafted by chief blender Shinji Fukuyo from whiskies drawn from both the Yamazaki and Hakushu distilleries, as well as Chita grain whisky. Launched in 1989 to celebrate Suntory&#8217;s 90th anniversary, Hibiki quickly established itself as one of the world&#8217;s great blended whiskies \u2014 a harmonious symphony of flavours that reflects the Japanese philosophy of balance and refinement. The iconic 24-faceted bottle, representing the 24 seasons of the traditional Japanese calendar, is one of the most recognisable and beautiful vessels in the world of spirits. Hibiki 21 Year Old and the rare 30 Year Old are considered among the greatest blended whiskies ever produced. Limited releases and older expressions are highly sought after by collectors worldwide, commanding substantial premiums at auction.<\/p>\n<div style=\"display:flex;gap:12px;flex-wrap:wrap;margin-top:4px\"><a href=\"https:\/\/winesandspirits.ch\/de\/produkt-kategorie\/whisky\/hibiki\/\" style=\"display:inline-flex;align-items:center;gap:6px;background:#1a1a1a;color:#c8b89a;padding:8px 18px;font-size:11px;font-weight:700;letter-spacing:2px;text-transform:uppercase;text-decoration:none;border-radius:2px\">Voir tous les Hibiki<\/a><a href=\"https:\/\/www.suntory.com\" target=\"_blank\" rel=\"noopener\" style=\"display:inline-flex;align-items:center;gap:6px;background:#faf8f4;color:#3d2b1f;padding:8px 18px;font-size:11px;font-weight:700;letter-spacing:2px;text-transform:uppercase;text-decoration:none;border:1px solid #c8b89a;border-radius:2px\">Offizielle Website<\/a><\/div>\n<\/div>\n<div style=\"padding:32px 40px;background:#fff;margin-top:2px\">\n<p style=\"font-size:10px;font-weight:700;text-transform:uppercase;letter-spacing:3px;color:#a08060;margin:0 0 8px\">Aromen<\/p>\n<div style=\"width:36px;height:2px;background:#c8b89a;margin-bottom:16px\"><\/div>\n<div><span style=\"display:inline-block;border:1.5px solid #c8b89a;border-radius:20px;padding:5px 16px;font-size:13px;color:#3d2b1f;margin:3px;font-family:Georgia,serif\">Smoke<\/span><span style=\"display:inline-block;border:1.5px solid #c8b89a;border-radius:20px;padding:5px 16px;font-size:13px;color:#3d2b1f;margin:3px;font-family:Georgia,serif\">Fruit<\/span><span style=\"display:inline-block;border:1.5px solid #c8b89a;border-radius:20px;padding:5px 16px;font-size:13px;color:#3d2b1f;margin:3px;font-family:Georgia,serif\">Spice<\/span><span style=\"display:inline-block;border:1.5px solid #c8b89a;border-radius:20px;padding:5px 16px;font-size:13px;color:#3d2b1f;margin:3px;font-family:Georgia,serif\">Eiche<\/span><\/div>\n<\/div>\n<div style=\"display:grid;grid-template-columns:1fr 1fr;gap:2px;margin-top:2px\">\n<div style=\"background:#faf8f4;padding:32px 36px\">\n<p style=\"font-size:10px;font-weight:700;text-transform:uppercase;letter-spacing:3px;color:#a08060;margin:0 0 8px\">Franz\u00f6sisch<\/p>\n<div style=\"width:28px;height:2px;background:#c8b89a;margin-bottom:14px\"><\/div>\n<p style=\"font-size:13px;line-height:1.8;color:#3d2b1f;margin:0\" lang=\"fr\">Hibiki 30 years old Suntory Whisky Blend Japanese est expression d&#8217;exception de Hibiki 30, en Japan. Elle offre une exp\u00e9rience gustative inoubliable apr\u00e8s 30 mois d&#8217;\u00e9levage. Profil\u202f: Smoke, Fruit, Spice, Oak. un vrai chef-d&#8217;\u0153uvre. Livraison en Suisse, dans toute l&#8217;Europe et dans le monde entier \ud83c\udf0d<\/p>\n<\/div>\n<div style=\"background:#faf8f4;padding:32px 36px\">\n<p style=\"font-size:10px;font-weight:700;text-transform:uppercase;letter-spacing:3px;color:#a08060;margin:0 0 8px\">Deutsch<\/p>\n<div style=\"width:28px;height:2px;background:#c8b89a;margin-bottom:14px\"><\/div>\n<p style=\"font-size:13px;line-height:1.8;color:#3d2b1f;margin:0\" lang=\"de\">Hibiki 30 years old Suntory Whisky Blend Japanese ist ein au\u00dfergew\u00f6hnliche Expression von Hibiki 30 aus Japan.  bietet es ein unvergessliches Geschmackserlebnis nach 30 Monaten Reifung. Profil: Smoke, Fruit, Spice, Oak. ein wahres Meisterwerk. Lieferung in die Schweiz, Europa und weltweit \ud83c\udf0d<\/p>\n<\/div>\n<\/div>\n<div style=\"background:#fff;padding:24px 40px;margin-top:2px;display:flex;align-items:center;justify-content:space-between;flex-wrap:wrap;gap:12px;border-top:3px solid #c8b89a\">\n<div>\n<p style=\"font-size:10px;font-weight:700;text-transform:uppercase;letter-spacing:2px;color:#a08060;margin:0 0 4px\">Online-Preis<\/p>\n<p style=\"font-size:30px;font-weight:400;color:#1a1a1a;margin:0;font-family:'Georgia',serif\">CHF 4990<\/p>\n<\/div>\n<div style=\"text-align:right\">\n<p style=\"font-size:13px;color:#3d2b1f;font-weight:600;margin:0 0 4px\">\ud83d\ude9a Weltweite Lieferung \u2014 Schweiz, EU &amp; International \ud83c\udf0d<\/p>\n<p style=\"font-size:11px;color:#a08060;margin:0\">Schneller und sicherer Versand \u00b7 winesandspirits.ch<\/p>\n<\/div>\n<\/div>\n<div style=\"background:#1a1a1a;padding:14px 40px;margin-top:2px;display:flex;align-items:center;justify-content:space-between;flex-wrap:wrap;gap:10px\">\n<span style=\"font-size:10px;font-weight:700;text-transform:uppercase;letter-spacing:3px;color:#c8b89a\">\u2726 Premium handverlesene Auswahl \u00b7 winesandspirits.ch \u2726<\/span><br \/>\n<span style=\"font-size:10px;color:#777;font-style:italic\">Enth\u00e4lt Alkohol. Verantwortungsvoll genie\u00dfen. Nicht f\u00fcr Personen unter 18 Jahren geeignet.<\/span>\n<\/div>\n<\/div>\n<\/div>\n<p><!-- .vgblk-rw-wrapper --><\/p>","protected":false},"excerpt":{"rendered":"<p>Premium Single Malt Whisky by Hibiki 30 from Japan \u00b7 Aged 30+ months \u00b7 Worldwide delivery \ud83c\udf0d<\/p>","protected":false},"featured_media":990088,"template":"","meta":[],"product_brand":[],"product_cat":[72,91,43],"product_tag":[],"class_list":{"0":"post-990085","1":"product","2":"type-product","3":"status-publish","4":"has-post-thumbnail","6":"product_cat-hibiki","7":"product_cat-whisky-japonais","8":"product_cat-whisky","10":"first","11":"instock","12":"sold-individually","13":"shipping-taxable","14":"purchasable","15":"product-type-simple"},"supplier_id":null,"supplier_sku":"","barcode":null,"atum_controlled":true,"out_stock_date":null,"out_stock_threshold":null,"inheritable":false,"inbound_stock":null,"stock_on_hold":0,"sold_today":0,"sales_last_days":0,"reserved_stock":null,"customer_returns":null,"warehouse_damage":null,"lost_in_post":null,"other_logs":null,"out_stock_days":0,"lost_sales":0,"has_location":null,"update_date":"2026-04-06T00:01:04","atum_locations":[],"atum_stock_status":"instock","restock_status":false,"low_stock_amount":1,"sales_update_date":"2026-04-06T00:01:04","calc_backorders":null,"yoast_head":"<!-- This site is optimized with the Yoast SEO plugin v27.3 - https:\/\/yoast.com\/product\/yoast-seo-wordpress\/ -->\n<title>Hibiki 30 years old Suntory Whisky Blend J | buy Switzerland<\/title>\n<meta name=\"description\" content=\"Buy Hibiki 30 years old Suntory Whisky Blend Japanese \u2014 Single Malt Whisky from Japan. CHF 4990. Smoke, Fruit, Spice. Worldwide delivery \u2014 CH, EU &amp; interna\" \/>\n<meta name=\"robots\" content=\"index, follow, max-snippet:-1, max-image-preview:large, max-video-preview:-1\" \/>\n<link rel=\"canonical\" href=\"https:\/\/winesandspirits.ch\/de\/produkt\/hibiki-30-hibiki-30-years-old-suntory-whisky-blend-japanese-single-mal\/\" \/>\n<meta property=\"og:locale\" content=\"de_DE\" \/>\n<meta property=\"og:type\" content=\"article\" \/>\n<meta property=\"og:title\" content=\"Hibiki 30 years old Suntory Whisky Blend J | buy Switzerland\" \/>\n<meta property=\"og:description\" content=\"Buy Hibiki 30 years old Suntory Whisky Blend Japanese \u2014 Single Malt Whisky from Japan. CHF 4990. Smoke, Fruit, Spice. Worldwide delivery \u2014 CH, EU &amp; interna\" \/>\n<meta property=\"og:url\" content=\"https:\/\/winesandspirits.ch\/de\/produkt\/hibiki-30-hibiki-30-years-old-suntory-whisky-blend-japanese-single-mal\/\" \/>\n<meta property=\"og:site_name\" content=\"Wines and Spirits SA\" \/>\n<meta property=\"article:modified_time\" content=\"2026-04-05T00:01:47+00:00\" \/>\n<meta property=\"og:image\" content=\"https:\/\/winesandspirits.ch\/wp-content\/uploads\/2025\/09\/Hibiki-30-years-old-Suntory-whisky-japanese-malt.jpg\" \/>\n\t<meta property=\"og:image:width\" content=\"1067\" \/>\n\t<meta property=\"og:image:height\" content=\"800\" \/>\n\t<meta property=\"og:image:type\" content=\"image\/jpeg\" \/>\n<meta name=\"twitter:card\" content=\"summary_large_image\" \/>\n<meta name=\"twitter:title\" content=\"Hibiki 30 years old Suntory Whisky Blend J | buy Switzerland\" \/>\n<meta name=\"twitter:description\" content=\"Buy Hibiki 30 years old Suntory Whisky Blend Japanese \u2014 Single Malt Whisky from Japan. CHF 4990. Smoke, Fruit, Spice. Worldwide delivery \u2014 CH, EU &amp; interna\" \/>\n<meta name=\"twitter:label1\" content=\"Gesch\u00e4tzte Lesezeit\" \/>\n\t<meta name=\"twitter:data1\" content=\"2\u00a0Minuten\" \/>\n<script type=\"application\/ld+json\" class=\"yoast-schema-graph\">{\"@context\":\"https:\\\/\\\/schema.org\",\"@graph\":[{\"@type\":[\"WebPage\",\"ItemPage\"],\"@id\":\"https:\\\/\\\/winesandspirits.ch\\\/product\\\/hibiki-30-hibiki-30-years-old-suntory-whisky-blend-japanese-single-mal\\\/\",\"url\":\"https:\\\/\\\/winesandspirits.ch\\\/product\\\/hibiki-30-hibiki-30-years-old-suntory-whisky-blend-japanese-single-mal\\\/\",\"name\":\"Hibiki 30 years old Suntory Whisky Blend J | buy Switzerland\",\"isPartOf\":{\"@id\":\"https:\\\/\\\/winesandspirits.ch\\\/#website\"},\"primaryImageOfPage\":{\"@id\":\"https:\\\/\\\/winesandspirits.ch\\\/product\\\/hibiki-30-hibiki-30-years-old-suntory-whisky-blend-japanese-single-mal\\\/#primaryimage\"},\"image\":{\"@id\":\"https:\\\/\\\/winesandspirits.ch\\\/product\\\/hibiki-30-hibiki-30-years-old-suntory-whisky-blend-japanese-single-mal\\\/#primaryimage\"},\"thumbnailUrl\":\"https:\\\/\\\/winesandspirits.ch\\\/wp-content\\\/uploads\\\/2025\\\/09\\\/Hibiki-30-years-old-Suntory-whisky-japanese-malt.jpg\",\"datePublished\":\"2025-09-17T09:14:57+00:00\",\"dateModified\":\"2026-04-05T00:01:47+00:00\",\"description\":\"Buy Hibiki 30 years old Suntory Whisky Blend Japanese \u2014 Single Malt Whisky from Japan. CHF 4990. Smoke, Fruit, Spice. Worldwide delivery \u2014 CH, EU & interna\",\"breadcrumb\":{\"@id\":\"https:\\\/\\\/winesandspirits.ch\\\/product\\\/hibiki-30-hibiki-30-years-old-suntory-whisky-blend-japanese-single-mal\\\/#breadcrumb\"},\"inLanguage\":\"de\",\"potentialAction\":[{\"@type\":\"ReadAction\",\"target\":[\"https:\\\/\\\/winesandspirits.ch\\\/product\\\/hibiki-30-hibiki-30-years-old-suntory-whisky-blend-japanese-single-mal\\\/\"]}]},{\"@type\":\"ImageObject\",\"inLanguage\":\"de\",\"@id\":\"https:\\\/\\\/winesandspirits.ch\\\/product\\\/hibiki-30-hibiki-30-years-old-suntory-whisky-blend-japanese-single-mal\\\/#primaryimage\",\"url\":\"https:\\\/\\\/winesandspirits.ch\\\/wp-content\\\/uploads\\\/2025\\\/09\\\/Hibiki-30-years-old-Suntory-whisky-japanese-malt.jpg\",\"contentUrl\":\"https:\\\/\\\/winesandspirits.ch\\\/wp-content\\\/uploads\\\/2025\\\/09\\\/Hibiki-30-years-old-Suntory-whisky-japanese-malt.jpg\",\"width\":1067,\"height\":800,\"caption\":\"Hibiki 30 years old Suntory Whisky Blend Japanese\"},{\"@type\":\"BreadcrumbList\",\"@id\":\"https:\\\/\\\/winesandspirits.ch\\\/product\\\/hibiki-30-hibiki-30-years-old-suntory-whisky-blend-japanese-single-mal\\\/#breadcrumb\",\"itemListElement\":[{\"@type\":\"ListItem\",\"position\":1,\"name\":\"Accueil\",\"item\":\"https:\\\/\\\/winesandspirits.ch\\\/\"},{\"@type\":\"ListItem\",\"position\":2,\"name\":\"Boutique\",\"item\":\"https:\\\/\\\/winesandspirits.ch\\\/boutique-wines-and-spirits-sa-switzerland\\\/\"},{\"@type\":\"ListItem\",\"position\":3,\"name\":\"Hibiki 30 years old Suntory Whisky Blend Japanese\"}]},{\"@type\":\"WebSite\",\"@id\":\"https:\\\/\\\/winesandspirits.ch\\\/#website\",\"url\":\"https:\\\/\\\/winesandspirits.ch\\\/\",\"name\":\"Wines and Spirits SA\",\"description\":\"Shop Premium Wines, Spirits &amp; Craft Beer Online\",\"publisher\":{\"@id\":\"https:\\\/\\\/winesandspirits.ch\\\/#organization\"},\"potentialAction\":[{\"@type\":\"SearchAction\",\"target\":{\"@type\":\"EntryPoint\",\"urlTemplate\":\"https:\\\/\\\/winesandspirits.ch\\\/?s={search_term_string}\"},\"query-input\":{\"@type\":\"PropertyValueSpecification\",\"valueRequired\":true,\"valueName\":\"search_term_string\"}}],\"inLanguage\":\"de\"},{\"@type\":\"Organization\",\"@id\":\"https:\\\/\\\/winesandspirits.ch\\\/#organization\",\"name\":\"Wines and Spirits SA\",\"url\":\"https:\\\/\\\/winesandspirits.ch\\\/\",\"logo\":{\"@type\":\"ImageObject\",\"inLanguage\":\"de\",\"@id\":\"https:\\\/\\\/winesandspirits.ch\\\/#\\\/schema\\\/logo\\\/image\\\/\",\"url\":\"https:\\\/\\\/winesandspirits.ch\\\/wp-content\\\/uploads\\\/2023\\\/01\\\/cropped-Noir.png\",\"contentUrl\":\"https:\\\/\\\/winesandspirits.ch\\\/wp-content\\\/uploads\\\/2023\\\/01\\\/cropped-Noir.png\",\"width\":512,\"height\":512,\"caption\":\"Wines and Spirits SA\"},\"image\":{\"@id\":\"https:\\\/\\\/winesandspirits.ch\\\/#\\\/schema\\\/logo\\\/image\\\/\"}}]}<\/script>\n<!-- \/ Yoast SEO plugin. -->","yoast_head_json":{"title":"Hibiki 30 years old Suntory Whisky Blend J | buy Switzerland","description":"Buy Hibiki 30 years old Suntory Whisky Blend Japanese \u2014 Single Malt Whisky from Japan. CHF 4990. Smoke, Fruit, Spice. Worldwide delivery \u2014 CH, EU & interna","robots":{"index":"index","follow":"follow","max-snippet":"max-snippet:-1","max-image-preview":"max-image-preview:large","max-video-preview":"max-video-preview:-1"},"canonical":"https:\/\/winesandspirits.ch\/de\/produkt\/hibiki-30-hibiki-30-years-old-suntory-whisky-blend-japanese-single-mal\/","og_locale":"de_DE","og_type":"article","og_title":"Hibiki 30 years old Suntory Whisky Blend J | buy Switzerland","og_description":"Buy Hibiki 30 years old Suntory Whisky Blend Japanese \u2014 Single Malt Whisky from Japan. CHF 4990. Smoke, Fruit, Spice. Worldwide delivery \u2014 CH, EU & interna","og_url":"https:\/\/winesandspirits.ch\/de\/produkt\/hibiki-30-hibiki-30-years-old-suntory-whisky-blend-japanese-single-mal\/","og_site_name":"Wines and Spirits SA","article_modified_time":"2026-04-05T00:01:47+00:00","og_image":[{"width":1067,"height":800,"url":"https:\/\/winesandspirits.ch\/wp-content\/uploads\/2025\/09\/Hibiki-30-years-old-Suntory-whisky-japanese-malt.jpg","type":"image\/jpeg"}],"twitter_card":"summary_large_image","twitter_title":"Hibiki 30 years old Suntory Whisky Blend J | buy Switzerland","twitter_description":"Buy Hibiki 30 years old Suntory Whisky Blend Japanese \u2014 Single Malt Whisky from Japan. CHF 4990. Smoke, Fruit, Spice. Worldwide delivery \u2014 CH, EU & interna","twitter_misc":{"Gesch\u00e4tzte Lesezeit":"2\u00a0Minuten"},"schema":{"@context":"https:\/\/schema.org","@graph":[{"@type":["WebPage","ItemPage"],"@id":"https:\/\/winesandspirits.ch\/product\/hibiki-30-hibiki-30-years-old-suntory-whisky-blend-japanese-single-mal\/","url":"https:\/\/winesandspirits.ch\/product\/hibiki-30-hibiki-30-years-old-suntory-whisky-blend-japanese-single-mal\/","name":"Hibiki 30 years old Suntory Whisky Blend J | buy Switzerland","isPartOf":{"@id":"https:\/\/winesandspirits.ch\/#website"},"primaryImageOfPage":{"@id":"https:\/\/winesandspirits.ch\/product\/hibiki-30-hibiki-30-years-old-suntory-whisky-blend-japanese-single-mal\/#primaryimage"},"image":{"@id":"https:\/\/winesandspirits.ch\/product\/hibiki-30-hibiki-30-years-old-suntory-whisky-blend-japanese-single-mal\/#primaryimage"},"thumbnailUrl":"https:\/\/winesandspirits.ch\/wp-content\/uploads\/2025\/09\/Hibiki-30-years-old-Suntory-whisky-japanese-malt.jpg","datePublished":"2025-09-17T09:14:57+00:00","dateModified":"2026-04-05T00:01:47+00:00","description":"Buy Hibiki 30 years old Suntory Whisky Blend Japanese \u2014 Single Malt Whisky from Japan. CHF 4990. Smoke, Fruit, Spice. Worldwide delivery \u2014 CH, EU & interna","breadcrumb":{"@id":"https:\/\/winesandspirits.ch\/product\/hibiki-30-hibiki-30-years-old-suntory-whisky-blend-japanese-single-mal\/#breadcrumb"},"inLanguage":"de","potentialAction":[{"@type":"ReadAction","target":["https:\/\/winesandspirits.ch\/product\/hibiki-30-hibiki-30-years-old-suntory-whisky-blend-japanese-single-mal\/"]}]},{"@type":"ImageObject","inLanguage":"de","@id":"https:\/\/winesandspirits.ch\/product\/hibiki-30-hibiki-30-years-old-suntory-whisky-blend-japanese-single-mal\/#primaryimage","url":"https:\/\/winesandspirits.ch\/wp-content\/uploads\/2025\/09\/Hibiki-30-years-old-Suntory-whisky-japanese-malt.jpg","contentUrl":"https:\/\/winesandspirits.ch\/wp-content\/uploads\/2025\/09\/Hibiki-30-years-old-Suntory-whisky-japanese-malt.jpg","width":1067,"height":800,"caption":"Hibiki 30 years old Suntory Whisky Blend Japanese"},{"@type":"BreadcrumbList","@id":"https:\/\/winesandspirits.ch\/product\/hibiki-30-hibiki-30-years-old-suntory-whisky-blend-japanese-single-mal\/#breadcrumb","itemListElement":[{"@type":"ListItem","position":1,"name":"Accueil","item":"https:\/\/winesandspirits.ch\/"},{"@type":"ListItem","position":2,"name":"Boutique","item":"https:\/\/winesandspirits.ch\/boutique-wines-and-spirits-sa-switzerland\/"},{"@type":"ListItem","position":3,"name":"Hibiki 30 years old Suntory Whisky Blend Japanese"}]},{"@type":"WebSite","@id":"https:\/\/winesandspirits.ch\/#website","url":"https:\/\/winesandspirits.ch\/","name":"Wines and Spirits SA","description":"Shop Premium Wines, Spirits &amp; Craft Beer Online","publisher":{"@id":"https:\/\/winesandspirits.ch\/#organization"},"potentialAction":[{"@type":"SearchAction","target":{"@type":"EntryPoint","urlTemplate":"https:\/\/winesandspirits.ch\/?s={search_term_string}"},"query-input":{"@type":"PropertyValueSpecification","valueRequired":true,"valueName":"search_term_string"}}],"inLanguage":"de"},{"@type":"Organization","@id":"https:\/\/winesandspirits.ch\/#organization","name":"Wines and Spirits SA","url":"https:\/\/winesandspirits.ch\/","logo":{"@type":"ImageObject","inLanguage":"de","@id":"https:\/\/winesandspirits.ch\/#\/schema\/logo\/image\/","url":"https:\/\/winesandspirits.ch\/wp-content\/uploads\/2023\/01\/cropped-Noir.png","contentUrl":"https:\/\/winesandspirits.ch\/wp-content\/uploads\/2023\/01\/cropped-Noir.png","width":512,"height":512,"caption":"Wines and Spirits SA"},"image":{"@id":"https:\/\/winesandspirits.ch\/#\/schema\/logo\/image\/"}}]}},"_links":{"self":[{"href":"https:\/\/winesandspirits.ch\/de\/wp-json\/wp\/v2\/product\/990085","targetHints":{"allow":["GET"]}}],"collection":[{"href":"https:\/\/winesandspirits.ch\/de\/wp-json\/wp\/v2\/product"}],"about":[{"href":"https:\/\/winesandspirits.ch\/de\/wp-json\/wp\/v2\/types\/product"}],"version-history":[{"count":9,"href":"https:\/\/winesandspirits.ch\/de\/wp-json\/wp\/v2\/product\/990085\/revisions"}],"predecessor-version":[{"id":1006522,"href":"https:\/\/winesandspirits.ch\/de\/wp-json\/wp\/v2\/product\/990085\/revisions\/1006522"}],"wp:featuredmedia":[{"embeddable":true,"href":"https:\/\/winesandspirits.ch\/de\/wp-json\/wp\/v2\/media\/990088"}],"wp:attachment":[{"href":"https:\/\/winesandspirits.ch\/de\/wp-json\/wp\/v2\/media?parent=990085"}],"wp:term":[{"taxonomy":"product_brand","embeddable":true,"href":"https:\/\/winesandspirits.ch\/de\/wp-json\/wp\/v2\/product_brand?post=990085"},{"taxonomy":"product_cat","embeddable":true,"href":"https:\/\/winesandspirits.ch\/de\/wp-json\/wp\/v2\/product_cat?post=990085"},{"taxonomy":"product_tag","embeddable":true,"href":"https:\/\/winesandspirits.ch\/de\/wp-json\/wp\/v2\/product_tag?post=990085"}],"curies":[{"name":"wp","href":"https:\/\/api.w.org\/{rel}","templated":true}]}}