{"id":988739,"date":"2023-02-10T10:28:48","date_gmt":"2023-02-10T09:28:48","guid":{"rendered":"https:\/\/winesandspirits.ch\/?page_id=988739"},"modified":"2026-02-26T11:17:51","modified_gmt":"2026-02-26T10:17:51","slug":"conditions-generales-de-vente-cgv","status":"publish","type":"page","link":"https:\/\/winesandspirits.ch\/de\/conditions-generales-de-vente-cgv\/","title":{"rendered":"Conditions g\u00e9n\u00e9rales"},"content":{"rendered":"<div class=\"vgblk-rw-wrapper limit-wrapper\"><h2>Allgemeine Gesch\u00e4ftsbedingungen<\/h2>\n<p>Exp\u00e9dition en Suisse par Colis Poste Prioritaire ou Vinolog. Pour les colis, les bouteilles sont plac\u00e9es dans des emballages prot\u00e9g\u00e9s. Conditions g\u00e9n\u00e9rales de vente<\/p>\n<p>Selon les tourn\u00e9es pr\u00e9vues, il est possible que votre commande soit d\u00e9pos\u00e9e chez vous par notre livreur. Dans ce cas, nous prenons contact avec vous par t\u00e9l\u00e9phone afin de nous assurer de votre pr\u00e9sence.<br \/>Les frais de livraison sont offerts pour toute commande sup\u00e9rieure \u00e0 12 bouteilles. Pour les livraisons inf\u00e9rieures \u00e0 12 bouteilles, la livraison est factur\u00e9e 20.- et 12.- pour 1 bouteilles.<br \/>Les clients souhaitant venir chercher leur commande \u00e0 Ecl\u00e9pens doivent prendre rendez-vous.\u00a0<a href=\"https:\/\/winesandspirits.ch\/de\/produkt-kategorie\/vins-wines-and-spirits\/\"><b><u>Notre stock ne se situant pas \u00e0 Ecl\u00e9pens.<\/u><\/b><\/a><\/p>\n<h3>COMMANDE DE L\u2019\u00c9TRANGER<br \/>Les envois \u00e0 destination de l\u2019\u00e9tranger ne sont possibles que dans des cas particuliers. Aussi le co\u00fbt du transport non calcul\u00e9 dans le panier doit \u00eatre demand\u00e9 \u00e0 l\u2019avance par email \u00e0 <a href=\"mailto:info@winesandspirits.ch\" target=\"_blank\" rel=\"noopener\">info@winesandspirits.ch. Car c<\/a>es commandes sont payables d\u2019avance par virement bancaire uniquement.<br \/>Il se peut que le destinataire doive payer la TVA locale ainsi que d&#8217;\u00e9ventuels frais de douane \u00e0 r\u00e9ception du colis. Le d\u00e9lai de livraison est de environ 5 \u00e0 10 jours ouvrables. Conditions g\u00e9n\u00e9rales de vente<\/h3>\n<h3>Envoi par DPD assur\u00e9s et remis contre signature dans les meilleurs d\u00e9lais. <a href=\"https:\/\/www.post.ch\/fr\">Car les bouteilles sont plac\u00e9es dans des emballages prot\u00e9g\u00e9s.<\/a><br \/>Nous n&#8217;assumons aucune responsabilit\u00e9 en cas de casse, perte ou de vol.<br \/>L&#8217;acheteur est r\u00e9put\u00e9 \u00eatre l&#8217;importateur du ou des produits concern\u00e9s.<br \/>Donc tous imp\u00f4ts, taxes, droits de douane ou autres prestations \u00e0 payer sont \u00e0 la charge exclusive de l&#8217;acheteur. Donc il appartient \u00e0 l&#8217;acheteur d&#8217;effectuer toutes les formalit\u00e9s et d&#8217;obtenir toutes les autorisations n\u00e9cessaires \u00e0 l&#8217;acquisition des produits. Ceci aupr\u00e8s des autorit\u00e9s locales et de s&#8217;assurer que les produits sont conformes aux exigences l\u00e9gislatives et r\u00e9glementaires du pays de destination. Car les clients doivent inspecter les produits d\u00e8s leur r\u00e9ception. Tout d\u00e9faut ou produit faussement livr\u00e9 doit \u00eatre signal\u00e9 dans les 5 jours ouvrables. Donc si aucune r\u00e9clamation n&#8217;est re\u00e7ue dans ce d\u00e9lai, la marchandise est r\u00e9put\u00e9e conforme et accept\u00e9e par le client. Le retour des marchandises \u00e0 WINES AND SPIRITS SA est \u00e0 la charge du client. Donc les produits doivent \u00eatre retourn\u00e9s dans les 10 jours ouvrables suivant la r\u00e9ception des marchandises. Car les produits correctement livr\u00e9s ne peuvent \u00eatre ni \u00e9chang\u00e9s ni retourn\u00e9s. Les commandes sont payables d\u2019avance.<\/h3>\n<h3>Pour les clients r\u00e9guliers, nous acceptons le r\u00e8glement par facture \u00e0 30 jours de commande, apr\u00e8s accord.<br \/>La marchandise reste notre propri\u00e9t\u00e9 jusqu&#8217;au paiement total de la facture. Les prix des produits sont indiqu\u00e9s \u00e0 l\u2019unit\u00e9 en francs suisses, + TVA 8.1%.<\/h3>\n<p>Les vins bouchonn\u00e9s ou d\u00e9fectueux ne sont pas remplac\u00e9s.<br \/>La liste de produits est sous r\u00e9serve de vente entre-temps. En cas d\u2019indisponibilit\u00e9 du produit command\u00e9, WINES AND SPIRITS\u00a0SA en informe l\u2019acheteur.<br \/>Certains produits sont disponibles en quantit\u00e9 tr\u00e8s limit\u00e9e. Car nous nous r\u00e9servons le droit de les contingenter. Aucun retour sur les bi\u00e8res et meads.<\/p>\n<h4>WINES AND SPIRITS SA respecte la vie priv\u00e9e de ses clients ainsi que les dispositions pertinentes du droit suisse en mati\u00e8re de protection des donn\u00e9es.<br \/>Le client consent \u00e0 ce que les donn\u00e9es personnelles qu&#8217;il a renseign\u00e9es sur base volontaire soient sauvegard\u00e9es. Donc puissent \u00eatre utilis\u00e9es pour l&#8217;exploitation de services en ligne ou \u00e0 des fins personnelles d&#8217;information et de publicit\u00e9 et ce jusqu&#8217;\u00e0 r\u00e9vocation de sa part.<br \/>WINES AND SPIRITS SA respecte les dispositions applicables du droit suisse de la protection des donn\u00e9es. Donc s&#8217;efforce d&#8217;assurer la sauvegarde s\u00e9curis\u00e9e de donn\u00e9es personnelles. Une telle protection ne peut toutefois pas \u00eatre garantie. WINES AND SPIRITS SA ne transmettra aucune donn\u00e9e personnelle d&#8217;utilisateur \u00e0 des tiers sans l&#8217;accord du client. Ceci except\u00e9 dans les cas o\u00f9 une telle divulgation est impos\u00e9e par des dispositions l\u00e9gales, un ordre ou une d\u00e9cision judiciaire.<br \/>Toutes les relations entre clients et\u00a0 WINES AND SPIRITS SA sont soumises seul \u00e0 la loi Suisse. Ceci \u00e0 l&#8217;exclusion de la convention de Vienne sur la vente internationale des marchandises. Car le for juridique est \u00e0 Lausanne.<br \/>Avec votre commande vous acceptez les conditions g\u00e9n\u00e9rales pr\u00e9sentes. Aussi vous confirmez avoir communiqu\u00e9 des informations exactes lors de la cr\u00e9ation du compte et \u00e0 la validation de votre commande. Ainsi que d&#8217;\u00eatre \u00e2g\u00e9 d\u2019au moins 16 ans (18 ans si la commande contient du Porto ou des spiritueux).<\/h4>\n\n\n<p><\/p>\n<\/div><!-- .vgblk-rw-wrapper -->","protected":false},"excerpt":{"rendered":"<p>Conditions g\u00e9n\u00e9rales de vente Exp\u00e9dition en Suisse par Colis Poste Prioritaire ou Vinolog. Pour les colis, les bouteilles sont plac\u00e9es dans des emballages prot\u00e9g\u00e9s. Conditions g\u00e9n\u00e9rales de vente Selon les tourn\u00e9es pr\u00e9vues, il est possible que votre commande soit d\u00e9pos\u00e9e chez vous par notre livreur. Dans ce cas, nous prenons contact avec vous par t\u00e9l\u00e9phone&#8230;<\/p>","protected":false},"author":1,"featured_media":0,"parent":0,"menu_order":0,"comment_status":"closed","ping_status":"closed","template":"","meta":{"footnotes":""},"class_list":["post-988739","page","type-page","status-publish","hentry"],"yoast_head":"<!-- This site is optimized with the Yoast SEO plugin v27.3 - https:\/\/yoast.com\/product\/yoast-seo-wordpress\/ -->\n<title>Conditions g\u00e9n\u00e9rales de vente - Wines and Spirits SA<\/title>\n<meta name=\"description\" content=\"Wines and Spirits SA conditions-g\u00e9n\u00e9rales de vente CGV paiement visa envoi bouteilles vin et whisky. DPD Fedex Poste \u00e9tranger europe.\" \/>\n<meta name=\"robots\" content=\"index, follow, max-snippet:-1, max-image-preview:large, max-video-preview:-1\" \/>\n<link rel=\"canonical\" href=\"https:\/\/winesandspirits.ch\/de\/conditions-generales-de-vente-cgv\/\" \/>\n<meta property=\"og:locale\" content=\"de_DE\" \/>\n<meta property=\"og:type\" content=\"article\" \/>\n<meta property=\"og:title\" content=\"Conditions g\u00e9n\u00e9rales de vente - Wines and Spirits SA\" \/>\n<meta property=\"og:description\" content=\"Wines and Spirits SA conditions-g\u00e9n\u00e9rales de vente CGV paiement visa envoi bouteilles vin et whisky. DPD Fedex Poste \u00e9tranger europe.\" \/>\n<meta property=\"og:url\" content=\"https:\/\/winesandspirits.ch\/de\/conditions-generales-de-vente-cgv\/\" \/>\n<meta property=\"og:site_name\" content=\"Wines and Spirits SA\" \/>\n<meta property=\"article:modified_time\" content=\"2026-02-26T10:17:51+00:00\" \/>\n<meta name=\"twitter:card\" content=\"summary_large_image\" \/>\n<meta name=\"twitter:label1\" content=\"Gesch\u00e4tzte Lesezeit\" \/>\n\t<meta name=\"twitter:data1\" content=\"4\u00a0Minuten\" \/>\n<script type=\"application\/ld+json\" class=\"yoast-schema-graph\">{\"@context\":\"https:\\\/\\\/schema.org\",\"@graph\":[{\"@type\":\"WebPage\",\"@id\":\"https:\\\/\\\/winesandspirits.ch\\\/conditions-generales-de-vente-cgv\\\/\",\"url\":\"https:\\\/\\\/winesandspirits.ch\\\/conditions-generales-de-vente-cgv\\\/\",\"name\":\"Conditions g\u00e9n\u00e9rales de vente - Wines and Spirits SA\",\"isPartOf\":{\"@id\":\"https:\\\/\\\/winesandspirits.ch\\\/#website\"},\"datePublished\":\"2023-02-10T09:28:48+00:00\",\"dateModified\":\"2026-02-26T10:17:51+00:00\",\"description\":\"Wines and Spirits SA conditions-g\u00e9n\u00e9rales de vente CGV paiement visa envoi bouteilles vin et whisky. DPD Fedex Poste \u00e9tranger europe.\",\"breadcrumb\":{\"@id\":\"https:\\\/\\\/winesandspirits.ch\\\/conditions-generales-de-vente-cgv\\\/#breadcrumb\"},\"inLanguage\":\"de\",\"potentialAction\":[{\"@type\":\"ReadAction\",\"target\":[\"https:\\\/\\\/winesandspirits.ch\\\/conditions-generales-de-vente-cgv\\\/\"]}]},{\"@type\":\"BreadcrumbList\",\"@id\":\"https:\\\/\\\/winesandspirits.ch\\\/conditions-generales-de-vente-cgv\\\/#breadcrumb\",\"itemListElement\":[{\"@type\":\"ListItem\",\"position\":1,\"name\":\"Accueil\",\"item\":\"https:\\\/\\\/winesandspirits.ch\\\/\"},{\"@type\":\"ListItem\",\"position\":2,\"name\":\"Conditions g\u00e9n\u00e9rales\"}]},{\"@type\":\"WebSite\",\"@id\":\"https:\\\/\\\/winesandspirits.ch\\\/#website\",\"url\":\"https:\\\/\\\/winesandspirits.ch\\\/\",\"name\":\"Wines and Spirits SA\",\"description\":\"Shop Premium Wines, Spirits &amp; Craft Beer Online\",\"publisher\":{\"@id\":\"https:\\\/\\\/winesandspirits.ch\\\/#organization\"},\"potentialAction\":[{\"@type\":\"SearchAction\",\"target\":{\"@type\":\"EntryPoint\",\"urlTemplate\":\"https:\\\/\\\/winesandspirits.ch\\\/?s={search_term_string}\"},\"query-input\":{\"@type\":\"PropertyValueSpecification\",\"valueRequired\":true,\"valueName\":\"search_term_string\"}}],\"inLanguage\":\"de\"},{\"@type\":\"Organization\",\"@id\":\"https:\\\/\\\/winesandspirits.ch\\\/#organization\",\"name\":\"Wines and Spirits SA\",\"url\":\"https:\\\/\\\/winesandspirits.ch\\\/\",\"logo\":{\"@type\":\"ImageObject\",\"inLanguage\":\"de\",\"@id\":\"https:\\\/\\\/winesandspirits.ch\\\/#\\\/schema\\\/logo\\\/image\\\/\",\"url\":\"https:\\\/\\\/winesandspirits.ch\\\/wp-content\\\/uploads\\\/2023\\\/01\\\/cropped-Noir.png\",\"contentUrl\":\"https:\\\/\\\/winesandspirits.ch\\\/wp-content\\\/uploads\\\/2023\\\/01\\\/cropped-Noir.png\",\"width\":512,\"height\":512,\"caption\":\"Wines and Spirits SA\"},\"image\":{\"@id\":\"https:\\\/\\\/winesandspirits.ch\\\/#\\\/schema\\\/logo\\\/image\\\/\"}}]}<\/script>\n<!-- \/ Yoast SEO plugin. -->","yoast_head_json":{"title":"Conditions g\u00e9n\u00e9rales de vente - Wines and Spirits SA","description":"Wines and Spirits SA conditions-g\u00e9n\u00e9rales de vente CGV paiement visa envoi bouteilles vin et whisky. DPD Fedex Poste \u00e9tranger europe.","robots":{"index":"index","follow":"follow","max-snippet":"max-snippet:-1","max-image-preview":"max-image-preview:large","max-video-preview":"max-video-preview:-1"},"canonical":"https:\/\/winesandspirits.ch\/de\/conditions-generales-de-vente-cgv\/","og_locale":"de_DE","og_type":"article","og_title":"Conditions g\u00e9n\u00e9rales de vente - Wines and Spirits SA","og_description":"Wines and Spirits SA conditions-g\u00e9n\u00e9rales de vente CGV paiement visa envoi bouteilles vin et whisky. DPD Fedex Poste \u00e9tranger europe.","og_url":"https:\/\/winesandspirits.ch\/de\/conditions-generales-de-vente-cgv\/","og_site_name":"Wines and Spirits SA","article_modified_time":"2026-02-26T10:17:51+00:00","twitter_card":"summary_large_image","twitter_misc":{"Gesch\u00e4tzte Lesezeit":"4\u00a0Minuten"},"schema":{"@context":"https:\/\/schema.org","@graph":[{"@type":"WebPage","@id":"https:\/\/winesandspirits.ch\/conditions-generales-de-vente-cgv\/","url":"https:\/\/winesandspirits.ch\/conditions-generales-de-vente-cgv\/","name":"Conditions g\u00e9n\u00e9rales de vente - Wines and Spirits SA","isPartOf":{"@id":"https:\/\/winesandspirits.ch\/#website"},"datePublished":"2023-02-10T09:28:48+00:00","dateModified":"2026-02-26T10:17:51+00:00","description":"Wines and Spirits SA conditions-g\u00e9n\u00e9rales de vente CGV paiement visa envoi bouteilles vin et whisky. DPD Fedex Poste \u00e9tranger europe.","breadcrumb":{"@id":"https:\/\/winesandspirits.ch\/conditions-generales-de-vente-cgv\/#breadcrumb"},"inLanguage":"de","potentialAction":[{"@type":"ReadAction","target":["https:\/\/winesandspirits.ch\/conditions-generales-de-vente-cgv\/"]}]},{"@type":"BreadcrumbList","@id":"https:\/\/winesandspirits.ch\/conditions-generales-de-vente-cgv\/#breadcrumb","itemListElement":[{"@type":"ListItem","position":1,"name":"Accueil","item":"https:\/\/winesandspirits.ch\/"},{"@type":"ListItem","position":2,"name":"Conditions g\u00e9n\u00e9rales"}]},{"@type":"WebSite","@id":"https:\/\/winesandspirits.ch\/#website","url":"https:\/\/winesandspirits.ch\/","name":"Wines and Spirits SA","description":"Shop Premium Wines, Spirits &amp; Craft Beer Online","publisher":{"@id":"https:\/\/winesandspirits.ch\/#organization"},"potentialAction":[{"@type":"SearchAction","target":{"@type":"EntryPoint","urlTemplate":"https:\/\/winesandspirits.ch\/?s={search_term_string}"},"query-input":{"@type":"PropertyValueSpecification","valueRequired":true,"valueName":"search_term_string"}}],"inLanguage":"de"},{"@type":"Organization","@id":"https:\/\/winesandspirits.ch\/#organization","name":"Wines and Spirits SA","url":"https:\/\/winesandspirits.ch\/","logo":{"@type":"ImageObject","inLanguage":"de","@id":"https:\/\/winesandspirits.ch\/#\/schema\/logo\/image\/","url":"https:\/\/winesandspirits.ch\/wp-content\/uploads\/2023\/01\/cropped-Noir.png","contentUrl":"https:\/\/winesandspirits.ch\/wp-content\/uploads\/2023\/01\/cropped-Noir.png","width":512,"height":512,"caption":"Wines and Spirits SA"},"image":{"@id":"https:\/\/winesandspirits.ch\/#\/schema\/logo\/image\/"}}]}},"_links":{"self":[{"href":"https:\/\/winesandspirits.ch\/de\/wp-json\/wp\/v2\/pages\/988739","targetHints":{"allow":["GET"]}}],"collection":[{"href":"https:\/\/winesandspirits.ch\/de\/wp-json\/wp\/v2\/pages"}],"about":[{"href":"https:\/\/winesandspirits.ch\/de\/wp-json\/wp\/v2\/types\/page"}],"author":[{"embeddable":true,"href":"https:\/\/winesandspirits.ch\/de\/wp-json\/wp\/v2\/users\/1"}],"replies":[{"embeddable":true,"href":"https:\/\/winesandspirits.ch\/de\/wp-json\/wp\/v2\/comments?post=988739"}],"version-history":[{"count":7,"href":"https:\/\/winesandspirits.ch\/de\/wp-json\/wp\/v2\/pages\/988739\/revisions"}],"predecessor-version":[{"id":999832,"href":"https:\/\/winesandspirits.ch\/de\/wp-json\/wp\/v2\/pages\/988739\/revisions\/999832"}],"wp:attachment":[{"href":"https:\/\/winesandspirits.ch\/de\/wp-json\/wp\/v2\/media?parent=988739"}],"curies":[{"name":"wp","href":"https:\/\/api.w.org\/{rel}","templated":true}]}}